{"id":930,"date":"2017-10-05T09:07:52","date_gmt":"2017-10-05T09:07:52","guid":{"rendered":"https:\/\/www.ofertassegurossalud.com\/?page_id=930"},"modified":"2022-08-23T09:40:14","modified_gmt":"2022-08-23T07:40:14","slug":"gracias-contacto","status":"publish","type":"page","link":"https:\/\/www.ofertassegurossalud.com\/es\/gracias-contacto\/","title":{"rendered":"Gracias por contactar"},"content":{"rendered":"<div class=\"wpb-content-wrapper\"><p>[vc_row id=\u00bbmain-heading\u00bb background_color=\u00bb#009ddd\u00bb padding_top=\u00bb0&#8243; padding_bottom=\u00bb0&#8243;][vc_column][vc_custom_heading text=\u00bbContactar\u00bb font_container=\u00bbtag:h1|text_align:center|color:%23ffffff\u00bb use_theme_fonts=\u00bbyes\u00bb css_animation=\u00bbnone\u00bb css=\u00bb.vc_custom_1505991577565{margin-top: 30px !important;}\u00bb][\/vc_column][\/vc_row][vc_row background_image=\u00bb1397&#8243; background_position=\u00bbCenter center\u00bb padding_top=\u00bb0&#8243; padding_bottom=\u00bb400&#8243;][vc_column][\/vc_column][\/vc_row][vc_row full_width=\u00bbtrue\u00bb padding_bottom=\u00bb0&#8243;][vc_column width=\u00bb2\/3&#8243;][vc_row_inner][vc_column_inner]<div class='gap nz-clearfix' style='height:50px'>&nbsp;<\/div>[vc_column_text pl=\u00bb30&#8243; pr=\u00bb30&#8243; pt=\u00bb30&#8243;]<\/p>\n<p style=\"text-align: center;\"><span style=\"font-size: 20px; color: #999999;\">Muchas gracias por contactar con nosotros, recibir\u00e1s noticias de uno de nuestros agentes lo antes posible.<\/span><\/p>\n<p>[\/vc_column_text][\/vc_column_inner][\/vc_row_inner][\/vc_column][vc_column width=\u00bb1\/3&#8243;][vc_single_image image=\u00bb433&#8243; img_size=\u00bbfull\u00bb][vc_wp_text]<span class=\"nz-icon none small icon-home animate-false\" style=\"color:7c7b7a;\"><\/span>\u00a0<span class=\"s1\">Carrer Anselm Clav\u00e9 n\u00ba63, local B<\/span><br \/>\n<span class=\"nz-icon none small icon-location animate-false\" style=\"color:7c7b7a;\"><\/span><span class=\"s1\">08100 &#8211; Mollet del Vall\u00e8s<\/span>[\/vc_wp_text][\/vc_column][\/vc_row][vc_row full_width=\u00bbtrue\u00bb][vc_column][vc_row_inner][vc_column_inner][vc_custom_heading text=\u00bbInf\u00f3rmate de nuestras promociones\u00bb font_container=\u00bbtag:h2|text_align:left|color:%23009ddd\u00bb use_theme_fonts=\u00bbyes\u00bb]<div class=\"sep-wrap left nz-clearfix\"><div class=\"nz-separator solid\" style=\"border-bottom-color:#009ddd;width:100%;border-bottom-width:1px;margin-top:20px;margin-bottom:20px;\">&nbsp;<\/div><\/div>[\/vc_column_inner][\/vc_row_inner][vc_row_inner][vc_column_inner width=\u00bb1\/3&#8243;]<div class=\"uavc-list-icon uavc-list-icon-wrapper ult-adjust-bottom-margin   \"><ul class=\"uavc-list\"><li><div class=\"uavc-list-content\" id=\"list-icon-wrap-9446\">\n<div class=\"uavc-list-icon  \" data-animation=\"\" data-animation-delay=\"03\" style=\"margin-right:10px;\"><div class=\"ult-just-icon-wrapper  \"><div class=\"align-icon\" style=\"text-align:center;\">\n<div class=\"aio-icon none \"  style=\"color:#009ddd;font-size:32px;display:inline-block;\">\n\t<i class=\"Defaults-user-md\"><\/i>\n<\/div><\/div><\/div>\n<\/div><span  data-ultimate-target='#list-icon-wrap-9446 .uavc-list-desc'  data-responsive-json-new='{\"font-size\":\"\",\"line-height\":\"\"}'  class=\"uavc-list-desc ult-responsive\" style=\"\"><span style=\"font-size: 18px;\"><a href=\"https:\/\/www.ofertassegurossalud.com\/es\/medicos\/\">Salud<\/a><\/span><\/span><\/div><\/li><li><div class=\"uavc-list-content\" id=\"list-icon-wrap-6013\">\n<div class=\"uavc-list-icon  \" data-animation=\"\" data-animation-delay=\"03\" style=\"margin-right:10px;\"><div class=\"ult-just-icon-wrapper  \"><div class=\"align-icon\" style=\"text-align:center;\">\n<div class=\"aio-icon none \"  style=\"color:#009ddd;font-size:32px;display:inline-block;\">\n\t<i class=\"Defaults-ambulance\"><\/i>\n<\/div><\/div><\/div>\n<\/div><span  data-ultimate-target='#list-icon-wrap-6013 .uavc-list-desc'  data-responsive-json-new='{\"font-size\":\"\",\"line-height\":\"\"}'  class=\"uavc-list-desc ult-responsive\" style=\"\"><span style=\"font-size: 18px;\"><a href=\"https:\/\/www.ofertassegurossalud.com\/es\/dental\/\">Dental<\/a><\/span><\/span><\/div><\/li><\/ul><\/div>[\/vc_column_inner][vc_column_inner width=\u00bb1\/3&#8243;]<div class=\"uavc-list-icon uavc-list-icon-wrapper ult-adjust-bottom-margin   \"><ul class=\"uavc-list\"><li><div class=\"uavc-list-content\" id=\"list-icon-wrap-1944\">\n<div class=\"uavc-list-icon  \" data-animation=\"\" data-animation-delay=\"03\" style=\"margin-right:10px;\"><div class=\"ult-just-icon-wrapper  \"><div class=\"align-icon\" style=\"text-align:center;\">\n<div class=\"aio-icon none \"  style=\"color:#009ddd;font-size:32px;display:inline-block;\">\n\t<i class=\"Defaults-briefcase\"><\/i>\n<\/div><\/div><\/div>\n<\/div><span  data-ultimate-target='#list-icon-wrap-1944 .uavc-list-desc'  data-responsive-json-new='{\"font-size\":\"\",\"line-height\":\"\"}'  class=\"uavc-list-desc ult-responsive\" style=\"\"><span style=\"font-size: 18px;\"><a href=\"https:\/\/www.ofertassegurossalud.com\/es\/autonomos-empresas\/\">Aut\u00f3nomos\u00a0y empresas<\/a><\/span><\/span><\/div><\/li><li><div class=\"uavc-list-content\" id=\"list-icon-wrap-2751\">\n<div class=\"uavc-list-icon  \" data-animation=\"\" data-animation-delay=\"03\" style=\"margin-right:10px;\"><div class=\"ult-just-icon-wrapper  \"><div class=\"align-icon\" style=\"text-align:center;\">\n<div class=\"aio-icon none \"  style=\"color:#009ddd;font-size:32px;display:inline-block;\">\n\t<i class=\"Defaults-home\"><\/i>\n<\/div><\/div><\/div>\n<\/div><span  data-ultimate-target='#list-icon-wrap-2751 .uavc-list-desc'  data-responsive-json-new='{\"font-size\":\"\",\"line-height\":\"\"}'  class=\"uavc-list-desc ult-responsive\" style=\"\"><span style=\"font-size: 18px;\"><a href=\"https:\/\/www.ofertassegurossalud.com\/es\/hogar\/\">Hogar<\/a><\/span><\/span><\/div><\/li><\/ul><\/div>[\/vc_column_inner][vc_column_inner width=\u00bb1\/3&#8243;]<div class=\"uavc-list-icon uavc-list-icon-wrapper ult-adjust-bottom-margin   \"><ul class=\"uavc-list\"><li><div class=\"uavc-list-content\" id=\"list-icon-wrap-8867\">\n<div class=\"uavc-list-icon  \" data-animation=\"\" data-animation-delay=\"03\" style=\"margin-right:10px;\"><div class=\"ult-just-icon-wrapper  \"><div class=\"align-icon\" style=\"text-align:center;\">\n<div class=\"aio-icon none \"  style=\"color:#009ddd;font-size:32px;display:inline-block;\">\n\t<i class=\"Defaults-automobile car\"><\/i>\n<\/div><\/div><\/div>\n<\/div><span  data-ultimate-target='#list-icon-wrap-8867 .uavc-list-desc'  data-responsive-json-new='{\"font-size\":\"\",\"line-height\":\"\"}'  class=\"uavc-list-desc ult-responsive\" style=\"\"><span style=\"font-size: 18px;\"><a href=\"https:\/\/www.ofertassegurossalud.com\/es\/coches\/\">Coches<\/a><\/span><\/span><\/div><\/li><li><div class=\"uavc-list-content\" id=\"list-icon-wrap-4368\">\n<div class=\"uavc-list-icon  \" data-animation=\"\" data-animation-delay=\"03\" style=\"margin-right:10px;\"><div class=\"ult-just-icon-wrapper  \"><div class=\"align-icon\" style=\"text-align:center;\">\n<div class=\"aio-icon none \"  style=\"color:#009ddd;font-size:32px;display:inline-block;\">\n\t<i class=\"Defaults-exclamation\"><\/i>\n<\/div><\/div><\/div>\n<\/div><span  data-ultimate-target='#list-icon-wrap-4368 .uavc-list-desc'  data-responsive-json-new='{\"font-size\":\"\",\"line-height\":\"\"}'  class=\"uavc-list-desc ult-responsive\" style=\"\"><span style=\"font-size: 18px;\"><a href=\"https:\/\/www.ofertassegurossalud.com\/es\/decesos-accidentes\/\">Decesos y accidentes<\/a><\/span><\/span><\/div><\/li><\/ul><\/div>[\/vc_column_inner][\/vc_row_inner][\/vc_column][\/vc_row]<\/p>\n<\/div>","protected":false},"excerpt":{"rendered":"<p>[vc_row id=\u00bbmain-heading\u00bb background_color=\u00bb#009ddd\u00bb padding_top=\u00bb0&#8243; padding_bottom=\u00bb0&#8243;][vc_column][vc_custom_heading text=\u00bbContactar\u00bb font_container=\u00bbtag:h1|text_align:center|color:%23ffffff\u00bb use_theme_fonts=\u00bbyes\u00bb css_animation=\u00bbnone\u00bb css=\u00bb.vc_custom_1505991577565{margin-top: 30px !important;}\u00bb][\/vc_column][\/vc_row][vc_row background_image=\u00bb1397&#8243; background_position=\u00bbCenter center\u00bb padding_top=\u00bb0&#8243; padding_bottom=\u00bb400&#8243;][vc_column][\/vc_column][\/vc_row][vc_row full_width=\u00bbtrue\u00bb padding_bottom=\u00bb0&#8243;][vc_column width=\u00bb2\/3&#8243;][vc_row_inner][vc_column_inner][vc_column_text pl=\u00bb30&#8243; pr=\u00bb30&#8243; pt=\u00bb30&#8243;] Muchas gracias por contactar con nosotros, recibir\u00e1s noticias de uno de nuestros agentes lo antes posible. [\/vc_column_text][\/vc_column_inner][\/vc_row_inner][\/vc_column][vc_column width=\u00bb1\/3&#8243;][vc_single_image image=\u00bb433&#8243; img_size=\u00bbfull\u00bb][vc_wp_text]\u00a0Carrer Anselm Clav\u00e9 n\u00ba63, local B 08100 &#8211; Mollet del Vall\u00e8s[\/vc_wp_text][\/vc_column][\/vc_row][vc_row full_width=\u00bbtrue\u00bb][vc_column][vc_row_inner][vc_column_inner][vc_custom_heading text=\u00bbInf\u00f3rmate [&hellip;]<\/p>\n","protected":false},"author":1,"featured_media":0,"parent":0,"menu_order":0,"comment_status":"closed","ping_status":"closed","template":"","meta":{"_joinchat":[],"footnotes":""},"class_list":["post-930","page","type-page","status-publish","hentry"],"yoast_head":"<!-- This site is optimized with the Yoast SEO plugin v24.9 - https:\/\/yoast.com\/wordpress\/plugins\/seo\/ -->\n<title>Contactar con Adeslas en Mollet del Vall\u00e8s, Barcelona<\/title>\n<meta name=\"description\" content=\"Tel\u00e9fono y datos de contacto de Adeslas en Mollet del Vall\u00e8s, Sonia Piedrabuena agente de seguros exclusivo de Adeslas en Mollet, Barcelona.\" \/>\n<meta name=\"robots\" content=\"index, follow, max-snippet:-1, max-image-preview:large, max-video-preview:-1\" \/>\n<link rel=\"canonical\" href=\"https:\/\/www.ofertassegurossalud.com\/es\/gracias-contacto\/\" \/>\n<meta property=\"og:locale\" content=\"es_ES\" \/>\n<meta property=\"og:type\" content=\"article\" \/>\n<meta property=\"og:title\" content=\"Contactar con Adeslas en Mollet del Vall\u00e8s, Barcelona\" \/>\n<meta property=\"og:description\" content=\"Tel\u00e9fono y datos de contacto de Adeslas en Mollet del Vall\u00e8s, Sonia Piedrabuena agente de seguros exclusivo de Adeslas en Mollet, Barcelona.\" \/>\n<meta property=\"og:url\" content=\"https:\/\/www.ofertassegurossalud.com\/es\/gracias-contacto\/\" \/>\n<meta property=\"og:site_name\" content=\"Ofertas Seguros Salud\" \/>\n<meta property=\"article:modified_time\" content=\"2022-08-23T07:40:14+00:00\" \/>\n<meta name=\"twitter:card\" content=\"summary_large_image\" \/>\n<meta name=\"twitter:label1\" content=\"Tiempo de lectura\" \/>\n\t<meta name=\"twitter:data1\" content=\"1 minuto\" \/>\n<script type=\"application\/ld+json\" class=\"yoast-schema-graph\">{\"@context\":\"https:\/\/schema.org\",\"@graph\":[{\"@type\":\"WebPage\",\"@id\":\"https:\/\/www.ofertassegurossalud.com\/es\/gracias-contacto\/\",\"url\":\"https:\/\/www.ofertassegurossalud.com\/es\/gracias-contacto\/\",\"name\":\"Contactar con Adeslas en Mollet del Vall\u00e8s, Barcelona\",\"isPartOf\":{\"@id\":\"https:\/\/www.ofertassegurossalud.com\/es\/#website\"},\"datePublished\":\"2017-10-05T09:07:52+00:00\",\"dateModified\":\"2022-08-23T07:40:14+00:00\",\"description\":\"Tel\u00e9fono y datos de contacto de Adeslas en Mollet del Vall\u00e8s, Sonia Piedrabuena agente de seguros exclusivo de Adeslas en Mollet, Barcelona.\",\"breadcrumb\":{\"@id\":\"https:\/\/www.ofertassegurossalud.com\/es\/gracias-contacto\/#breadcrumb\"},\"inLanguage\":\"es\",\"potentialAction\":[{\"@type\":\"ReadAction\",\"target\":[\"https:\/\/www.ofertassegurossalud.com\/es\/gracias-contacto\/\"]}]},{\"@type\":\"BreadcrumbList\",\"@id\":\"https:\/\/www.ofertassegurossalud.com\/es\/gracias-contacto\/#breadcrumb\",\"itemListElement\":[{\"@type\":\"ListItem\",\"position\":1,\"name\":\"Portada\",\"item\":\"https:\/\/www.ofertassegurossalud.com\/es\/\"},{\"@type\":\"ListItem\",\"position\":2,\"name\":\"Gracias por contactar\"}]},{\"@type\":\"WebSite\",\"@id\":\"https:\/\/www.ofertassegurossalud.com\/es\/#website\",\"url\":\"https:\/\/www.ofertassegurossalud.com\/es\/\",\"name\":\"Ofertas Seguros Salud\",\"description\":\"Tu aseguradora de confianza con la garant\u00eda de calidad\",\"potentialAction\":[{\"@type\":\"SearchAction\",\"target\":{\"@type\":\"EntryPoint\",\"urlTemplate\":\"https:\/\/www.ofertassegurossalud.com\/es\/?s={search_term_string}\"},\"query-input\":{\"@type\":\"PropertyValueSpecification\",\"valueRequired\":true,\"valueName\":\"search_term_string\"}}],\"inLanguage\":\"es\"}]}<\/script>\n<!-- \/ Yoast SEO plugin. -->","yoast_head_json":{"title":"Contactar con Adeslas en Mollet del Vall\u00e8s, Barcelona","description":"Tel\u00e9fono y datos de contacto de Adeslas en Mollet del Vall\u00e8s, Sonia Piedrabuena agente de seguros exclusivo de Adeslas en Mollet, Barcelona.","robots":{"index":"index","follow":"follow","max-snippet":"max-snippet:-1","max-image-preview":"max-image-preview:large","max-video-preview":"max-video-preview:-1"},"canonical":"https:\/\/www.ofertassegurossalud.com\/es\/gracias-contacto\/","og_locale":"es_ES","og_type":"article","og_title":"Contactar con Adeslas en Mollet del Vall\u00e8s, Barcelona","og_description":"Tel\u00e9fono y datos de contacto de Adeslas en Mollet del Vall\u00e8s, Sonia Piedrabuena agente de seguros exclusivo de Adeslas en Mollet, Barcelona.","og_url":"https:\/\/www.ofertassegurossalud.com\/es\/gracias-contacto\/","og_site_name":"Ofertas Seguros Salud","article_modified_time":"2022-08-23T07:40:14+00:00","twitter_card":"summary_large_image","twitter_misc":{"Tiempo de lectura":"1 minuto"},"schema":{"@context":"https:\/\/schema.org","@graph":[{"@type":"WebPage","@id":"https:\/\/www.ofertassegurossalud.com\/es\/gracias-contacto\/","url":"https:\/\/www.ofertassegurossalud.com\/es\/gracias-contacto\/","name":"Contactar con Adeslas en Mollet del Vall\u00e8s, Barcelona","isPartOf":{"@id":"https:\/\/www.ofertassegurossalud.com\/es\/#website"},"datePublished":"2017-10-05T09:07:52+00:00","dateModified":"2022-08-23T07:40:14+00:00","description":"Tel\u00e9fono y datos de contacto de Adeslas en Mollet del Vall\u00e8s, Sonia Piedrabuena agente de seguros exclusivo de Adeslas en Mollet, Barcelona.","breadcrumb":{"@id":"https:\/\/www.ofertassegurossalud.com\/es\/gracias-contacto\/#breadcrumb"},"inLanguage":"es","potentialAction":[{"@type":"ReadAction","target":["https:\/\/www.ofertassegurossalud.com\/es\/gracias-contacto\/"]}]},{"@type":"BreadcrumbList","@id":"https:\/\/www.ofertassegurossalud.com\/es\/gracias-contacto\/#breadcrumb","itemListElement":[{"@type":"ListItem","position":1,"name":"Portada","item":"https:\/\/www.ofertassegurossalud.com\/es\/"},{"@type":"ListItem","position":2,"name":"Gracias por contactar"}]},{"@type":"WebSite","@id":"https:\/\/www.ofertassegurossalud.com\/es\/#website","url":"https:\/\/www.ofertassegurossalud.com\/es\/","name":"Ofertas Seguros Salud","description":"Tu aseguradora de confianza con la garant\u00eda de calidad","potentialAction":[{"@type":"SearchAction","target":{"@type":"EntryPoint","urlTemplate":"https:\/\/www.ofertassegurossalud.com\/es\/?s={search_term_string}"},"query-input":{"@type":"PropertyValueSpecification","valueRequired":true,"valueName":"search_term_string"}}],"inLanguage":"es"}]}},"_links":{"self":[{"href":"https:\/\/www.ofertassegurossalud.com\/es\/wp-json\/wp\/v2\/pages\/930","targetHints":{"allow":["GET"]}}],"collection":[{"href":"https:\/\/www.ofertassegurossalud.com\/es\/wp-json\/wp\/v2\/pages"}],"about":[{"href":"https:\/\/www.ofertassegurossalud.com\/es\/wp-json\/wp\/v2\/types\/page"}],"author":[{"embeddable":true,"href":"https:\/\/www.ofertassegurossalud.com\/es\/wp-json\/wp\/v2\/users\/1"}],"replies":[{"embeddable":true,"href":"https:\/\/www.ofertassegurossalud.com\/es\/wp-json\/wp\/v2\/comments?post=930"}],"version-history":[{"count":30,"href":"https:\/\/www.ofertassegurossalud.com\/es\/wp-json\/wp\/v2\/pages\/930\/revisions"}],"predecessor-version":[{"id":2817,"href":"https:\/\/www.ofertassegurossalud.com\/es\/wp-json\/wp\/v2\/pages\/930\/revisions\/2817"}],"wp:attachment":[{"href":"https:\/\/www.ofertassegurossalud.com\/es\/wp-json\/wp\/v2\/media?parent=930"}],"curies":[{"name":"wp","href":"https:\/\/api.w.org\/{rel}","templated":true}]}}