{"id":461,"date":"2017-09-21T10:09:44","date_gmt":"2017-09-21T10:09:44","guid":{"rendered":"https:\/\/www.ofertassegurossalud.com\/?page_id=461"},"modified":"2022-12-19T10:09:28","modified_gmt":"2022-12-19T08:09:28","slug":"contactar","status":"publish","type":"page","link":"https:\/\/www.ofertassegurossalud.com\/es\/contactar\/","title":{"rendered":"Contactar con Adeslas en Mollet del Vall\u00e8s, Barcelona"},"content":{"rendered":"<div class=\"wpb-content-wrapper\"><p>[vc_row id=\u00bbmain-heading\u00bb background_color=\u00bb#009ddd\u00bb padding_bottom=\u00bb0&#8243;][vc_column][vc_custom_heading text=\u00bbContactar\u00bb font_container=\u00bbtag:h1|text_align:center|color:%23ffffff\u00bb use_theme_fonts=\u00bbyes\u00bb css_animation=\u00bbnone\u00bb css=\u00bb.vc_custom_1671437366322{margin-top: 0px !important;}\u00bb][\/vc_column][\/vc_row][vc_row background_image=\u00bb1397&#8243; background_position=\u00bbCenter center\u00bb padding_top=\u00bb0&#8243; padding_bottom=\u00bb400&#8243;][vc_column][\/vc_column][\/vc_row][vc_row full_width=\u00bbtrue\u00bb][vc_column][vc_row_inner][vc_column_inner]<div class=\"ult-spacer spacer-69fb2725ad676\" data-id=\"69fb2725ad676\" data-height=\"80\" data-height-mobile=\"80\" data-height-tab=\"80\" data-height-tab-portrait=\"80\" data-height-mobile-landscape=\"80\" style=\"clear:both;display:block;\"><\/div>[\/vc_column_inner][\/vc_row_inner][vc_row_inner][vc_column_inner width=\u00bb2\/3&#8243;][vc_column_text]\n<div class=\"wpcf7 no-js\" id=\"wpcf7-f5-o1\" lang=\"es-ES\" dir=\"ltr\" data-wpcf7-id=\"5\">\n<div class=\"screen-reader-response\"><p role=\"status\" aria-live=\"polite\" aria-atomic=\"true\"><\/p> <ul><\/ul><\/div>\n<form action=\"\/es\/wp-json\/wp\/v2\/pages\/461#wpcf7-f5-o1\" method=\"post\" class=\"wpcf7-form init\" aria-label=\"Formulario de contacto\" novalidate=\"novalidate\" data-status=\"init\">\n<div style=\"display: none;\">\n<input type=\"hidden\" name=\"_wpcf7\" value=\"5\" \/>\n<input type=\"hidden\" name=\"_wpcf7_version\" value=\"6.0.6\" \/>\n<input type=\"hidden\" name=\"_wpcf7_locale\" value=\"es_ES\" \/>\n<input type=\"hidden\" name=\"_wpcf7_unit_tag\" value=\"wpcf7-f5-o1\" \/>\n<input type=\"hidden\" name=\"_wpcf7_container_post\" value=\"0\" \/>\n<input type=\"hidden\" name=\"_wpcf7_posted_data_hash\" value=\"\" \/>\n<\/div>\n<div class=\"caldera-grid\">\n\t<div class=\"row  first_row\">\n\t\t<div class=\"col-sm-6  first_col\">\n\t\t\t<p><label> Nombre <i>*<\/i><br \/>\n<span class=\"wpcf7-form-control-wrap\" data-name=\"your-name\"><input size=\"40\" maxlength=\"400\" class=\"wpcf7-form-control wpcf7-text wpcf7-validates-as-required\" aria-required=\"true\" aria-invalid=\"false\" value=\"\" type=\"text\" name=\"your-name\" \/><\/span> <\/label>\n\t\t\t<\/p>\n\t\t<\/div>\n\t\t<div class=\"col-sm-6  last_col\">\n\t\t\t<p><label> Direcci\u00f3n de correo electr\u00f3nico <i>*<\/i><br \/>\n<span class=\"wpcf7-form-control-wrap\" data-name=\"your-email\"><input size=\"40\" maxlength=\"400\" class=\"wpcf7-form-control wpcf7-email wpcf7-validates-as-required wpcf7-text wpcf7-validates-as-email\" aria-required=\"true\" aria-invalid=\"false\" value=\"\" type=\"email\" name=\"your-email\" \/><\/span> <\/label>\n\t\t\t<\/p>\n\t\t<\/div>\n\t<\/div>\n\t<div class=\"row\">\n\t\t<div class=\"col-sm-6  first_col\">\n\t\t\t<p><label> Tel\u00e9fono <i>*<\/i><br \/>\n<span class=\"wpcf7-form-control-wrap\" data-name=\"tel-349\"><input size=\"40\" maxlength=\"400\" class=\"wpcf7-form-control wpcf7-tel wpcf7-validates-as-required wpcf7-text wpcf7-validates-as-tel\" aria-required=\"true\" aria-invalid=\"false\" value=\"\" type=\"tel\" name=\"tel-349\" \/><\/span><\/label>\n\t\t\t<\/p>\n\t\t<\/div>\n\t\t<div class=\"col-sm-6  last_col\">\n\t\t\t<p><label> Servicio <i>*<\/i><br \/>\n<span class=\"wpcf7-form-control-wrap\" data-name=\"asunto-512\"><select class=\"wpcf7-form-control wpcf7-select wpcf7-validates-as-required\" aria-required=\"true\" aria-invalid=\"false\" name=\"asunto-512\"><option value=\"\">&#8212;Por favor, elige una opci\u00f3n&#8212;<\/option><option value=\"Seguro de salud\">Seguro de salud<\/option><option value=\"Seguro dental\">Seguro dental<\/option><option value=\"Seguro Autom\u00f3vil\">Seguro Autom\u00f3vil<\/option><option value=\"Seguro Decesos y accidentes\">Seguro Decesos y accidentes<\/option><option value=\"Seguro aut\u00f3nomos\">Seguro aut\u00f3nomos<\/option><option value=\"Seguro Pymes\">Seguro Pymes<\/option><option value=\"Seguro Local o negocio\">Seguro Local o negocio<\/option><option value=\"Micro seguros Mascotas\">Micro seguros Mascotas<\/option><\/select><\/span> <\/label>\n\t\t\t<\/p>\n\t\t<\/div>\n\t<\/div>\n\t<div class=\"row\">\n\t\t<div class=\"col-sm-12  single\">\n\t\t\t<p><label> Comentarios \/ Preguntas <i>*<\/i><br \/>\n<span class=\"wpcf7-form-control-wrap\" data-name=\"your-message\"><textarea cols=\"40\" rows=\"10\" maxlength=\"2000\" class=\"wpcf7-form-control wpcf7-textarea wpcf7-validates-as-required\" aria-required=\"true\" aria-invalid=\"false\" name=\"your-message\"><\/textarea><\/span> <\/label>\n\t\t\t<\/p>\n\t\t<\/div>\n\t<\/div>\n\t<div class=\"row  last_row\">\n\t\t<div class=\"col-sm-12  single legal\">\n\t\t\t<p><span class=\"wpcf7-form-control-wrap\" data-name=\"acceptance-168\"><span class=\"wpcf7-form-control wpcf7-acceptance\"><span class=\"wpcf7-list-item\"><input type=\"checkbox\" name=\"acceptance-168\" value=\"1\" aria-invalid=\"false\" \/><\/span><\/span><\/span><span align=\"justify\"> Al marcar esta casilla, el usuario declara haber le\u00eddo y estar de acuerdo con las condiciones expresadas en el <a style=\"color:#009ddd;\" href=\"http:\/\/www.ofertassegurossalud.com\/aviso-legal\/\" target=\"blank_\">\u201cAVISO LEGAL\u201d<\/a> y la <a style=\"color:#009ddd;\" href=\"http:\/\/www.ofertassegurossalud.com\/privacidad\/\" target=\"blank_\">\u201cPOL\u00cdTICA DE PRIVACIDAD\u201d<\/a> de la presente Web.<\/span><br \/>\n<label><br \/>\n<input class=\"wpcf7-form-control wpcf7-submit has-spinner\" type=\"submit\" value=\"Enviar\" \/><\/label>\n\t\t\t<\/p>\n\t\t<\/div>\n\t<\/div>\n<\/div><p style=\"display: none !important;\" class=\"akismet-fields-container\" data-prefix=\"_wpcf7_ak_\"><label>&#916;<textarea name=\"_wpcf7_ak_hp_textarea\" cols=\"45\" rows=\"8\" maxlength=\"100\"><\/textarea><\/label><input type=\"hidden\" id=\"ak_js_1\" name=\"_wpcf7_ak_js\" value=\"232\"\/><script>document.getElementById( \"ak_js_1\" ).setAttribute( \"value\", ( new Date() ).getTime() );<\/script><\/p><div class=\"wpcf7-response-output\" aria-hidden=\"true\"><\/div>\n<\/form>\n<\/div>\n[\/vc_column_text][\/vc_column_inner][vc_column_inner width=\u00bb1\/3&#8243;][vc_single_image image=\u00bb433&#8243; img_size=\u00bbfull\u00bb][vc_separator border_width=\u00bb2&#8243;][vc_wp_text]<span class=\"nz-icon none small icon-home animate-false\" style=\"color:7c7b7a;\"><\/span>\u00a0<span class=\"s1\">Carrer Anselm Clav\u00e9 n\u00ba63, local B<\/span><br \/>\n<span class=\"nz-icon none small icon-home animate-false\" style=\"color:7c7b7a;\"><\/span><span class=\"s1\">08100 &#8211; Mollet del Vall\u00e8s<\/span>[\/vc_wp_text][vc_column_text]<iframe loading=\"lazy\" style=\"border: 0;\" src=\"https:\/\/www.google.com\/maps\/embed?pb=!1m22!1m12!1m3!1d8553.750215553182!2d2.221912756375063!3d41.543228252822246!2m3!1f0!2f0!3f0!3m2!1i1024!2i768!4f13.1!4m7!3e6!4m0!4m4!1s0x12a4bf29dc9bbd5f%3A0xdbb19b8ce370c3df!3m2!1d41.540455!2d2.217186!5e0!3m2!1ses!2ses!4v1508314038932\" width=\"400\" height=\"300\" frameborder=\"0\" allowfullscreen=\"allowfullscreen\"><\/iframe>[\/vc_column_text][\/vc_column_inner][\/vc_row_inner][\/vc_column][\/vc_row]<\/p>\n<\/div>","protected":false},"excerpt":{"rendered":"<p>[vc_row id=\u00bbmain-heading\u00bb background_color=\u00bb#009ddd\u00bb padding_bottom=\u00bb0&#8243;][vc_column][vc_custom_heading text=\u00bbContactar\u00bb font_container=\u00bbtag:h1|text_align:center|color:%23ffffff\u00bb use_theme_fonts=\u00bbyes\u00bb css_animation=\u00bbnone\u00bb css=\u00bb.vc_custom_1671437366322{margin-top: 0px !important;}\u00bb][\/vc_column][\/vc_row][vc_row background_image=\u00bb1397&#8243; background_position=\u00bbCenter center\u00bb padding_top=\u00bb0&#8243; padding_bottom=\u00bb400&#8243;][vc_column][\/vc_column][\/vc_row][vc_row full_width=\u00bbtrue\u00bb][vc_column][vc_row_inner][vc_column_inner][\/vc_column_inner][\/vc_row_inner][vc_row_inner][vc_column_inner width=\u00bb2\/3&#8243;][vc_column_text][\/vc_column_text][\/vc_column_inner][vc_column_inner width=\u00bb1\/3&#8243;][vc_single_image image=\u00bb433&#8243; img_size=\u00bbfull\u00bb][vc_separator border_width=\u00bb2&#8243;][vc_wp_text]\u00a0Carrer Anselm Clav\u00e9 n\u00ba63, local B 08100 &#8211; Mollet del Vall\u00e8s[\/vc_wp_text][vc_column_text][\/vc_column_text][\/vc_column_inner][\/vc_row_inner][\/vc_column][\/vc_row]<\/p>\n","protected":false},"author":1,"featured_media":0,"parent":0,"menu_order":0,"comment_status":"closed","ping_status":"closed","template":"","meta":{"_joinchat":[],"footnotes":""},"class_list":["post-461","page","type-page","status-publish","hentry"],"yoast_head":"<!-- This site is optimized with the Yoast SEO plugin v24.9 - https:\/\/yoast.com\/wordpress\/plugins\/seo\/ -->\n<title>Contactar con Adeslas en Mollet del Vall\u00e8s, Barcelona<\/title>\n<meta name=\"description\" content=\"Tel\u00e9fono y datos de contacto de Adeslas en Mollet del Vall\u00e8s, Sonia Piedrabuena agente de seguros exclusivo de Adeslas en Mollet, Barcelona.\" \/>\n<meta name=\"robots\" content=\"index, follow, max-snippet:-1, max-image-preview:large, max-video-preview:-1\" \/>\n<link rel=\"canonical\" href=\"https:\/\/www.ofertassegurossalud.com\/es\/contactar\/\" \/>\n<meta property=\"og:locale\" content=\"es_ES\" \/>\n<meta property=\"og:type\" content=\"article\" \/>\n<meta property=\"og:title\" content=\"Contactar con Adeslas en Mollet del Vall\u00e8s, Barcelona\" \/>\n<meta property=\"og:description\" content=\"Tel\u00e9fono y datos de contacto de Adeslas en Mollet del Vall\u00e8s, Sonia Piedrabuena agente de seguros exclusivo de Adeslas en Mollet, Barcelona.\" \/>\n<meta property=\"og:url\" content=\"https:\/\/www.ofertassegurossalud.com\/es\/contactar\/\" \/>\n<meta property=\"og:site_name\" content=\"Ofertas Seguros Salud\" \/>\n<meta property=\"article:modified_time\" content=\"2022-12-19T08:09:28+00:00\" \/>\n<meta name=\"twitter:card\" content=\"summary_large_image\" \/>\n<meta name=\"twitter:label1\" content=\"Tiempo de lectura\" \/>\n\t<meta name=\"twitter:data1\" content=\"1 minuto\" \/>\n<script type=\"application\/ld+json\" class=\"yoast-schema-graph\">{\"@context\":\"https:\/\/schema.org\",\"@graph\":[{\"@type\":\"WebPage\",\"@id\":\"https:\/\/www.ofertassegurossalud.com\/es\/contactar\/\",\"url\":\"https:\/\/www.ofertassegurossalud.com\/es\/contactar\/\",\"name\":\"Contactar con Adeslas en Mollet del Vall\u00e8s, Barcelona\",\"isPartOf\":{\"@id\":\"https:\/\/www.ofertassegurossalud.com\/es\/#website\"},\"datePublished\":\"2017-09-21T10:09:44+00:00\",\"dateModified\":\"2022-12-19T08:09:28+00:00\",\"description\":\"Tel\u00e9fono y datos de contacto de Adeslas en Mollet del Vall\u00e8s, Sonia Piedrabuena agente de seguros exclusivo de Adeslas en Mollet, Barcelona.\",\"breadcrumb\":{\"@id\":\"https:\/\/www.ofertassegurossalud.com\/es\/contactar\/#breadcrumb\"},\"inLanguage\":\"es\",\"potentialAction\":[{\"@type\":\"ReadAction\",\"target\":[\"https:\/\/www.ofertassegurossalud.com\/es\/contactar\/\"]}]},{\"@type\":\"BreadcrumbList\",\"@id\":\"https:\/\/www.ofertassegurossalud.com\/es\/contactar\/#breadcrumb\",\"itemListElement\":[{\"@type\":\"ListItem\",\"position\":1,\"name\":\"Portada\",\"item\":\"https:\/\/www.ofertassegurossalud.com\/es\/\"},{\"@type\":\"ListItem\",\"position\":2,\"name\":\"Contactar con Adeslas en Mollet del Vall\u00e8s, Barcelona\"}]},{\"@type\":\"WebSite\",\"@id\":\"https:\/\/www.ofertassegurossalud.com\/es\/#website\",\"url\":\"https:\/\/www.ofertassegurossalud.com\/es\/\",\"name\":\"Ofertas Seguros Salud\",\"description\":\"Tu aseguradora de confianza con la garant\u00eda de calidad\",\"potentialAction\":[{\"@type\":\"SearchAction\",\"target\":{\"@type\":\"EntryPoint\",\"urlTemplate\":\"https:\/\/www.ofertassegurossalud.com\/es\/?s={search_term_string}\"},\"query-input\":{\"@type\":\"PropertyValueSpecification\",\"valueRequired\":true,\"valueName\":\"search_term_string\"}}],\"inLanguage\":\"es\"}]}<\/script>\n<!-- \/ Yoast SEO plugin. -->","yoast_head_json":{"title":"Contactar con Adeslas en Mollet del Vall\u00e8s, Barcelona","description":"Tel\u00e9fono y datos de contacto de Adeslas en Mollet del Vall\u00e8s, Sonia Piedrabuena agente de seguros exclusivo de Adeslas en Mollet, Barcelona.","robots":{"index":"index","follow":"follow","max-snippet":"max-snippet:-1","max-image-preview":"max-image-preview:large","max-video-preview":"max-video-preview:-1"},"canonical":"https:\/\/www.ofertassegurossalud.com\/es\/contactar\/","og_locale":"es_ES","og_type":"article","og_title":"Contactar con Adeslas en Mollet del Vall\u00e8s, Barcelona","og_description":"Tel\u00e9fono y datos de contacto de Adeslas en Mollet del Vall\u00e8s, Sonia Piedrabuena agente de seguros exclusivo de Adeslas en Mollet, Barcelona.","og_url":"https:\/\/www.ofertassegurossalud.com\/es\/contactar\/","og_site_name":"Ofertas Seguros Salud","article_modified_time":"2022-12-19T08:09:28+00:00","twitter_card":"summary_large_image","twitter_misc":{"Tiempo de lectura":"1 minuto"},"schema":{"@context":"https:\/\/schema.org","@graph":[{"@type":"WebPage","@id":"https:\/\/www.ofertassegurossalud.com\/es\/contactar\/","url":"https:\/\/www.ofertassegurossalud.com\/es\/contactar\/","name":"Contactar con Adeslas en Mollet del Vall\u00e8s, Barcelona","isPartOf":{"@id":"https:\/\/www.ofertassegurossalud.com\/es\/#website"},"datePublished":"2017-09-21T10:09:44+00:00","dateModified":"2022-12-19T08:09:28+00:00","description":"Tel\u00e9fono y datos de contacto de Adeslas en Mollet del Vall\u00e8s, Sonia Piedrabuena agente de seguros exclusivo de Adeslas en Mollet, Barcelona.","breadcrumb":{"@id":"https:\/\/www.ofertassegurossalud.com\/es\/contactar\/#breadcrumb"},"inLanguage":"es","potentialAction":[{"@type":"ReadAction","target":["https:\/\/www.ofertassegurossalud.com\/es\/contactar\/"]}]},{"@type":"BreadcrumbList","@id":"https:\/\/www.ofertassegurossalud.com\/es\/contactar\/#breadcrumb","itemListElement":[{"@type":"ListItem","position":1,"name":"Portada","item":"https:\/\/www.ofertassegurossalud.com\/es\/"},{"@type":"ListItem","position":2,"name":"Contactar con Adeslas en Mollet del Vall\u00e8s, Barcelona"}]},{"@type":"WebSite","@id":"https:\/\/www.ofertassegurossalud.com\/es\/#website","url":"https:\/\/www.ofertassegurossalud.com\/es\/","name":"Ofertas Seguros Salud","description":"Tu aseguradora de confianza con la garant\u00eda de calidad","potentialAction":[{"@type":"SearchAction","target":{"@type":"EntryPoint","urlTemplate":"https:\/\/www.ofertassegurossalud.com\/es\/?s={search_term_string}"},"query-input":{"@type":"PropertyValueSpecification","valueRequired":true,"valueName":"search_term_string"}}],"inLanguage":"es"}]}},"_links":{"self":[{"href":"https:\/\/www.ofertassegurossalud.com\/es\/wp-json\/wp\/v2\/pages\/461","targetHints":{"allow":["GET"]}}],"collection":[{"href":"https:\/\/www.ofertassegurossalud.com\/es\/wp-json\/wp\/v2\/pages"}],"about":[{"href":"https:\/\/www.ofertassegurossalud.com\/es\/wp-json\/wp\/v2\/types\/page"}],"author":[{"embeddable":true,"href":"https:\/\/www.ofertassegurossalud.com\/es\/wp-json\/wp\/v2\/users\/1"}],"replies":[{"embeddable":true,"href":"https:\/\/www.ofertassegurossalud.com\/es\/wp-json\/wp\/v2\/comments?post=461"}],"version-history":[{"count":21,"href":"https:\/\/www.ofertassegurossalud.com\/es\/wp-json\/wp\/v2\/pages\/461\/revisions"}],"predecessor-version":[{"id":3866,"href":"https:\/\/www.ofertassegurossalud.com\/es\/wp-json\/wp\/v2\/pages\/461\/revisions\/3866"}],"wp:attachment":[{"href":"https:\/\/www.ofertassegurossalud.com\/es\/wp-json\/wp\/v2\/media?parent=461"}],"curies":[{"name":"wp","href":"https:\/\/api.w.org\/{rel}","templated":true}]}}