{"id":444,"date":"2017-09-21T09:52:14","date_gmt":"2017-09-21T09:52:14","guid":{"rendered":"https:\/\/www.ofertassegurossalud.com\/?page_id=444"},"modified":"2025-07-31T09:07:06","modified_gmt":"2025-07-31T07:07:06","slug":"negocios-locales-oficinas-naves","status":"publish","type":"page","link":"https:\/\/www.ofertassegurossalud.com\/es\/negocios-locales-oficinas-naves\/","title":{"rendered":"Ofertas en Seguros de Negocios, Locales, Oficinas y Naves"},"content":{"rendered":"<div class=\"wpb-content-wrapper\"><p>[vc_row id=\u00bbmain-heading\u00bb background_color=\u00bb#009ddd\u00bb padding_bottom=\u00bb0&#8243;][vc_column][vc_custom_heading text=\u00bbLas mejores ofertas en seguros de negocio\u00bb font_container=\u00bbtag:h1|text_align:center|color:%23ffffff\u00bb use_theme_fonts=\u00bbyes\u00bb css_animation=\u00bbnone\u00bb css=\u00bb.vc_custom_1671187673365{margin-top: 0px !important;}\u00bb][\/vc_column][\/vc_row][vc_row full_width=\u00bbtrue\u00bb background_image=\u00bb1376&#8243; background_position=\u00bbCenter center\u00bb padding_top=\u00bb0&#8243; padding_bottom=\u00bb100&#8243;][vc_column]<div class='gap nz-clearfix' style='height:40px'>&nbsp;<\/div>[vc_row_inner][vc_column_inner el_class=\u00bbpromoinfo\u00bb width=\u00bb1\/2&#8243;][vc_single_image image=\u00bb1379&#8243; img_size=\u00bbfull\u00bb el_class=\u00bbhidden\u00bb][vc_empty_space height=\u00bb390px\u00bb][\/vc_column_inner][vc_column_inner width=\u00bb1\/2&#8243;][\/vc_column_inner][\/vc_row_inner][\/vc_column][\/vc_row][vc_row full_width=\u00bbtrue\u00bb background_color=\u00bb#e9eef5&#8243; padding_top=\u00bb40px\u00bb][vc_column]<div class='gap nz-clearfix' style='height:40px'>&nbsp;<\/div>[vc_row_inner][vc_column_inner][vc_custom_heading text=\u00bbNuestras ofertas para asegurar su negocio\u00bb font_container=\u00bbtag:h2|font_size:32|text_align:center|color:%23009ddd\u00bb use_theme_fonts=\u00bbyes\u00bb]<div class='gap nz-clearfix' style='height:15px'>&nbsp;<\/div>[vc_separator color=\u00bbcustom\u00bb border_width=\u00bb2&#8243; el_width=\u00bb70&#8243; accent_color=\u00bb#009ddd\u00bb][\/vc_column_inner][\/vc_row_inner][vc_row_inner][vc_column_inner][vc_column_text pl=\u00bb120&#8243; pr=\u00bb120&#8243;]<\/p>\n<p style=\"text-align: center;\"><span style=\"color: #999999; font-size: 18px; line-height: 28px;\">\u00bfTienes un negocio? Entonces tienes que pensar en la protecci\u00f3n del mismo ya que cualquier incidente o imprevisto puede hacer peligrar tu econom\u00eda y la de tu modo de vida.<\/span><\/p>\n<p>[\/vc_column_text][\/vc_column_inner][\/vc_row_inner]<div class='gap nz-clearfix' style='height:35px'>&nbsp;<\/div>[\/vc_column][\/vc_row][vc_row full_width=\u00bbtrue\u00bb][vc_column width=\u00bb1\/2&#8243; pl=\u00bb40&#8243; pr=\u00bb10&#8243; pt=\u00bb10&#8243; pb=\u00bb10&#8243;][vc_row_inner][vc_column_inner][vc_single_image image=\u00bb1706&#8243; img_size=\u00bbfull\u00bb]<div class=\"ult_pricing_table_wrap ult_design_5  ult-cs-custom  \">\n\t\t\t\t\t<div class=\"ult_pricing_table \" style=\"background:#ffffff;color:#009ddd;\"><div id=\"price-table-wrap-1824\" class=\"ult_pricing_heading\" style=\"background:#009ddd;color:#ffffff;\">\n\t\t\t\t\t\t\t<h3 class=\"price-heading ult-responsive cust-headformat\"  data-ultimate-target='#price-table-wrap-1824 .cust-headformat'  data-responsive-json-new='{\"font-size\":\"\",\"line-height\":\"\"}'  style=\"font-weight:normal;\">SegurCaixa NEGOCIO<\/h3><h5  data-ultimate-target='#price-table-wrap-1824 .cust-subhead'  data-responsive-json-new='{\"font-size\":\"\",\"line-height\":\"\"}'  class=\"price-subheading ult-responsive cust-subhead\" style=\"font-weight:normal;\">\u00bfTienes un negocio? Entonces tienes que pensar en la protecci\u00f3n del mismo ya que cualquier incidente o imprevisto puede hacer peligrar tu econom\u00eda y la de tu modo de vida.<\/h5><\/div><!--ult_pricing_heading--><div class=\"ult_price_body_block\" style=\"background:#009ddd;color:#ffffff;\">\n\t\t\t\t\t\t\t<div class=\"ult_price_body\">\n\t\t\t\t\t\t\t\t<div id=\"price-table-wrap-4025\"  class=\"ult_price\">\n\t\t\t\t\t\t\t\t\t<span  data-ultimate-target='#price-table-wrap-4025 .ult_price_figure'  data-responsive-json-new='{\"font-size\":\"\",\"line-height\":\"\"}'  class=\"ult_price_figure ult-responsive\" style=\"font-weight:normal;\"><\/span>\n\t\t\t\t\t\t\t\t\t<span  data-ultimate-target='#price-table-wrap-4025 .ult_price_term'  data-responsive-json-new='{\"font-size\":\"\",\"line-height\":\"\"}'  class=\"ult_price_term ult-responsive\" style=\"font-weight:normal;\"><\/span>\n\t\t\t\t\t\t\t\t<\/div>\n\t\t\t\t\t\t\t<\/div>\n\t\t\t\t\t\t<\/div><!--ult_price_body_block--><div id=\"price-table-features-wrap-3083\" class=\"ult_price_features ult-responsive\"  data-ultimate-target='#price-table-features-wrap-3083'  data-responsive-json-new='{\"font-size\":\"\",\"line-height\":\"\"}'  style=\"font-weight:normal;\">\n\t\t\t\t\t\t\t\n\t\t\t\t\t\t<\/div><!--ult_price_features--><div class=\"ult_clr\"><\/div>\n\t\t\t<\/div><!--pricing_table-->\n\t\t<\/div><!--pricing_table_wrap-->[\/vc_column_inner][\/vc_row_inner][\/vc_column][vc_column width=\u00bb1\/2&#8243; pl=\u00bb10&#8243; pr=\u00bb10&#8243; pt=\u00bb10&#8243; pb=\u00bb10&#8243;]<div class=\"nz-accordion \" data-collapsible=false><div class=\"false toggle-title nz-clearfix\"><span class=\"toggle-title-header\"><span>M\u00e1s garant\u00edas<\/span><\/span><span class=\"arrow icon-plus4\"><\/span><\/div> <div id=\"mas-garantias\" class=\"toggle-content nz-clearfix\"><\/p>\n<ul>\n<li>Coberturas de robo de contenido, de efectivo etc.<\/li>\n<li>Coberturas de responsabilidad civil.<\/li>\n<li>Cobertura de protecci\u00f3n jur\u00eddica.<\/li>\n<li>Asistencia inform\u00e1tica.<\/li>\n<\/ul>\n<p><\/div><div class=\"false toggle-title nz-clearfix\"><span class=\"toggle-title-header\"><span>Nuestras garant\u00edas<\/span><\/span><span class=\"arrow icon-plus4\"><\/span><\/div> <div id=\"nuestras-garantias\" class=\"toggle-content nz-clearfix\"><\/p>\n<ul>\n<li>Incendio, lluvia, p\u00e9rdida de alquileres o inhabitabilidad.<\/li>\n<li><b><\/b>Da\u00f1os por derrame de agua.<\/li>\n<li><b><\/b>Rotura de cristales, r\u00f3tulos, luminosos y m\u00e1rmoles.<\/li>\n<li><b><\/b>Da\u00f1os el\u00e9ctricos.<\/li>\n<\/ul>\n<p><\/div><div class=\"false toggle-title nz-clearfix\"><span class=\"toggle-title-header\"><span>Formas de contrataci\u00f3n<\/span><\/span><span class=\"arrow icon-plus4\"><\/span><\/div> <div id=\"formas-de-contratacion\" class=\"toggle-content nz-clearfix\">Posibilidad de seleccionar el capital y la modalidad de\u00a0 seguro y\u00a0 el fraccionamiento.<\/div><div class=\"false toggle-title nz-clearfix\"><span class=\"toggle-title-header\"><span>Coberturas y caracter\u00edsticas<\/span><\/span><span class=\"arrow icon-plus4\"><\/span><\/div> <div id=\"coberturas-y-caracteristicas\" class=\"toggle-content nz-clearfix\"><\/p>\n<ul class=\"ticks\">\n<li>Amplias y completas coberturas.<\/li>\n<li>Producto flexible:\u00a0permite seleccionar capitales y coberturas\u00a0a medida de tu negocio.<\/li>\n<\/ul>\n<p><\/div><div class=\"false toggle-title nz-clearfix\"><span class=\"toggle-title-header\"><span>Garant\u00edas opcionales<\/span><\/span><span class=\"arrow icon-plus4\"><\/span><\/div> <div id=\"garantias-opcionales\" class=\"toggle-content nz-clearfix\"><\/p>\n<ul>\n<li>Coberturas de aver\u00eda de maquinaria, bienes refrigerados y equipos electr\u00f3nicos.<\/li>\n<li>Cobertura de p\u00e9rdida de beneficios.<\/li>\n<li>Cobertura amplia de da\u00f1os.<\/li>\n<\/ul>\n<p><\/div><\/div> <div class='gap nz-clearfix' style='height:25px'>&nbsp;<\/div>[vc_row_inner][vc_column_inner]<div class=\" ubtn-ctn-center \"><a class=\"ubtn-link ult-adjust-bottom-margin ubtn-center ubtn-block \" href=\"https:\/\/www.ofertassegurossalud.com\/formulario-local\/\" rel=\"nofollow \" ><button type=\"button\" id=\"ubtn-8857\"  class=\"ubtn ult-adjust-bottom-margin ult-responsive ubtn-block ubtn-no-hover-bg  none  ubtn-center   tooltip-69ee56476d298 ubtn-block\"  data-hover=\"#ffffff\" data-border-color=\"\" data-bg=\"#db0080\" data-hover-bg=\"#db258f\" data-border-hover=\"\" data-shadow-hover=\"\" data-shadow-click=\"none\" data-shadow=\"\" data-shd-shadow=\"\"  data-ultimate-target='#ubtn-8857'  data-responsive-json-new='{\"font-size\":\"\",\"line-height\":\"\"}'  style=\"font-weight:normal;border:none;background: #db0080;color: #ffffff;\"><span class=\"ubtn-hover\" style=\"background-color:#db258f\"><\/span><span class=\"ubtn-data ubtn-text \" >M\u00e1s informaci\u00f3n<\/span><\/button><\/a><\/div>[\/vc_column_inner][\/vc_row_inner][\/vc_column][\/vc_row][vc_row full_width=\u00bbtrue\u00bb][vc_column]<div class=\"nz-accordion \" data-collapsible=false><div class=\"false toggle-title nz-clearfix\"><span class=\"toggle-title-header\"><span>Comercios<\/span><\/span><span class=\"arrow icon-plus4\"><\/span><\/div> <div id=\"comercios\" class=\"toggle-content nz-clearfix\"><\/p>\n<h2>Ofertas en seguros para su negocio<\/h2>\n<p>Un negocio hace que ingresemos dinero de forma mensual y que podamos vivir dedic\u00e1ndonos a lo que nos gusta y nos realiza pero todo esto puede cambiar si, de repente, ocurre algo inesperado que nos haga tambalear nuestra econom\u00eda.<\/p>\n<p>Es por este motivo que en Adeslas te ofrecemos interesantes ofertas de seguros para un negocio que te abalar\u00e1 tanto tengas un local, una oficina, una tienda o una nave industrial. Aseg\u00farate tu vida laboral con un seguro que te proteger\u00e1 en todo momento.<\/div><div class=\"false toggle-title nz-clearfix\"><span class=\"toggle-title-header\"><span>Locales, oficinas y naves industriales<\/span><\/span><span class=\"arrow icon-plus4\"><\/span><\/div> <div id=\"locales-oficinas-y-naves-industriales\" class=\"toggle-content nz-clearfix\"><\/p>\n<h2>Seguros para locales, oficinas y naves industriales<\/h2>\n<p>En Adeslas te ofrecemos interesant\u00edsimos precios para que puedas contratar seguros para oficinas o para tu negocio sin tener que pagar de m\u00e1s. Se trata de SegurCaixa Negocio, un producto que te cubrir\u00e1 en el caso de da\u00f1os o siniestros que tengan lugar en tu local.<\/p>\n<p>Aunque nosotros trabajemos de forma concienzuda y vayamos con mucho cuidado a la hora de trabajar, lo cierto es que los accidentes son totalmente imprevisibles. Por este motivo, contratar una buena p\u00f3liza de seguros para locales te ayudar\u00e1 a sentirte 100% seguro y protegido ante cualquier circunstancia que se aleje de tu control.<\/p>\n<p>En nuestros seguros para tiendas o negocios te garantizamos una serie de garant\u00edas b\u00e1sicas que te cubrir\u00e1n en cualquiera de los siguientes casos:<\/p>\n<ul>\n<li>En caso de que se produzca un incendio o se inunde por la lluvia<\/li>\n<li>En caso de que haya una p\u00e9rdida de alquileres o inhabitabilidad<\/li>\n<li>En caso de que se produzcan da\u00f1os por derrames de agua<\/li>\n<li>En caso de que se rompan elementos como cristales, r\u00f3tulos, m\u00e1rmoles, etc\u00e9tera.<\/li>\n<\/ul>\n<p>En cualquier caso de da\u00f1os el\u00e9ctricos<\/div><div class=\"false toggle-title nz-clearfix\"><span class=\"toggle-title-header\"><span>Seguros para tu local<\/span><\/span><span class=\"arrow icon-plus4\"><\/span><\/div> <div id=\"seguros-para-tu-local\" class=\"toggle-content nz-clearfix\"><\/p>\n<h2>Seguros para tu negocio, local o almac\u00e9n<\/h2>\n<p>Esto es lo b\u00e1sico que nuestros seguros para negocios te ofrecen pero, adem\u00e1s, puedes aumentar la protecci\u00f3n y conseguir ampliar la p\u00f3liza para que tambi\u00e9n te cubra otras situaciones inesperadas como son los robos, la cobertura de responsabilidad civil, asistencia inform\u00e1tica o cobertura jur\u00eddica.<\/p>\n<p>Todos los seguros que te ofrecemos, ya sean seguros para naves industriales o para tiendas urbanas, tiene amplias y completas coberturas que te ayudar\u00e1n a estar totalmente tranquilo con el desarrollo de tu actividad profesional. Adem\u00e1s, en Adeslas te ofrecemos un producto 100% flexible para que puedas seleccionar el mejor seguro para tu negocio.<\/p>\n<p>Si necesitas un \u201cextra\u201d para garantizar la seguridad de tu negocio tienes que saber que te ofrecemos m\u00e1s garant\u00edas que est\u00e1n pensadas para poder cubrir tanto aver\u00edas de maquinaria como de equipos electr\u00f3nicos, as\u00ed, cualquier imprevisto que suponga un gasto extra de dinero podr\u00e1s ahorr\u00e1rtelo gracias a nuestro seguro.<\/p>\n<p>En Adeslas contamos con una gran cantidad de opciones para que tu negocio y t\u00fa est\u00e9is protegidos. Sabemos que existen muchos momentos en la vida que no podemos controlar y, por tanto, es importante estar cubierto ante cualquier accidente o situaci\u00f3n que no tengamos en consideraci\u00f3n. Pi\u00e9nsalo: tu econom\u00eda familiar est\u00e1 en juego as\u00ed que \u00a1no te la juegues!<\/div><\/div> [\/vc_column][\/vc_row]<\/p>\n<\/div>","protected":false},"excerpt":{"rendered":"<p>[vc_row id=\u00bbmain-heading\u00bb background_color=\u00bb#009ddd\u00bb padding_bottom=\u00bb0&#8243;][vc_column][vc_custom_heading text=\u00bbLas mejores ofertas en seguros de negocio\u00bb font_container=\u00bbtag:h1|text_align:center|color:%23ffffff\u00bb use_theme_fonts=\u00bbyes\u00bb css_animation=\u00bbnone\u00bb css=\u00bb.vc_custom_1671187673365{margin-top: 0px !important;}\u00bb][\/vc_column][\/vc_row][vc_row full_width=\u00bbtrue\u00bb background_image=\u00bb1376&#8243; background_position=\u00bbCenter center\u00bb padding_top=\u00bb0&#8243; padding_bottom=\u00bb100&#8243;][vc_column][vc_row_inner][vc_column_inner el_class=\u00bbpromoinfo\u00bb width=\u00bb1\/2&#8243;][vc_single_image image=\u00bb1379&#8243; img_size=\u00bbfull\u00bb el_class=\u00bbhidden\u00bb][vc_empty_space height=\u00bb390px\u00bb][\/vc_column_inner][vc_column_inner width=\u00bb1\/2&#8243;][\/vc_column_inner][\/vc_row_inner][\/vc_column][\/vc_row][vc_row full_width=\u00bbtrue\u00bb background_color=\u00bb#e9eef5&#8243; padding_top=\u00bb40px\u00bb][vc_column][vc_row_inner][vc_column_inner][vc_custom_heading text=\u00bbNuestras ofertas para asegurar su negocio\u00bb font_container=\u00bbtag:h2|font_size:32|text_align:center|color:%23009ddd\u00bb use_theme_fonts=\u00bbyes\u00bb][vc_separator color=\u00bbcustom\u00bb border_width=\u00bb2&#8243; el_width=\u00bb70&#8243; accent_color=\u00bb#009ddd\u00bb][\/vc_column_inner][\/vc_row_inner][vc_row_inner][vc_column_inner][vc_column_text pl=\u00bb120&#8243; pr=\u00bb120&#8243;] \u00bfTienes un negocio? Entonces tienes que pensar en [&hellip;]<\/p>\n","protected":false},"author":1,"featured_media":0,"parent":0,"menu_order":0,"comment_status":"closed","ping_status":"closed","template":"","meta":{"_joinchat":[],"footnotes":""},"class_list":["post-444","page","type-page","status-publish","hentry"],"yoast_head":"<!-- This site is optimized with the Yoast SEO plugin v24.9 - https:\/\/yoast.com\/wordpress\/plugins\/seo\/ -->\n<title>Ofertas en Seguros de Negocios, Locales, Oficinas y Naves<\/title>\n<meta name=\"description\" content=\"Tenemos las mejores ofertas en seguros de negocios del mercado, ideal para tiendas, locales, oficinas y naves industriales, para que tu negocio no se pare.\" \/>\n<meta name=\"robots\" content=\"index, follow, max-snippet:-1, max-image-preview:large, max-video-preview:-1\" \/>\n<link rel=\"canonical\" href=\"https:\/\/www.ofertassegurossalud.com\/es\/negocios-locales-oficinas-naves\/\" \/>\n<meta property=\"og:locale\" content=\"es_ES\" \/>\n<meta property=\"og:type\" content=\"article\" \/>\n<meta property=\"og:title\" content=\"Ofertas en Seguros de Negocios, Locales, Oficinas y Naves\" \/>\n<meta property=\"og:description\" content=\"Tenemos las mejores ofertas en seguros de negocios del mercado, ideal para tiendas, locales, oficinas y naves industriales, para que tu negocio no se pare.\" \/>\n<meta property=\"og:url\" content=\"https:\/\/www.ofertassegurossalud.com\/es\/negocios-locales-oficinas-naves\/\" \/>\n<meta property=\"og:site_name\" content=\"Ofertas Seguros Salud\" \/>\n<meta property=\"article:modified_time\" content=\"2025-07-31T07:07:06+00:00\" \/>\n<meta name=\"twitter:card\" content=\"summary_large_image\" \/>\n<meta name=\"twitter:label1\" content=\"Tiempo de lectura\" \/>\n\t<meta name=\"twitter:data1\" content=\"5 minutos\" \/>\n<script type=\"application\/ld+json\" class=\"yoast-schema-graph\">{\"@context\":\"https:\/\/schema.org\",\"@graph\":[{\"@type\":\"WebPage\",\"@id\":\"https:\/\/www.ofertassegurossalud.com\/es\/negocios-locales-oficinas-naves\/\",\"url\":\"https:\/\/www.ofertassegurossalud.com\/es\/negocios-locales-oficinas-naves\/\",\"name\":\"Ofertas en Seguros de Negocios, Locales, Oficinas y Naves\",\"isPartOf\":{\"@id\":\"https:\/\/www.ofertassegurossalud.com\/es\/#website\"},\"datePublished\":\"2017-09-21T09:52:14+00:00\",\"dateModified\":\"2025-07-31T07:07:06+00:00\",\"description\":\"Tenemos las mejores ofertas en seguros de negocios del mercado, ideal para tiendas, locales, oficinas y naves industriales, para que tu negocio no se pare.\",\"breadcrumb\":{\"@id\":\"https:\/\/www.ofertassegurossalud.com\/es\/negocios-locales-oficinas-naves\/#breadcrumb\"},\"inLanguage\":\"es\",\"potentialAction\":[{\"@type\":\"ReadAction\",\"target\":[\"https:\/\/www.ofertassegurossalud.com\/es\/negocios-locales-oficinas-naves\/\"]}]},{\"@type\":\"BreadcrumbList\",\"@id\":\"https:\/\/www.ofertassegurossalud.com\/es\/negocios-locales-oficinas-naves\/#breadcrumb\",\"itemListElement\":[{\"@type\":\"ListItem\",\"position\":1,\"name\":\"Portada\",\"item\":\"https:\/\/www.ofertassegurossalud.com\/es\/\"},{\"@type\":\"ListItem\",\"position\":2,\"name\":\"Ofertas en Seguros de Negocios, Locales, Oficinas y Naves\"}]},{\"@type\":\"WebSite\",\"@id\":\"https:\/\/www.ofertassegurossalud.com\/es\/#website\",\"url\":\"https:\/\/www.ofertassegurossalud.com\/es\/\",\"name\":\"Ofertas Seguros Salud\",\"description\":\"Tu aseguradora de confianza con la garant\u00eda de calidad\",\"potentialAction\":[{\"@type\":\"SearchAction\",\"target\":{\"@type\":\"EntryPoint\",\"urlTemplate\":\"https:\/\/www.ofertassegurossalud.com\/es\/?s={search_term_string}\"},\"query-input\":{\"@type\":\"PropertyValueSpecification\",\"valueRequired\":true,\"valueName\":\"search_term_string\"}}],\"inLanguage\":\"es\"}]}<\/script>\n<!-- \/ Yoast SEO plugin. -->","yoast_head_json":{"title":"Ofertas en Seguros de Negocios, Locales, Oficinas y Naves","description":"Tenemos las mejores ofertas en seguros de negocios del mercado, ideal para tiendas, locales, oficinas y naves industriales, para que tu negocio no se pare.","robots":{"index":"index","follow":"follow","max-snippet":"max-snippet:-1","max-image-preview":"max-image-preview:large","max-video-preview":"max-video-preview:-1"},"canonical":"https:\/\/www.ofertassegurossalud.com\/es\/negocios-locales-oficinas-naves\/","og_locale":"es_ES","og_type":"article","og_title":"Ofertas en Seguros de Negocios, Locales, Oficinas y Naves","og_description":"Tenemos las mejores ofertas en seguros de negocios del mercado, ideal para tiendas, locales, oficinas y naves industriales, para que tu negocio no se pare.","og_url":"https:\/\/www.ofertassegurossalud.com\/es\/negocios-locales-oficinas-naves\/","og_site_name":"Ofertas Seguros Salud","article_modified_time":"2025-07-31T07:07:06+00:00","twitter_card":"summary_large_image","twitter_misc":{"Tiempo de lectura":"5 minutos"},"schema":{"@context":"https:\/\/schema.org","@graph":[{"@type":"WebPage","@id":"https:\/\/www.ofertassegurossalud.com\/es\/negocios-locales-oficinas-naves\/","url":"https:\/\/www.ofertassegurossalud.com\/es\/negocios-locales-oficinas-naves\/","name":"Ofertas en Seguros de Negocios, Locales, Oficinas y Naves","isPartOf":{"@id":"https:\/\/www.ofertassegurossalud.com\/es\/#website"},"datePublished":"2017-09-21T09:52:14+00:00","dateModified":"2025-07-31T07:07:06+00:00","description":"Tenemos las mejores ofertas en seguros de negocios del mercado, ideal para tiendas, locales, oficinas y naves industriales, para que tu negocio no se pare.","breadcrumb":{"@id":"https:\/\/www.ofertassegurossalud.com\/es\/negocios-locales-oficinas-naves\/#breadcrumb"},"inLanguage":"es","potentialAction":[{"@type":"ReadAction","target":["https:\/\/www.ofertassegurossalud.com\/es\/negocios-locales-oficinas-naves\/"]}]},{"@type":"BreadcrumbList","@id":"https:\/\/www.ofertassegurossalud.com\/es\/negocios-locales-oficinas-naves\/#breadcrumb","itemListElement":[{"@type":"ListItem","position":1,"name":"Portada","item":"https:\/\/www.ofertassegurossalud.com\/es\/"},{"@type":"ListItem","position":2,"name":"Ofertas en Seguros de Negocios, Locales, Oficinas y Naves"}]},{"@type":"WebSite","@id":"https:\/\/www.ofertassegurossalud.com\/es\/#website","url":"https:\/\/www.ofertassegurossalud.com\/es\/","name":"Ofertas Seguros Salud","description":"Tu aseguradora de confianza con la garant\u00eda de calidad","potentialAction":[{"@type":"SearchAction","target":{"@type":"EntryPoint","urlTemplate":"https:\/\/www.ofertassegurossalud.com\/es\/?s={search_term_string}"},"query-input":{"@type":"PropertyValueSpecification","valueRequired":true,"valueName":"search_term_string"}}],"inLanguage":"es"}]}},"_links":{"self":[{"href":"https:\/\/www.ofertassegurossalud.com\/es\/wp-json\/wp\/v2\/pages\/444","targetHints":{"allow":["GET"]}}],"collection":[{"href":"https:\/\/www.ofertassegurossalud.com\/es\/wp-json\/wp\/v2\/pages"}],"about":[{"href":"https:\/\/www.ofertassegurossalud.com\/es\/wp-json\/wp\/v2\/types\/page"}],"author":[{"embeddable":true,"href":"https:\/\/www.ofertassegurossalud.com\/es\/wp-json\/wp\/v2\/users\/1"}],"replies":[{"embeddable":true,"href":"https:\/\/www.ofertassegurossalud.com\/es\/wp-json\/wp\/v2\/comments?post=444"}],"version-history":[{"count":76,"href":"https:\/\/www.ofertassegurossalud.com\/es\/wp-json\/wp\/v2\/pages\/444\/revisions"}],"predecessor-version":[{"id":9770,"href":"https:\/\/www.ofertassegurossalud.com\/es\/wp-json\/wp\/v2\/pages\/444\/revisions\/9770"}],"wp:attachment":[{"href":"https:\/\/www.ofertassegurossalud.com\/es\/wp-json\/wp\/v2\/media?parent=444"}],"curies":[{"name":"wp","href":"https:\/\/api.w.org\/{rel}","templated":true}]}}