{"id":436,"date":"2017-09-21T09:48:19","date_gmt":"2017-09-21T09:48:19","guid":{"rendered":"https:\/\/www.ofertassegurossalud.com\/?page_id=436"},"modified":"2025-07-31T09:54:12","modified_gmt":"2025-07-31T07:54:12","slug":"hogar","status":"publish","type":"page","link":"https:\/\/www.ofertassegurossalud.com\/es\/hogar\/","title":{"rendered":"Ofertas en Seguros de Hogar &#8211; Tu casa m\u00e1s segura"},"content":{"rendered":"<div class=\"wpb-content-wrapper\"><p>[vc_row background_color=\u00bb#009ddd\u00bb padding_top=\u00bb0&#8243; padding_bottom=\u00bb0&#8243;][vc_column][vc_custom_heading text=\u00bbLas mejores ofertas en seguros de hogar\u00bb font_container=\u00bbtag:h1|text_align:center|color:%23ffffff\u00bb use_theme_fonts=\u00bbyes\u00bb css_animation=\u00bbnone\u00bb css=\u00bb.vc_custom_1717744263972{margin-top: 20px !important;}\u00bb][\/vc_column][\/vc_row][vc_row full_width=\u00bbtrue\u00bb background_image=\u00bb1344&#8243; background_position=\u00bbright top\u00bb padding_top=\u00bb0&#8243; padding_bottom=\u00bb100&#8243; bg_type=\u00bbimage\u00bb parallax_style=\u00bbvcpb-default\u00bb bg_image_repeat=\u00bbno-repeat\u00bb bg_image_size=\u00bbcontain\u00bb][vc_column][vc_empty_space height=\u00bb440px\u00bb][vc_row_inner][vc_column_inner el_class=\u00bbpromoinfo\u00bb width=\u00bb1\/2&#8243;][vc_single_image image=\u00bb1281&#8243; img_size=\u00bbfull\u00bb alignment=\u00bbcenter\u00bb css=\u00bb\u00bb el_class=\u00bbhidden\u00bb][\/vc_column_inner][vc_column_inner width=\u00bb1\/2&#8243;][\/vc_column_inner][\/vc_row_inner][\/vc_column][\/vc_row][vc_row full_width=\u00bbtrue\u00bb background_color=\u00bb#e9edf6&#8243; padding_bottom=\u00bb0&#8243;][vc_column][vc_row_inner][vc_column_inner]<div class='gap nz-clearfix' style='height:40px'>&nbsp;<\/div>[vc_custom_heading text=\u00bbContrata con Adeslas el seguro de tu hogar\u00bb font_container=\u00bbtag:h2|font_size:32|text_align:center|color:%23009ddd\u00bb use_theme_fonts=\u00bbyes\u00bb]<div class='gap nz-clearfix' style='height:15px'>&nbsp;<\/div>[vc_separator color=\u00bbcustom\u00bb border_width=\u00bb2&#8243; el_width=\u00bb80&#8243; accent_color=\u00bb#009ddd\u00bb][\/vc_column_inner][\/vc_row_inner][vc_row_inner][vc_column_inner][vc_column_text pl=\u00bb120&#8243; pr=\u00bb120&#8243;]<\/p>\n<p style=\"text-align: center;\"><span style=\"color: #999999; line-height: 28px; font-size: 18px;\">Es\u00a0 muy importante que valores todas las opciones que existen para poder encontrar las mejores ofertas en seguros de hogar que tengan un buen equilibrio entre el precio y la cobertura.<\/span><\/p>\n<p style=\"text-align: center;\"><span style=\"color: #999999; line-height: 28px; font-size: 18px;\">En Adeslas contamos con una amplia oferta de seguros de hogar que se adaptan a las necesidades de todas las familias y, tambi\u00e9n, de sus bolsillos.<\/span><\/p>\n<p>[\/vc_column_text][\/vc_column_inner][\/vc_row_inner][\/vc_column][\/vc_row][vc_row full_width=\u00bbtrue\u00bb padding_top=\u00bb0&#8243; padding_bottom=\u00bb0&#8243;][vc_column width=\u00bb1\/2&#8243; pl=\u00bb10&#8243; pr=\u00bb10&#8243; pt=\u00bb10&#8243; pb=\u00bb10&#8243;][vc_row_inner][vc_column_inner][vc_single_image image=\u00bb9821&#8243; img_size=\u00bbfull\u00bb css=\u00bb\u00bb]<div class=\"ult_pricing_table_wrap ult_design_5  ult-cs-custom  \">\n\t\t\t\t\t<div class=\"ult_pricing_table \" style=\"background:#ffffff;color:#009ddd;\"><div id=\"price-table-wrap-9718\" class=\"ult_pricing_heading\" style=\"background:#009ddd;color:#ffffff;\">\n\t\t\t\t\t\t\t<h3 class=\"price-heading ult-responsive cust-headformat\"  data-ultimate-target='#price-table-wrap-9718 .cust-headformat'  data-responsive-json-new='{\"font-size\":\"\",\"line-height\":\"\"}'  style=\"font-weight:normal;\">SegurCaixa HOGAR<\/h3><h5  data-ultimate-target='#price-table-wrap-9718 .cust-subhead'  data-responsive-json-new='{\"font-size\":\"\",\"line-height\":\"\"}'  class=\"price-subheading ult-responsive cust-subhead\" style=\"font-weight:normal;\">Aseguramos tu casa al mejor precio<\/h5><\/div><!--ult_pricing_heading--><div class=\"ult_price_body_block\" style=\"background:#009ddd;color:#ffffff;\">\n\t\t\t\t\t\t\t<div class=\"ult_price_body\">\n\t\t\t\t\t\t\t\t<div id=\"price-table-wrap-3170\"  class=\"ult_price\">\n\t\t\t\t\t\t\t\t\t<span  data-ultimate-target='#price-table-wrap-3170 .ult_price_figure'  data-responsive-json-new='{\"font-size\":\"\",\"line-height\":\"\"}'  class=\"ult_price_figure ult-responsive\" style=\"font-weight:normal;\"><\/span>\n\t\t\t\t\t\t\t\t\t<span  data-ultimate-target='#price-table-wrap-3170 .ult_price_term'  data-responsive-json-new='{\"font-size\":\"\",\"line-height\":\"\"}'  class=\"ult_price_term ult-responsive\" style=\"font-weight:normal;\"><\/span>\n\t\t\t\t\t\t\t\t<\/div>\n\t\t\t\t\t\t\t<\/div>\n\t\t\t\t\t\t<\/div><!--ult_price_body_block--><div id=\"price-table-features-wrap-9709\" class=\"ult_price_features ult-responsive\"  data-ultimate-target='#price-table-features-wrap-9709'  data-responsive-json-new='{\"font-size\":\"\",\"line-height\":\"\"}'  style=\"font-weight:normal;\">\n\t\t\t\t\t\t\t<ul>\n<li>Da\u00f1os por agua<\/li>\n<li>Joyer\u00eda y objetos de valor<\/li>\n<li>Robo y desperfectos por robo<\/li>\n<\/ul>\n\n\t\t\t\t\t\t<\/div><!--ult_price_features--><div class=\"ult_clr\"><\/div>\n\t\t\t<\/div><!--pricing_table-->\n\t\t<\/div><!--pricing_table_wrap--><div class=\" ubtn-ctn-center \"><a class=\"ubtn-link ult-adjust-bottom-margin ubtn-center ubtn-block \" href=\"https:\/\/www.ofertassegurossalud.com\/formulario-hogar\/\" rel=\"nofollow \" ><button type=\"button\" id=\"ubtn-1197\"  class=\"ubtn ult-adjust-bottom-margin ult-responsive ubtn-block ubtn-no-hover-bg  none  ubtn-center   tooltip-69fb273bbf5c5 ubtn-block\"  data-hover=\"#ffffff\" data-border-color=\"\" data-bg=\"#db0080\" data-hover-bg=\"#db3094\" data-border-hover=\"\" data-shadow-hover=\"\" data-shadow-click=\"none\" data-shadow=\"\" data-shd-shadow=\"\"  data-ultimate-target='#ubtn-1197'  data-responsive-json-new='{\"font-size\":\"\",\"line-height\":\"\"}'  style=\"font-weight:bold;border:none;background: #db0080;color: #ffffff;\"><span class=\"ubtn-hover\" style=\"background-color:#db3094\"><\/span><span class=\"ubtn-data ubtn-text \" >Formulario para presupuesto<\/span><\/button><\/a><\/div>[\/vc_column_inner][\/vc_row_inner]<div class=\"nz-accordion \" data-collapsible=false><div class=\"false toggle-title nz-clearfix\"><span class=\"toggle-title-header\"><span>Ampliar informaci\u00f3n SegurCaixa HOGAR<\/span><\/span><span class=\"arrow icon-plus4\"><\/span><\/div> <div id=\"ampliar-informacion-segurcaixa-hogar\" class=\"toggle-content nz-clearfix\"><\/p>\n<p class=\"p1\"><span class=\"s1\">Disfruta de la tranquilidad de no perder el valor de la vivienda ni de su contenido con unas coberturas muy completas.<\/span><\/p>\n<p class=\"p1\"><strong><span class=\"s1\">GARANT\u00cdAS S\u00d3LIDAS<\/span><\/strong><\/p>\n<p class=\"p1\"><span class=\"s1\">Se cubren los siniestros que con m\u00e1s frecuencia puedan afectar al continente y al contenido de la vivienda, con los capitales que recomienda la Compa\u00f1\u00eda o los que elijas seg\u00fan tus necesidades.<\/span><\/p>\n<p class=\"p1\"><strong><span class=\"s1\">DA\u00d1OS POR AGUA<\/span><\/strong><\/p>\n<p class=\"p1\"><span class=\"s1\">Cubrimos los da\u00f1os que se produzcan en la vivienda asegurada y los que podamos provocar a vecinos.<\/span><\/p>\n<p class=\"p1\"><strong><span class=\"s1\">ROBO<\/span><\/strong><\/p>\n<p class=\"p1\"><span class=\"s1\">Cobertura del robo de los bienes de la vivienda y los desperfectos a causa del robo o intento de robo.<\/span><\/p>\n<p class=\"p1\"><strong><span class=\"s1\">JOYAS Y OBJETOS DE VALOR<\/span><\/strong><\/p>\n<p class=\"p1\"><span class=\"s1\">Cubrimos hasta 10.000 euros en joyas y objetos de valor.<\/span><\/p>\n<p><\/div><\/div> [\/vc_column][vc_column width=\u00bb1\/2&#8243; pl=\u00bb10&#8243; pr=\u00bb10&#8243; pt=\u00bb10&#8243; pb=\u00bb10&#8243;][vc_row_inner][vc_column_inner][vc_single_image image=\u00bb9823&#8243; img_size=\u00bbfull\u00bb css=\u00bb\u00bb]<div class=\"ult_pricing_table_wrap ult_design_5  ult-cs-custom  \">\n\t\t\t\t\t<div class=\"ult_pricing_table \" style=\"background:#ffffff;color:#009ddd;\"><div id=\"price-table-wrap-1763\" class=\"ult_pricing_heading\" style=\"background:#009ddd;color:#ffffff;\">\n\t\t\t\t\t\t\t<h3 class=\"price-heading ult-responsive cust-headformat\"  data-ultimate-target='#price-table-wrap-1763 .cust-headformat'  data-responsive-json-new='{\"font-size\":\"\",\"line-height\":\"\"}'  style=\"font-weight:normal;\">SegurCaixa HOGAR COMPLETO<\/h3><h5  data-ultimate-target='#price-table-wrap-1763 .cust-subhead'  data-responsive-json-new='{\"font-size\":\"\",\"line-height\":\"\"}'  class=\"price-subheading ult-responsive cust-subhead\" style=\"font-weight:normal;\">Tu hogar asegurado con todo<\/h5><\/div><!--ult_pricing_heading--><div class=\"ult_price_body_block\" style=\"background:#009ddd;color:#ffffff;\">\n\t\t\t\t\t\t\t<div class=\"ult_price_body\">\n\t\t\t\t\t\t\t\t<div id=\"price-table-wrap-2698\"  class=\"ult_price\">\n\t\t\t\t\t\t\t\t\t<span  data-ultimate-target='#price-table-wrap-2698 .ult_price_figure'  data-responsive-json-new='{\"font-size\":\"\",\"line-height\":\"\"}'  class=\"ult_price_figure ult-responsive\" style=\"font-weight:normal;\"><\/span>\n\t\t\t\t\t\t\t\t\t<span  data-ultimate-target='#price-table-wrap-2698 .ult_price_term'  data-responsive-json-new='{\"font-size\":\"\",\"line-height\":\"\"}'  class=\"ult_price_term ult-responsive\" style=\"font-weight:normal;\"><\/span>\n\t\t\t\t\t\t\t\t<\/div>\n\t\t\t\t\t\t\t<\/div>\n\t\t\t\t\t\t<\/div><!--ult_price_body_block--><div id=\"price-table-features-wrap-8392\" class=\"ult_price_features ult-responsive\"  data-ultimate-target='#price-table-features-wrap-8392'  data-responsive-json-new='{\"font-size\":\"\",\"line-height\":\"\"}'  style=\"font-weight:normal;\">\n\t\t\t\t\t\t\t<ul class=\"ticks col first\">\n<li>Amplias garant\u00edas.<\/li>\n<li>Cobertura de robo\u00a0dentro y fuera de casa.<\/li>\n<li>Mejor cobertura de da\u00f1os por agua: cubre tuber\u00edas vistas y desatascos.<\/li>\n<\/ul>\n\n\t\t\t\t\t\t<\/div><!--ult_price_features--><div class=\"ult_clr\"><\/div>\n\t\t\t<\/div><!--pricing_table-->\n\t\t<\/div><!--pricing_table_wrap--><div class=\" ubtn-ctn-center \"><a class=\"ubtn-link ult-adjust-bottom-margin ubtn-center ubtn-block \" href=\"https:\/\/www.ofertassegurossalud.com\/formulario-hogar\/\" rel=\"nofollow \" ><button type=\"button\" id=\"ubtn-1239\"  class=\"ubtn ult-adjust-bottom-margin ult-responsive ubtn-block ubtn-no-hover-bg  none  ubtn-center   tooltip-69fb273bbf81f ubtn-block\"  data-hover=\"#ffffff\" data-border-color=\"\" data-bg=\"#db0080\" data-hover-bg=\"#db3094\" data-border-hover=\"\" data-shadow-hover=\"\" data-shadow-click=\"none\" data-shadow=\"\" data-shd-shadow=\"\"  data-ultimate-target='#ubtn-1239'  data-responsive-json-new='{\"font-size\":\"\",\"line-height\":\"\"}'  style=\"font-weight:bold;border:none;background: #db0080;color: #ffffff;\"><span class=\"ubtn-hover\" style=\"background-color:#db3094\"><\/span><span class=\"ubtn-data ubtn-text \" >Formulario para presupuesto<\/span><\/button><\/a><\/div>[\/vc_column_inner][\/vc_row_inner]<div class=\"nz-accordion \" data-collapsible=false><div class=\"false toggle-title nz-clearfix\"><span class=\"toggle-title-header\"><span>Ampliar informaci\u00f3n SegurCaixa HOGAR COMPLETO<\/span><\/span><span class=\"arrow icon-plus4\"><\/span><\/div> <div id=\"ampliar-informacion-segurcaixa-hogar-completo\" class=\"toggle-content nz-clearfix\"><\/p>\n<p class=\"p1\"><span class=\"s1\">Ten la tranquilidad de no perder el valor de la vivienda ni de su contenido con unas coberturas muy completas.<\/span><\/p>\n<p class=\"p1\"><strong><span class=\"s1\">AMPLIAS GARANT\u00cdAS<\/span><\/strong><\/p>\n<p class=\"p1\"><span class=\"s1\">Las causas de posibles siniestros que afecten al continente y que no est\u00e9n expresamente citadas como excluidas se cubrir\u00e1n en caso de siniestro, ya que no se trata de listas cerradas.<\/span><\/p>\n<p class=\"p1\"><strong><span class=\"s1\">DA\u00d1OS POR AGUA<\/span><\/strong><\/p>\n<p class=\"p1\"><span class=\"s1\">El \u00fanico seguro que cubre tuber\u00edas vistas, desatascos y filtraciones en interiores.<\/span><\/p>\n<p class=\"p1\"><strong><span class=\"s1\">ROBO Y HURTO<\/span><\/strong><\/p>\n<p class=\"p1\"><span class=\"s1\">Cobertura de robo tanto dentro como fuera de tu vivienda.<\/span><\/p>\n<p class=\"p1\"><strong><span class=\"s1\">RESPONSABILIDAD CIVIL<\/span><\/strong><\/p>\n<p class=\"p1\"><span class=\"s1\">Cobertura de da\u00f1os que se puedan producir a terceros. Adem\u00e1s cubre la Responsabilidad Civil derivada de tenencia de animales potencialmente peligrosos.<\/span><\/p>\n<p><\/div><\/div> [\/vc_column][\/vc_row][vc_row full_width=\u00bbtrue\u00bb][vc_column pl=\u00bb10&#8243; pr=\u00bb10&#8243;]<div class=\"nz-accordion \" data-collapsible=false><div class=\"false toggle-title nz-clearfix\"><span class=\"toggle-title-header\"><span>Buenos precios en tu seguro de hogar<\/span><\/span><span class=\"arrow icon-plus4\"><\/span><\/div> <div id=\"buenos-precios-en-tu-seguro-de-hogar\" class=\"toggle-content nz-clearfix\"><\/p>\n<h2>Ofertas en seguros para tu casa<\/h2>\n<p>\u00bfEst\u00e1s buscando buenos precios para tu seguro de hogar? Proteger tu casa es algo esencial para poder vivir con la tranquilidad de que est\u00e1s cuidando tanto de tu familia como de lo que tanto te ha costado conseguir: un hogar propio, un hogar tuyo.<\/div><div class=\"false toggle-title nz-clearfix\"><span class=\"toggle-title-header\"><span>Vivienda asegurada<\/span><\/span><span class=\"arrow icon-plus4\"><\/span><\/div> <div id=\"vivienda-asegurada\" class=\"toggle-content nz-clearfix\"><\/p>\n<h2>Tu hogar m\u00e1s seguro al mejor precio<\/h2>\n<p>Conseguir un buen seguro de vivienda no siempre es algo f\u00e1cil pues no solo debe importarnos el precio que pagamos por \u00e9l sino que, tambi\u00e9n, sus coberturas para poder estar tranquilos en nuestro d\u00eda a d\u00eda.<\/p>\n<p>En Adeslas te ofrecemos diferentes promociones de seguros de hogar y, uno de ellos, es el m\u00e1s econ\u00f3mico de todos: el SegurCaixa HOGAR. Este producto te proteger\u00e1, tanto a ti como a tu familia, de los siniestros m\u00e1s comunes que tienen lugar en el interior de un hogar.<\/p>\n<p>Con este seguro conseguir\u00e1s una gran relaci\u00f3n entre la calidad-precio que te permitir\u00e1 estar cubierto en incidencias b\u00e1sicas para que, as\u00ed, cualquier situaci\u00f3n com\u00fan y corriente no suponga un gasto extra para ti.<\/div><div class=\"false toggle-title nz-clearfix\"><span class=\"toggle-title-header\"><span>Seguros para tu vivienda<\/span><\/span><span class=\"arrow icon-plus4\"><\/span><\/div> <div id=\"seguros-para-tu-vivienda\" class=\"toggle-content nz-clearfix\"><\/p>\n<h2>Las coberturas m\u00e1s completas en seguro de vivienda<\/h2>\n<p>Pero si quieres estar todav\u00eda m\u00e1s protegido, entonces tienes que conocer otras ofertas de seguros de casa que tenemos en Adeslas. Son p\u00f3lizas que dan un paso m\u00e1s adelante y que consiguen una mejor tranquilidad y protecci\u00f3n para tu hogar.<\/p>\n<p><strong>SegurCaixa HOGAR COM\u200bPLETO<\/strong><\/p>\n<p>En este caso, la p\u00f3liza de seguro cubre otros aspectos que el B\u00e1sico no incluye como, por ejemplo:<\/p>\n<ul>\n<li>Robos en el exterior de tu casa: este seguro tambi\u00e9n cubrir\u00e1 si hay un hurto fuera del hogar<\/li>\n<li>Cobertura m\u00e1s amplia en los da\u00f1os por agua: en el caso de que se tengan que cambiar tuber\u00edas o desatacar, este seguro s\u00ed que te cubrir\u00e1 los gastos repercutidos de esta obra<\/li>\n<li>Da\u00f1os a terceros: este seguro tambi\u00e9n te cubrir\u00e1 cualquier da\u00f1o que se pueda producir a terceros as\u00ed como la Responsabilidad Civil en el caso de que tengas animales que se consideren peligrosos.<\/li>\n<\/ul>\n<p>Como ves, esta segunda p\u00f3liza es m\u00e1s completa que la anterior y conseguir\u00e1 una protecci\u00f3n m\u00e1xima de toda la familia.<\/p>\n<p><\/div><div class=\"false toggle-title nz-clearfix\"><span class=\"toggle-title-header\"><span>\u00bfQu\u00e9 te incluye este seguro de vivienda?<\/span><\/span><span class=\"arrow icon-plus4\"><\/span><\/div> <div id=\"que-te-incluye-este-seguro-de-vivienda\" class=\"toggle-content nz-clearfix\"><\/p>\n<ul>\n<li>Los da\u00f1os por agua que puedan acontecer en tu casa est\u00e1n totalmente cubiertos con esta p\u00f3liza. Aqu\u00ed tambi\u00e9n se incluyen los problemas que puedan surgir a los vecinos por un accidente nuestro.<\/li>\n<li>Los robos de bienes y materiales que puedan ocurrir en tu casa tambi\u00e9n est\u00e1n cubiertos con este seguro. En el caso de que el ladr\u00f3n no llegue a entrar pero que haya da\u00f1ado la cerradura o cualquier otro elemento de tu casa, este desperfecto tambi\u00e9n est\u00e1 incluido.<\/li>\n<li>En el caso de robo de joyas, este seguro te cubre hasta el importe de 10.000\u20ac que hayan podido sustraer de tu hogar. Aqu\u00ed, adem\u00e1s de joyas, tambi\u00e9n se incluir\u00edan otros objetos de valor que puedas tener en casa.<\/li>\n<\/ul>\n<p><\/div><\/div> [\/vc_column][\/vc_row]<\/p>\n<\/div>","protected":false},"excerpt":{"rendered":"<p>[vc_row background_color=\u00bb#009ddd\u00bb padding_top=\u00bb0&#8243; padding_bottom=\u00bb0&#8243;][vc_column][vc_custom_heading text=\u00bbLas mejores ofertas en seguros de hogar\u00bb font_container=\u00bbtag:h1|text_align:center|color:%23ffffff\u00bb use_theme_fonts=\u00bbyes\u00bb css_animation=\u00bbnone\u00bb css=\u00bb.vc_custom_1717744263972{margin-top: 20px !important;}\u00bb][\/vc_column][\/vc_row][vc_row full_width=\u00bbtrue\u00bb background_image=\u00bb1344&#8243; background_position=\u00bbright top\u00bb padding_top=\u00bb0&#8243; padding_bottom=\u00bb100&#8243; bg_type=\u00bbimage\u00bb parallax_style=\u00bbvcpb-default\u00bb bg_image_repeat=\u00bbno-repeat\u00bb bg_image_size=\u00bbcontain\u00bb][vc_column][vc_empty_space height=\u00bb440px\u00bb][vc_row_inner][vc_column_inner el_class=\u00bbpromoinfo\u00bb width=\u00bb1\/2&#8243;][vc_single_image image=\u00bb1281&#8243; img_size=\u00bbfull\u00bb alignment=\u00bbcenter\u00bb css=\u00bb\u00bb el_class=\u00bbhidden\u00bb][\/vc_column_inner][vc_column_inner width=\u00bb1\/2&#8243;][\/vc_column_inner][\/vc_row_inner][\/vc_column][\/vc_row][vc_row full_width=\u00bbtrue\u00bb background_color=\u00bb#e9edf6&#8243; padding_bottom=\u00bb0&#8243;][vc_column][vc_row_inner][vc_column_inner][vc_custom_heading text=\u00bbContrata con Adeslas el seguro de tu hogar\u00bb font_container=\u00bbtag:h2|font_size:32|text_align:center|color:%23009ddd\u00bb use_theme_fonts=\u00bbyes\u00bb][vc_separator color=\u00bbcustom\u00bb border_width=\u00bb2&#8243; el_width=\u00bb80&#8243; accent_color=\u00bb#009ddd\u00bb][\/vc_column_inner][\/vc_row_inner][vc_row_inner][vc_column_inner][vc_column_text pl=\u00bb120&#8243; pr=\u00bb120&#8243;] [&hellip;]<\/p>\n","protected":false},"author":1,"featured_media":0,"parent":0,"menu_order":0,"comment_status":"closed","ping_status":"closed","template":"","meta":{"_joinchat":[],"footnotes":""},"class_list":["post-436","page","type-page","status-publish","hentry"],"yoast_head":"<!-- This site is optimized with the Yoast SEO plugin v24.9 - https:\/\/yoast.com\/wordpress\/plugins\/seo\/ -->\n<title>Ofertas en Seguros de Hogar - Tu casa m\u00e1s segura<\/title>\n<meta name=\"description\" content=\"Tenemos las mejores ofertas en seguros de hogar del mercado, tu vivienda m\u00e1s segura con nuestros seguros con las coberturas m\u00e1s completas del mercado.\" \/>\n<meta name=\"robots\" content=\"index, follow, max-snippet:-1, max-image-preview:large, max-video-preview:-1\" \/>\n<link rel=\"canonical\" href=\"https:\/\/www.ofertassegurossalud.com\/es\/hogar\/\" \/>\n<meta property=\"og:locale\" content=\"es_ES\" \/>\n<meta property=\"og:type\" content=\"article\" \/>\n<meta property=\"og:title\" content=\"Ofertas en Seguros de Hogar - Tu casa m\u00e1s segura\" \/>\n<meta property=\"og:description\" content=\"Tenemos las mejores ofertas en seguros de hogar del mercado, tu vivienda m\u00e1s segura con nuestros seguros con las coberturas m\u00e1s completas del mercado.\" \/>\n<meta property=\"og:url\" content=\"https:\/\/www.ofertassegurossalud.com\/es\/hogar\/\" \/>\n<meta property=\"og:site_name\" content=\"Ofertas Seguros Salud\" \/>\n<meta property=\"article:modified_time\" content=\"2025-07-31T07:54:12+00:00\" \/>\n<meta name=\"twitter:card\" content=\"summary_large_image\" \/>\n<meta name=\"twitter:label1\" content=\"Tiempo de lectura\" \/>\n\t<meta name=\"twitter:data1\" content=\"6 minutos\" \/>\n<script type=\"application\/ld+json\" class=\"yoast-schema-graph\">{\"@context\":\"https:\/\/schema.org\",\"@graph\":[{\"@type\":\"WebPage\",\"@id\":\"https:\/\/www.ofertassegurossalud.com\/es\/hogar\/\",\"url\":\"https:\/\/www.ofertassegurossalud.com\/es\/hogar\/\",\"name\":\"Ofertas en Seguros de Hogar - Tu casa m\u00e1s segura\",\"isPartOf\":{\"@id\":\"https:\/\/www.ofertassegurossalud.com\/es\/#website\"},\"datePublished\":\"2017-09-21T09:48:19+00:00\",\"dateModified\":\"2025-07-31T07:54:12+00:00\",\"description\":\"Tenemos las mejores ofertas en seguros de hogar del mercado, tu vivienda m\u00e1s segura con nuestros seguros con las coberturas m\u00e1s completas del mercado.\",\"breadcrumb\":{\"@id\":\"https:\/\/www.ofertassegurossalud.com\/es\/hogar\/#breadcrumb\"},\"inLanguage\":\"es\",\"potentialAction\":[{\"@type\":\"ReadAction\",\"target\":[\"https:\/\/www.ofertassegurossalud.com\/es\/hogar\/\"]}]},{\"@type\":\"BreadcrumbList\",\"@id\":\"https:\/\/www.ofertassegurossalud.com\/es\/hogar\/#breadcrumb\",\"itemListElement\":[{\"@type\":\"ListItem\",\"position\":1,\"name\":\"Portada\",\"item\":\"https:\/\/www.ofertassegurossalud.com\/es\/\"},{\"@type\":\"ListItem\",\"position\":2,\"name\":\"Ofertas en Seguros de Hogar &#8211; Tu casa m\u00e1s segura\"}]},{\"@type\":\"WebSite\",\"@id\":\"https:\/\/www.ofertassegurossalud.com\/es\/#website\",\"url\":\"https:\/\/www.ofertassegurossalud.com\/es\/\",\"name\":\"Ofertas Seguros Salud\",\"description\":\"Tu aseguradora de confianza con la garant\u00eda de calidad\",\"potentialAction\":[{\"@type\":\"SearchAction\",\"target\":{\"@type\":\"EntryPoint\",\"urlTemplate\":\"https:\/\/www.ofertassegurossalud.com\/es\/?s={search_term_string}\"},\"query-input\":{\"@type\":\"PropertyValueSpecification\",\"valueRequired\":true,\"valueName\":\"search_term_string\"}}],\"inLanguage\":\"es\"}]}<\/script>\n<!-- \/ Yoast SEO plugin. -->","yoast_head_json":{"title":"Ofertas en Seguros de Hogar - Tu casa m\u00e1s segura","description":"Tenemos las mejores ofertas en seguros de hogar del mercado, tu vivienda m\u00e1s segura con nuestros seguros con las coberturas m\u00e1s completas del mercado.","robots":{"index":"index","follow":"follow","max-snippet":"max-snippet:-1","max-image-preview":"max-image-preview:large","max-video-preview":"max-video-preview:-1"},"canonical":"https:\/\/www.ofertassegurossalud.com\/es\/hogar\/","og_locale":"es_ES","og_type":"article","og_title":"Ofertas en Seguros de Hogar - Tu casa m\u00e1s segura","og_description":"Tenemos las mejores ofertas en seguros de hogar del mercado, tu vivienda m\u00e1s segura con nuestros seguros con las coberturas m\u00e1s completas del mercado.","og_url":"https:\/\/www.ofertassegurossalud.com\/es\/hogar\/","og_site_name":"Ofertas Seguros Salud","article_modified_time":"2025-07-31T07:54:12+00:00","twitter_card":"summary_large_image","twitter_misc":{"Tiempo de lectura":"6 minutos"},"schema":{"@context":"https:\/\/schema.org","@graph":[{"@type":"WebPage","@id":"https:\/\/www.ofertassegurossalud.com\/es\/hogar\/","url":"https:\/\/www.ofertassegurossalud.com\/es\/hogar\/","name":"Ofertas en Seguros de Hogar - Tu casa m\u00e1s segura","isPartOf":{"@id":"https:\/\/www.ofertassegurossalud.com\/es\/#website"},"datePublished":"2017-09-21T09:48:19+00:00","dateModified":"2025-07-31T07:54:12+00:00","description":"Tenemos las mejores ofertas en seguros de hogar del mercado, tu vivienda m\u00e1s segura con nuestros seguros con las coberturas m\u00e1s completas del mercado.","breadcrumb":{"@id":"https:\/\/www.ofertassegurossalud.com\/es\/hogar\/#breadcrumb"},"inLanguage":"es","potentialAction":[{"@type":"ReadAction","target":["https:\/\/www.ofertassegurossalud.com\/es\/hogar\/"]}]},{"@type":"BreadcrumbList","@id":"https:\/\/www.ofertassegurossalud.com\/es\/hogar\/#breadcrumb","itemListElement":[{"@type":"ListItem","position":1,"name":"Portada","item":"https:\/\/www.ofertassegurossalud.com\/es\/"},{"@type":"ListItem","position":2,"name":"Ofertas en Seguros de Hogar &#8211; Tu casa m\u00e1s segura"}]},{"@type":"WebSite","@id":"https:\/\/www.ofertassegurossalud.com\/es\/#website","url":"https:\/\/www.ofertassegurossalud.com\/es\/","name":"Ofertas Seguros Salud","description":"Tu aseguradora de confianza con la garant\u00eda de calidad","potentialAction":[{"@type":"SearchAction","target":{"@type":"EntryPoint","urlTemplate":"https:\/\/www.ofertassegurossalud.com\/es\/?s={search_term_string}"},"query-input":{"@type":"PropertyValueSpecification","valueRequired":true,"valueName":"search_term_string"}}],"inLanguage":"es"}]}},"_links":{"self":[{"href":"https:\/\/www.ofertassegurossalud.com\/es\/wp-json\/wp\/v2\/pages\/436","targetHints":{"allow":["GET"]}}],"collection":[{"href":"https:\/\/www.ofertassegurossalud.com\/es\/wp-json\/wp\/v2\/pages"}],"about":[{"href":"https:\/\/www.ofertassegurossalud.com\/es\/wp-json\/wp\/v2\/types\/page"}],"author":[{"embeddable":true,"href":"https:\/\/www.ofertassegurossalud.com\/es\/wp-json\/wp\/v2\/users\/1"}],"replies":[{"embeddable":true,"href":"https:\/\/www.ofertassegurossalud.com\/es\/wp-json\/wp\/v2\/comments?post=436"}],"version-history":[{"count":115,"href":"https:\/\/www.ofertassegurossalud.com\/es\/wp-json\/wp\/v2\/pages\/436\/revisions"}],"predecessor-version":[{"id":9828,"href":"https:\/\/www.ofertassegurossalud.com\/es\/wp-json\/wp\/v2\/pages\/436\/revisions\/9828"}],"wp:attachment":[{"href":"https:\/\/www.ofertassegurossalud.com\/es\/wp-json\/wp\/v2\/media?parent=436"}],"curies":[{"name":"wp","href":"https:\/\/api.w.org\/{rel}","templated":true}]}}