{"id":434,"date":"2017-09-21T09:41:13","date_gmt":"2017-09-21T09:41:13","guid":{"rendered":"https:\/\/www.ofertassegurossalud.com\/?page_id=434"},"modified":"2025-07-31T08:59:28","modified_gmt":"2025-07-31T06:59:28","slug":"dental","status":"publish","type":"page","link":"https:\/\/www.ofertassegurossalud.com\/es\/dental\/","title":{"rendered":"Ofertas de Seguros Dentales &#8211; Promociones en seguro dental"},"content":{"rendered":"<div class=\"wpb-content-wrapper\"><p>[vc_row background_color=\u00bb#009ddd\u00bb padding_bottom=\u00bb0&#8243;][vc_column][vc_custom_heading text=\u00bbLas mejores ofertas para tu seguro dental\u00bb font_container=\u00bbtag:h1|text_align:center|color:%23ffffff\u00bb use_theme_fonts=\u00bbyes\u00bb css_animation=\u00bbnone\u00bb css=\u00bb.vc_custom_1671442869005{margin-top: 0px !important;}\u00bb][\/vc_column][\/vc_row][vc_row full_width=\u00bbtrue\u00bb background_image=\u00bb1342&#8243; background_position=\u00bbCenter center\u00bb padding_top=\u00bb122&#8243; padding_bottom=\u00bb121&#8243;][vc_column][vc_row_inner][vc_column_inner el_class=\u00bbpromoinfo\u00bb width=\u00bb1\/3&#8243;][vc_single_image image=\u00bb1916&#8243; img_size=\u00bbfull\u00bb css=\u00bb\u00bb][vc_single_image image=\u00bb4698&#8243; img_size=\u00bbfull\u00bb el_class=\u00bbhidden\u00bb][\/vc_column_inner][\/vc_row_inner][\/vc_column][\/vc_row][vc_row full_width=\u00bbtrue\u00bb background_color=\u00bb#e9edf6&#8243; padding_top=\u00bb40px\u00bb][vc_column]<div class='gap nz-clearfix' style='height:40px'>&nbsp;<\/div>[vc_custom_heading text=\u00bbLas mejores promociones y precios en seguros dentales\u00bb font_container=\u00bbtag:h2|font_size:32px|text_align:center|color:%23009ddd|line_height:42px\u00bb use_theme_fonts=\u00bbyes\u00bb]<div class='gap nz-clearfix' style='height:15px'>&nbsp;<\/div>[vc_separator color=\u00bbcustom\u00bb border_width=\u00bb2&#8243; el_width=\u00bb70&#8243; accent_color=\u00bb#009ddd\u00bb][vc_column_text pl=\u00bb120&#8243; pr=\u00bb120&#8243;]<\/p>\n<p style=\"text-align: center;\"><span style=\"font-size: 18px; color: #999999;\">El Asegurado, para recibir la asistencia incluida en la cobertura de la p\u00f3liza, podr\u00e1 elegir libremente entre los facultativos y cl\u00ednicas u otros establecimientos incluidos (proveedores asistenciales) que el Asegurador, en cada momento, tenga concertados en toda Espa\u00f1a.<\/span><\/p>\n<p>[\/vc_column_text]<div class='gap nz-clearfix' style='height:15px'>&nbsp;<\/div>[\/vc_column][\/vc_row][vc_row full_width=\u00bbtrue\u00bb][vc_column]<div class=\"nz-tabs  horizontal full-false\"><div data-target=\"tab-caracteristicas-del-seguro-dental\" class=\"tab\">Caracter\u00edsticas del seguro dental<\/div><div id=\"tab-caracteristicas-del-seguro-dental\" class=\"tab-content\"><\/p>\n<p><strong>Adeslas Dental Max<\/strong> es un seguro bucodental para asistencia odontol\u00f3gica en las cl\u00ednicas Adeslas Dental. El seguro Adeslas Dental Max puede ser contratado por cualquier persona que lo desee sin l\u00edmite de edad ni otros requisitos. Para su contrataci\u00f3n tampoco es necesario aportar cuestionario m\u00e9dico de solicitud.<\/p>\n<p><strong>Adeslas Dental Max<\/strong> puede ser contratado de forma individual (la prima mensual se fijar\u00e1 en funci\u00f3n del n\u00famero de asegurados) o puede ser contratado como complemento de cualquier seguro de salud, en cuyo caso la prima mensual se reducir\u00e1 un 15%. El seguro Adeslas Dental Max incluye, de forma totalmente gratuita, servicios como las consultas, las extracciones, las radiograf\u00edas o las limpiezas bucales.<\/p>\n<p>El resto de tratamientos contempla importantes descuentos sobre los precios oficiales para clientes no asegurados. Adeslas Dental Max no tiene tiempos de carencia por lo que todos sus servicios pueden comenzar a utilizarse desde el primer d\u00eda.<\/p>\n<p>\n\t\t\t<\/div> <div data-target=\"tab-coberturas\" class=\"tab\">Coberturas<\/div><div id=\"tab-coberturas\" class=\"tab-content\"><strong>COBERTURAS<\/strong>: Hasta 49 actos sin coste adicional, incluyendo medios de diagn\u00f3stico de \u00faltima generaci\u00f3n.<\/p>\n<p><strong>Adeslas Dental Max<\/strong> es un seguro dental que tiene cobertura para todos los tratamientos odontol\u00f3gicos disponibles en las cl\u00ednicas Adeslas Dental. Algunos tratamientos est\u00e1n incluidos en la p\u00f3liza de forma totalmente gratuita, para otros tratamientos el asegurado deber\u00e1 abonar una franquicia correspondiente, por t\u00e9rmino medio, al 50% del importe que debe abonar un cliente no asegurado:<\/p>\n<p><strong>Coberturas incluidas de forma gratuita<\/strong>: Consultas (incluidas las de urgencia), revisiones, exodoncias simples (extracciones de piezas dentales), radiograf\u00edas odontol\u00f3gicas, limpiezas, fluorizaciones, selladores oclusales, periodontogramas, pegado de coronas o puentes, an\u00e1lisis anatomopatol\u00f3gico, estudio implantol\u00f3gico, estudio ortod\u00f3ncico (fotograf\u00edas, modelos, estudio cefalom\u00e9trico, ortopantomograf\u00eda y telerradiograf\u00eda).<\/p>\n<p><strong>Otras coberturas<\/strong>: En el resto de tratamientos no mencionados en el punto anterior el asegurado abonar\u00e1 una franquicia correspondiente, por t\u00e9rmino medio, al 50% del precio de los tratamientos en las cl\u00ednicas Adeslas Dental para clientes no asegurados.\n\t\t\t<\/div> <\/div> [\/vc_column][\/vc_row][vc_row full_width=\u00bbtrue\u00bb][vc_column][vc_video webm_video=\u00bbhttps:\/\/www.ofertassegurossalud.com\/wp-content\/uploads\/2017\/09\/Video-Clinica-Dental-Adeslas-HD.mp4&#8243; mp4_video=\u00bbhttps:\/\/www.ofertassegurossalud.com\/wp-content\/uploads\/2017\/09\/Video-Clinica-Dental-Adeslas-HD.mp4&#8243; video_poster=\u00bb1399&#8243; autoplay=\u00bbon\u00bb loop=\u00bbon\u00bb][\/vc_column][\/vc_row][vc_row full_width=\u00bbtrue\u00bb][vc_column]<div class=\"nz-accordion \" data-collapsible=false><div class=\"false toggle-title nz-clearfix\"><span class=\"toggle-title-header\"><span>Ofertas para tu seguro dental<\/span><\/span><span class=\"arrow icon-plus4\"><\/span><\/div> <div id=\"ofertas-para-tu-seguro-dental\" class=\"toggle-content nz-clearfix\">\u00bfEst\u00e1s buscando el seguro dental m\u00e1s \u00f3ptimo para ti y tu familia? Entonces\u2026 \u00a1est\u00e1s en el sitio correcto! Te ofrecemos diferentes tipos de p\u00f3lizas que se adaptan a todos los bolsillos para que puedas disfrutar de una salud bucodental perfecta sin pagar de m\u00e1s.<\/p>\n<p>Si quieres encontrar las mejores ofertas para tu seguro dental, \u00a1sigue leyendo! Porque a continuaci\u00f3n podr\u00e1s descubrir la mejor manera de beneficiarte de las coberturas m\u00e1s amplias y, al mismo tiempo, m\u00e1s econ\u00f3micas.<\/p>\n<p><strong>Las mejores promociones y precios en seguros dentales<\/strong><\/p>\n<p>Si quieres hacerte con ofertas en seguros dentales que te cubran tanto a ti como a tu familia, a continuaci\u00f3n vamos a descubrirte el mejor seguro que desde Adeslas tenemos para ti:<\/p>\n<p><strong>Adeslas Dental Max<\/strong><\/p>\n<p>Se trata del seguro dental familiar m\u00e1s completo y recomendado tanto por su amplia cobertura como el precio tan asequible que ofrece en los tratamientos. Se trata de una p\u00f3liza que cuenta con servicios de consulta gratuita y visitas al dentista, adem\u00e1s de precios la mar de competitivos en tratamientos dentales.<\/p>\n<p><\/div><div class=\"false toggle-title nz-clearfix\"><span class=\"toggle-title-header\"><span>Seguros dentales de Adeslas<\/span><\/span><span class=\"arrow icon-plus4\"><\/span><\/div> <div id=\"seguros-dentales-de-adeslas\" class=\"toggle-content nz-clearfix\"><\/p>\n<h2>Caracter\u00edsticas y ventajas de los seguros dentales de Adeslas<\/h2>\n<p>\u200b\u200bEste seguro dental para la familia est\u00e1 totalmente adaptado para que todo el mundo pueda beneficiarse de amplias coberturas m\u00e9dicas pagando muy poco dinero al mes. Por muy poco dinero podr\u00e1s aprovechar una gran cantidad de ventajas m\u00e9dicas como las que te descubrimos a continuaci\u00f3n:<\/p>\n<ul>\n<li>Visita a <strong>m\u00e1s de 150 cl\u00ednicas dentales<\/strong> de Adeslas: centros de salud bucodental donde encontrar\u00e1s a un equipo de profesionales del sector que te tratar\u00e1n con cuidado y con mucho cari\u00f1o<\/li>\n<li><strong>Muchas opciones de financiaci\u00f3n<\/strong>: porque sabemos que la salud no est\u00e1 en juego, en Adeslas te ofrecemos una gran variedad de m\u00e9todos de financiaci\u00f3n para que puedas realizarte tu tratamiento dental sin ir ahogado a final de mes<\/li>\n<\/ul>\n<p>Adem\u00e1s, en Adeslas te ofrecemos una gran cobertura en ortodoncia e implantes dentales, una de las condiciones de salud bucodental m\u00e1s comunes en nuestra sociedad. Las ortodoncias son tratamientos pensados para corregir y prevenir cualquier alteraci\u00f3n que pueda haber en el desarrollo de una persona con el objetivo de intentar restablecer la forma original de la boca.<\/p>\n<p>Normalmente, los tratamientos de ortodoncia se corrigen con brackets, un aparato que se coloca encima del diente y que modifican la forma del diente para que se recoloque en la opci\u00f3n original y deseada.<\/p>\n<p>En Adeslas somos l\u00edderes en el tratamiento de ortodoncia puesto que ofrecemos una gran variedad de m\u00e9todos y opciones adaptadas a cada paciente: desde brackets met\u00e1licos y convencionales hasta otros invisibles que mejoran la est\u00e9tica personal.<\/p>\n<p>As\u00ed que, ya lo sabes, si est\u00e1 s buscando las mejores ofertas para seguros dentales tanto para ti como tu familia, en Adeslas encontrar\u00e1s una completa cobertura pagando un precio m\u00e1s que razonable para garantizarte una correcta salud bucodental.<\/div><\/div> [\/vc_column][\/vc_row]<\/p>\n<\/div>","protected":false},"excerpt":{"rendered":"<p>[vc_row background_color=\u00bb#009ddd\u00bb padding_bottom=\u00bb0&#8243;][vc_column][vc_custom_heading text=\u00bbLas mejores ofertas para tu seguro dental\u00bb font_container=\u00bbtag:h1|text_align:center|color:%23ffffff\u00bb use_theme_fonts=\u00bbyes\u00bb css_animation=\u00bbnone\u00bb css=\u00bb.vc_custom_1671442869005{margin-top: 0px !important;}\u00bb][\/vc_column][\/vc_row][vc_row full_width=\u00bbtrue\u00bb background_image=\u00bb1342&#8243; background_position=\u00bbCenter center\u00bb padding_top=\u00bb122&#8243; padding_bottom=\u00bb121&#8243;][vc_column][vc_row_inner][vc_column_inner el_class=\u00bbpromoinfo\u00bb width=\u00bb1\/3&#8243;][vc_single_image image=\u00bb1916&#8243; img_size=\u00bbfull\u00bb css=\u00bb\u00bb][vc_single_image image=\u00bb4698&#8243; img_size=\u00bbfull\u00bb el_class=\u00bbhidden\u00bb][\/vc_column_inner][\/vc_row_inner][\/vc_column][\/vc_row][vc_row full_width=\u00bbtrue\u00bb background_color=\u00bb#e9edf6&#8243; padding_top=\u00bb40px\u00bb][vc_column][vc_custom_heading text=\u00bbLas mejores promociones y precios en seguros dentales\u00bb font_container=\u00bbtag:h2|font_size:32px|text_align:center|color:%23009ddd|line_height:42px\u00bb use_theme_fonts=\u00bbyes\u00bb][vc_separator color=\u00bbcustom\u00bb border_width=\u00bb2&#8243; el_width=\u00bb70&#8243; accent_color=\u00bb#009ddd\u00bb][vc_column_text pl=\u00bb120&#8243; pr=\u00bb120&#8243;] El Asegurado, para recibir la asistencia [&hellip;]<\/p>\n","protected":false},"author":1,"featured_media":0,"parent":0,"menu_order":0,"comment_status":"closed","ping_status":"closed","template":"","meta":{"_joinchat":[],"footnotes":""},"class_list":["post-434","page","type-page","status-publish","hentry"],"yoast_head":"<!-- This site is optimized with the Yoast SEO plugin v24.9 - https:\/\/yoast.com\/wordpress\/plugins\/seo\/ -->\n<title>Ofertas de Seguros Dentales - Promociones en seguro dental<\/title>\n<meta name=\"description\" content=\"Tenemos las mejores ofertas para tu seguro dental del mercado, somos agentes exclusivos de la marca l\u00edder en seguros de salud y dentales familiares.\" \/>\n<meta name=\"robots\" content=\"index, follow, max-snippet:-1, max-image-preview:large, max-video-preview:-1\" \/>\n<link rel=\"canonical\" href=\"https:\/\/www.ofertassegurossalud.com\/es\/dental\/\" \/>\n<meta property=\"og:locale\" content=\"es_ES\" \/>\n<meta property=\"og:type\" content=\"article\" \/>\n<meta property=\"og:title\" content=\"Ofertas de Seguros Dentales - Promociones en seguro dental\" \/>\n<meta property=\"og:description\" content=\"Tenemos las mejores ofertas para tu seguro dental del mercado, somos agentes exclusivos de la marca l\u00edder en seguros de salud y dentales familiares.\" \/>\n<meta property=\"og:url\" content=\"https:\/\/www.ofertassegurossalud.com\/es\/dental\/\" \/>\n<meta property=\"og:site_name\" content=\"Ofertas Seguros Salud\" \/>\n<meta property=\"article:modified_time\" content=\"2025-07-31T06:59:28+00:00\" \/>\n<meta name=\"twitter:card\" content=\"summary_large_image\" \/>\n<meta name=\"twitter:label1\" content=\"Tiempo de lectura\" \/>\n\t<meta name=\"twitter:data1\" content=\"5 minutos\" \/>\n<script type=\"application\/ld+json\" class=\"yoast-schema-graph\">{\"@context\":\"https:\/\/schema.org\",\"@graph\":[{\"@type\":\"WebPage\",\"@id\":\"https:\/\/www.ofertassegurossalud.com\/es\/dental\/\",\"url\":\"https:\/\/www.ofertassegurossalud.com\/es\/dental\/\",\"name\":\"Ofertas de Seguros Dentales - Promociones en seguro dental\",\"isPartOf\":{\"@id\":\"https:\/\/www.ofertassegurossalud.com\/es\/#website\"},\"datePublished\":\"2017-09-21T09:41:13+00:00\",\"dateModified\":\"2025-07-31T06:59:28+00:00\",\"description\":\"Tenemos las mejores ofertas para tu seguro dental del mercado, somos agentes exclusivos de la marca l\u00edder en seguros de salud y dentales familiares.\",\"breadcrumb\":{\"@id\":\"https:\/\/www.ofertassegurossalud.com\/es\/dental\/#breadcrumb\"},\"inLanguage\":\"es\",\"potentialAction\":[{\"@type\":\"ReadAction\",\"target\":[\"https:\/\/www.ofertassegurossalud.com\/es\/dental\/\"]}]},{\"@type\":\"BreadcrumbList\",\"@id\":\"https:\/\/www.ofertassegurossalud.com\/es\/dental\/#breadcrumb\",\"itemListElement\":[{\"@type\":\"ListItem\",\"position\":1,\"name\":\"Portada\",\"item\":\"https:\/\/www.ofertassegurossalud.com\/es\/\"},{\"@type\":\"ListItem\",\"position\":2,\"name\":\"Ofertas de Seguros Dentales &#8211; Promociones en seguro dental\"}]},{\"@type\":\"WebSite\",\"@id\":\"https:\/\/www.ofertassegurossalud.com\/es\/#website\",\"url\":\"https:\/\/www.ofertassegurossalud.com\/es\/\",\"name\":\"Ofertas Seguros Salud\",\"description\":\"Tu aseguradora de confianza con la garant\u00eda de calidad\",\"potentialAction\":[{\"@type\":\"SearchAction\",\"target\":{\"@type\":\"EntryPoint\",\"urlTemplate\":\"https:\/\/www.ofertassegurossalud.com\/es\/?s={search_term_string}\"},\"query-input\":{\"@type\":\"PropertyValueSpecification\",\"valueRequired\":true,\"valueName\":\"search_term_string\"}}],\"inLanguage\":\"es\"}]}<\/script>\n<!-- \/ Yoast SEO plugin. -->","yoast_head_json":{"title":"Ofertas de Seguros Dentales - Promociones en seguro dental","description":"Tenemos las mejores ofertas para tu seguro dental del mercado, somos agentes exclusivos de la marca l\u00edder en seguros de salud y dentales familiares.","robots":{"index":"index","follow":"follow","max-snippet":"max-snippet:-1","max-image-preview":"max-image-preview:large","max-video-preview":"max-video-preview:-1"},"canonical":"https:\/\/www.ofertassegurossalud.com\/es\/dental\/","og_locale":"es_ES","og_type":"article","og_title":"Ofertas de Seguros Dentales - Promociones en seguro dental","og_description":"Tenemos las mejores ofertas para tu seguro dental del mercado, somos agentes exclusivos de la marca l\u00edder en seguros de salud y dentales familiares.","og_url":"https:\/\/www.ofertassegurossalud.com\/es\/dental\/","og_site_name":"Ofertas Seguros Salud","article_modified_time":"2025-07-31T06:59:28+00:00","twitter_card":"summary_large_image","twitter_misc":{"Tiempo de lectura":"5 minutos"},"schema":{"@context":"https:\/\/schema.org","@graph":[{"@type":"WebPage","@id":"https:\/\/www.ofertassegurossalud.com\/es\/dental\/","url":"https:\/\/www.ofertassegurossalud.com\/es\/dental\/","name":"Ofertas de Seguros Dentales - Promociones en seguro dental","isPartOf":{"@id":"https:\/\/www.ofertassegurossalud.com\/es\/#website"},"datePublished":"2017-09-21T09:41:13+00:00","dateModified":"2025-07-31T06:59:28+00:00","description":"Tenemos las mejores ofertas para tu seguro dental del mercado, somos agentes exclusivos de la marca l\u00edder en seguros de salud y dentales familiares.","breadcrumb":{"@id":"https:\/\/www.ofertassegurossalud.com\/es\/dental\/#breadcrumb"},"inLanguage":"es","potentialAction":[{"@type":"ReadAction","target":["https:\/\/www.ofertassegurossalud.com\/es\/dental\/"]}]},{"@type":"BreadcrumbList","@id":"https:\/\/www.ofertassegurossalud.com\/es\/dental\/#breadcrumb","itemListElement":[{"@type":"ListItem","position":1,"name":"Portada","item":"https:\/\/www.ofertassegurossalud.com\/es\/"},{"@type":"ListItem","position":2,"name":"Ofertas de Seguros Dentales &#8211; Promociones en seguro dental"}]},{"@type":"WebSite","@id":"https:\/\/www.ofertassegurossalud.com\/es\/#website","url":"https:\/\/www.ofertassegurossalud.com\/es\/","name":"Ofertas Seguros Salud","description":"Tu aseguradora de confianza con la garant\u00eda de calidad","potentialAction":[{"@type":"SearchAction","target":{"@type":"EntryPoint","urlTemplate":"https:\/\/www.ofertassegurossalud.com\/es\/?s={search_term_string}"},"query-input":{"@type":"PropertyValueSpecification","valueRequired":true,"valueName":"search_term_string"}}],"inLanguage":"es"}]}},"_links":{"self":[{"href":"https:\/\/www.ofertassegurossalud.com\/es\/wp-json\/wp\/v2\/pages\/434","targetHints":{"allow":["GET"]}}],"collection":[{"href":"https:\/\/www.ofertassegurossalud.com\/es\/wp-json\/wp\/v2\/pages"}],"about":[{"href":"https:\/\/www.ofertassegurossalud.com\/es\/wp-json\/wp\/v2\/types\/page"}],"author":[{"embeddable":true,"href":"https:\/\/www.ofertassegurossalud.com\/es\/wp-json\/wp\/v2\/users\/1"}],"replies":[{"embeddable":true,"href":"https:\/\/www.ofertassegurossalud.com\/es\/wp-json\/wp\/v2\/comments?post=434"}],"version-history":[{"count":71,"href":"https:\/\/www.ofertassegurossalud.com\/es\/wp-json\/wp\/v2\/pages\/434\/revisions"}],"predecessor-version":[{"id":9762,"href":"https:\/\/www.ofertassegurossalud.com\/es\/wp-json\/wp\/v2\/pages\/434\/revisions\/9762"}],"wp:attachment":[{"href":"https:\/\/www.ofertassegurossalud.com\/es\/wp-json\/wp\/v2\/media?parent=434"}],"curies":[{"name":"wp","href":"https:\/\/api.w.org\/{rel}","templated":true}]}}