{"id":3158,"date":"2022-09-22T13:42:48","date_gmt":"2022-09-22T11:42:48","guid":{"rendered":"https:\/\/www.ofertassegurossalud.com\/?page_id=3158"},"modified":"2025-07-31T09:11:52","modified_gmt":"2025-07-31T07:11:52","slug":"ofertas-en-seguros-medicos-extranjeros-estudiantes","status":"publish","type":"page","link":"https:\/\/www.ofertassegurossalud.com\/es\/ofertas-en-seguros-medicos-extranjeros-estudiantes\/","title":{"rendered":"Ofertas en Seguros para extranjeros y estudiantes"},"content":{"rendered":"<div class=\"wpb-content-wrapper\"><p>[vc_row background_color=\u00bb#009ddd\u00bb padding_top=\u00bb0&#8243; padding_bottom=\u00bb0&#8243;][vc_column][vc_custom_heading text=\u00bbLa mejor oferta en seguro m\u00e9dico para extranjeros y estudiantes\u00bb font_container=\u00bbtag:h1|text_align:center|color:%23ffffff\u00bb use_theme_fonts=\u00bbyes\u00bb css_animation=\u00bbnone\u00bb css=\u00bb.vc_custom_1663847010944{margin-top: 20px !important;}\u00bb][\/vc_column][\/vc_row][vc_row full_width=\u00bbtrue\u00bb background_image=\u00bb3179&#8243; background_position=\u00bbCenter center\u00bb padding_top=\u00bb0&#8243; padding_bottom=\u00bb60&#8243; bg_type=\u00bbimage\u00bb parallax_style=\u00bbvcpb-default\u00bb bg_image_repeat=\u00bbno-repeat\u00bb bg_image_size=\u00bbcontain\u00bb][vc_column][vc_row_inner][vc_column_inner][vc_empty_space height=\u00bb470px\u00bb][\/vc_column_inner][\/vc_row_inner][\/vc_column][\/vc_row][vc_row full_width=\u00bbtrue\u00bb background_color=\u00bb#e9edf6&#8243; padding_bottom=\u00bb0&#8243;][vc_column][vc_row_inner][vc_column_inner]<div class='gap nz-clearfix' style='height:40px'>&nbsp;<\/div>[vc_custom_heading text=\u00bbSeguros de salud Adeslas para extranjeros y estudiantes\u00bb font_container=\u00bbtag:h2|font_size:32|text_align:center|color:%23009ddd\u00bb use_theme_fonts=\u00bbyes\u00bb]<div class='gap nz-clearfix' style='height:15px'>&nbsp;<\/div>[vc_separator color=\u00bbcustom\u00bb border_width=\u00bb2&#8243; el_width=\u00bb80&#8243; accent_color=\u00bb#009ddd\u00bb][\/vc_column_inner][\/vc_row_inner][vc_row_inner][vc_column_inner][vc_column_text pl=\u00bb120&#8243; pr=\u00bb120&#8243;]<\/p>\n<p style=\"text-align: center;\"><span style=\"color: #999999; line-height: 28px; font-size: 18px;\">El Seguro m\u00e9dico para extranjeros Adeslas es un seguro de salud sin copagos, sin carencias, sin limite de gastos y con repatriaci\u00f3n. Un seguro que podr\u00e1s contratar f\u00e1cilmente, solo necesitas tu pasaporte.<\/span><\/p>\n<p style=\"text-align: center;\"><span style=\"color: #999999; line-height: 28px; font-size: 18px;\">El seguro de salud Adeslas para extranjeros cumple con todos los requisitos que solicita Extranjer\u00eda para los tr\u00e1mites de solicitud de visado y permisos de residencia en Espa\u00f1a.<\/span><\/p>\n<p>[\/vc_column_text][\/vc_column_inner][\/vc_row_inner][\/vc_column][\/vc_row][vc_row full_width=\u00bbtrue\u00bb padding_top=\u00bb40&#8243;][vc_column width=\u00bb1\/4&#8243;][vc_icon icon_fontawesome=\u00bbfa fa-user-md\u00bb color=\u00bbcustom\u00bb size=\u00bblg\u00bb align=\u00bbcenter\u00bb css=\u00bb.vc_custom_1656411583968{margin-bottom: 0px !important;}\u00bb custom_color=\u00bb#009ddd\u00bb]<div id=\"ultimate-heading-894569fb2788d09bd\" class=\"uvc-heading ult-adjust-bottom-margin ultimate-heading-894569fb2788d09bd uvc-3273 \" data-hspacer=\"no_spacer\"  data-halign=\"center\" style=\"text-align:center\"><div class=\"uvc-heading-spacer no_spacer\" style=\"top\"><\/div><div class=\"uvc-main-heading ult-responsive\"  data-ultimate-target='.uvc-heading.ultimate-heading-894569fb2788d09bd h4'  data-responsive-json-new='{\"font-size\":\"\",\"line-height\":\"\"}' ><h4 style=\"font-weight:normal;\">Cobertura completa<\/h4><\/div><div class=\"uvc-sub-heading ult-responsive\"  data-ultimate-target='.uvc-heading.ultimate-heading-894569fb2788d09bd .uvc-sub-heading '  data-responsive-json-new='{\"font-size\":\"desktop:15px;\",\"line-height\":\"desktop:25px;\"}'  style=\"font-weight:normal;\">Especialidades, pruebas, intervenciones, hospitalizaci\u00f3n\u2026<\/div><\/div>[\/vc_column][vc_column width=\u00bb1\/4&#8243;][vc_icon icon_fontawesome=\u00bbfa fa-money\u00bb color=\u00bbcustom\u00bb size=\u00bblg\u00bb align=\u00bbcenter\u00bb css=\u00bb.vc_custom_1663847399913{margin-bottom: 0px !important;}\u00bb custom_color=\u00bb#009ddd\u00bb]<div id=\"ultimate-heading-919269fb2788d0a0d\" class=\"uvc-heading ult-adjust-bottom-margin ultimate-heading-919269fb2788d0a0d uvc-1097 \" data-hspacer=\"no_spacer\"  data-halign=\"center\" style=\"text-align:center\"><div class=\"uvc-heading-spacer no_spacer\" style=\"top\"><\/div><div class=\"uvc-main-heading ult-responsive\"  data-ultimate-target='.uvc-heading.ultimate-heading-919269fb2788d0a0d h4'  data-responsive-json-new='{\"font-size\":\"\",\"line-height\":\"\"}' ><h4 style=\"font-weight:normal;\">Sin copagos<\/h4><\/div><div class=\"uvc-sub-heading ult-responsive\"  data-ultimate-target='.uvc-heading.ultimate-heading-919269fb2788d0a0d .uvc-sub-heading '  data-responsive-json-new='{\"font-size\":\"desktop:15px;\",\"line-height\":\"desktop:25px;\"}'  style=\"font-weight:normal;\">Ve al m\u00e9dico todas las veces que quieras \u00a1Sin costes extra!<\/div><\/div>[\/vc_column][vc_column width=\u00bb1\/4&#8243;][vc_icon icon_fontawesome=\u00bbfa fa-calendar\u00bb color=\u00bbcustom\u00bb size=\u00bblg\u00bb align=\u00bbcenter\u00bb css=\u00bb.vc_custom_1663847432800{margin-bottom: 0px !important;}\u00bb custom_color=\u00bb#009ddd\u00bb]<div id=\"ultimate-heading-855569fb2788d0a48\" class=\"uvc-heading ult-adjust-bottom-margin ultimate-heading-855569fb2788d0a48 uvc-3334 \" data-hspacer=\"no_spacer\"  data-halign=\"center\" style=\"text-align:center\"><div class=\"uvc-heading-spacer no_spacer\" style=\"top\"><\/div><div class=\"uvc-main-heading ult-responsive\"  data-ultimate-target='.uvc-heading.ultimate-heading-855569fb2788d0a48 h4'  data-responsive-json-new='{\"font-size\":\"\",\"line-height\":\"\"}' ><h4 style=\"font-weight:normal;\">Sin carencias<\/h4><\/div><div class=\"uvc-sub-heading ult-responsive\"  data-ultimate-target='.uvc-heading.ultimate-heading-855569fb2788d0a48 .uvc-sub-heading '  data-responsive-json-new='{\"font-size\":\"desktop:15px;\",\"line-height\":\"desktop:25px;\"}'  style=\"font-weight:normal;\">Accede a las mejores coberturas desde el primer d\u00eda<\/div><\/div>[\/vc_column][vc_column width=\u00bb1\/4&#8243;][vc_icon icon_fontawesome=\u00bbfa fa-line-chart\u00bb color=\u00bbcustom\u00bb size=\u00bblg\u00bb align=\u00bbcenter\u00bb css=\u00bb.vc_custom_1663847568008{margin-bottom: 0px !important;}\u00bb custom_color=\u00bb#009ddd\u00bb]<div id=\"ultimate-heading-491669fb2788d0a7f\" class=\"uvc-heading ult-adjust-bottom-margin ultimate-heading-491669fb2788d0a7f uvc-5015 \" data-hspacer=\"no_spacer\"  data-halign=\"center\" style=\"text-align:center\"><div class=\"uvc-heading-spacer no_spacer\" style=\"top\"><\/div><div class=\"uvc-main-heading ult-responsive\"  data-ultimate-target='.uvc-heading.ultimate-heading-491669fb2788d0a7f h4'  data-responsive-json-new='{\"font-size\":\"\",\"line-height\":\"\"}' ><h4 style=\"font-weight:normal;\">Sin l\u00edmite de gastos<\/h4><\/div><div class=\"uvc-sub-heading ult-responsive\"  data-ultimate-target='.uvc-heading.ultimate-heading-491669fb2788d0a7f .uvc-sub-heading '  data-responsive-json-new='{\"font-size\":\"desktop:15px;\",\"line-height\":\"desktop:25px;\"}'  style=\"font-weight:normal;\">El seguro supera los 30.000\u20ac exigidos por Extranjer\u00eda<\/div><\/div>[\/vc_column][\/vc_row][vc_row full_width=\u00bbtrue\u00bb][vc_column width=\u00bb1\/3&#8243; offset=\u00bbvc_col-lg-offset-0 vc_col-md-offset-0 vc_col-sm-offset-0&#8243;][vc_row_inner][vc_column_inner el_class=\u00bbpastillas\u00bb][vc_raw_html css=\u00bb.vc_custom_1663849851645{background-image: url(https:\/\/www.ofertassegurossalud.com\/wp-content\/uploads\/2022\/04\/pastilla-adeslas.png?id=2247) !important;}\u00bb el_class=\u00bbpastilla pastilla1&#8243;]JTNDcCUzRVYlQzMlQTFsaWRvJTIwcGFyYSUyMHRyYW1pdGFyJTIwdmlzYWRvJTIweSUyMHBlcm1pc28lMjBkZSUyMHJlc2lkZW5jaWElMjBlbiUyMEVzcGElQzMlQjFhJTNDJTJGcCUzRQ==[\/vc_raw_html][\/vc_column_inner][\/vc_row_inner][\/vc_column][vc_column width=\u00bb2\/3&#8243;]<div class=\"nz-tabs  horizontal full-false\"><div data-target=\"tab-seguro-adeslas-para-extranjeros\" class=\"tab\">Seguro Adeslas para extranjeros<\/div><div id=\"tab-seguro-adeslas-para-extranjeros\" class=\"tab-content\"><\/p>\n<p>Los seguros de salud Adeslas para extranjeros son para aquellas personas que desean conseguir un visado de estudiante, turista o un permiso de residencia en Espa\u00f1a. En esta situaci\u00f3n, es necesario un seguro m\u00e9dico privado que tenga unas coberturas equivalentes a las que ofrece la Seguridad Social, la sanidad p\u00fablica espa\u00f1ola.<\/p>\n<p>Consigue descuentos adicionales contratando Adeslas estudiantes online.<\/p>\n<p>Contrata tu seguro m\u00e9dico para estudiantes extranjeros en Espa\u00f1a en una llamada sin papeleo.<\/p>\n<p>Para hacer la contrataci\u00f3n, no es necesario un DNI o NIE, solo necesitas tu pasaporte.<\/p>\n<p>\n\t\t\t<\/div> <div data-target=\"tab-coberturas\" class=\"tab\">Coberturas<\/div><div id=\"tab-coberturas\" class=\"tab-content\">Las coberturas m\u00e1s importantes que cubre Adeslas seguro para extranjeros son:<\/p>\n<ul>\n<li>Urgencias<\/li>\n<li>Especialidades: asistencia sanitaria en hospitalizaci\u00f3n o en consultas m\u00e9dicas de todas las especialidades.<\/li>\n<li>Medicina General: medicina primaria y asistencia en consulta y a domicilio.<\/li>\n<li>Medios de diagn\u00f3stico: an\u00e1lisis cl\u00ednicos, estudios radiogr\u00e1ficos, pet-tac, mamograf\u00eda y pruebas gen\u00e9ticas.<\/li>\n<li>Hospitalizaci\u00f3n: quir\u00fargica, m\u00e9dica o psiqui\u00e1trica<\/li>\n<li>Implantes y pr\u00f3tesis: cardiovasculares, reparadores, oftalmol\u00f3gicos, entre otros.<\/li>\n<li>Tratamientos especiales: logopedia y foniatr\u00eda, laserterapia, hemodi\u00e1lisis, quimioterapia, oncolog\u00eda radioter\u00e1pica&#8230;<\/li>\n<li>Trasplantes: de c\u00f3rnea y m\u00e9dula \u00f3sea<\/li>\n<li>Repatriaci\u00f3n<\/li>\n<\/ul>\n<p>Servicios complementarios incluidos:<\/p>\n<ul>\n<li>Orientaci\u00f3n m\u00e9dica telef\u00f3nica: apoyo al usuario durante las 24 horas del d\u00eda.<\/li>\n<li>Psicolog\u00eda: precios especiales por si se desea ampliar las sesiones cubiertas en la p\u00f3liza.<\/li>\n<li>Programas de prevenci\u00f3n.<\/li>\n<li>Asistencia en viajes al extranjero<\/li>\n<li>Segunda opini\u00f3n m\u00e9dica<\/li>\n<\/ul>\n<p>\n\t\t\t<\/div> <div data-target=\"tab-copagos-y-carencias\" class=\"tab\">Copagos y carencias<\/div><div id=\"tab-copagos-y-carencias\" class=\"tab-content\">Este seguro no tiene copagos por acto m\u00e9dico.<\/p>\n<p>Este producto no tiene carencias para ning\u00fan servicio.\n\t\t\t<\/div> <\/div> [\/vc_column][\/vc_row]<\/p>\n<\/div>","protected":false},"excerpt":{"rendered":"<p>[vc_row background_color=\u00bb#009ddd\u00bb padding_top=\u00bb0&#8243; padding_bottom=\u00bb0&#8243;][vc_column][vc_custom_heading text=\u00bbLa mejor oferta en seguro m\u00e9dico para extranjeros y estudiantes\u00bb font_container=\u00bbtag:h1|text_align:center|color:%23ffffff\u00bb use_theme_fonts=\u00bbyes\u00bb css_animation=\u00bbnone\u00bb css=\u00bb.vc_custom_1663847010944{margin-top: 20px !important;}\u00bb][\/vc_column][\/vc_row][vc_row full_width=\u00bbtrue\u00bb background_image=\u00bb3179&#8243; background_position=\u00bbCenter center\u00bb padding_top=\u00bb0&#8243; padding_bottom=\u00bb60&#8243; bg_type=\u00bbimage\u00bb parallax_style=\u00bbvcpb-default\u00bb bg_image_repeat=\u00bbno-repeat\u00bb bg_image_size=\u00bbcontain\u00bb][vc_column][vc_row_inner][vc_column_inner][vc_empty_space height=\u00bb470px\u00bb][\/vc_column_inner][\/vc_row_inner][\/vc_column][\/vc_row][vc_row full_width=\u00bbtrue\u00bb background_color=\u00bb#e9edf6&#8243; padding_bottom=\u00bb0&#8243;][vc_column][vc_row_inner][vc_column_inner][vc_custom_heading text=\u00bbSeguros de salud Adeslas para extranjeros y estudiantes\u00bb font_container=\u00bbtag:h2|font_size:32|text_align:center|color:%23009ddd\u00bb use_theme_fonts=\u00bbyes\u00bb][vc_separator color=\u00bbcustom\u00bb border_width=\u00bb2&#8243; el_width=\u00bb80&#8243; accent_color=\u00bb#009ddd\u00bb][\/vc_column_inner][\/vc_row_inner][vc_row_inner][vc_column_inner][vc_column_text pl=\u00bb120&#8243; pr=\u00bb120&#8243;] El Seguro m\u00e9dico para extranjeros [&hellip;]<\/p>\n","protected":false},"author":1,"featured_media":0,"parent":0,"menu_order":0,"comment_status":"closed","ping_status":"closed","template":"","meta":{"_joinchat":[],"footnotes":""},"class_list":["post-3158","page","type-page","status-publish","hentry"],"yoast_head":"<!-- This site is optimized with the Yoast SEO plugin v24.9 - https:\/\/yoast.com\/wordpress\/plugins\/seo\/ -->\n<title>Ofertas en seguros m\u00e9dicos para extranjeros y estudiantes<\/title>\n<meta name=\"description\" content=\"Contrata tu seguro m\u00e9dico obligatorio para extranjeros y estudiantes cumpliendo con las condiciones exigidas por Extranjer\u00eda.\" \/>\n<meta name=\"robots\" content=\"index, follow, max-snippet:-1, max-image-preview:large, max-video-preview:-1\" \/>\n<link rel=\"canonical\" href=\"https:\/\/www.ofertassegurossalud.com\/es\/ofertas-en-seguros-medicos-extranjeros-estudiantes\/\" \/>\n<meta property=\"og:locale\" content=\"es_ES\" \/>\n<meta property=\"og:type\" content=\"article\" \/>\n<meta property=\"og:title\" content=\"Ofertas en seguros m\u00e9dicos para extranjeros y estudiantes\" \/>\n<meta property=\"og:description\" content=\"Contrata tu seguro m\u00e9dico obligatorio para extranjeros y estudiantes cumpliendo con las condiciones exigidas por Extranjer\u00eda.\" \/>\n<meta property=\"og:url\" content=\"https:\/\/www.ofertassegurossalud.com\/es\/ofertas-en-seguros-medicos-extranjeros-estudiantes\/\" \/>\n<meta property=\"og:site_name\" content=\"Ofertas Seguros Salud\" \/>\n<meta property=\"article:modified_time\" content=\"2025-07-31T07:11:52+00:00\" \/>\n<meta name=\"twitter:card\" content=\"summary_large_image\" \/>\n<meta name=\"twitter:label1\" content=\"Tiempo de lectura\" \/>\n\t<meta name=\"twitter:data1\" content=\"3 minutos\" \/>\n<script type=\"application\/ld+json\" class=\"yoast-schema-graph\">{\"@context\":\"https:\/\/schema.org\",\"@graph\":[{\"@type\":\"WebPage\",\"@id\":\"https:\/\/www.ofertassegurossalud.com\/es\/ofertas-en-seguros-medicos-extranjeros-estudiantes\/\",\"url\":\"https:\/\/www.ofertassegurossalud.com\/es\/ofertas-en-seguros-medicos-extranjeros-estudiantes\/\",\"name\":\"Ofertas en seguros m\u00e9dicos para extranjeros y estudiantes\",\"isPartOf\":{\"@id\":\"https:\/\/www.ofertassegurossalud.com\/es\/#website\"},\"datePublished\":\"2022-09-22T11:42:48+00:00\",\"dateModified\":\"2025-07-31T07:11:52+00:00\",\"description\":\"Contrata tu seguro m\u00e9dico obligatorio para extranjeros y estudiantes cumpliendo con las condiciones exigidas por Extranjer\u00eda.\",\"breadcrumb\":{\"@id\":\"https:\/\/www.ofertassegurossalud.com\/es\/ofertas-en-seguros-medicos-extranjeros-estudiantes\/#breadcrumb\"},\"inLanguage\":\"es\",\"potentialAction\":[{\"@type\":\"ReadAction\",\"target\":[\"https:\/\/www.ofertassegurossalud.com\/es\/ofertas-en-seguros-medicos-extranjeros-estudiantes\/\"]}]},{\"@type\":\"BreadcrumbList\",\"@id\":\"https:\/\/www.ofertassegurossalud.com\/es\/ofertas-en-seguros-medicos-extranjeros-estudiantes\/#breadcrumb\",\"itemListElement\":[{\"@type\":\"ListItem\",\"position\":1,\"name\":\"Portada\",\"item\":\"https:\/\/www.ofertassegurossalud.com\/es\/\"},{\"@type\":\"ListItem\",\"position\":2,\"name\":\"Ofertas en Seguros para extranjeros y estudiantes\"}]},{\"@type\":\"WebSite\",\"@id\":\"https:\/\/www.ofertassegurossalud.com\/es\/#website\",\"url\":\"https:\/\/www.ofertassegurossalud.com\/es\/\",\"name\":\"Ofertas Seguros Salud\",\"description\":\"Tu aseguradora de confianza con la garant\u00eda de calidad\",\"potentialAction\":[{\"@type\":\"SearchAction\",\"target\":{\"@type\":\"EntryPoint\",\"urlTemplate\":\"https:\/\/www.ofertassegurossalud.com\/es\/?s={search_term_string}\"},\"query-input\":{\"@type\":\"PropertyValueSpecification\",\"valueRequired\":true,\"valueName\":\"search_term_string\"}}],\"inLanguage\":\"es\"}]}<\/script>\n<!-- \/ Yoast SEO plugin. -->","yoast_head_json":{"title":"Ofertas en seguros m\u00e9dicos para extranjeros y estudiantes","description":"Contrata tu seguro m\u00e9dico obligatorio para extranjeros y estudiantes cumpliendo con las condiciones exigidas por Extranjer\u00eda.","robots":{"index":"index","follow":"follow","max-snippet":"max-snippet:-1","max-image-preview":"max-image-preview:large","max-video-preview":"max-video-preview:-1"},"canonical":"https:\/\/www.ofertassegurossalud.com\/es\/ofertas-en-seguros-medicos-extranjeros-estudiantes\/","og_locale":"es_ES","og_type":"article","og_title":"Ofertas en seguros m\u00e9dicos para extranjeros y estudiantes","og_description":"Contrata tu seguro m\u00e9dico obligatorio para extranjeros y estudiantes cumpliendo con las condiciones exigidas por Extranjer\u00eda.","og_url":"https:\/\/www.ofertassegurossalud.com\/es\/ofertas-en-seguros-medicos-extranjeros-estudiantes\/","og_site_name":"Ofertas Seguros Salud","article_modified_time":"2025-07-31T07:11:52+00:00","twitter_card":"summary_large_image","twitter_misc":{"Tiempo de lectura":"3 minutos"},"schema":{"@context":"https:\/\/schema.org","@graph":[{"@type":"WebPage","@id":"https:\/\/www.ofertassegurossalud.com\/es\/ofertas-en-seguros-medicos-extranjeros-estudiantes\/","url":"https:\/\/www.ofertassegurossalud.com\/es\/ofertas-en-seguros-medicos-extranjeros-estudiantes\/","name":"Ofertas en seguros m\u00e9dicos para extranjeros y estudiantes","isPartOf":{"@id":"https:\/\/www.ofertassegurossalud.com\/es\/#website"},"datePublished":"2022-09-22T11:42:48+00:00","dateModified":"2025-07-31T07:11:52+00:00","description":"Contrata tu seguro m\u00e9dico obligatorio para extranjeros y estudiantes cumpliendo con las condiciones exigidas por Extranjer\u00eda.","breadcrumb":{"@id":"https:\/\/www.ofertassegurossalud.com\/es\/ofertas-en-seguros-medicos-extranjeros-estudiantes\/#breadcrumb"},"inLanguage":"es","potentialAction":[{"@type":"ReadAction","target":["https:\/\/www.ofertassegurossalud.com\/es\/ofertas-en-seguros-medicos-extranjeros-estudiantes\/"]}]},{"@type":"BreadcrumbList","@id":"https:\/\/www.ofertassegurossalud.com\/es\/ofertas-en-seguros-medicos-extranjeros-estudiantes\/#breadcrumb","itemListElement":[{"@type":"ListItem","position":1,"name":"Portada","item":"https:\/\/www.ofertassegurossalud.com\/es\/"},{"@type":"ListItem","position":2,"name":"Ofertas en Seguros para extranjeros y estudiantes"}]},{"@type":"WebSite","@id":"https:\/\/www.ofertassegurossalud.com\/es\/#website","url":"https:\/\/www.ofertassegurossalud.com\/es\/","name":"Ofertas Seguros Salud","description":"Tu aseguradora de confianza con la garant\u00eda de calidad","potentialAction":[{"@type":"SearchAction","target":{"@type":"EntryPoint","urlTemplate":"https:\/\/www.ofertassegurossalud.com\/es\/?s={search_term_string}"},"query-input":{"@type":"PropertyValueSpecification","valueRequired":true,"valueName":"search_term_string"}}],"inLanguage":"es"}]}},"_links":{"self":[{"href":"https:\/\/www.ofertassegurossalud.com\/es\/wp-json\/wp\/v2\/pages\/3158","targetHints":{"allow":["GET"]}}],"collection":[{"href":"https:\/\/www.ofertassegurossalud.com\/es\/wp-json\/wp\/v2\/pages"}],"about":[{"href":"https:\/\/www.ofertassegurossalud.com\/es\/wp-json\/wp\/v2\/types\/page"}],"author":[{"embeddable":true,"href":"https:\/\/www.ofertassegurossalud.com\/es\/wp-json\/wp\/v2\/users\/1"}],"replies":[{"embeddable":true,"href":"https:\/\/www.ofertassegurossalud.com\/es\/wp-json\/wp\/v2\/comments?post=3158"}],"version-history":[{"count":40,"href":"https:\/\/www.ofertassegurossalud.com\/es\/wp-json\/wp\/v2\/pages\/3158\/revisions"}],"predecessor-version":[{"id":9777,"href":"https:\/\/www.ofertassegurossalud.com\/es\/wp-json\/wp\/v2\/pages\/3158\/revisions\/9777"}],"wp:attachment":[{"href":"https:\/\/www.ofertassegurossalud.com\/es\/wp-json\/wp\/v2\/media?parent=3158"}],"curies":[{"name":"wp","href":"https:\/\/api.w.org\/{rel}","templated":true}]}}