{"id":2735,"date":"2022-07-19T13:17:41","date_gmt":"2022-07-19T11:17:41","guid":{"rendered":"https:\/\/www.ofertassegurossalud.com\/?page_id=2735"},"modified":"2025-07-30T14:45:47","modified_gmt":"2025-07-30T12:45:47","slug":"proteccion-juridica","status":"publish","type":"page","link":"https:\/\/www.ofertassegurossalud.com\/es\/proteccion-juridica\/","title":{"rendered":"Ofertas de Protecci\u00f3n Jur\u00eddica"},"content":{"rendered":"<div class=\"wpb-content-wrapper\"><p>[vc_row background_color=\u00bb#009ddd\u00bb padding_top=\u00bb0&#8243; padding_bottom=\u00bb0&#8243;][vc_column][vc_custom_heading text=\u00bbLas mejores ofertas en protecci\u00f3n jur\u00eddica\u00bb font_container=\u00bbtag:h1|text_align:center|color:%23ffffff\u00bb use_theme_fonts=\u00bbyes\u00bb css_animation=\u00bbnone\u00bb css=\u00bb.vc_custom_1658230984690{margin-top: 20px !important;}\u00bb][\/vc_column][\/vc_row][vc_row full_width=\u00bbtrue\u00bb background_image=\u00bb2762&#8243; background_position=\u00bbCenter center\u00bb padding_top=\u00bb0&#8243; padding_bottom=\u00bb60&#8243;][vc_column width=\u00bb1\/2&#8243;][vc_row_inner][vc_column_inner el_class=\u00bbpromoinfo\u00bb css=\u00bb.vc_custom_1717747667051{padding-top: 50px !important;padding-bottom: 25px !important;}\u00bb][vc_single_image image=\u00bb2755&#8243; img_size=\u00bbfull\u00bb css=\u00bb\u00bb el_class=\u00bbhidden\u00bb][vc_single_image image=\u00bb4698&#8243; img_size=\u00bbfull\u00bb el_class=\u00bbhidden\u00bb][vc_single_image image=\u00bb6340&#8243; img_size=\u00bbfull\u00bb alignment=\u00bbcenter\u00bb el_class=\u00bbhidden\u00bb][vc_empty_space height=\u00bb412px\u00bb][\/vc_column_inner][\/vc_row_inner][\/vc_column][vc_column width=\u00bb1\/2&#8243;][\/vc_column][\/vc_row][vc_row full_width=\u00bbtrue\u00bb background_color=\u00bb#e9eef5&#8243; padding_top=\u00bb40px\u00bb][vc_column]<div class='gap nz-clearfix' style='height:50px'>&nbsp;<\/div>[vc_custom_heading text=\u00bbUna amplia protecci\u00f3n jur\u00eddica para tu vida privada y familiar\u00bb font_container=\u00bbtag:h2|font_size:32px|text_align:center|color:%23009ddd|line_height:42px\u00bb use_theme_fonts=\u00bbyes\u00bb]<div class='gap nz-clearfix' style='height:15px'>&nbsp;<\/div>[vc_separator color=\u00bbcustom\u00bb border_width=\u00bb2&#8243; el_width=\u00bb70&#8243; accent_color=\u00bb#009ddd\u00bb][vc_row_inner][vc_column_inner][vc_column_text pl=\u00bb120&#8243; pr=\u00bb120&#8243;]<\/p>\n<p style=\"text-align: center;\"><span style=\"color: #999999; font-size: 18px; line-height: 28px;\">Sabemos lo importante que es estar bien informado antes de tomar decisiones. Por eso te presentamos SegurCaixa Protecci\u00f3n Jur\u00eddica, un seguro que defiende tus necesidades y derechos legales y que te asesora en el d\u00eda a d\u00eda personal y profesional<\/span><\/p>\n<p>[\/vc_column_text][\/vc_column_inner][\/vc_row_inner][\/vc_column][\/vc_row][vc_row full_width=\u00bbtrue\u00bb padding_top=\u00bb40&#8243;][vc_column width=\u00bb1\/4&#8243;][vc_icon icon_fontawesome=\u00bbfa fa-mobile\u00bb color=\u00bbcustom\u00bb size=\u00bblg\u00bb align=\u00bbcenter\u00bb css=\u00bb.vc_custom_1658230422746{margin-bottom: 0px !important;}\u00bb custom_color=\u00bb#009ddd\u00bb]<div id=\"ultimate-heading-988269fc7bfb8b704\" class=\"uvc-heading ult-adjust-bottom-margin ultimate-heading-988269fc7bfb8b704 uvc-3473 \" data-hspacer=\"no_spacer\"  data-halign=\"center\" style=\"text-align:center\"><div class=\"uvc-heading-spacer no_spacer\" style=\"top\"><\/div><div class=\"uvc-main-heading ult-responsive\"  data-ultimate-target='.uvc-heading.ultimate-heading-988269fc7bfb8b704 h4'  data-responsive-json-new='{\"font-size\":\"\",\"line-height\":\"\"}' ><h4 style=\"font-weight:normal;\">Orientaci\u00f3n jur\u00eddica telef\u00f3nica<\/h4><\/div><div class=\"uvc-sub-heading ult-responsive\"  data-ultimate-target='.uvc-heading.ultimate-heading-988269fc7bfb8b704 .uvc-sub-heading '  data-responsive-json-new='{\"font-size\":\"desktop:15px;\",\"line-height\":\"desktop:25px;\"}'  style=\"font-weight:normal;\">Un abogado te asesorar\u00e1 y resolver\u00e1 todas tus dudas legales<\/div><\/div>[\/vc_column][vc_column width=\u00bb1\/4&#8243;][vc_icon icon_fontawesome=\u00bbfa fa-percent\u00bb color=\u00bbcustom\u00bb size=\u00bblg\u00bb align=\u00bbcenter\u00bb css=\u00bb.vc_custom_1658230604674{margin-bottom: 0px !important;}\u00bb custom_color=\u00bb#009ddd\u00bb]<div id=\"ultimate-heading-322269fc7bfb8b785\" class=\"uvc-heading ult-adjust-bottom-margin ultimate-heading-322269fc7bfb8b785 uvc-8548 \" data-hspacer=\"no_spacer\"  data-halign=\"center\" style=\"text-align:center\"><div class=\"uvc-heading-spacer no_spacer\" style=\"top\"><\/div><div class=\"uvc-main-heading ult-responsive\"  data-ultimate-target='.uvc-heading.ultimate-heading-322269fc7bfb8b785 h4'  data-responsive-json-new='{\"font-size\":\"\",\"line-height\":\"\"}' ><h4 style=\"font-weight:normal;\">10% de descuento<\/h4><\/div><div class=\"uvc-sub-heading ult-responsive\"  data-ultimate-target='.uvc-heading.ultimate-heading-322269fc7bfb8b785 .uvc-sub-heading '  data-responsive-json-new='{\"font-size\":\"desktop:15px;\",\"line-height\":\"desktop:25px;\"}'  style=\"font-weight:normal;\">Para los clientes que tengan contratado SegurCaixa Hogar<\/div><\/div>[\/vc_column][vc_column width=\u00bb1\/4&#8243;][vc_icon icon_fontawesome=\u00bbfa fa-balance-scale\u00bb color=\u00bbcustom\u00bb size=\u00bblg\u00bb align=\u00bbcenter\u00bb css=\u00bb.vc_custom_1658230760003{margin-bottom: 0px !important;}\u00bb custom_color=\u00bb#009ddd\u00bb]<div id=\"ultimate-heading-333569fc7bfb8b7e9\" class=\"uvc-heading ult-adjust-bottom-margin ultimate-heading-333569fc7bfb8b7e9 uvc-1202 \" data-hspacer=\"no_spacer\"  data-halign=\"center\" style=\"text-align:center\"><div class=\"uvc-heading-spacer no_spacer\" style=\"top\"><\/div><div class=\"uvc-main-heading ult-responsive\"  data-ultimate-target='.uvc-heading.ultimate-heading-333569fc7bfb8b7e9 h4'  data-responsive-json-new='{\"font-size\":\"\",\"line-height\":\"\"}' ><h4 style=\"font-weight:normal;\">Dos modalidades<\/h4><\/div><div class=\"uvc-sub-heading ult-responsive\"  data-ultimate-target='.uvc-heading.ultimate-heading-333569fc7bfb8b7e9 .uvc-sub-heading '  data-responsive-json-new='{\"font-size\":\"desktop:15px;\",\"line-height\":\"desktop:25px;\"}'  style=\"font-weight:normal;\">Para elegir en funci\u00f3n de tus necesidades<\/div><\/div>[\/vc_column][vc_column width=\u00bb1\/4&#8243;][vc_icon icon_fontawesome=\u00bbfa fa-home\u00bb color=\u00bbcustom\u00bb size=\u00bblg\u00bb align=\u00bbcenter\u00bb css=\u00bb.vc_custom_1658230910091{margin-bottom: 0px !important;}\u00bb custom_color=\u00bb#009ddd\u00bb]<div id=\"ultimate-heading-635869fc7bfb8b843\" class=\"uvc-heading ult-adjust-bottom-margin ultimate-heading-635869fc7bfb8b843 uvc-6632 \" data-hspacer=\"no_spacer\"  data-halign=\"center\" style=\"text-align:center\"><div class=\"uvc-heading-spacer no_spacer\" style=\"top\"><\/div><div class=\"uvc-main-heading ult-responsive\"  data-ultimate-target='.uvc-heading.ultimate-heading-635869fc7bfb8b843 h4'  data-responsive-json-new='{\"font-size\":\"\",\"line-height\":\"\"}' ><h4 style=\"font-weight:normal;\">Asesoramiento personalizado<\/h4><\/div><div class=\"uvc-sub-heading ult-responsive\"  data-ultimate-target='.uvc-heading.ultimate-heading-635869fc7bfb8b843 .uvc-sub-heading '  data-responsive-json-new='{\"font-size\":\"desktop:15px;\",\"line-height\":\"desktop:25px;\"}'  style=\"font-weight:normal;\">Protecci\u00f3n jur\u00eddica para todos los miembros de la familia<\/div><\/div>[\/vc_column][\/vc_row][vc_row full_width=\u00bbtrue\u00bb padding_top=\u00bb25&#8243;][vc_column width=\u00bb1\/2&#8243;][vc_row_inner][vc_column_inner][vc_single_image image=\u00bb2752&#8243; img_size=\u00bbfull\u00bb alignment=\u00bbcenter\u00bb el_class=\u00bbw100&#8243;]<div class=\"ult_pricing_table_wrap ult_design_5  ult-cs-custom  \">\n\t\t\t\t\t<div class=\"ult_pricing_table \" style=\"background:#ffffff;color:#009ddd;\"><div id=\"price-table-wrap-6355\" class=\"ult_pricing_heading\" style=\"background:#009ddd;color:#ffffff;\">\n\t\t\t\t\t\t\t<h3 class=\"price-heading ult-responsive cust-headformat\"  data-ultimate-target='#price-table-wrap-6355 .cust-headformat'  data-responsive-json-new='{\"font-size\":\"desktop:22px;\",\"line-height\":\"desktop:22px;\"}'  style=\"font-weight:normal;\">Modalidad B\u00e1sica<\/h3><\/div><!--ult_pricing_heading--><div class=\"ult_price_body_block\" style=\"background:#009ddd;color:#ffffff;\">\n\t\t\t\t\t\t\t<div class=\"ult_price_body\">\n\t\t\t\t\t\t\t\t<div id=\"price-table-wrap-7324\"  class=\"ult_price\">\n\t\t\t\t\t\t\t\t\t<span  data-ultimate-target='#price-table-wrap-7324 .ult_price_figure'  data-responsive-json-new='{\"font-size\":\"\",\"line-height\":\"\"}'  class=\"ult_price_figure ult-responsive\" style=\"font-weight:normal;\"><\/span>\n\t\t\t\t\t\t\t\t\t<span  data-ultimate-target='#price-table-wrap-7324 .ult_price_term'  data-responsive-json-new='{\"font-size\":\"desktop:18px;\",\"line-height\":\"desktop:18px;\"}'  class=\"ult_price_term ult-responsive\" style=\"font-weight:normal;\"><\/span>\n\t\t\t\t\t\t\t\t<\/div>\n\t\t\t\t\t\t\t<\/div>\n\t\t\t\t\t\t<\/div><!--ult_price_body_block--><div id=\"price-table-features-wrap-2653\" class=\"ult_price_features ult-responsive\"  data-ultimate-target='#price-table-features-wrap-2653'  data-responsive-json-new='{\"font-size\":\"\",\"line-height\":\"\"}'  style=\"font-weight:normal;\">\n\t\t\t\t\t\t\t\n\t\t\t\t\t\t<\/div><!--ult_price_features--><div class=\"ult_clr\"><\/div>\n\t\t\t<\/div><!--pricing_table-->\n\t\t<\/div><!--pricing_table_wrap-->[\/vc_column_inner][\/vc_row_inner]<div class=\"nz-accordion \" data-collapsible=false><div class=\"false toggle-title nz-clearfix\"><span class=\"toggle-title-header\"><span>Coberturas<\/span><\/span><span class=\"arrow icon-plus4\"><\/span><\/div> <div id=\"coberturas\" class=\"toggle-content nz-clearfix\"><\/p>\n<ul>\n<li>Asistencia jur\u00eddica telef\u00f3nica<\/li>\n<li>Gesti\u00f3n documental: Los abogados verificar\u00e1n los documentos y ayudar\u00e1n a retocarlos de la forma que mejor convenga a los derechos del asegurado<\/li>\n<li>Reclamaci\u00f3n de da\u00f1os corporales, materiales y como peat\u00f3n.<\/li>\n<li>Defensa fiscal en procedimientos de liquidaci\u00f3n Tributaria o sancionadores que inicie la Administraci\u00f3n Tributaria<\/li>\n<li>Reclamaci\u00f3n por incumplimiento de contratos de servicios, cosas muebles y suministros.<\/li>\n<li>Derechos relativos a la vivienda habitual y ocupaci\u00f3n ilegal.<\/li>\n<\/ul>\n<p><\/div><\/div> [\/vc_column][vc_column width=\u00bb1\/2&#8243;][vc_row_inner][vc_column_inner][vc_single_image image=\u00bb2753&#8243; img_size=\u00bblarge\u00bb alignment=\u00bbcenter\u00bb el_class=\u00bbw100&#8243;]<div class=\"ult_pricing_table_wrap ult_design_5  ult-cs-custom  \">\n\t\t\t\t\t<div class=\"ult_pricing_table \" style=\"background:#ffffff;color:#009ddd;\"><div id=\"price-table-wrap-2077\" class=\"ult_pricing_heading\" style=\"background:#009ddd;color:#ffffff;\">\n\t\t\t\t\t\t\t<h3 class=\"price-heading ult-responsive cust-headformat\"  data-ultimate-target='#price-table-wrap-2077 .cust-headformat'  data-responsive-json-new='{\"font-size\":\"desktop:22px;\",\"line-height\":\"desktop:22px;\"}'  style=\"font-weight:normal;\">Modalidad Completa<\/h3><\/div><!--ult_pricing_heading--><div class=\"ult_price_body_block\" style=\"background:#009ddd;color:#ffffff;\">\n\t\t\t\t\t\t\t<div class=\"ult_price_body\">\n\t\t\t\t\t\t\t\t<div id=\"price-table-wrap-4031\"  class=\"ult_price\">\n\t\t\t\t\t\t\t\t\t<span  data-ultimate-target='#price-table-wrap-4031 .ult_price_figure'  data-responsive-json-new='{\"font-size\":\"\",\"line-height\":\"\"}'  class=\"ult_price_figure ult-responsive\" style=\"font-weight:normal;\"><\/span>\n\t\t\t\t\t\t\t\t\t<span  data-ultimate-target='#price-table-wrap-4031 .ult_price_term'  data-responsive-json-new='{\"font-size\":\"desktop:15px;\",\"line-height\":\"\"}'  class=\"ult_price_term ult-responsive\" style=\"font-weight:normal;\"><\/span>\n\t\t\t\t\t\t\t\t<\/div>\n\t\t\t\t\t\t\t<\/div>\n\t\t\t\t\t\t<\/div><!--ult_price_body_block--><div id=\"price-table-features-wrap-4043\" class=\"ult_price_features ult-responsive\"  data-ultimate-target='#price-table-features-wrap-4043'  data-responsive-json-new='{\"font-size\":\"\",\"line-height\":\"\"}'  style=\"font-weight:normal;\">\n\t\t\t\t\t\t\t\n\t\t\t\t\t\t<\/div><!--ult_price_features--><div class=\"ult_clr\"><\/div>\n\t\t\t<\/div><!--pricing_table-->\n\t\t<\/div><!--pricing_table_wrap-->[\/vc_column_inner][\/vc_row_inner]<div class=\"nz-accordion \" data-collapsible=false><div class=\"false toggle-title nz-clearfix\"><span class=\"toggle-title-header\"><span>Coberturas<\/span><\/span><span class=\"arrow icon-plus4\"><\/span><\/div> <div id=\"coberturas\" class=\"toggle-content nz-clearfix\"><\/p>\n<ul>\n<li>Todas las coberturas de la modalidad b\u00e1sica.<\/li>\n<li>Prestaci\u00f3n por separaci\u00f3n o divorcio.<\/li>\n<li>Defensa laboral y en relaci\u00f3n al servicio dom\u00e9stico.<\/li>\n<li>Defensa y reclamaci\u00f3n del propietario en procesos de desahucio<\/li>\n<li>Defensa y reclamaci\u00f3n en casos de robo de identidad en Internet.<\/li>\n<\/ul>\n<p><\/div><\/div> [\/vc_column][\/vc_row][vc_row full_width=\u00bbtrue\u00bb][vc_column]<div class=\"nz-tabs  horizontal full-false\"><div data-target=\"tab-caracteristicas\" class=\"tab\">Caracter\u00edsticas<\/div><div id=\"tab-caracteristicas\" class=\"tab-content\"><\/p>\n<ul>\n<li>Recibir\u00e1s ayuda en la revisi\u00f3n de tu documentaci\u00f3n jur\u00eddica.<\/li>\n<li>Un seguro con el que tendr\u00e1s una protecci\u00f3n jur\u00eddica personalizada y de calidad para cubrir tus necesidades y derechos legales en tu vida particular y familiar.<\/li>\n<li>Es un seguro anual con una forma de pago flexible: anual, semestral, trimestral o mensual.<\/li>\n<li>Baja prima.<\/li>\n<li>Sencilla contrataci\u00f3n.<\/li>\n<\/ul>\n<p>\n\t\t\t<\/div> <div data-target=\"tab-carencias\" class=\"tab\">Carencias<\/div><div id=\"tab-carencias\" class=\"tab-content\"><\/p>\n<ul>\n<li>General: en los conflictos contractuales, 3 meses<\/li>\n<li>Prestaci\u00f3n por separaci\u00f3n o divorcio: 12 meses<\/li>\n<\/ul>\n<p>\n\t\t\t<\/div> <div data-target=\"tab-capital-asegurado\" class=\"tab\">Capital asegurado<\/div><div id=\"tab-capital-asegurado\" class=\"tab-content\">El capital asegurado por siniestro es de 6.000 \u20ac.<\/p>\n<p>En el caso de la modalidad completa: la prestaci\u00f3n m\u00e1xima por separaci\u00f3n y divorcio 1.200 \u20ac, 50 % para cada c\u00f3nyuge.\n\t\t\t<\/div> <div data-target=\"tab-ejemplos\" class=\"tab\">Ejemplos<\/div><div id=\"tab-ejemplos\" class=\"tab-content\"><strong>Garant\u00eda de robo de identidad por internet<\/strong><\/p>\n<p>Con manipulaciones se crea una p\u00e1gina por ejemplo imitando a Facebook, Twitter, Hotmail, etc. Recibes un correo de esta p\u00e1gina con enlace para acudir a ella. Vas a ella haciendo clic en el enlace y entras con tus datos, se quedan con ellos y ya los tienen para poder entrar en la p\u00e1gina real y ver tus correos y gestionarlos.<\/p>\n<p>Si es el correo electr\u00f3nico de la empresa pueden ver tus clientes y mejorarles, por ejemplo, condiciones y quit\u00e1rtelos, si tienen que realizarte alg\u00fan pago enviarles un mensaje electr\u00f3nico contestando y darles su n\u00famero de cuenta.<\/p>\n<p>Recibes un correo de una entidad bancaria o Amazon, por ejemplo, en que te piden que confirmes o cambies la contrase\u00f1a y actualices datos. Como introduces la contrase\u00f1a antigua y la nueva y facilitas tus datos, por ejemplo de la tarjeta o cuenta bancaria si la ten\u00edas guardada, se quedan con tus datos y pueden realizar compras por ti.<\/p>\n<p><strong>Garant\u00eda de mobbing inmobiliario<\/strong><\/p>\n<p>Un arrendatario de una vivienda que se integra en un edificio antiguo con un alquiler de muchos a\u00f1os. El resto de los inquilinos se han ido y es el \u00fanico del edificio.<\/p>\n<p>Al propietario le interesa vender ese edificio sin inquilinos para derribarlo y realizar una nueva construcci\u00f3n. Para que se marche de la vivienda le sube la renta, alquila el resto de los pisos a vecinos molestos, cambia el n\u00famero de cuenta donde se viene pagando la renta y alega que no le ha pagado para iniciar procedimiento de desahucio.\n\t\t\t<\/div> <\/div> [\/vc_column][\/vc_row]<\/p>\n<\/div>","protected":false},"excerpt":{"rendered":"<p>[vc_row background_color=\u00bb#009ddd\u00bb padding_top=\u00bb0&#8243; padding_bottom=\u00bb0&#8243;][vc_column][vc_custom_heading text=\u00bbLas mejores ofertas en protecci\u00f3n jur\u00eddica\u00bb font_container=\u00bbtag:h1|text_align:center|color:%23ffffff\u00bb use_theme_fonts=\u00bbyes\u00bb css_animation=\u00bbnone\u00bb css=\u00bb.vc_custom_1658230984690{margin-top: 20px !important;}\u00bb][\/vc_column][\/vc_row][vc_row full_width=\u00bbtrue\u00bb background_image=\u00bb2762&#8243; background_position=\u00bbCenter center\u00bb padding_top=\u00bb0&#8243; padding_bottom=\u00bb60&#8243;][vc_column width=\u00bb1\/2&#8243;][vc_row_inner][vc_column_inner el_class=\u00bbpromoinfo\u00bb css=\u00bb.vc_custom_1717747667051{padding-top: 50px !important;padding-bottom: 25px !important;}\u00bb][vc_single_image image=\u00bb2755&#8243; img_size=\u00bbfull\u00bb css=\u00bb\u00bb el_class=\u00bbhidden\u00bb][vc_single_image image=\u00bb4698&#8243; img_size=\u00bbfull\u00bb el_class=\u00bbhidden\u00bb][vc_single_image image=\u00bb6340&#8243; img_size=\u00bbfull\u00bb alignment=\u00bbcenter\u00bb el_class=\u00bbhidden\u00bb][vc_empty_space height=\u00bb412px\u00bb][\/vc_column_inner][\/vc_row_inner][\/vc_column][vc_column width=\u00bb1\/2&#8243;][\/vc_column][\/vc_row][vc_row full_width=\u00bbtrue\u00bb background_color=\u00bb#e9eef5&#8243; padding_top=\u00bb40px\u00bb][vc_column][vc_custom_heading text=\u00bbUna amplia protecci\u00f3n jur\u00eddica para tu vida privada y familiar\u00bb [&hellip;]<\/p>\n","protected":false},"author":1,"featured_media":0,"parent":0,"menu_order":0,"comment_status":"closed","ping_status":"closed","template":"","meta":{"_joinchat":[],"footnotes":""},"class_list":["post-2735","page","type-page","status-publish","hentry"],"yoast_head":"<!-- This site is optimized with the Yoast SEO plugin v24.9 - https:\/\/yoast.com\/wordpress\/plugins\/seo\/ -->\n<title>Ofertas de Seguros M\u00e9dicos - Todas las Coberturas<\/title>\n<meta name=\"description\" content=\"Tenemos las mejores ofertas en seguros m\u00e9dicos del mercado con todas las coberturas, somos agentes exclusivos de la marca l\u00edder en seguros m\u00e9dicos.\" \/>\n<meta name=\"robots\" content=\"index, follow, max-snippet:-1, max-image-preview:large, max-video-preview:-1\" \/>\n<link rel=\"canonical\" href=\"https:\/\/www.ofertassegurossalud.com\/es\/proteccion-juridica\/\" \/>\n<meta property=\"og:locale\" content=\"es_ES\" \/>\n<meta property=\"og:type\" content=\"article\" \/>\n<meta property=\"og:title\" content=\"Ofertas de Seguros M\u00e9dicos - Todas las Coberturas\" \/>\n<meta property=\"og:description\" content=\"Tenemos las mejores ofertas en seguros m\u00e9dicos del mercado con todas las coberturas, somos agentes exclusivos de la marca l\u00edder en seguros m\u00e9dicos.\" \/>\n<meta property=\"og:url\" content=\"https:\/\/www.ofertassegurossalud.com\/es\/proteccion-juridica\/\" \/>\n<meta property=\"og:site_name\" content=\"Ofertas Seguros Salud\" \/>\n<meta property=\"article:modified_time\" content=\"2025-07-30T12:45:47+00:00\" \/>\n<meta name=\"twitter:card\" content=\"summary_large_image\" \/>\n<meta name=\"twitter:label1\" content=\"Tiempo de lectura\" \/>\n\t<meta name=\"twitter:data1\" content=\"4 minutos\" \/>\n<script type=\"application\/ld+json\" class=\"yoast-schema-graph\">{\"@context\":\"https:\/\/schema.org\",\"@graph\":[{\"@type\":\"WebPage\",\"@id\":\"https:\/\/www.ofertassegurossalud.com\/es\/proteccion-juridica\/\",\"url\":\"https:\/\/www.ofertassegurossalud.com\/es\/proteccion-juridica\/\",\"name\":\"Ofertas de Seguros M\u00e9dicos - Todas las Coberturas\",\"isPartOf\":{\"@id\":\"https:\/\/www.ofertassegurossalud.com\/es\/#website\"},\"datePublished\":\"2022-07-19T11:17:41+00:00\",\"dateModified\":\"2025-07-30T12:45:47+00:00\",\"description\":\"Tenemos las mejores ofertas en seguros m\u00e9dicos del mercado con todas las coberturas, somos agentes exclusivos de la marca l\u00edder en seguros m\u00e9dicos.\",\"breadcrumb\":{\"@id\":\"https:\/\/www.ofertassegurossalud.com\/es\/proteccion-juridica\/#breadcrumb\"},\"inLanguage\":\"es\",\"potentialAction\":[{\"@type\":\"ReadAction\",\"target\":[\"https:\/\/www.ofertassegurossalud.com\/es\/proteccion-juridica\/\"]}]},{\"@type\":\"BreadcrumbList\",\"@id\":\"https:\/\/www.ofertassegurossalud.com\/es\/proteccion-juridica\/#breadcrumb\",\"itemListElement\":[{\"@type\":\"ListItem\",\"position\":1,\"name\":\"Portada\",\"item\":\"https:\/\/www.ofertassegurossalud.com\/es\/\"},{\"@type\":\"ListItem\",\"position\":2,\"name\":\"Ofertas de Protecci\u00f3n Jur\u00eddica\"}]},{\"@type\":\"WebSite\",\"@id\":\"https:\/\/www.ofertassegurossalud.com\/es\/#website\",\"url\":\"https:\/\/www.ofertassegurossalud.com\/es\/\",\"name\":\"Ofertas Seguros Salud\",\"description\":\"Tu aseguradora de confianza con la garant\u00eda de calidad\",\"potentialAction\":[{\"@type\":\"SearchAction\",\"target\":{\"@type\":\"EntryPoint\",\"urlTemplate\":\"https:\/\/www.ofertassegurossalud.com\/es\/?s={search_term_string}\"},\"query-input\":{\"@type\":\"PropertyValueSpecification\",\"valueRequired\":true,\"valueName\":\"search_term_string\"}}],\"inLanguage\":\"es\"}]}<\/script>\n<!-- \/ Yoast SEO plugin. -->","yoast_head_json":{"title":"Ofertas de Seguros M\u00e9dicos - Todas las Coberturas","description":"Tenemos las mejores ofertas en seguros m\u00e9dicos del mercado con todas las coberturas, somos agentes exclusivos de la marca l\u00edder en seguros m\u00e9dicos.","robots":{"index":"index","follow":"follow","max-snippet":"max-snippet:-1","max-image-preview":"max-image-preview:large","max-video-preview":"max-video-preview:-1"},"canonical":"https:\/\/www.ofertassegurossalud.com\/es\/proteccion-juridica\/","og_locale":"es_ES","og_type":"article","og_title":"Ofertas de Seguros M\u00e9dicos - Todas las Coberturas","og_description":"Tenemos las mejores ofertas en seguros m\u00e9dicos del mercado con todas las coberturas, somos agentes exclusivos de la marca l\u00edder en seguros m\u00e9dicos.","og_url":"https:\/\/www.ofertassegurossalud.com\/es\/proteccion-juridica\/","og_site_name":"Ofertas Seguros Salud","article_modified_time":"2025-07-30T12:45:47+00:00","twitter_card":"summary_large_image","twitter_misc":{"Tiempo de lectura":"4 minutos"},"schema":{"@context":"https:\/\/schema.org","@graph":[{"@type":"WebPage","@id":"https:\/\/www.ofertassegurossalud.com\/es\/proteccion-juridica\/","url":"https:\/\/www.ofertassegurossalud.com\/es\/proteccion-juridica\/","name":"Ofertas de Seguros M\u00e9dicos - Todas las Coberturas","isPartOf":{"@id":"https:\/\/www.ofertassegurossalud.com\/es\/#website"},"datePublished":"2022-07-19T11:17:41+00:00","dateModified":"2025-07-30T12:45:47+00:00","description":"Tenemos las mejores ofertas en seguros m\u00e9dicos del mercado con todas las coberturas, somos agentes exclusivos de la marca l\u00edder en seguros m\u00e9dicos.","breadcrumb":{"@id":"https:\/\/www.ofertassegurossalud.com\/es\/proteccion-juridica\/#breadcrumb"},"inLanguage":"es","potentialAction":[{"@type":"ReadAction","target":["https:\/\/www.ofertassegurossalud.com\/es\/proteccion-juridica\/"]}]},{"@type":"BreadcrumbList","@id":"https:\/\/www.ofertassegurossalud.com\/es\/proteccion-juridica\/#breadcrumb","itemListElement":[{"@type":"ListItem","position":1,"name":"Portada","item":"https:\/\/www.ofertassegurossalud.com\/es\/"},{"@type":"ListItem","position":2,"name":"Ofertas de Protecci\u00f3n Jur\u00eddica"}]},{"@type":"WebSite","@id":"https:\/\/www.ofertassegurossalud.com\/es\/#website","url":"https:\/\/www.ofertassegurossalud.com\/es\/","name":"Ofertas Seguros Salud","description":"Tu aseguradora de confianza con la garant\u00eda de calidad","potentialAction":[{"@type":"SearchAction","target":{"@type":"EntryPoint","urlTemplate":"https:\/\/www.ofertassegurossalud.com\/es\/?s={search_term_string}"},"query-input":{"@type":"PropertyValueSpecification","valueRequired":true,"valueName":"search_term_string"}}],"inLanguage":"es"}]}},"_links":{"self":[{"href":"https:\/\/www.ofertassegurossalud.com\/es\/wp-json\/wp\/v2\/pages\/2735","targetHints":{"allow":["GET"]}}],"collection":[{"href":"https:\/\/www.ofertassegurossalud.com\/es\/wp-json\/wp\/v2\/pages"}],"about":[{"href":"https:\/\/www.ofertassegurossalud.com\/es\/wp-json\/wp\/v2\/types\/page"}],"author":[{"embeddable":true,"href":"https:\/\/www.ofertassegurossalud.com\/es\/wp-json\/wp\/v2\/users\/1"}],"replies":[{"embeddable":true,"href":"https:\/\/www.ofertassegurossalud.com\/es\/wp-json\/wp\/v2\/comments?post=2735"}],"version-history":[{"count":39,"href":"https:\/\/www.ofertassegurossalud.com\/es\/wp-json\/wp\/v2\/pages\/2735\/revisions"}],"predecessor-version":[{"id":9740,"href":"https:\/\/www.ofertassegurossalud.com\/es\/wp-json\/wp\/v2\/pages\/2735\/revisions\/9740"}],"wp:attachment":[{"href":"https:\/\/www.ofertassegurossalud.com\/es\/wp-json\/wp\/v2\/media?parent=2735"}],"curies":[{"name":"wp","href":"https:\/\/api.w.org\/{rel}","templated":true}]}}