{"id":2705,"date":"2022-06-28T12:30:37","date_gmt":"2022-06-28T10:30:37","guid":{"rendered":"https:\/\/www.ofertassegurossalud.com\/?page_id=2705"},"modified":"2025-03-24T12:00:52","modified_gmt":"2025-03-24T10:00:52","slug":"ofertas-en-seguros-de-asistencia-en-viaje","status":"publish","type":"page","link":"https:\/\/www.ofertassegurossalud.com\/es\/ofertas-en-seguros-de-asistencia-en-viaje\/","title":{"rendered":"Ofertas en Seguros de Asistencia en Viaje &#8211; SegurCaixa Adeslas"},"content":{"rendered":"<div class=\"wpb-content-wrapper\"><p>[vc_row background_color=\u00bb#009ddd\u00bb padding_top=\u00bb0&#8243; padding_bottom=\u00bb0&#8243;][vc_column][vc_custom_heading text=\u00bbLas mejores ofertas en seguros de asistencia en viaje\u00bb font_container=\u00bbtag:h1|text_align:center|color:%23ffffff\u00bb use_theme_fonts=\u00bbyes\u00bb css_animation=\u00bbnone\u00bb css=\u00bb.vc_custom_1656410842767{margin-top: 20px !important;}\u00bb][\/vc_column][\/vc_row][vc_row full_width=\u00bbtrue\u00bb background_image=\u00bb2718&#8243; background_position=\u00bbright top\u00bb padding_top=\u00bb0&#8243; padding_bottom=\u00bb100&#8243; bg_type=\u00bbimage\u00bb parallax_style=\u00bbvcpb-default\u00bb bg_image_repeat=\u00bbno-repeat\u00bb bg_image_size=\u00bbcontain\u00bb][vc_column width=\u00bb1\/2&#8243;][vc_row_inner][vc_column_inner el_class=\u00bbpromoinfo\u00bb css=\u00bb.vc_custom_1717747565609{padding-top: 50px !important;padding-bottom: 25px !important;}\u00bb][vc_single_image image=\u00bb2721&#8243; img_size=\u00bbfull\u00bb el_class=\u00bbhidden\u00bb][vc_single_image image=\u00bb4698&#8243; img_size=\u00bbfull\u00bb el_class=\u00bbhidden\u00bb][vc_empty_space height=\u00bb355px\u00bb][\/vc_column_inner][\/vc_row_inner][\/vc_column][vc_column width=\u00bb1\/2&#8243;][\/vc_column][\/vc_row][vc_row full_width=\u00bbtrue\u00bb background_color=\u00bb#e9edf6&#8243; padding_bottom=\u00bb0&#8243;][vc_column][vc_row_inner][vc_column_inner]<div class='gap nz-clearfix' style='height:40px'>&nbsp;<\/div>[vc_custom_heading text=\u00bbSegurCaixa ASISTENCIA EN VIAJE<br \/>\nLa tranquilidad de viajar seguro con Adeslas\u00bb font_container=\u00bbtag:h2|font_size:32|text_align:center|color:%23009ddd\u00bb use_theme_fonts=\u00bbyes\u00bb]<div class='gap nz-clearfix' style='height:15px'>&nbsp;<\/div>[vc_separator color=\u00bbcustom\u00bb border_width=\u00bb2&#8243; el_width=\u00bb80&#8243; accent_color=\u00bb#009ddd\u00bb][\/vc_column_inner][\/vc_row_inner][vc_row_inner][vc_column_inner][vc_column_text pl=\u00bb120&#8243; pr=\u00bb120&#8243;]<\/p>\n<p style=\"text-align: center;\"><span style=\"color: #999999; line-height: 28px; font-size: 18px;\">SegurCaixa ASISTENCIA EN VIAJE es un seguro destinado a cubrir aquellas posibles incidencias durante los viajes, tanto a las personas como a sus bienes.<\/span><\/p>\n<p style=\"text-align: center;\"><span style=\"color: #999999; line-height: 28px; font-size: 18px;\">Consigue las mejores coberturas de asistencia al viajero del mercado, con una prima reducida, con la posibilidad de asegurar a toda la familia en una sola p\u00f3liza y eligiendo el periodo de cobertura que mejor se adapte a tus necesidades, ya sea para viajes de un d\u00eda o hasta seis meses.<\/span><\/p>\n<p>[\/vc_column_text][\/vc_column_inner][\/vc_row_inner][\/vc_column][\/vc_row][vc_row full_width=\u00bbtrue\u00bb padding_top=\u00bb40&#8243;][vc_column width=\u00bb1\/4&#8243;][vc_icon icon_fontawesome=\u00bbfa fa-user-md\u00bb color=\u00bbcustom\u00bb size=\u00bblg\u00bb align=\u00bbcenter\u00bb css=\u00bb.vc_custom_1656411583968{margin-bottom: 0px !important;}\u00bb custom_color=\u00bb#009ddd\u00bb]<div id=\"ultimate-heading-439469def51d6b298\" class=\"uvc-heading ult-adjust-bottom-margin ultimate-heading-439469def51d6b298 uvc-6131 \" data-hspacer=\"no_spacer\"  data-halign=\"center\" style=\"text-align:center\"><div class=\"uvc-heading-spacer no_spacer\" style=\"top\"><\/div><div class=\"uvc-main-heading ult-responsive\"  data-ultimate-target='.uvc-heading.ultimate-heading-439469def51d6b298 h4'  data-responsive-json-new='{\"font-size\":\"\",\"line-height\":\"\"}' ><h4 style=\"font-weight:normal;\">Cobertura m\u00e9dica<\/h4><\/div><div class=\"uvc-sub-heading ult-responsive\"  data-ultimate-target='.uvc-heading.ultimate-heading-439469def51d6b298 .uvc-sub-heading '  data-responsive-json-new='{\"font-size\":\"desktop:15px;\",\"line-height\":\"desktop:25px;\"}'  style=\"font-weight:normal;\">Gastos m\u00e9dicos, farmac\u00e9uticos o de hospitalizaci\u00f3n (tambi\u00e9n por Covid-19)<\/div><\/div>[\/vc_column][vc_column width=\u00bb1\/4&#8243;][vc_icon icon_fontawesome=\u00bbfa fa-exclamation-triangle\u00bb color=\u00bbcustom\u00bb size=\u00bblg\u00bb align=\u00bbcenter\u00bb css=\u00bb.vc_custom_1656411817745{margin-bottom: 0px !important;}\u00bb custom_color=\u00bb#009ddd\u00bb]<div id=\"ultimate-heading-329769def51d6b33d\" class=\"uvc-heading ult-adjust-bottom-margin ultimate-heading-329769def51d6b33d uvc-6213 \" data-hspacer=\"no_spacer\"  data-halign=\"center\" style=\"text-align:center\"><div class=\"uvc-heading-spacer no_spacer\" style=\"top\"><\/div><div class=\"uvc-main-heading ult-responsive\"  data-ultimate-target='.uvc-heading.ultimate-heading-329769def51d6b33d h4'  data-responsive-json-new='{\"font-size\":\"\",\"line-height\":\"\"}' ><h4 style=\"font-weight:normal;\">Incidencias del viaje<\/h4><\/div><div class=\"uvc-sub-heading ult-responsive\"  data-ultimate-target='.uvc-heading.ultimate-heading-329769def51d6b33d .uvc-sub-heading '  data-responsive-json-new='{\"font-size\":\"desktop:15px;\",\"line-height\":\"desktop:25px;\"}'  style=\"font-weight:normal;\">Cancelaci\u00f3n, demora\u00a0y otras incidencias<\/div><\/div>[\/vc_column][vc_column width=\u00bb1\/4&#8243;][vc_icon icon_fontawesome=\u00bbfa fa-plane\u00bb color=\u00bbcustom\u00bb size=\u00bblg\u00bb align=\u00bbcenter\u00bb css=\u00bb.vc_custom_1656411759537{margin-bottom: 0px !important;}\u00bb custom_color=\u00bb#009ddd\u00bb]<div id=\"ultimate-heading-333269def51d6b3b1\" class=\"uvc-heading ult-adjust-bottom-margin ultimate-heading-333269def51d6b3b1 uvc-3284 \" data-hspacer=\"no_spacer\"  data-halign=\"center\" style=\"text-align:center\"><div class=\"uvc-heading-spacer no_spacer\" style=\"top\"><\/div><div class=\"uvc-main-heading ult-responsive\"  data-ultimate-target='.uvc-heading.ultimate-heading-333269def51d6b3b1 h4'  data-responsive-json-new='{\"font-size\":\"\",\"line-height\":\"\"}' ><h4 style=\"font-weight:normal;\">Repatriaci\u00f3n<\/h4><\/div><div class=\"uvc-sub-heading ult-responsive\"  data-ultimate-target='.uvc-heading.ultimate-heading-333269def51d6b3b1 .uvc-sub-heading '  data-responsive-json-new='{\"font-size\":\"desktop:15px;\",\"line-height\":\"desktop:25px;\"}'  style=\"font-weight:normal;\">sanitaria de urgencia<\/div><\/div>[\/vc_column][vc_column width=\u00bb1\/4&#8243;][vc_icon icon_fontawesome=\u00bbfa fa-suitcase\u00bb color=\u00bbcustom\u00bb size=\u00bblg\u00bb align=\u00bbcenter\u00bb css=\u00bb.vc_custom_1656411782505{margin-bottom: 0px !important;}\u00bb custom_color=\u00bb#009ddd\u00bb]<div id=\"ultimate-heading-241369def51d6bf55\" class=\"uvc-heading ult-adjust-bottom-margin ultimate-heading-241369def51d6bf55 uvc-6340 \" data-hspacer=\"no_spacer\"  data-halign=\"center\" style=\"text-align:center\"><div class=\"uvc-heading-spacer no_spacer\" style=\"top\"><\/div><div class=\"uvc-main-heading ult-responsive\"  data-ultimate-target='.uvc-heading.ultimate-heading-241369def51d6bf55 h4'  data-responsive-json-new='{\"font-size\":\"\",\"line-height\":\"\"}' ><h4 style=\"font-weight:normal;\">Incidencias con el equipaje<\/h4><\/div><div class=\"uvc-sub-heading ult-responsive\"  data-ultimate-target='.uvc-heading.ultimate-heading-241369def51d6bf55 .uvc-sub-heading '  data-responsive-json-new='{\"font-size\":\"desktop:15px;\",\"line-height\":\"desktop:25px;\"}'  style=\"font-weight:normal;\">P\u00e9rdida o demora<\/div><\/div>[\/vc_column][\/vc_row][vc_row full_width=\u00bbtrue\u00bb][vc_column]<div class=\"nz-tabs  horizontal full-false\"><div data-target=\"tab-coberturas-de-asistencia-en-viaje\" class=\"tab\">Coberturas de Asistencia en viaje<\/div><div id=\"tab-coberturas-de-asistencia-en-viaje\" class=\"tab-content\">SegurCaixa ASISTENCIA EN VIAJE cubre cualquier necesidad m\u00e9dica que tenga el viajero asegurado, la p\u00e9rdida o robo de su equipaje, las demoras en sus reservas y otras incidencias que puedan ocurrir durante el viaje.<\/p>\n<p>Las modalidades de capital de gastos m\u00e9dicos en el extranjero son:<\/p>\n<ul>\n<li>B\u00e1sica: 3.000\u20ac<\/li>\n<li>Completa: 6.000\u20ac<\/li>\n<li>Premium: 20.000\u20ac<\/li>\n<li>Excellence: 50.000\u20ac<\/li>\n<\/ul>\n<p>\n\t\t\t<\/div> <div data-target=\"tab-gastos-de-cancelacion\" class=\"tab\">Gastos de cancelaci\u00f3n<\/div><div id=\"tab-gastos-de-cancelacion\" class=\"tab-content\">Si el cliente se ve obligado a cancelar el viaje con antelaci\u00f3n, puede contratar esta garant\u00eda opcional.<\/p>\n<p>Los capitales disponibles son:<\/p>\n<ul>\n<li>300 \u20ac<\/li>\n<li>600 \u20ac<\/li>\n<li>1.500 \u20ac<\/li>\n<\/ul>\n<p>\n\t\t\t<\/div> <div data-target=\"tab-cobertura-de-esqui\" class=\"tab\">Cobertura de esqu\u00ed<\/div><div id=\"tab-cobertura-de-esqui\" class=\"tab-content\">Para los apasionados del esqu\u00ed tenemos una garant\u00eda opcional adaptada a sus necesidades:<\/p>\n<ul>\n<li>Gastos de muletas por accidente durante la pr\u00e1ctica de esqu\u00ed.<\/li>\n<li>Gastos de bajada en pistas (rescate en pistas).<\/li>\n<li>Reembolso de forfait y de material de esqu\u00ed.<\/li>\n<li>Reembolso de gastos de ambulancia.<\/li>\n<\/ul>\n<p>\n\t\t\t<\/div> <div data-target=\"tab-cobertura-covid-19\" class=\"tab\">Cobertura Covid-19<\/div><div id=\"tab-cobertura-covid-19\" class=\"tab-content\">SegurCaixa ASISTENCIA EN VIAJE te ofrece cobertura en caso de Covid-19:<\/p>\n<ul>\n<li>Gastos m\u00e9dicos, farmac\u00e9uticos o de hospitalizaci\u00f3n en caso de Covid-19 una vez iniciado el viaje<\/li>\n<li>Cancelaci\u00f3n del viaje por parte de la compa\u00f1\u00eda a\u00e9rea.<\/li>\n<li>Cancelaci\u00f3n del viaje a causa de fallecimiento u hospitalizaci\u00f3n del asegurado (garant\u00eda opcional).<\/li>\n<li>Traslado sanitario y repatriaci\u00f3n.<\/li>\n<\/ul>\n<p>\n\t\t\t<\/div> <\/div> [\/vc_column][\/vc_row]<\/p>\n<\/div>","protected":false},"excerpt":{"rendered":"<p>[vc_row background_color=\u00bb#009ddd\u00bb padding_top=\u00bb0&#8243; padding_bottom=\u00bb0&#8243;][vc_column][vc_custom_heading text=\u00bbLas mejores ofertas en seguros de asistencia en viaje\u00bb font_container=\u00bbtag:h1|text_align:center|color:%23ffffff\u00bb use_theme_fonts=\u00bbyes\u00bb css_animation=\u00bbnone\u00bb css=\u00bb.vc_custom_1656410842767{margin-top: 20px !important;}\u00bb][\/vc_column][\/vc_row][vc_row full_width=\u00bbtrue\u00bb background_image=\u00bb2718&#8243; background_position=\u00bbright top\u00bb padding_top=\u00bb0&#8243; padding_bottom=\u00bb100&#8243; bg_type=\u00bbimage\u00bb parallax_style=\u00bbvcpb-default\u00bb bg_image_repeat=\u00bbno-repeat\u00bb bg_image_size=\u00bbcontain\u00bb][vc_column width=\u00bb1\/2&#8243;][vc_row_inner][vc_column_inner el_class=\u00bbpromoinfo\u00bb css=\u00bb.vc_custom_1717747565609{padding-top: 50px !important;padding-bottom: 25px !important;}\u00bb][vc_single_image image=\u00bb2721&#8243; img_size=\u00bbfull\u00bb el_class=\u00bbhidden\u00bb][vc_single_image image=\u00bb4698&#8243; img_size=\u00bbfull\u00bb el_class=\u00bbhidden\u00bb][vc_empty_space height=\u00bb355px\u00bb][\/vc_column_inner][\/vc_row_inner][\/vc_column][vc_column width=\u00bb1\/2&#8243;][\/vc_column][\/vc_row][vc_row full_width=\u00bbtrue\u00bb background_color=\u00bb#e9edf6&#8243; padding_bottom=\u00bb0&#8243;][vc_column][vc_row_inner][vc_column_inner][vc_custom_heading text=\u00bbSegurCaixa ASISTENCIA EN VIAJE La tranquilidad de viajar [&hellip;]<\/p>\n","protected":false},"author":1,"featured_media":0,"parent":0,"menu_order":0,"comment_status":"closed","ping_status":"closed","template":"","meta":{"_joinchat":[],"footnotes":""},"class_list":["post-2705","page","type-page","status-publish","hentry"],"yoast_head":"<!-- This site is optimized with the Yoast SEO plugin v24.9 - https:\/\/yoast.com\/wordpress\/plugins\/seo\/ -->\n<title>Ofertas en Seguros de Asistencia en Viaje - SegurCaixa Adeslas<\/title>\n<meta name=\"description\" content=\"Con SegurCaixa Asistencia en viaje puedes cubrir aquellas posibles incidencias durante los viajes, tanto a las personas como a sus bienes\" \/>\n<meta name=\"robots\" content=\"index, follow, max-snippet:-1, max-image-preview:large, max-video-preview:-1\" \/>\n<link rel=\"canonical\" href=\"https:\/\/www.ofertassegurossalud.com\/es\/ofertas-en-seguros-de-asistencia-en-viaje\/\" \/>\n<meta property=\"og:locale\" content=\"es_ES\" \/>\n<meta property=\"og:type\" content=\"article\" \/>\n<meta property=\"og:title\" content=\"Ofertas en Seguros de Asistencia en Viaje - SegurCaixa Adeslas\" \/>\n<meta property=\"og:description\" content=\"Con SegurCaixa Asistencia en viaje puedes cubrir aquellas posibles incidencias durante los viajes, tanto a las personas como a sus bienes\" \/>\n<meta property=\"og:url\" content=\"https:\/\/www.ofertassegurossalud.com\/es\/ofertas-en-seguros-de-asistencia-en-viaje\/\" \/>\n<meta property=\"og:site_name\" content=\"Ofertas Seguros Salud\" \/>\n<meta property=\"article:modified_time\" content=\"2025-03-24T10:00:52+00:00\" \/>\n<meta name=\"twitter:card\" content=\"summary_large_image\" \/>\n<meta name=\"twitter:label1\" content=\"Tiempo de lectura\" \/>\n\t<meta name=\"twitter:data1\" content=\"2 minutos\" \/>\n<script type=\"application\/ld+json\" class=\"yoast-schema-graph\">{\"@context\":\"https:\/\/schema.org\",\"@graph\":[{\"@type\":\"WebPage\",\"@id\":\"https:\/\/www.ofertassegurossalud.com\/es\/ofertas-en-seguros-de-asistencia-en-viaje\/\",\"url\":\"https:\/\/www.ofertassegurossalud.com\/es\/ofertas-en-seguros-de-asistencia-en-viaje\/\",\"name\":\"Ofertas en Seguros de Asistencia en Viaje - SegurCaixa Adeslas\",\"isPartOf\":{\"@id\":\"https:\/\/www.ofertassegurossalud.com\/es\/#website\"},\"datePublished\":\"2022-06-28T10:30:37+00:00\",\"dateModified\":\"2025-03-24T10:00:52+00:00\",\"description\":\"Con SegurCaixa Asistencia en viaje puedes cubrir aquellas posibles incidencias durante los viajes, tanto a las personas como a sus bienes\",\"breadcrumb\":{\"@id\":\"https:\/\/www.ofertassegurossalud.com\/es\/ofertas-en-seguros-de-asistencia-en-viaje\/#breadcrumb\"},\"inLanguage\":\"es\",\"potentialAction\":[{\"@type\":\"ReadAction\",\"target\":[\"https:\/\/www.ofertassegurossalud.com\/es\/ofertas-en-seguros-de-asistencia-en-viaje\/\"]}]},{\"@type\":\"BreadcrumbList\",\"@id\":\"https:\/\/www.ofertassegurossalud.com\/es\/ofertas-en-seguros-de-asistencia-en-viaje\/#breadcrumb\",\"itemListElement\":[{\"@type\":\"ListItem\",\"position\":1,\"name\":\"Portada\",\"item\":\"https:\/\/www.ofertassegurossalud.com\/es\/\"},{\"@type\":\"ListItem\",\"position\":2,\"name\":\"Ofertas en Seguros de Asistencia en Viaje &#8211; SegurCaixa Adeslas\"}]},{\"@type\":\"WebSite\",\"@id\":\"https:\/\/www.ofertassegurossalud.com\/es\/#website\",\"url\":\"https:\/\/www.ofertassegurossalud.com\/es\/\",\"name\":\"Ofertas Seguros Salud\",\"description\":\"Tu aseguradora de confianza con la garant\u00eda de calidad\",\"potentialAction\":[{\"@type\":\"SearchAction\",\"target\":{\"@type\":\"EntryPoint\",\"urlTemplate\":\"https:\/\/www.ofertassegurossalud.com\/es\/?s={search_term_string}\"},\"query-input\":{\"@type\":\"PropertyValueSpecification\",\"valueRequired\":true,\"valueName\":\"search_term_string\"}}],\"inLanguage\":\"es\"}]}<\/script>\n<!-- \/ Yoast SEO plugin. -->","yoast_head_json":{"title":"Ofertas en Seguros de Asistencia en Viaje - SegurCaixa Adeslas","description":"Con SegurCaixa Asistencia en viaje puedes cubrir aquellas posibles incidencias durante los viajes, tanto a las personas como a sus bienes","robots":{"index":"index","follow":"follow","max-snippet":"max-snippet:-1","max-image-preview":"max-image-preview:large","max-video-preview":"max-video-preview:-1"},"canonical":"https:\/\/www.ofertassegurossalud.com\/es\/ofertas-en-seguros-de-asistencia-en-viaje\/","og_locale":"es_ES","og_type":"article","og_title":"Ofertas en Seguros de Asistencia en Viaje - SegurCaixa Adeslas","og_description":"Con SegurCaixa Asistencia en viaje puedes cubrir aquellas posibles incidencias durante los viajes, tanto a las personas como a sus bienes","og_url":"https:\/\/www.ofertassegurossalud.com\/es\/ofertas-en-seguros-de-asistencia-en-viaje\/","og_site_name":"Ofertas Seguros Salud","article_modified_time":"2025-03-24T10:00:52+00:00","twitter_card":"summary_large_image","twitter_misc":{"Tiempo de lectura":"2 minutos"},"schema":{"@context":"https:\/\/schema.org","@graph":[{"@type":"WebPage","@id":"https:\/\/www.ofertassegurossalud.com\/es\/ofertas-en-seguros-de-asistencia-en-viaje\/","url":"https:\/\/www.ofertassegurossalud.com\/es\/ofertas-en-seguros-de-asistencia-en-viaje\/","name":"Ofertas en Seguros de Asistencia en Viaje - SegurCaixa Adeslas","isPartOf":{"@id":"https:\/\/www.ofertassegurossalud.com\/es\/#website"},"datePublished":"2022-06-28T10:30:37+00:00","dateModified":"2025-03-24T10:00:52+00:00","description":"Con SegurCaixa Asistencia en viaje puedes cubrir aquellas posibles incidencias durante los viajes, tanto a las personas como a sus bienes","breadcrumb":{"@id":"https:\/\/www.ofertassegurossalud.com\/es\/ofertas-en-seguros-de-asistencia-en-viaje\/#breadcrumb"},"inLanguage":"es","potentialAction":[{"@type":"ReadAction","target":["https:\/\/www.ofertassegurossalud.com\/es\/ofertas-en-seguros-de-asistencia-en-viaje\/"]}]},{"@type":"BreadcrumbList","@id":"https:\/\/www.ofertassegurossalud.com\/es\/ofertas-en-seguros-de-asistencia-en-viaje\/#breadcrumb","itemListElement":[{"@type":"ListItem","position":1,"name":"Portada","item":"https:\/\/www.ofertassegurossalud.com\/es\/"},{"@type":"ListItem","position":2,"name":"Ofertas en Seguros de Asistencia en Viaje &#8211; SegurCaixa Adeslas"}]},{"@type":"WebSite","@id":"https:\/\/www.ofertassegurossalud.com\/es\/#website","url":"https:\/\/www.ofertassegurossalud.com\/es\/","name":"Ofertas Seguros Salud","description":"Tu aseguradora de confianza con la garant\u00eda de calidad","potentialAction":[{"@type":"SearchAction","target":{"@type":"EntryPoint","urlTemplate":"https:\/\/www.ofertassegurossalud.com\/es\/?s={search_term_string}"},"query-input":{"@type":"PropertyValueSpecification","valueRequired":true,"valueName":"search_term_string"}}],"inLanguage":"es"}]}},"_links":{"self":[{"href":"https:\/\/www.ofertassegurossalud.com\/es\/wp-json\/wp\/v2\/pages\/2705","targetHints":{"allow":["GET"]}}],"collection":[{"href":"https:\/\/www.ofertassegurossalud.com\/es\/wp-json\/wp\/v2\/pages"}],"about":[{"href":"https:\/\/www.ofertassegurossalud.com\/es\/wp-json\/wp\/v2\/types\/page"}],"author":[{"embeddable":true,"href":"https:\/\/www.ofertassegurossalud.com\/es\/wp-json\/wp\/v2\/users\/1"}],"replies":[{"embeddable":true,"href":"https:\/\/www.ofertassegurossalud.com\/es\/wp-json\/wp\/v2\/comments?post=2705"}],"version-history":[{"count":23,"href":"https:\/\/www.ofertassegurossalud.com\/es\/wp-json\/wp\/v2\/pages\/2705\/revisions"}],"predecessor-version":[{"id":8767,"href":"https:\/\/www.ofertassegurossalud.com\/es\/wp-json\/wp\/v2\/pages\/2705\/revisions\/8767"}],"wp:attachment":[{"href":"https:\/\/www.ofertassegurossalud.com\/es\/wp-json\/wp\/v2\/media?parent=2705"}],"curies":[{"name":"wp","href":"https:\/\/api.w.org\/{rel}","templated":true}]}}