{"id":2674,"date":"2022-06-02T13:09:16","date_gmt":"2022-06-02T11:09:16","guid":{"rendered":"https:\/\/www.ofertassegurossalud.com\/?page_id=2674"},"modified":"2025-07-30T14:49:54","modified_gmt":"2025-07-30T12:49:54","slug":"ofertas-seguros-de-electrodomesticos","status":"publish","type":"page","link":"https:\/\/www.ofertassegurossalud.com\/es\/ofertas-seguros-de-electrodomesticos\/","title":{"rendered":"Ofertas en Seguros de Electrodom\u00e9sticos"},"content":{"rendered":"<div class=\"wpb-content-wrapper\"><p>[vc_row background_color=\u00bb#009ddd\u00bb padding_top=\u00bb0&#8243; padding_bottom=\u00bb0&#8243;][vc_column][vc_custom_heading text=\u00bbLas mejores ofertas en seguros para tus electrodom\u00e9sticos\u00bb font_container=\u00bbtag:h1|text_align:center|color:%23ffffff\u00bb use_theme_fonts=\u00bbyes\u00bb css_animation=\u00bbnone\u00bb css=\u00bb.vc_custom_1654162654808{margin-top: 20px !important;}\u00bb][\/vc_column][\/vc_row][vc_row full_width=\u00bbtrue\u00bb background_image=\u00bb2684&#8243; background_position=\u00bbright top\u00bb padding_top=\u00bb0&#8243; padding_bottom=\u00bb60&#8243; bg_type=\u00bbimage\u00bb parallax_style=\u00bbvcpb-default\u00bb bg_image_repeat=\u00bbno-repeat\u00bb bg_image_size=\u00bbcontain\u00bb][vc_column width=\u00bb1\/2&#8243;][vc_row_inner][vc_column_inner el_class=\u00bbpromoinfo\u00bb css=\u00bb.vc_custom_1717746401731{padding-top: 50px !important;padding-bottom: 25px !important;}\u00bb][vc_single_image image=\u00bb4698&#8243; img_size=\u00bbfull\u00bb el_class=\u00bbhidden\u00bb][vc_empty_space height=\u00bb412px\u00bb][\/vc_column_inner][\/vc_row_inner][\/vc_column][vc_column width=\u00bb1\/2&#8243;][\/vc_column][\/vc_row][vc_row full_width=\u00bbtrue\u00bb background_color=\u00bb#e9edf6&#8243; padding_bottom=\u00bb0&#8243;][vc_column][vc_row_inner][vc_column_inner]<div class='gap nz-clearfix' style='height:40px'>&nbsp;<\/div>[vc_custom_heading text=\u00bbProtecci\u00f3n completa e integral<br \/>\npara tener tus electrodom\u00e9sticos siempre a punto\u00bb font_container=\u00bbtag:h2|font_size:32|text_align:center|color:%23009ddd\u00bb use_theme_fonts=\u00bbyes\u00bb]<div class='gap nz-clearfix' style='height:15px'>&nbsp;<\/div>[vc_separator color=\u00bbcustom\u00bb border_width=\u00bb2&#8243; el_width=\u00bb80&#8243; accent_color=\u00bb#009ddd\u00bb][\/vc_column_inner][\/vc_row_inner][vc_row_inner][vc_column_inner][vc_column_text pl=\u00bb120&#8243; pr=\u00bb120&#8243;]<\/p>\n<p style=\"text-align: center;\"><span style=\"color: #999999; line-height: 28px; font-size: 18px;\">Cuando sufres una aver\u00eda en tu lavadora, vitrocera\u0301mica, TV, ordenador&#8230;<br \/>\nSabemos las molestias que te causan y el gasto que conlleva la reparaci\u00f3n.<\/span><\/p>\n<p style=\"text-align: center;\"><span style=\"color: #999999; line-height: 28px; font-size: 18px;\">Con SegurCaixa ELECTRODOM\u00c9STICOS tienes una protecci\u00f3n completa e integral frente a las averi\u0301as de los electrodom\u00e9sticos de tu vivienda, fuera del periodo de garant\u00eda del electrodome\u0301stico. Evitara\u0301s afrontar costosas reparaciones o la adquisici\u00f3n de un nuevo aparato debido a una aver\u00eda.<\/span><\/p>\n<p>[\/vc_column_text][\/vc_column_inner][\/vc_row_inner][\/vc_column][\/vc_row][vc_row full_width=\u00bbtrue\u00bb padding_top=\u00bb40&#8243;][vc_column width=\u00bb1\/4&#8243;][vc_icon icon_fontawesome=\u00bbfa fa-shield\u00bb color=\u00bbcustom\u00bb size=\u00bblg\u00bb align=\u00bbcenter\u00bb css=\u00bb.vc_custom_1654163600889{margin-bottom: 0px !important;}\u00bb custom_color=\u00bb#009ddd\u00bb]<div id=\"ultimate-heading-79969f59eb8bc787\" class=\"uvc-heading ult-adjust-bottom-margin ultimate-heading-79969f59eb8bc787 uvc-6458 \" data-hspacer=\"no_spacer\"  data-halign=\"center\" style=\"text-align:center\"><div class=\"uvc-heading-spacer no_spacer\" style=\"top\"><\/div><div class=\"uvc-main-heading ult-responsive\"  data-ultimate-target='.uvc-heading.ultimate-heading-79969f59eb8bc787 h4'  data-responsive-json-new='{\"font-size\":\"\",\"line-height\":\"\"}' ><h4 style=\"font-weight:normal;\">Protecci\u00f3n completa e integral<\/h4><\/div><div class=\"uvc-sub-heading ult-responsive\"  data-ultimate-target='.uvc-heading.ultimate-heading-79969f59eb8bc787 .uvc-sub-heading '  data-responsive-json-new='{\"font-size\":\"desktop:15px;\",\"line-height\":\"desktop:25px;\"}'  style=\"font-weight:normal;\">frente a las averi\u0301as de los electrodom\u00e9sticos<\/div><\/div>[\/vc_column][vc_column width=\u00bb1\/4&#8243;][vc_icon icon_fontawesome=\u00bbfa fa-eur\u00bb color=\u00bbcustom\u00bb size=\u00bblg\u00bb align=\u00bbcenter\u00bb css=\u00bb.vc_custom_1654163570329{margin-bottom: 0px !important;}\u00bb custom_color=\u00bb#009ddd\u00bb]<div id=\"ultimate-heading-880369f59eb8bc82d\" class=\"uvc-heading ult-adjust-bottom-margin ultimate-heading-880369f59eb8bc82d uvc-6780 \" data-hspacer=\"no_spacer\"  data-halign=\"center\" style=\"text-align:center\"><div class=\"uvc-heading-spacer no_spacer\" style=\"top\"><\/div><div class=\"uvc-main-heading ult-responsive\"  data-ultimate-target='.uvc-heading.ultimate-heading-880369f59eb8bc82d h4'  data-responsive-json-new='{\"font-size\":\"\",\"line-height\":\"\"}' ><h4 style=\"font-weight:normal;\">Recibe una indemnizaci\u00f3n<\/h4><\/div><div class=\"uvc-sub-heading ult-responsive\"  data-ultimate-target='.uvc-heading.ultimate-heading-880369f59eb8bc82d .uvc-sub-heading '  data-responsive-json-new='{\"font-size\":\"desktop:15px;\",\"line-height\":\"desktop:25px;\"}'  style=\"font-weight:normal;\">si no es posible la reparaci\u00f3n<\/div><\/div>[\/vc_column][vc_column width=\u00bb1\/4&#8243;][vc_icon icon_fontawesome=\u00bbfa fa-certificate\u00bb color=\u00bbcustom\u00bb size=\u00bblg\u00bb align=\u00bbcenter\u00bb css=\u00bb.vc_custom_1654163538095{margin-bottom: 0px !important;}\u00bb custom_color=\u00bb#009ddd\u00bb]<div id=\"ultimate-heading-308269f59eb8bc895\" class=\"uvc-heading ult-adjust-bottom-margin ultimate-heading-308269f59eb8bc895 uvc-992 \" data-hspacer=\"no_spacer\"  data-halign=\"center\" style=\"text-align:center\"><div class=\"uvc-heading-spacer no_spacer\" style=\"top\"><\/div><div class=\"uvc-main-heading ult-responsive\"  data-ultimate-target='.uvc-heading.ultimate-heading-308269f59eb8bc895 h4'  data-responsive-json-new='{\"font-size\":\"\",\"line-height\":\"\"}' ><h4 style=\"font-weight:normal;\">Calidad garantizada<\/h4><\/div><div class=\"uvc-sub-heading ult-responsive\"  data-ultimate-target='.uvc-heading.ultimate-heading-308269f59eb8bc895 .uvc-sub-heading '  data-responsive-json-new='{\"font-size\":\"desktop:15px;\",\"line-height\":\"desktop:25px;\"}'  style=\"font-weight:normal;\">en todas las reparaciones<\/div><\/div>[\/vc_column][vc_column width=\u00bb1\/4&#8243;][vc_icon icon_fontawesome=\u00bbfa fa-phone\u00bb color=\u00bbcustom\u00bb size=\u00bblg\u00bb align=\u00bbcenter\u00bb css=\u00bb.vc_custom_1654163476593{margin-bottom: 0px !important;}\u00bb custom_color=\u00bb#009ddd\u00bb]<div id=\"ultimate-heading-895369f59eb8bc8f1\" class=\"uvc-heading ult-adjust-bottom-margin ultimate-heading-895369f59eb8bc8f1 uvc-8335 \" data-hspacer=\"no_spacer\"  data-halign=\"center\" style=\"text-align:center\"><div class=\"uvc-heading-spacer no_spacer\" style=\"top\"><\/div><div class=\"uvc-main-heading ult-responsive\"  data-ultimate-target='.uvc-heading.ultimate-heading-895369f59eb8bc8f1 h4'  data-responsive-json-new='{\"font-size\":\"\",\"line-height\":\"\"}' ><h4 style=\"font-weight:normal;\">Tel\u00e9fono exclusivo 24h<\/h4><\/div><div class=\"uvc-sub-heading ult-responsive\"  data-ultimate-target='.uvc-heading.ultimate-heading-895369f59eb8bc8f1 .uvc-sub-heading '  data-responsive-json-new='{\"font-size\":\"desktop:15px;\",\"line-height\":\"desktop:25px;\"}'  style=\"font-weight:normal;\">Atencio\u0301n cliente para siniestros:<br \/>\n900 50 50 40<\/div><\/div>[\/vc_column][\/vc_row][vc_row full_width=\u00bbtrue\u00bb padding_top=\u00bb25&#8243; padding_bottom=\u00bb0&#8243;][vc_column width=\u00bb1\/3&#8243; pl=\u00bb10&#8243; pr=\u00bb10&#8243; pt=\u00bb10&#8243; pb=\u00bb10&#8243;][vc_row_inner][vc_column_inner][vc_single_image image=\u00bb2682&#8243; img_size=\u00bbfull\u00bb][\/vc_column_inner][\/vc_row_inner][\/vc_column][vc_column width=\u00bb2\/3&#8243; pl=\u00bb10&#8243; pr=\u00bb10&#8243; pt=\u00bb10&#8243; pb=\u00bb10&#8243;][vc_column_text]<\/p>\n<h3>SegurCaixa Electrodom\u00e9sticos<\/h3>\n<ul>\n<li>Sin necesidad de declarar los electrodome\u0301sticos de la vivienda.<\/li>\n<li>Agrupa el servicio de reparaciones: cubre las reparaciones de todos los electrodome\u0301sticos.<\/li>\n<li>Calidad en las reparaciones.<\/li>\n<li>Cobertura de averi\u0301a sin l\u00edmite de aparatos asegurados. Hasta 3 averi\u0301as al an\u0303o. Si el coste de la reparacio\u0301n supera los 300 \u20ac por averi\u0301a, se indemnizara\u0301 al cliente en funci\u00f3n de la antig\u00fcedad del bien averiado.<\/li>\n<li>Si no es posible reparar o econ\u00f3micamente es inviable, indemnizamos por el valor de sustituci\u00f3n del electrodome\u0301stico averiado.<\/li>\n<li>Antigu\u0308edad ma\u0301xima:\n<ul>\n<li>Electrodome\u0301sticos: 10 an\u0303os<\/li>\n<li>Bienes de ocio: 6 an\u0303os<\/li>\n<\/ul>\n<\/li>\n<li>Carencia de 30 d\u00edas.<\/li>\n<\/ul>\n<div class=\"c-faq col-md-12 js-faq open\">\n<div class=\"c-faq__content \">\n<div>\n<ul>\n<li>Electrodom\u00e9sticos:\u00a0lavadora, secadora, frigor\u00edfico, congelador, lavavajillas, vitrocera\u0301mica, horno el\u00e9ctrico, campana extractora, termoacumulador el\u00e9ctrico, televisores, mandos a distancia TV y microondas.<\/li>\n<li>Bienes de ocio: ordenadores fijos y videoconsolas fijas.<\/li>\n<\/ul>\n<\/div>\n<\/div>\n<\/div>\n<div class=\"c-faq col-md-12 js-faq open\">\n<div class=\"c-faq__title c-gtm-caracteristica-seguro\">\n<div class=\"c-faq__title-icon\"><\/div>\n<\/div>\n<\/div>\n<p>[\/vc_column_text][\/vc_column][\/vc_row]<\/p>\n<\/div>","protected":false},"excerpt":{"rendered":"<p>[vc_row background_color=\u00bb#009ddd\u00bb padding_top=\u00bb0&#8243; padding_bottom=\u00bb0&#8243;][vc_column][vc_custom_heading text=\u00bbLas mejores ofertas en seguros para tus electrodom\u00e9sticos\u00bb font_container=\u00bbtag:h1|text_align:center|color:%23ffffff\u00bb use_theme_fonts=\u00bbyes\u00bb css_animation=\u00bbnone\u00bb css=\u00bb.vc_custom_1654162654808{margin-top: 20px !important;}\u00bb][\/vc_column][\/vc_row][vc_row full_width=\u00bbtrue\u00bb background_image=\u00bb2684&#8243; background_position=\u00bbright top\u00bb padding_top=\u00bb0&#8243; padding_bottom=\u00bb60&#8243; bg_type=\u00bbimage\u00bb parallax_style=\u00bbvcpb-default\u00bb bg_image_repeat=\u00bbno-repeat\u00bb bg_image_size=\u00bbcontain\u00bb][vc_column width=\u00bb1\/2&#8243;][vc_row_inner][vc_column_inner el_class=\u00bbpromoinfo\u00bb css=\u00bb.vc_custom_1717746401731{padding-top: 50px !important;padding-bottom: 25px !important;}\u00bb][vc_single_image image=\u00bb4698&#8243; img_size=\u00bbfull\u00bb el_class=\u00bbhidden\u00bb][vc_empty_space height=\u00bb412px\u00bb][\/vc_column_inner][\/vc_row_inner][\/vc_column][vc_column width=\u00bb1\/2&#8243;][\/vc_column][\/vc_row][vc_row full_width=\u00bbtrue\u00bb background_color=\u00bb#e9edf6&#8243; padding_bottom=\u00bb0&#8243;][vc_column][vc_row_inner][vc_column_inner][vc_custom_heading text=\u00bbProtecci\u00f3n completa e integral para tener tus electrodom\u00e9sticos siempre a punto\u00bb font_container=\u00bbtag:h2|font_size:32|text_align:center|color:%23009ddd\u00bb [&hellip;]<\/p>\n","protected":false},"author":1,"featured_media":0,"parent":0,"menu_order":0,"comment_status":"closed","ping_status":"closed","template":"","meta":{"_joinchat":[],"footnotes":""},"class_list":["post-2674","page","type-page","status-publish","hentry"],"yoast_head":"<!-- This site is optimized with the Yoast SEO plugin v24.9 - https:\/\/yoast.com\/wordpress\/plugins\/seo\/ -->\n<title>Ofertas en Seguros para Electrodom\u00e9sticos - SegurCaixa Adeslas<\/title>\n<meta name=\"description\" content=\"Con SegurCaixa ELECTRODOM\u00c9STICOS tienes una protecci\u00f3n completa e integral frente a las averi\u0301as de los electrodom\u00e9sticos de tu vivienda.\" \/>\n<meta name=\"robots\" content=\"index, follow, max-snippet:-1, max-image-preview:large, max-video-preview:-1\" \/>\n<link rel=\"canonical\" href=\"https:\/\/www.ofertassegurossalud.com\/es\/ofertas-seguros-de-electrodomesticos\/\" \/>\n<meta property=\"og:locale\" content=\"es_ES\" \/>\n<meta property=\"og:type\" content=\"article\" \/>\n<meta property=\"og:title\" content=\"Ofertas en Seguros para Electrodom\u00e9sticos - SegurCaixa Adeslas\" \/>\n<meta property=\"og:description\" content=\"Con SegurCaixa ELECTRODOM\u00c9STICOS tienes una protecci\u00f3n completa e integral frente a las averi\u0301as de los electrodom\u00e9sticos de tu vivienda.\" \/>\n<meta property=\"og:url\" content=\"https:\/\/www.ofertassegurossalud.com\/es\/ofertas-seguros-de-electrodomesticos\/\" \/>\n<meta property=\"og:site_name\" content=\"Ofertas Seguros Salud\" \/>\n<meta property=\"article:modified_time\" content=\"2025-07-30T12:49:54+00:00\" \/>\n<meta name=\"twitter:card\" content=\"summary_large_image\" \/>\n<meta name=\"twitter:label1\" content=\"Tiempo de lectura\" \/>\n\t<meta name=\"twitter:data1\" content=\"3 minutos\" \/>\n<script type=\"application\/ld+json\" class=\"yoast-schema-graph\">{\"@context\":\"https:\/\/schema.org\",\"@graph\":[{\"@type\":\"WebPage\",\"@id\":\"https:\/\/www.ofertassegurossalud.com\/es\/ofertas-seguros-de-electrodomesticos\/\",\"url\":\"https:\/\/www.ofertassegurossalud.com\/es\/ofertas-seguros-de-electrodomesticos\/\",\"name\":\"Ofertas en Seguros para Electrodom\u00e9sticos - SegurCaixa Adeslas\",\"isPartOf\":{\"@id\":\"https:\/\/www.ofertassegurossalud.com\/es\/#website\"},\"datePublished\":\"2022-06-02T11:09:16+00:00\",\"dateModified\":\"2025-07-30T12:49:54+00:00\",\"description\":\"Con SegurCaixa ELECTRODOM\u00c9STICOS tienes una protecci\u00f3n completa e integral frente a las averi\u0301as de los electrodom\u00e9sticos de tu vivienda.\",\"breadcrumb\":{\"@id\":\"https:\/\/www.ofertassegurossalud.com\/es\/ofertas-seguros-de-electrodomesticos\/#breadcrumb\"},\"inLanguage\":\"es\",\"potentialAction\":[{\"@type\":\"ReadAction\",\"target\":[\"https:\/\/www.ofertassegurossalud.com\/es\/ofertas-seguros-de-electrodomesticos\/\"]}]},{\"@type\":\"BreadcrumbList\",\"@id\":\"https:\/\/www.ofertassegurossalud.com\/es\/ofertas-seguros-de-electrodomesticos\/#breadcrumb\",\"itemListElement\":[{\"@type\":\"ListItem\",\"position\":1,\"name\":\"Portada\",\"item\":\"https:\/\/www.ofertassegurossalud.com\/es\/\"},{\"@type\":\"ListItem\",\"position\":2,\"name\":\"Ofertas en Seguros de Electrodom\u00e9sticos\"}]},{\"@type\":\"WebSite\",\"@id\":\"https:\/\/www.ofertassegurossalud.com\/es\/#website\",\"url\":\"https:\/\/www.ofertassegurossalud.com\/es\/\",\"name\":\"Ofertas Seguros Salud\",\"description\":\"Tu aseguradora de confianza con la garant\u00eda de calidad\",\"potentialAction\":[{\"@type\":\"SearchAction\",\"target\":{\"@type\":\"EntryPoint\",\"urlTemplate\":\"https:\/\/www.ofertassegurossalud.com\/es\/?s={search_term_string}\"},\"query-input\":{\"@type\":\"PropertyValueSpecification\",\"valueRequired\":true,\"valueName\":\"search_term_string\"}}],\"inLanguage\":\"es\"}]}<\/script>\n<!-- \/ Yoast SEO plugin. -->","yoast_head_json":{"title":"Ofertas en Seguros para Electrodom\u00e9sticos - SegurCaixa Adeslas","description":"Con SegurCaixa ELECTRODOM\u00c9STICOS tienes una protecci\u00f3n completa e integral frente a las averi\u0301as de los electrodom\u00e9sticos de tu vivienda.","robots":{"index":"index","follow":"follow","max-snippet":"max-snippet:-1","max-image-preview":"max-image-preview:large","max-video-preview":"max-video-preview:-1"},"canonical":"https:\/\/www.ofertassegurossalud.com\/es\/ofertas-seguros-de-electrodomesticos\/","og_locale":"es_ES","og_type":"article","og_title":"Ofertas en Seguros para Electrodom\u00e9sticos - SegurCaixa Adeslas","og_description":"Con SegurCaixa ELECTRODOM\u00c9STICOS tienes una protecci\u00f3n completa e integral frente a las averi\u0301as de los electrodom\u00e9sticos de tu vivienda.","og_url":"https:\/\/www.ofertassegurossalud.com\/es\/ofertas-seguros-de-electrodomesticos\/","og_site_name":"Ofertas Seguros Salud","article_modified_time":"2025-07-30T12:49:54+00:00","twitter_card":"summary_large_image","twitter_misc":{"Tiempo de lectura":"3 minutos"},"schema":{"@context":"https:\/\/schema.org","@graph":[{"@type":"WebPage","@id":"https:\/\/www.ofertassegurossalud.com\/es\/ofertas-seguros-de-electrodomesticos\/","url":"https:\/\/www.ofertassegurossalud.com\/es\/ofertas-seguros-de-electrodomesticos\/","name":"Ofertas en Seguros para Electrodom\u00e9sticos - SegurCaixa Adeslas","isPartOf":{"@id":"https:\/\/www.ofertassegurossalud.com\/es\/#website"},"datePublished":"2022-06-02T11:09:16+00:00","dateModified":"2025-07-30T12:49:54+00:00","description":"Con SegurCaixa ELECTRODOM\u00c9STICOS tienes una protecci\u00f3n completa e integral frente a las averi\u0301as de los electrodom\u00e9sticos de tu vivienda.","breadcrumb":{"@id":"https:\/\/www.ofertassegurossalud.com\/es\/ofertas-seguros-de-electrodomesticos\/#breadcrumb"},"inLanguage":"es","potentialAction":[{"@type":"ReadAction","target":["https:\/\/www.ofertassegurossalud.com\/es\/ofertas-seguros-de-electrodomesticos\/"]}]},{"@type":"BreadcrumbList","@id":"https:\/\/www.ofertassegurossalud.com\/es\/ofertas-seguros-de-electrodomesticos\/#breadcrumb","itemListElement":[{"@type":"ListItem","position":1,"name":"Portada","item":"https:\/\/www.ofertassegurossalud.com\/es\/"},{"@type":"ListItem","position":2,"name":"Ofertas en Seguros de Electrodom\u00e9sticos"}]},{"@type":"WebSite","@id":"https:\/\/www.ofertassegurossalud.com\/es\/#website","url":"https:\/\/www.ofertassegurossalud.com\/es\/","name":"Ofertas Seguros Salud","description":"Tu aseguradora de confianza con la garant\u00eda de calidad","potentialAction":[{"@type":"SearchAction","target":{"@type":"EntryPoint","urlTemplate":"https:\/\/www.ofertassegurossalud.com\/es\/?s={search_term_string}"},"query-input":{"@type":"PropertyValueSpecification","valueRequired":true,"valueName":"search_term_string"}}],"inLanguage":"es"}]}},"_links":{"self":[{"href":"https:\/\/www.ofertassegurossalud.com\/es\/wp-json\/wp\/v2\/pages\/2674","targetHints":{"allow":["GET"]}}],"collection":[{"href":"https:\/\/www.ofertassegurossalud.com\/es\/wp-json\/wp\/v2\/pages"}],"about":[{"href":"https:\/\/www.ofertassegurossalud.com\/es\/wp-json\/wp\/v2\/types\/page"}],"author":[{"embeddable":true,"href":"https:\/\/www.ofertassegurossalud.com\/es\/wp-json\/wp\/v2\/users\/1"}],"replies":[{"embeddable":true,"href":"https:\/\/www.ofertassegurossalud.com\/es\/wp-json\/wp\/v2\/comments?post=2674"}],"version-history":[{"count":38,"href":"https:\/\/www.ofertassegurossalud.com\/es\/wp-json\/wp\/v2\/pages\/2674\/revisions"}],"predecessor-version":[{"id":9743,"href":"https:\/\/www.ofertassegurossalud.com\/es\/wp-json\/wp\/v2\/pages\/2674\/revisions\/9743"}],"wp:attachment":[{"href":"https:\/\/www.ofertassegurossalud.com\/es\/wp-json\/wp\/v2\/media?parent=2674"}],"curies":[{"name":"wp","href":"https:\/\/api.w.org\/{rel}","templated":true}]}}