{"id":2591,"date":"2022-05-23T10:06:14","date_gmt":"2022-05-23T08:06:14","guid":{"rendered":"https:\/\/www.ofertassegurossalud.com\/?page_id=2591"},"modified":"2025-07-30T14:54:16","modified_gmt":"2025-07-30T12:54:16","slug":"seguros-de-mascotas","status":"publish","type":"page","link":"https:\/\/www.ofertassegurossalud.com\/es\/seguros-de-mascotas\/","title":{"rendered":"Ofertas en Seguros de Mascotas &#8211; Protecci\u00f3n para tu fiel amigo"},"content":{"rendered":"<div class=\"wpb-content-wrapper\"><p>[vc_row background_color=\u00bb#009ddd\u00bb padding_top=\u00bb0&#8243; padding_bottom=\u00bb0&#8243;][vc_column][vc_custom_heading text=\u00bbLas mejores ofertas en seguros de mascotas\u00bb font_container=\u00bbtag:h1|text_align:center|color:%23ffffff\u00bb use_theme_fonts=\u00bbyes\u00bb css_animation=\u00bbnone\u00bb css=\u00bb.vc_custom_1653292608214{margin-top: 20px !important;}\u00bb][\/vc_column][\/vc_row][vc_row full_width=\u00bbtrue\u00bb background_image=\u00bb2628&#8243; background_position=\u00bbright top\u00bb padding_top=\u00bb0&#8243; padding_bottom=\u00bb60&#8243; bg_type=\u00bbimage\u00bb parallax_style=\u00bbvcpb-default\u00bb bg_image_repeat=\u00bbno-repeat\u00bb bg_image_size=\u00bbcontain\u00bb][vc_column width=\u00bb1\/2&#8243;][vc_row_inner][vc_column_inner el_class=\u00bbpromoinfo\u00bb css=\u00bb.vc_custom_1718177674974{padding-top: 50px !important;padding-bottom: 25px !important;}\u00bb][vc_empty_space height=\u00bb412px\u00bb][\/vc_column_inner][\/vc_row_inner][\/vc_column][vc_column width=\u00bb1\/2&#8243;][\/vc_column][\/vc_row][vc_row full_width=\u00bbtrue\u00bb background_color=\u00bb#e9edf6&#8243; padding_bottom=\u00bb0&#8243;][vc_column][vc_row_inner][vc_column_inner]<div class='gap nz-clearfix' style='height:40px'>&nbsp;<\/div>[vc_custom_heading text=\u00bbAmplio cuadro veterinario y urgencias 24h\u00bb font_container=\u00bbtag:h2|font_size:32|text_align:center|color:%23009ddd\u00bb use_theme_fonts=\u00bbyes\u00bb]<div class='gap nz-clearfix' style='height:15px'>&nbsp;<\/div>[vc_separator color=\u00bbcustom\u00bb border_width=\u00bb2&#8243; el_width=\u00bb90&#8243; accent_color=\u00bb#009ddd\u00bb][\/vc_column_inner][\/vc_row_inner][vc_row_inner][vc_column_inner][vc_column_text pl=\u00bb60&#8243; pr=\u00bb60&#8243; pt=\u00bb\u00bb pb=\u00bb\u00bb]<\/p>\n<p style=\"text-align: center;\"><span style=\"color: #999999; line-height: 28px; font-size: 18px;\">Un seguro destinado a proteger el bienestar y la salud de tu perro o gato, por un precio muy econ\u00f3mico y sin diferencia en la prima por edad del animal.<\/span><\/p>\n<p style=\"text-align: center;\"><span style=\"color: #999999; line-height: 28px; font-size: 18px;\">Si tienes un perro o gato, de cualquier raza, con microchip, de m\u00e1s de tres meses y menos de 9 a\u00f1os, podr\u00e1s asegurarlo en SegurCaixa Adeslas, sin cuestionario, y elegir, en funci\u00f3n de tus necesidades, entre una modalidad B\u00e1sica, o Completa para contar con Asistencia veterinaria, acceso a un amplio cuadro veterinario a nivel nacional y urgencias 24 horas.<\/span><\/p>\n<p>[\/vc_column_text][\/vc_column_inner][\/vc_row_inner][\/vc_column][\/vc_row][vc_row full_width=\u00bbtrue\u00bb padding_top=\u00bb40&#8243;][vc_column width=\u00bb1\/3&#8243;][vc_icon icon_fontawesome=\u00bbfa fa-paw\u00bb color=\u00bbcustom\u00bb size=\u00bblg\u00bb align=\u00bbcenter\u00bb css=\u00bb.vc_custom_1653295432801{margin-bottom: 0px !important;}\u00bb custom_color=\u00bb#009ddd\u00bb]<div id=\"ultimate-heading-437869fb2790e1918\" class=\"uvc-heading ult-adjust-bottom-margin ultimate-heading-437869fb2790e1918 uvc-1606 \" data-hspacer=\"no_spacer\"  data-halign=\"center\" style=\"text-align:center\"><div class=\"uvc-heading-spacer no_spacer\" style=\"top\"><\/div><div class=\"uvc-main-heading ult-responsive\"  data-ultimate-target='.uvc-heading.ultimate-heading-437869fb2790e1918 h4'  data-responsive-json-new='{\"font-size\":\"\",\"line-height\":\"\"}' ><h4 style=\"font-weight:normal;\">Amplio cuadro veterinario<\/h4><\/div><div class=\"uvc-sub-heading ult-responsive\"  data-ultimate-target='.uvc-heading.ultimate-heading-437869fb2790e1918 .uvc-sub-heading '  data-responsive-json-new='{\"font-size\":\"desktop:15px;\",\"line-height\":\"desktop:25px;\"}'  style=\"font-weight:normal;\">a nivel nacional<\/div><\/div>[\/vc_column][vc_column width=\u00bb1\/3&#8243;][vc_icon icon_fontawesome=\u00bbfa fa-user-md\u00bb color=\u00bbcustom\u00bb size=\u00bblg\u00bb align=\u00bbcenter\u00bb css=\u00bb.vc_custom_1653295587208{margin-bottom: 0px !important;}\u00bb custom_color=\u00bb#009ddd\u00bb]<div id=\"ultimate-heading-435369fb2790e19c1\" class=\"uvc-heading ult-adjust-bottom-margin ultimate-heading-435369fb2790e19c1 uvc-410 \" data-hspacer=\"no_spacer\"  data-halign=\"center\" style=\"text-align:center\"><div class=\"uvc-heading-spacer no_spacer\" style=\"top\"><\/div><div class=\"uvc-main-heading ult-responsive\"  data-ultimate-target='.uvc-heading.ultimate-heading-435369fb2790e19c1 h4'  data-responsive-json-new='{\"font-size\":\"\",\"line-height\":\"\"}' ><h4 style=\"font-weight:normal;\">Orientaci\u00f3n veterinaria<\/h4><\/div><div class=\"uvc-sub-heading ult-responsive\"  data-ultimate-target='.uvc-heading.ultimate-heading-435369fb2790e19c1 .uvc-sub-heading '  data-responsive-json-new='{\"font-size\":\"desktop:15px;\",\"line-height\":\"desktop:25px;\"}'  style=\"font-weight:normal;\">por tel\u00e9fono<\/div><\/div>[\/vc_column][vc_column width=\u00bb1\/3&#8243;][vc_icon icon_fontawesome=\u00bbfa fa-clock-o\u00bb color=\u00bbcustom\u00bb size=\u00bblg\u00bb align=\u00bbcenter\u00bb css=\u00bb.vc_custom_1653295613393{margin-bottom: 0px !important;}\u00bb custom_color=\u00bb#009ddd\u00bb]<div id=\"ultimate-heading-835669fb2790e1a24\" class=\"uvc-heading ult-adjust-bottom-margin ultimate-heading-835669fb2790e1a24 uvc-6007 \" data-hspacer=\"no_spacer\"  data-halign=\"center\" style=\"text-align:center\"><div class=\"uvc-heading-spacer no_spacer\" style=\"top\"><\/div><div class=\"uvc-main-heading ult-responsive\"  data-ultimate-target='.uvc-heading.ultimate-heading-835669fb2790e1a24 h4'  data-responsive-json-new='{\"font-size\":\"\",\"line-height\":\"\"}' ><h4 style=\"font-weight:normal;\">Urgencias<\/h4><\/div><div class=\"uvc-sub-heading ult-responsive\"  data-ultimate-target='.uvc-heading.ultimate-heading-835669fb2790e1a24 .uvc-sub-heading '  data-responsive-json-new='{\"font-size\":\"desktop:15px;\",\"line-height\":\"desktop:25px;\"}'  style=\"font-weight:normal;\">24 horas<\/div><\/div>[\/vc_column][\/vc_row][vc_row full_width=\u00bbtrue\u00bb padding_top=\u00bb25&#8243; padding_bottom=\u00bb0&#8243;][vc_column width=\u00bb1\/2&#8243; pl=\u00bb10&#8243; pr=\u00bb10&#8243; pt=\u00bb10&#8243; pb=\u00bb10&#8243;][vc_row_inner][vc_column_inner][vc_single_image image=\u00bb2623&#8243; img_size=\u00bbfull\u00bb]<div class=\"ult_pricing_table_wrap ult_design_5  ult-cs-custom  \">\n\t\t\t\t\t<div class=\"ult_pricing_table \" style=\"background:#ffffff;color:#009ddd;\"><div id=\"price-table-wrap-5198\" class=\"ult_pricing_heading\" style=\"background:#009ddd;color:#ffffff;\">\n\t\t\t\t\t\t\t<h3 class=\"price-heading ult-responsive cust-headformat\"  data-ultimate-target='#price-table-wrap-5198 .cust-headformat'  data-responsive-json-new='{\"font-size\":\"\",\"line-height\":\"\"}'  style=\"font-weight:normal;\">SegurCaixa Mascotas modalidad B\u00c1SICA<\/h3><\/div><!--ult_pricing_heading--><div class=\"ult_price_body_block\" style=\"background:#009ddd;color:#ffffff;\">\n\t\t\t\t\t\t\t<div class=\"ult_price_body\">\n\t\t\t\t\t\t\t\t<div id=\"price-table-wrap-8520\"  class=\"ult_price\">\n\t\t\t\t\t\t\t\t\t<span  data-ultimate-target='#price-table-wrap-8520 .ult_price_figure'  data-responsive-json-new='{\"font-size\":\"\",\"line-height\":\"\"}'  class=\"ult_price_figure ult-responsive\" style=\"font-weight:normal;\"><\/span>\n\t\t\t\t\t\t\t\t\t<span  data-ultimate-target='#price-table-wrap-8520 .ult_price_term'  data-responsive-json-new='{\"font-size\":\"\",\"line-height\":\"\"}'  class=\"ult_price_term ult-responsive\" style=\"font-weight:normal;\"><\/span>\n\t\t\t\t\t\t\t\t<\/div>\n\t\t\t\t\t\t\t<\/div>\n\t\t\t\t\t\t<\/div><!--ult_price_body_block--><div id=\"price-table-features-wrap-6509\" class=\"ult_price_features ult-responsive\"  data-ultimate-target='#price-table-features-wrap-6509'  data-responsive-json-new='{\"font-size\":\"\",\"line-height\":\"\"}'  style=\"font-weight:normal;\">\n\t\t\t\t\t\t\t\n\t\t\t\t\t\t<\/div><!--ult_price_features--><div class=\"ult_clr\"><\/div>\n\t\t\t<\/div><!--pricing_table-->\n\t\t<\/div><!--pricing_table_wrap-->[\/vc_column_inner][\/vc_row_inner]<div class=\"nz-accordion \" data-collapsible=false><div class=\"false toggle-title nz-clearfix\"><span class=\"toggle-title-header\"><span>Coberturas<\/span><\/span><span class=\"arrow icon-plus4\"><\/span><\/div> <div id=\"coberturas\" class=\"toggle-content nz-clearfix\"><\/p>\n<ul>\n<li>Fallecimiento por accidente: hasta 1.000 \u20ac de capital\u200b.<\/li>\n<li>Robo: hasta 800 \u20ac de capital.<\/li>\n<li>Responsabilidad civil: hasta 200.000 \u20ac de capital.<\/li>\n<\/ul>\n<p><\/div><\/div> [\/vc_column][vc_column width=\u00bb1\/2&#8243; pl=\u00bb10&#8243; pr=\u00bb10&#8243; pt=\u00bb10&#8243; pb=\u00bb10&#8243;][vc_row_inner][vc_column_inner][vc_single_image image=\u00bb2621&#8243; img_size=\u00bbfull\u00bb]<div class=\"ult_pricing_table_wrap ult_design_5  ult-cs-custom  \">\n\t\t\t\t\t<div class=\"ult_pricing_table \" style=\"background:#ffffff;color:#009ddd;\"><div id=\"price-table-wrap-7331\" class=\"ult_pricing_heading\" style=\"background:#009ddd;color:#ffffff;\">\n\t\t\t\t\t\t\t<h3 class=\"price-heading ult-responsive cust-headformat\"  data-ultimate-target='#price-table-wrap-7331 .cust-headformat'  data-responsive-json-new='{\"font-size\":\"\",\"line-height\":\"\"}'  style=\"font-weight:normal;\">SegurCaixa Mascotas modalidad COMPLETA<\/h3><\/div><!--ult_pricing_heading--><div class=\"ult_price_body_block\" style=\"background:#009ddd;color:#ffffff;\">\n\t\t\t\t\t\t\t<div class=\"ult_price_body\">\n\t\t\t\t\t\t\t\t<div id=\"price-table-wrap-6929\"  class=\"ult_price\">\n\t\t\t\t\t\t\t\t\t<span  data-ultimate-target='#price-table-wrap-6929 .ult_price_figure'  data-responsive-json-new='{\"font-size\":\"\",\"line-height\":\"\"}'  class=\"ult_price_figure ult-responsive\" style=\"font-weight:normal;\"><\/span>\n\t\t\t\t\t\t\t\t\t<span  data-ultimate-target='#price-table-wrap-6929 .ult_price_term'  data-responsive-json-new='{\"font-size\":\"\",\"line-height\":\"\"}'  class=\"ult_price_term ult-responsive\" style=\"font-weight:normal;\"><\/span>\n\t\t\t\t\t\t\t\t<\/div>\n\t\t\t\t\t\t\t<\/div>\n\t\t\t\t\t\t<\/div><!--ult_price_body_block--><div id=\"price-table-features-wrap-7311\" class=\"ult_price_features ult-responsive\"  data-ultimate-target='#price-table-features-wrap-7311'  data-responsive-json-new='{\"font-size\":\"\",\"line-height\":\"\"}'  style=\"font-weight:normal;\">\n\t\t\t\t\t\t\t\n\t\t\t\t\t\t<\/div><!--ult_price_features--><div class=\"ult_clr\"><\/div>\n\t\t\t<\/div><!--pricing_table-->\n\t\t<\/div><!--pricing_table_wrap-->[\/vc_column_inner][\/vc_row_inner]<div class=\"nz-accordion \" data-collapsible=false><div class=\"false toggle-title nz-clearfix\"><span class=\"toggle-title-header\"><span>Coberturas<\/span><\/span><span class=\"arrow icon-plus4\"><\/span><\/div> <div id=\"coberturas\" class=\"toggle-content nz-clearfix\"><\/p>\n<ul>\n<li>Coberturas modalidad Ba\u0301sica.<\/li>\n<li>Fallecimiento por enfermedad: hasta 1.000 \u20ac de capital.<\/li>\n<li>Asistencia veterinaria.<\/li>\n<li>Un amplio cuadro veterinario de <a href=\"https:\/\/webblanca.aspad.es\/Step1.aspx?customer=caf6d80d3b9f1a0fa4067fb7daec538925dcb873\" target=\"_blank\" rel=\"noopener\">ma\u0301s de 300 cli\u0301nicas veterinarias con cobertura a nivel nacional<\/a>.<\/li>\n<li>Consultas veterinarias sin li\u0301mites.<\/li>\n<li>Revisiones y vacunacio\u0301n de la rabia gratuitas (excepto tasas oficiales).<\/li>\n<li>\u200bPrecios reducidos en el resto de servicios: castracio\u0301n, limpiezas de boca, etc.<\/li>\n<li>Sin periodo de carencia, salvo garanti\u0301a de fallecimiento por enfermedad que se aplicara\u0301 carencia de 6 meses.<\/li>\n<\/ul>\n<p><\/div><\/div> [\/vc_column][\/vc_row][vc_row full_width=\u00bbtrue\u00bb][vc_column]<div class=\"nz-accordion \" data-collapsible=false><div class=\"false toggle-title nz-clearfix\"><span class=\"toggle-title-header\"><span>Ventajas de asegurar con Adeslas<\/span><\/span><span class=\"arrow icon-plus4\"><\/span><\/div> <div id=\"ventajas-de-asegurar-con-adeslas\" class=\"toggle-content nz-clearfix\"><\/p>\n<h2>Las mejores condiciones para tu seguro de mascota.<\/h2>\n<ul>\n<li style=\"list-style-type: none;\">\n<ul>\n<li>Ofrecemos la mejor tarifa<\/li>\n<li>Sin cuestionario m\u00e9dico, sin l\u00edmites de razas ni carencias<\/li>\n<li>Una vez el animal ha superado los 9 a\u00f1os de vida, se mantiene la p\u00f3liza<\/li>\n<li>Cobertura de la responsabilidad civil para perros de razas potencialmente peligrosas<\/li>\n<li>Adeslas Mascotas Completa es la \u00fanica p\u00f3liza que cubre el fallecimiento por enfermedad<\/li>\n<li>T\u00fa decides como quieres pagarlo: puedes escoger entre una forma de pago anual, semestral, trimestral o mensual.<\/li>\n<\/ul>\n<\/li>\n<\/ul>\n<p><\/div><\/div> [\/vc_column][\/vc_row]<\/p>\n<\/div>","protected":false},"excerpt":{"rendered":"<p>[vc_row background_color=\u00bb#009ddd\u00bb padding_top=\u00bb0&#8243; padding_bottom=\u00bb0&#8243;][vc_column][vc_custom_heading text=\u00bbLas mejores ofertas en seguros de mascotas\u00bb font_container=\u00bbtag:h1|text_align:center|color:%23ffffff\u00bb use_theme_fonts=\u00bbyes\u00bb css_animation=\u00bbnone\u00bb css=\u00bb.vc_custom_1653292608214{margin-top: 20px !important;}\u00bb][\/vc_column][\/vc_row][vc_row full_width=\u00bbtrue\u00bb background_image=\u00bb2628&#8243; background_position=\u00bbright top\u00bb padding_top=\u00bb0&#8243; padding_bottom=\u00bb60&#8243; bg_type=\u00bbimage\u00bb parallax_style=\u00bbvcpb-default\u00bb bg_image_repeat=\u00bbno-repeat\u00bb bg_image_size=\u00bbcontain\u00bb][vc_column width=\u00bb1\/2&#8243;][vc_row_inner][vc_column_inner el_class=\u00bbpromoinfo\u00bb css=\u00bb.vc_custom_1718177674974{padding-top: 50px !important;padding-bottom: 25px !important;}\u00bb][vc_empty_space height=\u00bb412px\u00bb][\/vc_column_inner][\/vc_row_inner][\/vc_column][vc_column width=\u00bb1\/2&#8243;][\/vc_column][\/vc_row][vc_row full_width=\u00bbtrue\u00bb background_color=\u00bb#e9edf6&#8243; padding_bottom=\u00bb0&#8243;][vc_column][vc_row_inner][vc_column_inner][vc_custom_heading text=\u00bbAmplio cuadro veterinario y urgencias 24h\u00bb font_container=\u00bbtag:h2|font_size:32|text_align:center|color:%23009ddd\u00bb use_theme_fonts=\u00bbyes\u00bb][vc_separator color=\u00bbcustom\u00bb border_width=\u00bb2&#8243; el_width=\u00bb90&#8243; accent_color=\u00bb#009ddd\u00bb][\/vc_column_inner][\/vc_row_inner][vc_row_inner][vc_column_inner][vc_column_text pl=\u00bb60&#8243; pr=\u00bb60&#8243; pt=\u00bb\u00bb pb=\u00bb\u00bb] [&hellip;]<\/p>\n","protected":false},"author":1,"featured_media":0,"parent":0,"menu_order":0,"comment_status":"closed","ping_status":"closed","template":"","meta":{"_joinchat":[],"footnotes":""},"class_list":["post-2591","page","type-page","status-publish","hentry"],"yoast_head":"<!-- This site is optimized with the Yoast SEO plugin v24.9 - https:\/\/yoast.com\/wordpress\/plugins\/seo\/ -->\n<title>Ofertas en Seguros de Mascota - Protecci\u00f3n para tu fiel amigo<\/title>\n<meta name=\"description\" content=\"Tenemos las mejores ofertas en seguros de mascota con un amplio cuadro veterinario a nivel nacional, servicio de orientaci\u00f3n y urgencias 24h.\" \/>\n<meta name=\"robots\" content=\"index, follow, max-snippet:-1, max-image-preview:large, max-video-preview:-1\" \/>\n<link rel=\"canonical\" href=\"https:\/\/www.ofertassegurossalud.com\/es\/seguros-de-mascotas\/\" \/>\n<meta property=\"og:locale\" content=\"es_ES\" \/>\n<meta property=\"og:type\" content=\"article\" \/>\n<meta property=\"og:title\" content=\"Ofertas en Seguros de Mascota - Protecci\u00f3n para tu fiel amigo\" \/>\n<meta property=\"og:description\" content=\"Tenemos las mejores ofertas en seguros de mascota con un amplio cuadro veterinario a nivel nacional, servicio de orientaci\u00f3n y urgencias 24h.\" \/>\n<meta property=\"og:url\" content=\"https:\/\/www.ofertassegurossalud.com\/es\/seguros-de-mascotas\/\" \/>\n<meta property=\"og:site_name\" content=\"Ofertas Seguros Salud\" \/>\n<meta property=\"article:modified_time\" content=\"2025-07-30T12:54:16+00:00\" \/>\n<meta name=\"twitter:card\" content=\"summary_large_image\" \/>\n<meta name=\"twitter:label1\" content=\"Tiempo de lectura\" \/>\n\t<meta name=\"twitter:data1\" content=\"2 minutos\" \/>\n<script type=\"application\/ld+json\" class=\"yoast-schema-graph\">{\"@context\":\"https:\/\/schema.org\",\"@graph\":[{\"@type\":\"WebPage\",\"@id\":\"https:\/\/www.ofertassegurossalud.com\/es\/seguros-de-mascotas\/\",\"url\":\"https:\/\/www.ofertassegurossalud.com\/es\/seguros-de-mascotas\/\",\"name\":\"Ofertas en Seguros de Mascota - Protecci\u00f3n para tu fiel amigo\",\"isPartOf\":{\"@id\":\"https:\/\/www.ofertassegurossalud.com\/es\/#website\"},\"datePublished\":\"2022-05-23T08:06:14+00:00\",\"dateModified\":\"2025-07-30T12:54:16+00:00\",\"description\":\"Tenemos las mejores ofertas en seguros de mascota con un amplio cuadro veterinario a nivel nacional, servicio de orientaci\u00f3n y urgencias 24h.\",\"breadcrumb\":{\"@id\":\"https:\/\/www.ofertassegurossalud.com\/es\/seguros-de-mascotas\/#breadcrumb\"},\"inLanguage\":\"es\",\"potentialAction\":[{\"@type\":\"ReadAction\",\"target\":[\"https:\/\/www.ofertassegurossalud.com\/es\/seguros-de-mascotas\/\"]}]},{\"@type\":\"BreadcrumbList\",\"@id\":\"https:\/\/www.ofertassegurossalud.com\/es\/seguros-de-mascotas\/#breadcrumb\",\"itemListElement\":[{\"@type\":\"ListItem\",\"position\":1,\"name\":\"Portada\",\"item\":\"https:\/\/www.ofertassegurossalud.com\/es\/\"},{\"@type\":\"ListItem\",\"position\":2,\"name\":\"Ofertas en Seguros de Mascotas &#8211; Protecci\u00f3n para tu fiel amigo\"}]},{\"@type\":\"WebSite\",\"@id\":\"https:\/\/www.ofertassegurossalud.com\/es\/#website\",\"url\":\"https:\/\/www.ofertassegurossalud.com\/es\/\",\"name\":\"Ofertas Seguros Salud\",\"description\":\"Tu aseguradora de confianza con la garant\u00eda de calidad\",\"potentialAction\":[{\"@type\":\"SearchAction\",\"target\":{\"@type\":\"EntryPoint\",\"urlTemplate\":\"https:\/\/www.ofertassegurossalud.com\/es\/?s={search_term_string}\"},\"query-input\":{\"@type\":\"PropertyValueSpecification\",\"valueRequired\":true,\"valueName\":\"search_term_string\"}}],\"inLanguage\":\"es\"}]}<\/script>\n<!-- \/ Yoast SEO plugin. -->","yoast_head_json":{"title":"Ofertas en Seguros de Mascota - Protecci\u00f3n para tu fiel amigo","description":"Tenemos las mejores ofertas en seguros de mascota con un amplio cuadro veterinario a nivel nacional, servicio de orientaci\u00f3n y urgencias 24h.","robots":{"index":"index","follow":"follow","max-snippet":"max-snippet:-1","max-image-preview":"max-image-preview:large","max-video-preview":"max-video-preview:-1"},"canonical":"https:\/\/www.ofertassegurossalud.com\/es\/seguros-de-mascotas\/","og_locale":"es_ES","og_type":"article","og_title":"Ofertas en Seguros de Mascota - Protecci\u00f3n para tu fiel amigo","og_description":"Tenemos las mejores ofertas en seguros de mascota con un amplio cuadro veterinario a nivel nacional, servicio de orientaci\u00f3n y urgencias 24h.","og_url":"https:\/\/www.ofertassegurossalud.com\/es\/seguros-de-mascotas\/","og_site_name":"Ofertas Seguros Salud","article_modified_time":"2025-07-30T12:54:16+00:00","twitter_card":"summary_large_image","twitter_misc":{"Tiempo de lectura":"2 minutos"},"schema":{"@context":"https:\/\/schema.org","@graph":[{"@type":"WebPage","@id":"https:\/\/www.ofertassegurossalud.com\/es\/seguros-de-mascotas\/","url":"https:\/\/www.ofertassegurossalud.com\/es\/seguros-de-mascotas\/","name":"Ofertas en Seguros de Mascota - Protecci\u00f3n para tu fiel amigo","isPartOf":{"@id":"https:\/\/www.ofertassegurossalud.com\/es\/#website"},"datePublished":"2022-05-23T08:06:14+00:00","dateModified":"2025-07-30T12:54:16+00:00","description":"Tenemos las mejores ofertas en seguros de mascota con un amplio cuadro veterinario a nivel nacional, servicio de orientaci\u00f3n y urgencias 24h.","breadcrumb":{"@id":"https:\/\/www.ofertassegurossalud.com\/es\/seguros-de-mascotas\/#breadcrumb"},"inLanguage":"es","potentialAction":[{"@type":"ReadAction","target":["https:\/\/www.ofertassegurossalud.com\/es\/seguros-de-mascotas\/"]}]},{"@type":"BreadcrumbList","@id":"https:\/\/www.ofertassegurossalud.com\/es\/seguros-de-mascotas\/#breadcrumb","itemListElement":[{"@type":"ListItem","position":1,"name":"Portada","item":"https:\/\/www.ofertassegurossalud.com\/es\/"},{"@type":"ListItem","position":2,"name":"Ofertas en Seguros de Mascotas &#8211; Protecci\u00f3n para tu fiel amigo"}]},{"@type":"WebSite","@id":"https:\/\/www.ofertassegurossalud.com\/es\/#website","url":"https:\/\/www.ofertassegurossalud.com\/es\/","name":"Ofertas Seguros Salud","description":"Tu aseguradora de confianza con la garant\u00eda de calidad","potentialAction":[{"@type":"SearchAction","target":{"@type":"EntryPoint","urlTemplate":"https:\/\/www.ofertassegurossalud.com\/es\/?s={search_term_string}"},"query-input":{"@type":"PropertyValueSpecification","valueRequired":true,"valueName":"search_term_string"}}],"inLanguage":"es"}]}},"_links":{"self":[{"href":"https:\/\/www.ofertassegurossalud.com\/es\/wp-json\/wp\/v2\/pages\/2591","targetHints":{"allow":["GET"]}}],"collection":[{"href":"https:\/\/www.ofertassegurossalud.com\/es\/wp-json\/wp\/v2\/pages"}],"about":[{"href":"https:\/\/www.ofertassegurossalud.com\/es\/wp-json\/wp\/v2\/types\/page"}],"author":[{"embeddable":true,"href":"https:\/\/www.ofertassegurossalud.com\/es\/wp-json\/wp\/v2\/users\/1"}],"replies":[{"embeddable":true,"href":"https:\/\/www.ofertassegurossalud.com\/es\/wp-json\/wp\/v2\/comments?post=2591"}],"version-history":[{"count":70,"href":"https:\/\/www.ofertassegurossalud.com\/es\/wp-json\/wp\/v2\/pages\/2591\/revisions"}],"predecessor-version":[{"id":9746,"href":"https:\/\/www.ofertassegurossalud.com\/es\/wp-json\/wp\/v2\/pages\/2591\/revisions\/9746"}],"wp:attachment":[{"href":"https:\/\/www.ofertassegurossalud.com\/es\/wp-json\/wp\/v2\/media?parent=2591"}],"curies":[{"name":"wp","href":"https:\/\/api.w.org\/{rel}","templated":true}]}}