{"id":2076,"date":"2022-03-14T13:33:10","date_gmt":"2022-03-14T13:33:10","guid":{"rendered":"https:\/\/www.ofertassegurossalud.com\/?page_id=2076"},"modified":"2024-01-15T17:57:00","modified_gmt":"2024-01-15T15:57:00","slug":"adeslas","status":"publish","type":"page","link":"https:\/\/www.ofertassegurossalud.com\/es\/adeslas\/","title":{"rendered":"Agentes exclusivos de seguros Adeslas &#8211; Sonia Piedrabuena"},"content":{"rendered":"<div class=\"wpb-content-wrapper\"><p>[vc_row id=\u00bbmain-heading\u00bb background_color=\u00bb#009ddd\u00bb padding_bottom=\u00bb0&#8243;][vc_column][vc_custom_heading text=\u00bbSomos tu agente de seguros de salud\u00bb font_container=\u00bbtag:h1|text_align:center|color:%23ffffff\u00bb use_theme_fonts=\u00bbyes\u00bb css_animation=\u00bbnone\u00bb css=\u00bb.vc_custom_1671437173235{margin-top: 0px !important;}\u00bb][\/vc_column][\/vc_row][vc_row full_width=\u00bbtrue\u00bb background_image=\u00bb1618&#8243; background_position=\u00bbCenter center\u00bb padding_top=\u00bb0&#8243; padding_bottom=\u00bb50&#8243;][vc_column][vc_row_inner][vc_column_inner width=\u00bb1\/4&#8243;][\/vc_column_inner][vc_column_inner width=\u00bb1\/2&#8243;]<div class='gap nz-clearfix' style='height:60px'>&nbsp;<\/div><div class=\"uavc-list-icon uavc-list-icon-wrapper ult-adjust-bottom-margin   vc_custom_1508927355779  vc_custom_1508927355779\"><ul class=\"uavc-list\"><li><div class=\"uavc-list-content\" id=\"list-icon-wrap-2930\">\n<div class=\"uavc-list-icon  \" data-animation=\"\" data-animation-delay=\"03\" style=\"margin-right:5px;\"><div class=\"ult-just-icon-wrapper  \"><div class=\"align-icon\" style=\"text-align:center;\">\n<div class=\"aio-icon square \"  style=\"color:#ffffff;background:#009ddd;font-size:16px;display:inline-block;\">\n\t<i class=\"Defaults-check\"><\/i>\n<\/div><\/div><\/div>\n<\/div><span  data-ultimate-target='#list-icon-wrap-2930 .uavc-list-desc'  data-responsive-json-new='{\"font-size\":\"\",\"line-height\":\"\"}'  class=\"uavc-list-desc ult-responsive\" style=\"\"><span style=\"font-size: 20px; color: #009ddd;\">Autorizaciones directas<\/span><\/span><\/div><\/li><li><div class=\"uavc-list-content\" id=\"list-icon-wrap-2043\">\n<div class=\"uavc-list-icon  \" data-animation=\"\" data-animation-delay=\"03\" style=\"margin-right:5px;\"><div class=\"ult-just-icon-wrapper  \"><div class=\"align-icon\" style=\"text-align:center;\">\n<div class=\"aio-icon square \"  style=\"color:#ffffff;background:#009ddd;font-size:16px;display:inline-block;\">\n\t<i class=\"Defaults-check\"><\/i>\n<\/div><\/div><\/div>\n<\/div><span  data-ultimate-target='#list-icon-wrap-2043 .uavc-list-desc'  data-responsive-json-new='{\"font-size\":\"\",\"line-height\":\"\"}'  class=\"uavc-list-desc ult-responsive\" style=\"\"><span style=\"font-size: 20px; color: #009ddd;\">Consulta de especialistas y orientaci\u00f3n m\u00e9dica.<\/span><\/span><\/div><\/li><li><div class=\"uavc-list-content\" id=\"list-icon-wrap-6162\">\n<div class=\"uavc-list-icon  \" data-animation=\"\" data-animation-delay=\"03\" style=\"margin-right:5px;\"><div class=\"ult-just-icon-wrapper  \"><div class=\"align-icon\" style=\"text-align:center;\">\n<div class=\"aio-icon square \"  style=\"color:#ffffff;background:#009ddd;font-size:16px;display:inline-block;\">\n\t<i class=\"Defaults-check\"><\/i>\n<\/div><\/div><\/div>\n<\/div><span  data-ultimate-target='#list-icon-wrap-6162 .uavc-list-desc'  data-responsive-json-new='{\"font-size\":\"\",\"line-height\":\"\"}'  class=\"uavc-list-desc ult-responsive\" style=\"\"><span style=\"font-size: 20px; color: #009ddd;\">Consulta y env\u00edos de cuadros m\u00e9dicos anualmente<\/span><\/span><\/div><\/li><li><div class=\"uavc-list-content\" id=\"list-icon-wrap-5063\">\n<div class=\"uavc-list-icon  \" data-animation=\"\" data-animation-delay=\"03\" style=\"margin-right:5px;\"><div class=\"ult-just-icon-wrapper  \"><div class=\"align-icon\" style=\"text-align:center;\">\n<div class=\"aio-icon square \"  style=\"color:#ffffff;background:#009ddd;font-size:16px;display:inline-block;\">\n\t<i class=\"Defaults-check\"><\/i>\n<\/div><\/div><\/div>\n<\/div><span  data-ultimate-target='#list-icon-wrap-5063 .uavc-list-desc'  data-responsive-json-new='{\"font-size\":\"\",\"line-height\":\"\"}'  class=\"uavc-list-desc ult-responsive\" style=\"\"><span style=\"font-size: 20px; color: #009ddd;\">Urgencias m\u00e9dicas<\/span><\/span><\/div><\/li><li><div class=\"uavc-list-content\" id=\"list-icon-wrap-9758\">\n<div class=\"uavc-list-icon  \" data-animation=\"\" data-animation-delay=\"03\" style=\"margin-right:5px;\"><div class=\"ult-just-icon-wrapper  \"><div class=\"align-icon\" style=\"text-align:center;\">\n<div class=\"aio-icon square \"  style=\"color:#ffffff;background:#009ddd;font-size:16px;display:inline-block;\">\n\t<i class=\"Defaults-check\"><\/i>\n<\/div><\/div><\/div>\n<\/div><span  data-ultimate-target='#list-icon-wrap-9758 .uavc-list-desc'  data-responsive-json-new='{\"font-size\":\"\",\"line-height\":\"\"}'  class=\"uavc-list-desc ult-responsive\" style=\"\"><span style=\"font-size: 20px; color: #009ddd;\">Gesti\u00f3n de las mismas personas en la oficina<\/span><\/span><\/div><\/li><\/ul><\/div>[\/vc_column_inner][vc_column_inner width=\u00bb1\/4&#8243;][\/vc_column_inner][\/vc_row_inner][\/vc_column][\/vc_row][vc_row full_width=\u00bbtrue\u00bb background_color=\u00bb#e9eef5&#8243; padding_bottom=\u00bb50&#8243;][vc_column][vc_row_inner][vc_column_inner]<div class='gap nz-clearfix' style='height:40px'>&nbsp;<\/div>[vc_custom_heading text=\u00bbConoce nuestro equipo de profesionales\u00bb font_container=\u00bbtag:h2|font_size:32|text_align:center|color:%23009ddd\u00bb use_theme_fonts=\u00bbyes\u00bb]<div class='gap nz-clearfix' style='height:15px'>&nbsp;<\/div>[vc_separator color=\u00bbcustom\u00bb border_width=\u00bb2&#8243; el_width=\u00bb80&#8243; accent_color=\u00bb#009ddd\u00bb][\/vc_column_inner][\/vc_row_inner][vc_row_inner][vc_column_inner][vc_column_text pl=\u00bb120&#8243; pr=\u00bb120&#8243;]<\/p>\n<p style=\"text-align: center;\"><span style=\"color: #777777; font-size: 18px; line-height: 28px;\">A trav\u00e9s de nuestra oficina, podr\u00e1n conocer una amplia gama de Seguros tanto para Particulares, Familias y Aut\u00f3nomos, como para Grandes Empresas y Colectivos.<\/span><\/p>\n<p style=\"text-align: center;\"><span style=\"color: #777777; font-size: 18px; line-height: 28px;\">Trabajamos cada d\u00eda para poder ofrecerle un Servicio de Confianza totalmente Personalizado, adapt\u00e1ndonos a sus necesidades tanto familiares, como empresariales.<\/span><\/p>\n<p>[\/vc_column_text]<div class='gap nz-clearfix' style='height:25px'>&nbsp;<\/div>[\/vc_column_inner][\/vc_row_inner][\/vc_column][\/vc_row][vc_row full_width=\u00bbtrue\u00bb][vc_column]<div class=\"nz-accordion \" data-collapsible=false><div class=\"false toggle-title nz-clearfix\"><span class=\"toggle-title-header\"><span>Servicio de confianza<\/span><\/span><span class=\"arrow icon-plus4\"><\/span><\/div> <div id=\"servicio-de-confianza\" class=\"toggle-content nz-clearfix\">A trav\u00e9s de nuestra oficina, podr\u00e1n conocer una amplia gama de Seguros tanto para Particulares, Familias y Aut\u00f3nomos, como para Grandes Empresas y Colectivos.<\/p>\n<p>Trabajamos cada d\u00eda para poder ofrecerle un Servicio de Confianza totalmente Personalizado, adapt\u00e1ndonos a sus necesidades tanto familiares, como empresariales.<\/p>\n<p>A trav\u00e9s de nuestra oficina, podr\u00e1n conocer una amplia gama de Seguros tanto para Particulares, Familias y Aut\u00f3nomos, como para Grandes Empresas y Colectivos.<\/p>\n<p>Trabajamos cada d\u00eda para poder ofrecerle un Servicio de Confianza totalmente Personalizado, adapt\u00e1ndonos a sus necesidades tanto familiares, como empresariales.<\/div><div class=\"false toggle-title nz-clearfix\"><span class=\"toggle-title-header\"><span>Un objetivo firme<\/span><\/span><span class=\"arrow icon-plus4\"><\/span><\/div> <div id=\"un-objetivo-firme\" class=\"toggle-content nz-clearfix\">Nuestro objetivo es ofrecer un Servicio de proximidad y que puedan asesorarse siempre con las mismas personas de nuestra oficina, en funci\u00f3n de sus necesidades.<\/div><div class=\"false toggle-title nz-clearfix\"><span class=\"toggle-title-header\"><span>Un agente de seguros personal<\/span><\/span><span class=\"arrow icon-plus4\"><\/span><\/div> <div id=\"un-agente-de-seguros-personal\" class=\"toggle-content nz-clearfix\">Tendr\u00e1n a su disposici\u00f3n su Propio Agente, una persona que les tramitar\u00e1 las autorizaciones y cualquier cambio administrativo que requieran y un tel\u00e9fono de consultas o consejo m\u00e9dico.<\/p>\n<p>Contratar a trav\u00e9s de nuestro tiene muchas ventajas, siempre haciendo hincapi\u00e9 en el Servicio Post venta para que cualquier duda o siniestro se gestione de la manera m\u00e1s \u00e1gil posible.<\/div><\/div> [\/vc_column][\/vc_row][vc_row full_width=\u00bbtrue\u00bb][vc_column][vc_row_inner][vc_column_inner width=\u00bb1\/3&#8243;]<div class=\"uavc-list-icon uavc-list-icon-wrapper ult-adjust-bottom-margin   \"><ul class=\"uavc-list\"><li><div class=\"uavc-list-content\" id=\"list-icon-wrap-9320\">\n<div class=\"uavc-list-icon  \" data-animation=\"\" data-animation-delay=\"03\" style=\"margin-right:10px;\"><div class=\"ult-just-icon-wrapper  \"><div class=\"align-icon\" style=\"text-align:center;\">\n<div class=\"aio-icon square \"  style=\"color:#ffffff;background:#099ddd;font-size:10px;display:inline-block;\">\n\t<i class=\"Defaults-check\"><\/i>\n<\/div><\/div><\/div>\n<\/div><span  data-ultimate-target='#list-icon-wrap-9320 .uavc-list-desc'  data-responsive-json-new='{\"font-size\":\"\",\"line-height\":\"\"}'  class=\"uavc-list-desc ult-responsive\" style=\"\">Autorizaciones directas<\/span><\/div><\/li><li><div class=\"uavc-list-content\" id=\"list-icon-wrap-7425\">\n<div class=\"uavc-list-icon  \" data-animation=\"\" data-animation-delay=\"03\" style=\"margin-right:10px;\"><div class=\"ult-just-icon-wrapper  \"><div class=\"align-icon\" style=\"text-align:center;\">\n<div class=\"aio-icon square \"  style=\"color:#ffffff;background:#099ddd;font-size:10px;display:inline-block;\">\n\t<i class=\"Defaults-check\"><\/i>\n<\/div><\/div><\/div>\n<\/div><span  data-ultimate-target='#list-icon-wrap-7425 .uavc-list-desc'  data-responsive-json-new='{\"font-size\":\"\",\"line-height\":\"\"}'  class=\"uavc-list-desc ult-responsive\" style=\"\">Descuento en campa\u00f1as en el resto de seguros<\/span><\/div><\/li><li><div class=\"uavc-list-content\" id=\"list-icon-wrap-4722\">\n<div class=\"uavc-list-icon  \" data-animation=\"\" data-animation-delay=\"03\" style=\"margin-right:10px;\"><div class=\"ult-just-icon-wrapper  \"><div class=\"align-icon\" style=\"text-align:center;\">\n<div class=\"aio-icon square \"  style=\"color:#ffffff;background:#099ddd;font-size:10px;display:inline-block;\">\n\t<i class=\"Defaults-check\"><\/i>\n<\/div><\/div><\/div>\n<\/div><span  data-ultimate-target='#list-icon-wrap-4722 .uavc-list-desc'  data-responsive-json-new='{\"font-size\":\"\",\"line-height\":\"\"}'  class=\"uavc-list-desc ult-responsive\" style=\"\">Orientaci\u00f3n m\u00e9dica neur\u00f3logos, oncolog\u00eda<\/span><\/div><\/li><li><div class=\"uavc-list-content\" id=\"list-icon-wrap-2792\">\n<div class=\"uavc-list-icon  \" data-animation=\"\" data-animation-delay=\"03\" style=\"margin-right:10px;\"><div class=\"ult-just-icon-wrapper  \"><div class=\"align-icon\" style=\"text-align:center;\">\n<div class=\"aio-icon square \"  style=\"color:#ffffff;background:#099ddd;font-size:10px;display:inline-block;\">\n\t<i class=\"Defaults-check\"><\/i>\n<\/div><\/div><\/div>\n<\/div><span  data-ultimate-target='#list-icon-wrap-2792 .uavc-list-desc'  data-responsive-json-new='{\"font-size\":\"\",\"line-height\":\"\"}'  class=\"uavc-list-desc ult-responsive\" style=\"\">Urgencias<\/span><\/div><\/li><\/ul><\/div>[\/vc_column_inner][vc_column_inner width=\u00bb1\/3&#8243;]<div class=\"uavc-list-icon uavc-list-icon-wrapper ult-adjust-bottom-margin   \"><ul class=\"uavc-list\"><li><div class=\"uavc-list-content\" id=\"list-icon-wrap-4572\">\n<div class=\"uavc-list-icon  \" data-animation=\"\" data-animation-delay=\"03\" style=\"margin-right:10px;\"><div class=\"ult-just-icon-wrapper  \"><div class=\"align-icon\" style=\"text-align:center;\">\n<div class=\"aio-icon square \"  style=\"color:#ffffff;background:#099ddd;font-size:10px;display:inline-block;\">\n\t<i class=\"Defaults-check\"><\/i>\n<\/div><\/div><\/div>\n<\/div><span  data-ultimate-target='#list-icon-wrap-4572 .uavc-list-desc'  data-responsive-json-new='{\"font-size\":\"\",\"line-height\":\"\"}'  class=\"uavc-list-desc ult-responsive\" style=\"\">Dudas de servicio<\/span><\/div><\/li><li><div class=\"uavc-list-content\" id=\"list-icon-wrap-9568\">\n<div class=\"uavc-list-icon  \" data-animation=\"\" data-animation-delay=\"03\" style=\"margin-right:10px;\"><div class=\"ult-just-icon-wrapper  \"><div class=\"align-icon\" style=\"text-align:center;\">\n<div class=\"aio-icon square \"  style=\"color:#ffffff;background:#099ddd;font-size:10px;display:inline-block;\">\n\t<i class=\"Defaults-check\"><\/i>\n<\/div><\/div><\/div>\n<\/div><span  data-ultimate-target='#list-icon-wrap-9568 .uavc-list-desc'  data-responsive-json-new='{\"font-size\":\"\",\"line-height\":\"\"}'  class=\"uavc-list-desc ult-responsive\" style=\"\">Consulta y env\u00edos de cuadros m\u00e9dico<\/span><\/div><\/li><li><div class=\"uavc-list-content\" id=\"list-icon-wrap-7096\">\n<div class=\"uavc-list-icon  \" data-animation=\"\" data-animation-delay=\"03\" style=\"margin-right:10px;\"><div class=\"ult-just-icon-wrapper  \"><div class=\"align-icon\" style=\"text-align:center;\">\n<div class=\"aio-icon square \"  style=\"color:#ffffff;background:#099ddd;font-size:10px;display:inline-block;\">\n\t<i class=\"Defaults-check\"><\/i>\n<\/div><\/div><\/div>\n<\/div><span  data-ultimate-target='#list-icon-wrap-7096 .uavc-list-desc'  data-responsive-json-new='{\"font-size\":\"\",\"line-height\":\"\"}'  class=\"uavc-list-desc ult-responsive\" style=\"\">Cambios de domicilio<\/span><\/div><\/li><li><div class=\"uavc-list-content\" id=\"list-icon-wrap-1171\">\n<div class=\"uavc-list-icon  \" data-animation=\"\" data-animation-delay=\"03\" style=\"margin-right:10px;\"><div class=\"ult-just-icon-wrapper  \"><div class=\"align-icon\" style=\"text-align:center;\">\n<div class=\"aio-icon square \"  style=\"color:#ffffff;background:#099ddd;font-size:10px;display:inline-block;\">\n\t<i class=\"Defaults-check\"><\/i>\n<\/div><\/div><\/div>\n<\/div><span  data-ultimate-target='#list-icon-wrap-1171 .uavc-list-desc'  data-responsive-json-new='{\"font-size\":\"\",\"line-height\":\"\"}'  class=\"uavc-list-desc ult-responsive\" style=\"\">Recibos<\/span><\/div><\/li><\/ul><\/div>[\/vc_column_inner][vc_column_inner width=\u00bb1\/3&#8243;]<div class=\"uavc-list-icon uavc-list-icon-wrapper ult-adjust-bottom-margin   \"><ul class=\"uavc-list\"><li><div class=\"uavc-list-content\" id=\"list-icon-wrap-2187\">\n<div class=\"uavc-list-icon  \" data-animation=\"\" data-animation-delay=\"03\" style=\"margin-right:10px;\"><div class=\"ult-just-icon-wrapper  \"><div class=\"align-icon\" style=\"text-align:center;\">\n<div class=\"aio-icon square \"  style=\"color:#ffffff;background:#099ddd;font-size:10px;display:inline-block;\">\n\t<i class=\"Defaults-check\"><\/i>\n<\/div><\/div><\/div>\n<\/div><span  data-ultimate-target='#list-icon-wrap-2187 .uavc-list-desc'  data-responsive-json-new='{\"font-size\":\"\",\"line-height\":\"\"}'  class=\"uavc-list-desc ult-responsive\" style=\"\">Duplicados de tarjetas o cambios administrativos<\/span><\/div><\/li><li><div class=\"uavc-list-content\" id=\"list-icon-wrap-8310\">\n<div class=\"uavc-list-icon  \" data-animation=\"\" data-animation-delay=\"03\" style=\"margin-right:10px;\"><div class=\"ult-just-icon-wrapper  \"><div class=\"align-icon\" style=\"text-align:center;\">\n<div class=\"aio-icon square \"  style=\"color:#ffffff;background:#099ddd;font-size:10px;display:inline-block;\">\n\t<i class=\"Defaults-check\"><\/i>\n<\/div><\/div><\/div>\n<\/div><span  data-ultimate-target='#list-icon-wrap-8310 .uavc-list-desc'  data-responsive-json-new='{\"font-size\":\"\",\"line-height\":\"\"}'  class=\"uavc-list-desc ult-responsive\" style=\"\">Consulta de especialistas<\/span><\/div><\/li><li><div class=\"uavc-list-content\" id=\"list-icon-wrap-3104\">\n<div class=\"uavc-list-icon  \" data-animation=\"\" data-animation-delay=\"03\" style=\"margin-right:10px;\"><div class=\"ult-just-icon-wrapper  \"><div class=\"align-icon\" style=\"text-align:center;\">\n<div class=\"aio-icon square \"  style=\"color:#ffffff;background:#099ddd;font-size:10px;display:inline-block;\">\n\t<i class=\"Defaults-check\"><\/i>\n<\/div><\/div><\/div>\n<\/div><span  data-ultimate-target='#list-icon-wrap-3104 .uavc-list-desc'  data-responsive-json-new='{\"font-size\":\"\",\"line-height\":\"\"}'  class=\"uavc-list-desc ult-responsive\" style=\"\">Asesoramiento t\u00e9cnico<\/span><\/div><\/li><li><div class=\"uavc-list-content\" id=\"list-icon-wrap-6586\">\n<div class=\"uavc-list-icon  \" data-animation=\"\" data-animation-delay=\"03\" style=\"margin-right:10px;\"><div class=\"ult-just-icon-wrapper  \"><div class=\"align-icon\" style=\"text-align:center;\">\n<div class=\"aio-icon square \"  style=\"color:#ffffff;background:#099ddd;font-size:10px;display:inline-block;\">\n\t<i class=\"Defaults-check\"><\/i>\n<\/div><\/div><\/div>\n<\/div><span  data-ultimate-target='#list-icon-wrap-6586 .uavc-list-desc'  data-responsive-json-new='{\"font-size\":\"\",\"line-height\":\"\"}'  class=\"uavc-list-desc ult-responsive\" style=\"\">Cobertura en toda Espa\u00f1a<\/span><\/div><\/li><\/ul><\/div>[\/vc_column_inner][\/vc_row_inner][\/vc_column][\/vc_row][vc_row][vc_column][vc_row_inner][vc_column_inner][vc_custom_heading text=\u00bbColaboramos con asociaciones de confianza\u00bb font_container=\u00bbtag:h2|font_size:26|text_align:center|color:%23009ddd\u00bb use_theme_fonts=\u00bbyes\u00bb]<div class='gap nz-clearfix' style='height:15px'>&nbsp;<\/div>[vc_separator color=\u00bbcustom\u00bb border_width=\u00bb2&#8243; el_width=\u00bb70&#8243; accent_color=\u00bb#009ddd\u00bb][\/vc_column_inner][\/vc_row_inner][vc_row_inner][vc_column_inner width=\u00bb1\/2&#8243;][vc_single_image image=\u00bb1498&#8243; img_size=\u00bbfull\u00bb alignment=\u00bbcenter\u00bb][\/vc_column_inner][vc_column_inner width=\u00bb1\/2&#8243;][vc_single_image image=\u00bb1499&#8243; img_size=\u00bbfull\u00bb alignment=\u00bbcenter\u00bb][\/vc_column_inner][\/vc_row_inner][\/vc_column][\/vc_row]<\/p>\n<\/div>","protected":false},"excerpt":{"rendered":"<p>[vc_row id=\u00bbmain-heading\u00bb background_color=\u00bb#009ddd\u00bb padding_bottom=\u00bb0&#8243;][vc_column][vc_custom_heading text=\u00bbSomos tu agente de seguros de salud\u00bb font_container=\u00bbtag:h1|text_align:center|color:%23ffffff\u00bb use_theme_fonts=\u00bbyes\u00bb css_animation=\u00bbnone\u00bb css=\u00bb.vc_custom_1671437173235{margin-top: 0px !important;}\u00bb][\/vc_column][\/vc_row][vc_row full_width=\u00bbtrue\u00bb background_image=\u00bb1618&#8243; background_position=\u00bbCenter center\u00bb padding_top=\u00bb0&#8243; padding_bottom=\u00bb50&#8243;][vc_column][vc_row_inner][vc_column_inner width=\u00bb1\/4&#8243;][\/vc_column_inner][vc_column_inner width=\u00bb1\/2&#8243;][\/vc_column_inner][vc_column_inner width=\u00bb1\/4&#8243;][\/vc_column_inner][\/vc_row_inner][\/vc_column][\/vc_row][vc_row full_width=\u00bbtrue\u00bb background_color=\u00bb#e9eef5&#8243; padding_bottom=\u00bb50&#8243;][vc_column][vc_row_inner][vc_column_inner][vc_custom_heading text=\u00bbConoce nuestro equipo de profesionales\u00bb font_container=\u00bbtag:h2|font_size:32|text_align:center|color:%23009ddd\u00bb use_theme_fonts=\u00bbyes\u00bb][vc_separator color=\u00bbcustom\u00bb border_width=\u00bb2&#8243; el_width=\u00bb80&#8243; accent_color=\u00bb#009ddd\u00bb][\/vc_column_inner][\/vc_row_inner][vc_row_inner][vc_column_inner][vc_column_text pl=\u00bb120&#8243; pr=\u00bb120&#8243;] A trav\u00e9s de nuestra oficina, podr\u00e1n conocer una amplia gama de Seguros tanto [&hellip;]<\/p>\n","protected":false},"author":1,"featured_media":0,"parent":0,"menu_order":0,"comment_status":"closed","ping_status":"closed","template":"","meta":{"_joinchat":[],"footnotes":""},"class_list":["post-2076","page","type-page","status-publish","hentry"],"yoast_head":"<!-- This site is optimized with the Yoast SEO plugin v24.9 - https:\/\/yoast.com\/wordpress\/plugins\/seo\/ -->\n<title>Agentes exclusivos de seguros Adeslas - Sonia Piedrabuena<\/title>\n<meta name=\"description\" content=\"Sonia Piedrabuena, agente exclusivo de seguros Adeslas, servicios seguros por todo el pa\u00eds para particulares y empresas con servicio postventa.\" \/>\n<meta name=\"robots\" content=\"index, follow, max-snippet:-1, max-image-preview:large, max-video-preview:-1\" \/>\n<link rel=\"canonical\" href=\"https:\/\/www.ofertassegurossalud.com\/es\/adeslas\/\" \/>\n<meta property=\"og:locale\" content=\"es_ES\" \/>\n<meta property=\"og:type\" content=\"article\" \/>\n<meta property=\"og:title\" content=\"Agentes exclusivos de seguros Adeslas - Sonia Piedrabuena\" \/>\n<meta property=\"og:description\" content=\"Sonia Piedrabuena, agente exclusivo de seguros Adeslas, servicios seguros por todo el pa\u00eds para particulares y empresas con servicio postventa.\" \/>\n<meta property=\"og:url\" content=\"https:\/\/www.ofertassegurossalud.com\/es\/adeslas\/\" \/>\n<meta property=\"og:site_name\" content=\"Ofertas Seguros Salud\" \/>\n<meta property=\"article:modified_time\" content=\"2024-01-15T15:57:00+00:00\" \/>\n<meta name=\"twitter:card\" content=\"summary_large_image\" \/>\n<meta name=\"twitter:label1\" content=\"Tiempo de lectura\" \/>\n\t<meta name=\"twitter:data1\" content=\"3 minutos\" \/>\n<script type=\"application\/ld+json\" class=\"yoast-schema-graph\">{\"@context\":\"https:\/\/schema.org\",\"@graph\":[{\"@type\":\"WebPage\",\"@id\":\"https:\/\/www.ofertassegurossalud.com\/es\/adeslas\/\",\"url\":\"https:\/\/www.ofertassegurossalud.com\/es\/adeslas\/\",\"name\":\"Agentes exclusivos de seguros Adeslas - Sonia Piedrabuena\",\"isPartOf\":{\"@id\":\"https:\/\/www.ofertassegurossalud.com\/es\/#website\"},\"datePublished\":\"2022-03-14T13:33:10+00:00\",\"dateModified\":\"2024-01-15T15:57:00+00:00\",\"description\":\"Sonia Piedrabuena, agente exclusivo de seguros Adeslas, servicios seguros por todo el pa\u00eds para particulares y empresas con servicio postventa.\",\"breadcrumb\":{\"@id\":\"https:\/\/www.ofertassegurossalud.com\/es\/adeslas\/#breadcrumb\"},\"inLanguage\":\"es\",\"potentialAction\":[{\"@type\":\"ReadAction\",\"target\":[\"https:\/\/www.ofertassegurossalud.com\/es\/adeslas\/\"]}]},{\"@type\":\"BreadcrumbList\",\"@id\":\"https:\/\/www.ofertassegurossalud.com\/es\/adeslas\/#breadcrumb\",\"itemListElement\":[{\"@type\":\"ListItem\",\"position\":1,\"name\":\"Portada\",\"item\":\"https:\/\/www.ofertassegurossalud.com\/es\/\"},{\"@type\":\"ListItem\",\"position\":2,\"name\":\"Agentes exclusivos de seguros Adeslas &#8211; Sonia Piedrabuena\"}]},{\"@type\":\"WebSite\",\"@id\":\"https:\/\/www.ofertassegurossalud.com\/es\/#website\",\"url\":\"https:\/\/www.ofertassegurossalud.com\/es\/\",\"name\":\"Ofertas Seguros Salud\",\"description\":\"Tu aseguradora de confianza con la garant\u00eda de calidad\",\"potentialAction\":[{\"@type\":\"SearchAction\",\"target\":{\"@type\":\"EntryPoint\",\"urlTemplate\":\"https:\/\/www.ofertassegurossalud.com\/es\/?s={search_term_string}\"},\"query-input\":{\"@type\":\"PropertyValueSpecification\",\"valueRequired\":true,\"valueName\":\"search_term_string\"}}],\"inLanguage\":\"es\"}]}<\/script>\n<!-- \/ Yoast SEO plugin. -->","yoast_head_json":{"title":"Agentes exclusivos de seguros Adeslas - Sonia Piedrabuena","description":"Sonia Piedrabuena, agente exclusivo de seguros Adeslas, servicios seguros por todo el pa\u00eds para particulares y empresas con servicio postventa.","robots":{"index":"index","follow":"follow","max-snippet":"max-snippet:-1","max-image-preview":"max-image-preview:large","max-video-preview":"max-video-preview:-1"},"canonical":"https:\/\/www.ofertassegurossalud.com\/es\/adeslas\/","og_locale":"es_ES","og_type":"article","og_title":"Agentes exclusivos de seguros Adeslas - Sonia Piedrabuena","og_description":"Sonia Piedrabuena, agente exclusivo de seguros Adeslas, servicios seguros por todo el pa\u00eds para particulares y empresas con servicio postventa.","og_url":"https:\/\/www.ofertassegurossalud.com\/es\/adeslas\/","og_site_name":"Ofertas Seguros Salud","article_modified_time":"2024-01-15T15:57:00+00:00","twitter_card":"summary_large_image","twitter_misc":{"Tiempo de lectura":"3 minutos"},"schema":{"@context":"https:\/\/schema.org","@graph":[{"@type":"WebPage","@id":"https:\/\/www.ofertassegurossalud.com\/es\/adeslas\/","url":"https:\/\/www.ofertassegurossalud.com\/es\/adeslas\/","name":"Agentes exclusivos de seguros Adeslas - Sonia Piedrabuena","isPartOf":{"@id":"https:\/\/www.ofertassegurossalud.com\/es\/#website"},"datePublished":"2022-03-14T13:33:10+00:00","dateModified":"2024-01-15T15:57:00+00:00","description":"Sonia Piedrabuena, agente exclusivo de seguros Adeslas, servicios seguros por todo el pa\u00eds para particulares y empresas con servicio postventa.","breadcrumb":{"@id":"https:\/\/www.ofertassegurossalud.com\/es\/adeslas\/#breadcrumb"},"inLanguage":"es","potentialAction":[{"@type":"ReadAction","target":["https:\/\/www.ofertassegurossalud.com\/es\/adeslas\/"]}]},{"@type":"BreadcrumbList","@id":"https:\/\/www.ofertassegurossalud.com\/es\/adeslas\/#breadcrumb","itemListElement":[{"@type":"ListItem","position":1,"name":"Portada","item":"https:\/\/www.ofertassegurossalud.com\/es\/"},{"@type":"ListItem","position":2,"name":"Agentes exclusivos de seguros Adeslas &#8211; Sonia Piedrabuena"}]},{"@type":"WebSite","@id":"https:\/\/www.ofertassegurossalud.com\/es\/#website","url":"https:\/\/www.ofertassegurossalud.com\/es\/","name":"Ofertas Seguros Salud","description":"Tu aseguradora de confianza con la garant\u00eda de calidad","potentialAction":[{"@type":"SearchAction","target":{"@type":"EntryPoint","urlTemplate":"https:\/\/www.ofertassegurossalud.com\/es\/?s={search_term_string}"},"query-input":{"@type":"PropertyValueSpecification","valueRequired":true,"valueName":"search_term_string"}}],"inLanguage":"es"}]}},"_links":{"self":[{"href":"https:\/\/www.ofertassegurossalud.com\/es\/wp-json\/wp\/v2\/pages\/2076","targetHints":{"allow":["GET"]}}],"collection":[{"href":"https:\/\/www.ofertassegurossalud.com\/es\/wp-json\/wp\/v2\/pages"}],"about":[{"href":"https:\/\/www.ofertassegurossalud.com\/es\/wp-json\/wp\/v2\/types\/page"}],"author":[{"embeddable":true,"href":"https:\/\/www.ofertassegurossalud.com\/es\/wp-json\/wp\/v2\/users\/1"}],"replies":[{"embeddable":true,"href":"https:\/\/www.ofertassegurossalud.com\/es\/wp-json\/wp\/v2\/comments?post=2076"}],"version-history":[{"count":17,"href":"https:\/\/www.ofertassegurossalud.com\/es\/wp-json\/wp\/v2\/pages\/2076\/revisions"}],"predecessor-version":[{"id":5775,"href":"https:\/\/www.ofertassegurossalud.com\/es\/wp-json\/wp\/v2\/pages\/2076\/revisions\/5775"}],"wp:attachment":[{"href":"https:\/\/www.ofertassegurossalud.com\/es\/wp-json\/wp\/v2\/media?parent=2076"}],"curies":[{"name":"wp","href":"https:\/\/api.w.org\/{rel}","templated":true}]}}