{"id":5792,"date":"2024-01-16T12:46:20","date_gmt":"2024-01-16T10:46:20","guid":{"rendered":"https:\/\/www.ofertassegurossalud.com\/?page_id=5792"},"modified":"2024-01-16T12:46:20","modified_gmt":"2024-01-16T10:46:20","slug":"gracies-per-contactar","status":"publish","type":"page","link":"https:\/\/www.ofertassegurossalud.com\/ca\/gracies-per-contactar\/","title":{"rendered":"Gr\u00e0cies per contactar"},"content":{"rendered":"<div class=\"wpb-content-wrapper\"><p>[vc_row id=&#8221;main-heading&#8221; background_color=&#8221;#009ddd&#8221; padding_top=&#8221;0&#8243; padding_bottom=&#8221;0&#8243;][vc_column][vc_custom_heading text=&#8221;Contactar&#8221; font_container=&#8221;tag:h1|text_align:center|color:%23ffffff&#8221; use_theme_fonts=&#8221;yes&#8221; css_animation=&#8221;none&#8221; css=&#8221;.vc_custom_1505991577565{margin-top: 30px !important;}&#8221;][\/vc_column][\/vc_row][vc_row background_image=&#8221;1397&#8243; background_position=&#8221;Center center&#8221; padding_top=&#8221;0&#8243; padding_bottom=&#8221;400&#8243;][vc_column][\/vc_column][\/vc_row][vc_row full_width=&#8221;true&#8221; padding_bottom=&#8221;0&#8243;][vc_column width=&#8221;2\/3&#8243;][vc_row_inner][vc_column_inner]<div class='gap nz-clearfix' style='height:50px'>&nbsp;<\/div>[vc_column_text pl=&#8221;30&#8243; pr=&#8221;30&#8243; pt=&#8221;30&#8243;]<\/p>\n<p style=\"text-align: center;\"><span style=\"font-size: 20px; color: #999999;\">Moltes gr\u00e0cies per contactar amb nosaltres, rebr\u00e0s not\u00edcies d&#8217;un dels nostres agents el m\u00e9s aviat possible.<\/span><\/p>\n<p>[\/vc_column_text][\/vc_column_inner][\/vc_row_inner][\/vc_column][vc_column width=&#8221;1\/3&#8243;][vc_single_image image=&#8221;433&#8243; img_size=&#8221;full&#8221;][vc_wp_text]<span class=\"nz-icon none small icon-home animate-false\" style=\"color:7c7b7a;\"><\/span>\u00a0<span class=\"s1\">Carrer Anselm Clav\u00e9 n\u00ba63, local B<\/span><br \/>\n<span class=\"nz-icon none small icon-location animate-false\" style=\"color:7c7b7a;\"><\/span><span class=\"s1\">08100 &#8211; Mollet del Vall\u00e8s<\/span>[\/vc_wp_text][\/vc_column][\/vc_row]<\/p>\n<\/div>","protected":false},"excerpt":{"rendered":"<p>[vc_row id=&#8221;main-heading&#8221; background_color=&#8221;#009ddd&#8221; padding_top=&#8221;0&#8243; padding_bottom=&#8221;0&#8243;][vc_column][vc_custom_heading text=&#8221;Contactar&#8221; font_container=&#8221;tag:h1|text_align:center|color:%23ffffff&#8221; use_theme_fonts=&#8221;yes&#8221; css_animation=&#8221;none&#8221; css=&#8221;.vc_custom_1505991577565{margin-top: 30px !important;}&#8221;][\/vc_column][\/vc_row][vc_row background_image=&#8221;1397&#8243; background_position=&#8221;Center center&#8221; padding_top=&#8221;0&#8243; padding_bottom=&#8221;400&#8243;][vc_column][\/vc_column][\/vc_row][vc_row full_width=&#8221;true&#8221; padding_bottom=&#8221;0&#8243;][vc_column width=&#8221;2\/3&#8243;][vc_row_inner][vc_column_inner][vc_column_text pl=&#8221;30&#8243; pr=&#8221;30&#8243; pt=&#8221;30&#8243;] Moltes gr\u00e0cies per contactar amb nosaltres, rebr\u00e0s not\u00edcies d&#8217;un dels nostres agents el m\u00e9s aviat possible. [\/vc_column_text][\/vc_column_inner][\/vc_row_inner][\/vc_column][vc_column width=&#8221;1\/3&#8243;][vc_single_image image=&#8221;433&#8243; img_size=&#8221;full&#8221;][vc_wp_text]\u00a0Carrer Anselm Clav\u00e9 n\u00ba63, local B 08100 &#8211; Mollet del Vall\u00e8s[\/vc_wp_text][\/vc_column][\/vc_row]<\/p>\n","protected":false},"author":1,"featured_media":0,"parent":0,"menu_order":0,"comment_status":"closed","ping_status":"closed","template":"","meta":{"_joinchat":[],"footnotes":""},"class_list":["post-5792","page","type-page","status-publish","hentry"],"yoast_head":"<!-- This site is optimized with the Yoast SEO plugin v24.9 - https:\/\/yoast.com\/wordpress\/plugins\/seo\/ -->\n<title>Gr\u00e0cies per contactar<\/title>\n<meta name=\"robots\" content=\"index, follow, max-snippet:-1, max-image-preview:large, max-video-preview:-1\" \/>\n<link rel=\"canonical\" href=\"https:\/\/www.ofertassegurossalud.com\/ca\/gracies-per-contactar\/\" \/>\n<meta property=\"og:locale\" content=\"ca_ES\" \/>\n<meta property=\"og:type\" content=\"article\" \/>\n<meta property=\"og:title\" content=\"Gr\u00e0cies per contactar\" \/>\n<meta property=\"og:description\" content=\"[vc_row id=&#8221;main-heading&#8221; background_color=&#8221;#009ddd&#8221; padding_top=&#8221;0&#8243; padding_bottom=&#8221;0&#8243;][vc_column][vc_custom_heading text=&#8221;Contactar&#8221; font_container=&#8221;tag:h1|text_align:center|color:%23ffffff&#8221; use_theme_fonts=&#8221;yes&#8221; css_animation=&#8221;none&#8221; css=&#8221;.vc_custom_1505991577565{margin-top: 30px !important;}&#8221;][\/vc_column][\/vc_row][vc_row background_image=&#8221;1397&#8243; background_position=&#8221;Center center&#8221; padding_top=&#8221;0&#8243; padding_bottom=&#8221;400&#8243;][vc_column][\/vc_column][\/vc_row][vc_row full_width=&#8221;true&#8221; padding_bottom=&#8221;0&#8243;][vc_column width=&#8221;2\/3&#8243;][vc_row_inner][vc_column_inner][vc_column_text pl=&#8221;30&#8243; pr=&#8221;30&#8243; pt=&#8221;30&#8243;] Moltes gr\u00e0cies per contactar amb nosaltres, rebr\u00e0s not\u00edcies d&#8217;un dels nostres agents el m\u00e9s aviat possible. [\/vc_column_text][\/vc_column_inner][\/vc_row_inner][\/vc_column][vc_column width=&#8221;1\/3&#8243;][vc_single_image image=&#8221;433&#8243; img_size=&#8221;full&#8221;][vc_wp_text]\u00a0Carrer Anselm Clav\u00e9 n\u00ba63, local B 08100 &#8211; Mollet del Vall\u00e8s[\/vc_wp_text][\/vc_column][\/vc_row]\" \/>\n<meta property=\"og:url\" content=\"https:\/\/www.ofertassegurossalud.com\/ca\/gracies-per-contactar\/\" \/>\n<meta property=\"og:site_name\" content=\"Ofertas Seguros Salud\" \/>\n<meta name=\"twitter:card\" content=\"summary_large_image\" \/>\n<meta name=\"twitter:label1\" content=\"Temps estimat de lectura\" \/>\n\t<meta name=\"twitter:data1\" content=\"1 minut\" \/>\n<script type=\"application\/ld+json\" class=\"yoast-schema-graph\">{\"@context\":\"https:\/\/schema.org\",\"@graph\":[{\"@type\":\"WebPage\",\"@id\":\"https:\/\/www.ofertassegurossalud.com\/ca\/gracies-per-contactar\/\",\"url\":\"https:\/\/www.ofertassegurossalud.com\/ca\/gracies-per-contactar\/\",\"name\":\"Gr\u00e0cies per contactar\",\"isPartOf\":{\"@id\":\"https:\/\/www.ofertassegurossalud.com\/es\/#website\"},\"datePublished\":\"2024-01-16T10:46:20+00:00\",\"breadcrumb\":{\"@id\":\"https:\/\/www.ofertassegurossalud.com\/ca\/gracies-per-contactar\/#breadcrumb\"},\"inLanguage\":\"ca\",\"potentialAction\":[{\"@type\":\"ReadAction\",\"target\":[\"https:\/\/www.ofertassegurossalud.com\/ca\/gracies-per-contactar\/\"]}]},{\"@type\":\"BreadcrumbList\",\"@id\":\"https:\/\/www.ofertassegurossalud.com\/ca\/gracies-per-contactar\/#breadcrumb\",\"itemListElement\":[{\"@type\":\"ListItem\",\"position\":1,\"name\":\"Portada\",\"item\":\"https:\/\/www.ofertassegurossalud.com\/ca\/\"},{\"@type\":\"ListItem\",\"position\":2,\"name\":\"Gr\u00e0cies per contactar\"}]},{\"@type\":\"WebSite\",\"@id\":\"https:\/\/www.ofertassegurossalud.com\/es\/#website\",\"url\":\"https:\/\/www.ofertassegurossalud.com\/es\/\",\"name\":\"Ofertas Seguros Salud\",\"description\":\"Tu aseguradora de confianza con la garant\u00eda de calidad\",\"potentialAction\":[{\"@type\":\"SearchAction\",\"target\":{\"@type\":\"EntryPoint\",\"urlTemplate\":\"https:\/\/www.ofertassegurossalud.com\/es\/?s={search_term_string}\"},\"query-input\":{\"@type\":\"PropertyValueSpecification\",\"valueRequired\":true,\"valueName\":\"search_term_string\"}}],\"inLanguage\":\"ca\"}]}<\/script>\n<!-- \/ Yoast SEO plugin. -->","yoast_head_json":{"title":"Gr\u00e0cies per contactar","robots":{"index":"index","follow":"follow","max-snippet":"max-snippet:-1","max-image-preview":"max-image-preview:large","max-video-preview":"max-video-preview:-1"},"canonical":"https:\/\/www.ofertassegurossalud.com\/ca\/gracies-per-contactar\/","og_locale":"ca_ES","og_type":"article","og_title":"Gr\u00e0cies per contactar","og_description":"[vc_row id=&#8221;main-heading&#8221; background_color=&#8221;#009ddd&#8221; padding_top=&#8221;0&#8243; padding_bottom=&#8221;0&#8243;][vc_column][vc_custom_heading text=&#8221;Contactar&#8221; font_container=&#8221;tag:h1|text_align:center|color:%23ffffff&#8221; use_theme_fonts=&#8221;yes&#8221; css_animation=&#8221;none&#8221; css=&#8221;.vc_custom_1505991577565{margin-top: 30px !important;}&#8221;][\/vc_column][\/vc_row][vc_row background_image=&#8221;1397&#8243; background_position=&#8221;Center center&#8221; padding_top=&#8221;0&#8243; padding_bottom=&#8221;400&#8243;][vc_column][\/vc_column][\/vc_row][vc_row full_width=&#8221;true&#8221; padding_bottom=&#8221;0&#8243;][vc_column width=&#8221;2\/3&#8243;][vc_row_inner][vc_column_inner][vc_column_text pl=&#8221;30&#8243; pr=&#8221;30&#8243; pt=&#8221;30&#8243;] Moltes gr\u00e0cies per contactar amb nosaltres, rebr\u00e0s not\u00edcies d&#8217;un dels nostres agents el m\u00e9s aviat possible. [\/vc_column_text][\/vc_column_inner][\/vc_row_inner][\/vc_column][vc_column width=&#8221;1\/3&#8243;][vc_single_image image=&#8221;433&#8243; img_size=&#8221;full&#8221;][vc_wp_text]\u00a0Carrer Anselm Clav\u00e9 n\u00ba63, local B 08100 &#8211; Mollet del Vall\u00e8s[\/vc_wp_text][\/vc_column][\/vc_row]","og_url":"https:\/\/www.ofertassegurossalud.com\/ca\/gracies-per-contactar\/","og_site_name":"Ofertas Seguros Salud","twitter_card":"summary_large_image","twitter_misc":{"Temps estimat de lectura":"1 minut"},"schema":{"@context":"https:\/\/schema.org","@graph":[{"@type":"WebPage","@id":"https:\/\/www.ofertassegurossalud.com\/ca\/gracies-per-contactar\/","url":"https:\/\/www.ofertassegurossalud.com\/ca\/gracies-per-contactar\/","name":"Gr\u00e0cies per contactar","isPartOf":{"@id":"https:\/\/www.ofertassegurossalud.com\/es\/#website"},"datePublished":"2024-01-16T10:46:20+00:00","breadcrumb":{"@id":"https:\/\/www.ofertassegurossalud.com\/ca\/gracies-per-contactar\/#breadcrumb"},"inLanguage":"ca","potentialAction":[{"@type":"ReadAction","target":["https:\/\/www.ofertassegurossalud.com\/ca\/gracies-per-contactar\/"]}]},{"@type":"BreadcrumbList","@id":"https:\/\/www.ofertassegurossalud.com\/ca\/gracies-per-contactar\/#breadcrumb","itemListElement":[{"@type":"ListItem","position":1,"name":"Portada","item":"https:\/\/www.ofertassegurossalud.com\/ca\/"},{"@type":"ListItem","position":2,"name":"Gr\u00e0cies per contactar"}]},{"@type":"WebSite","@id":"https:\/\/www.ofertassegurossalud.com\/es\/#website","url":"https:\/\/www.ofertassegurossalud.com\/es\/","name":"Ofertas Seguros Salud","description":"Tu aseguradora de confianza con la garant\u00eda de calidad","potentialAction":[{"@type":"SearchAction","target":{"@type":"EntryPoint","urlTemplate":"https:\/\/www.ofertassegurossalud.com\/es\/?s={search_term_string}"},"query-input":{"@type":"PropertyValueSpecification","valueRequired":true,"valueName":"search_term_string"}}],"inLanguage":"ca"}]}},"_links":{"self":[{"href":"https:\/\/www.ofertassegurossalud.com\/ca\/wp-json\/wp\/v2\/pages\/5792","targetHints":{"allow":["GET"]}}],"collection":[{"href":"https:\/\/www.ofertassegurossalud.com\/ca\/wp-json\/wp\/v2\/pages"}],"about":[{"href":"https:\/\/www.ofertassegurossalud.com\/ca\/wp-json\/wp\/v2\/types\/page"}],"author":[{"embeddable":true,"href":"https:\/\/www.ofertassegurossalud.com\/ca\/wp-json\/wp\/v2\/users\/1"}],"replies":[{"embeddable":true,"href":"https:\/\/www.ofertassegurossalud.com\/ca\/wp-json\/wp\/v2\/comments?post=5792"}],"version-history":[{"count":3,"href":"https:\/\/www.ofertassegurossalud.com\/ca\/wp-json\/wp\/v2\/pages\/5792\/revisions"}],"predecessor-version":[{"id":5795,"href":"https:\/\/www.ofertassegurossalud.com\/ca\/wp-json\/wp\/v2\/pages\/5792\/revisions\/5795"}],"wp:attachment":[{"href":"https:\/\/www.ofertassegurossalud.com\/ca\/wp-json\/wp\/v2\/media?parent=5792"}],"curies":[{"name":"wp","href":"https:\/\/api.w.org\/{rel}","templated":true}]}}