{"id":3737,"date":"2022-12-13T12:24:52","date_gmt":"2022-12-13T10:24:52","guid":{"rendered":"https:\/\/www.ofertassegurossalud.com\/?page_id=3737"},"modified":"2025-03-24T14:11:52","modified_gmt":"2025-03-24T12:11:52","slug":"ofertes-en-assegurances-assistencia-en-viatge","status":"publish","type":"page","link":"https:\/\/www.ofertassegurossalud.com\/ca\/ofertes-en-assegurances-assistencia-en-viatge\/","title":{"rendered":"Ofertes en assegurances d&#8217;assist\u00e8ncia en viatge &#8211; SegurCaixa Adeslas"},"content":{"rendered":"<div class=\"wpb-content-wrapper\"><p>[vc_row background_color=&#8221;#009ddd&#8221; padding_top=&#8221;&#8221; padding_bottom=&#8221;0&#8243;][vc_column][vc_custom_heading text=&#8221;Les millors ofertes en assegurances d&#8217;assist\u00e8ncia en viatge&#8221; font_container=&#8221;tag:h1|text_align:center|color:%23ffffff&#8221; use_theme_fonts=&#8221;yes&#8221; css_animation=&#8221;none&#8221; css=&#8221;.vc_custom_1670931204905{margin-top: 20px !important;}&#8221;][\/vc_column][\/vc_row][vc_row full_width=&#8221;true&#8221; background_image=&#8221;2718&#8243; background_position=&#8221;right top&#8221; padding_top=&#8221;0&#8243; padding_bottom=&#8221;60&#8243; bg_type=&#8221;image&#8221; parallax_style=&#8221;vcpb-default&#8221; bg_image_repeat=&#8221;no-repeat&#8221; bg_image_size=&#8221;contain&#8221;][vc_column width=&#8221;1\/2&#8243;][vc_row_inner][vc_column_inner el_class=&#8221;promoinfo&#8221; css=&#8221;.vc_custom_1717751086023{padding-top: 50px !important;padding-bottom: 25px !important;}&#8221;][vc_single_image image=&#8221;3767&#8243; img_size=&#8221;full&#8221; el_class=&#8221;hidden&#8221;][vc_single_image image=&#8221;4700&#8243; img_size=&#8221;full&#8221; el_class=&#8221;hidden&#8221;][vc_empty_space height=&#8221;395px&#8221;][\/vc_column_inner][\/vc_row_inner][\/vc_column][vc_column width=&#8221;1\/2&#8243;][\/vc_column][\/vc_row][vc_row full_width=&#8221;true&#8221; background_color=&#8221;#e9edf6&#8243; padding_bottom=&#8221;0&#8243;][vc_column][vc_row_inner][vc_column_inner]<div class='gap nz-clearfix' style='height:40px'>&nbsp;<\/div>[vc_custom_heading text=&#8221;SegurCaixa ASSIST\u00c8NCIA EN VIATGE<br \/>\nLa tranquil\u00b7litat de viatjar segur amb Adeslas&#8221; font_container=&#8221;tag:h2|font_size:32|text_align:center|color:%23009ddd&#8221; use_theme_fonts=&#8221;yes&#8221;]<div class='gap nz-clearfix' style='height:15px'>&nbsp;<\/div>[vc_separator color=&#8221;custom&#8221; border_width=&#8221;2&#8243; el_width=&#8221;80&#8243; accent_color=&#8221;#009ddd&#8221;][\/vc_column_inner][\/vc_row_inner][vc_row_inner][vc_column_inner][vc_column_text pl=&#8221;120&#8243; pr=&#8221;120&#8243;]<\/p>\n<p style=\"text-align: center;\"><span style=\"color: #999999; font-size: 18px; line-height: 28px;\">SegurCaixa ASSIST\u00c8NCIA EN VIATGE \u00e9s una asseguran\u00e7a destinada a cobrir aquelles possibles incid\u00e8ncies durant els viatges, tant a les persones com als seus b\u00e9ns.<\/span><\/p>\n<p style=\"text-align: center;\"><span style=\"color: #999999; font-size: 18px; line-height: 28px;\">Aconsegueix les millors cobertures d&#8217;assist\u00e8ncia al viatger del mercat, amb una prima redu\u00efda, amb la possibilitat d&#8217;assegurar tota la fam\u00edlia en una sola p\u00f2lissa i escollint el per\u00edode de cobertura que s&#8217;adapti millor a les teves necessitats, ja sigui per a viatges d&#8217;un dia o fins a sis mesos.<\/span><\/p>\n<p>[\/vc_column_text][\/vc_column_inner][\/vc_row_inner][\/vc_column][\/vc_row][vc_row full_width=&#8221;true&#8221; padding_top=&#8221;40&#8243;][vc_column width=&#8221;1\/4&#8243;][vc_icon icon_fontawesome=&#8221;fa fa-user-md&#8221; color=&#8221;custom&#8221; size=&#8221;lg&#8221; align=&#8221;center&#8221; css=&#8221;.vc_custom_1656411583968{margin-bottom: 0px !important;}&#8221; custom_color=&#8221;#009ddd&#8221;]<div id=\"ultimate-heading-16769fb350440da4\" class=\"uvc-heading ult-adjust-bottom-margin ultimate-heading-16769fb350440da4 uvc-953 \" data-hspacer=\"no_spacer\"  data-halign=\"center\" style=\"text-align:center\"><div class=\"uvc-heading-spacer no_spacer\" style=\"top\"><\/div><div class=\"uvc-main-heading ult-responsive\"  data-ultimate-target='.uvc-heading.ultimate-heading-16769fb350440da4 h4'  data-responsive-json-new='{\"font-size\":\"\",\"line-height\":\"\"}' ><h4 style=\"font-weight:normal;\">Cobertura m\u00e8dica<\/h4><\/div><div class=\"uvc-sub-heading ult-responsive\"  data-ultimate-target='.uvc-heading.ultimate-heading-16769fb350440da4 .uvc-sub-heading '  data-responsive-json-new='{\"font-size\":\"desktop:15px;\",\"line-height\":\"desktop:25px;\"}'  style=\"font-weight:normal;\">Despeses m\u00e8diques, farmac\u00e8utiques o d&#8217;hospitalitzaci\u00f3 (tamb\u00e9 per Covid-19)<\/div><\/div>[\/vc_column][vc_column width=&#8221;1\/4&#8243;][vc_icon icon_fontawesome=&#8221;fa fa-exclamation-triangle&#8221; color=&#8221;custom&#8221; size=&#8221;lg&#8221; align=&#8221;center&#8221; css=&#8221;.vc_custom_1656411817745{margin-bottom: 0px !important;}&#8221; custom_color=&#8221;#009ddd&#8221;]<div id=\"ultimate-heading-915069fb350440e20\" class=\"uvc-heading ult-adjust-bottom-margin ultimate-heading-915069fb350440e20 uvc-1131 \" data-hspacer=\"no_spacer\"  data-halign=\"center\" style=\"text-align:center\"><div class=\"uvc-heading-spacer no_spacer\" style=\"top\"><\/div><div class=\"uvc-main-heading ult-responsive\"  data-ultimate-target='.uvc-heading.ultimate-heading-915069fb350440e20 h4'  data-responsive-json-new='{\"font-size\":\"\",\"line-height\":\"\"}' ><h4 style=\"font-weight:normal;\">Incid\u00e8ncies del viatge<\/h4><\/div><div class=\"uvc-sub-heading ult-responsive\"  data-ultimate-target='.uvc-heading.ultimate-heading-915069fb350440e20 .uvc-sub-heading '  data-responsive-json-new='{\"font-size\":\"desktop:15px;\",\"line-height\":\"desktop:25px;\"}'  style=\"font-weight:normal;\">Cancel\u00b7laci\u00f3, demora i altres incid\u00e8ncies<\/div><\/div>[\/vc_column][vc_column width=&#8221;1\/4&#8243;][vc_icon icon_fontawesome=&#8221;fa fa-plane&#8221; color=&#8221;custom&#8221; size=&#8221;lg&#8221; align=&#8221;center&#8221; css=&#8221;.vc_custom_1656411759537{margin-bottom: 0px !important;}&#8221; custom_color=&#8221;#009ddd&#8221;]<div id=\"ultimate-heading-224669fb350440e83\" class=\"uvc-heading ult-adjust-bottom-margin ultimate-heading-224669fb350440e83 uvc-890 \" data-hspacer=\"no_spacer\"  data-halign=\"center\" style=\"text-align:center\"><div class=\"uvc-heading-spacer no_spacer\" style=\"top\"><\/div><div class=\"uvc-main-heading ult-responsive\"  data-ultimate-target='.uvc-heading.ultimate-heading-224669fb350440e83 h4'  data-responsive-json-new='{\"font-size\":\"\",\"line-height\":\"\"}' ><h4 style=\"font-weight:normal;\">Repatriaci\u00f3<\/h4><\/div><div class=\"uvc-sub-heading ult-responsive\"  data-ultimate-target='.uvc-heading.ultimate-heading-224669fb350440e83 .uvc-sub-heading '  data-responsive-json-new='{\"font-size\":\"desktop:15px;\",\"line-height\":\"desktop:25px;\"}'  style=\"font-weight:normal;\">Sanit\u00e0ria d&#8217;urg\u00e8ncia<\/div><\/div>[\/vc_column][vc_column width=&#8221;1\/4&#8243;][vc_icon icon_fontawesome=&#8221;fa fa-suitcase&#8221; color=&#8221;custom&#8221; size=&#8221;lg&#8221; align=&#8221;center&#8221; css=&#8221;.vc_custom_1656411782505{margin-bottom: 0px !important;}&#8221; custom_color=&#8221;#009ddd&#8221;]<div id=\"ultimate-heading-422069fb350440ee3\" class=\"uvc-heading ult-adjust-bottom-margin ultimate-heading-422069fb350440ee3 uvc-7694 \" data-hspacer=\"no_spacer\"  data-halign=\"center\" style=\"text-align:center\"><div class=\"uvc-heading-spacer no_spacer\" style=\"top\"><\/div><div class=\"uvc-main-heading ult-responsive\"  data-ultimate-target='.uvc-heading.ultimate-heading-422069fb350440ee3 h4'  data-responsive-json-new='{\"font-size\":\"\",\"line-height\":\"\"}' ><h4 style=\"font-weight:normal;\">Incid\u00e8ncies amb equipatge<\/h4><\/div><div class=\"uvc-sub-heading ult-responsive\"  data-ultimate-target='.uvc-heading.ultimate-heading-422069fb350440ee3 .uvc-sub-heading '  data-responsive-json-new='{\"font-size\":\"desktop:15px;\",\"line-height\":\"desktop:25px;\"}'  style=\"font-weight:normal;\">P\u00e8rdua o demora<\/div><\/div>[\/vc_column][\/vc_row][vc_row full_width=&#8221;true&#8221;][vc_column]<div class=\"nz-tabs  horizontal full-false\"><div data-target=\"tab-cobertures-dassistencia-en-viatge\" class=\"tab\">Cobertures d'assist\u00e8ncia en viatge<\/div><div id=\"tab-cobertures-dassistencia-en-viatge\" class=\"tab-content\">SegurCaixa ASSIST\u00c8NCIA EN VIATGE cobreix qualsevol necessitat m\u00e8dica que tingui el viatger assegurat, la p\u00e8rdua o robatori del seu equipatge, les demores a les reserves i altres incid\u00e8ncies que puguin oc\u00f3rrer durant el viatge.<\/p>\n<p>Les modalitats de capital de despeses m\u00e8diques a l&#8217;estranger s\u00f3n:<\/p>\n<ul>\n<li>B\u00e0sica: 3.000\u20ac<\/li>\n<li>Completa: 6.000\u20ac<\/li>\n<li>Premium: 20.000\u20ac<\/li>\n<li>Excellence: 50.000\u20ac<\/li>\n<\/ul>\n<p>\n\t\t\t<\/div> <div data-target=\"tab-despeses-de-cancellacio\" class=\"tab\">Despeses de cancel\u00b7laci\u00f3<\/div><div id=\"tab-despeses-de-cancellacio\" class=\"tab-content\">Si el client es veu obligat a cancel\u00b7lar el viatge amb antelaci\u00f3, pot contractar aquesta garantia opcional.<\/p>\n<p>Els capitals disponibles s\u00f3n:<\/p>\n<ul>\n<li>300 \u20ac<\/li>\n<li>600 \u20ac<\/li>\n<li>1.500 \u20ac<\/li>\n<\/ul>\n<p>\n\t\t\t<\/div> <div data-target=\"tab-cobertura-desqui\" class=\"tab\">Cobertura d'esqu\u00ed<\/div><div id=\"tab-cobertura-desqui\" class=\"tab-content\">Per als apassionats de l&#8217;esqu\u00ed tenim una garantia opcional adaptada a les vostres necessitats:<\/p>\n<ul>\n<li>Despeses de crosses per accident durant la pr\u00e0ctica d&#8217;esqu\u00ed.<\/li>\n<li>Despeses de baixada a pistes (rescat a pistes).<\/li>\n<li>Reemborsament de forfet i material d&#8217;esqu\u00ed.<\/li>\n<li>Reemborsament de despeses d\u00b4ambul\u00e0ncia.<\/li>\n<\/ul>\n<p>\n\t\t\t<\/div> <div data-target=\"tab-cobertura-covid-19\" class=\"tab\">Cobertura Covid-19<\/div><div id=\"tab-cobertura-covid-19\" class=\"tab-content\">SegurCaixa ASSIST\u00c8NCIA EN VIATGE us ofereix cobertura en cas de Covid-19:<\/p>\n<ul>\n<li>Despeses m\u00e8diques, farmac\u00e8utiques o d&#8217;hospitalitzaci\u00f3 en cas de Covid-19 un cop iniciat el viatge<\/li>\n<li>Cancel\u00b7laci\u00f3 del viatge per part de la companyia a\u00e8ria.<\/li>\n<li>Cancel\u00b7laci\u00f3 del viatge a causa de la mort o l&#8217;hospitalitzaci\u00f3 de l&#8217;assegurat (garantia opcional).<\/li>\n<li>Trasllat sanitari i repatriaci\u00f3.<\/li>\n<\/ul>\n<p>\n\t\t\t<\/div> <\/div> [\/vc_column][\/vc_row]<\/p>\n<\/div>","protected":false},"excerpt":{"rendered":"<p>[vc_row background_color=&#8221;#009ddd&#8221; padding_top=&#8221;&#8221; padding_bottom=&#8221;0&#8243;][vc_column][vc_custom_heading text=&#8221;Les millors ofertes en assegurances d&#8217;assist\u00e8ncia en viatge&#8221; font_container=&#8221;tag:h1|text_align:center|color:%23ffffff&#8221; use_theme_fonts=&#8221;yes&#8221; css_animation=&#8221;none&#8221; css=&#8221;.vc_custom_1670931204905{margin-top: 20px !important;}&#8221;][\/vc_column][\/vc_row][vc_row full_width=&#8221;true&#8221; background_image=&#8221;2718&#8243; background_position=&#8221;right top&#8221; padding_top=&#8221;0&#8243; padding_bottom=&#8221;60&#8243; bg_type=&#8221;image&#8221; parallax_style=&#8221;vcpb-default&#8221; bg_image_repeat=&#8221;no-repeat&#8221; bg_image_size=&#8221;contain&#8221;][vc_column width=&#8221;1\/2&#8243;][vc_row_inner][vc_column_inner el_class=&#8221;promoinfo&#8221; css=&#8221;.vc_custom_1717751086023{padding-top: 50px !important;padding-bottom: 25px !important;}&#8221;][vc_single_image image=&#8221;3767&#8243; img_size=&#8221;full&#8221; el_class=&#8221;hidden&#8221;][vc_single_image image=&#8221;4700&#8243; img_size=&#8221;full&#8221; el_class=&#8221;hidden&#8221;][vc_empty_space height=&#8221;395px&#8221;][\/vc_column_inner][\/vc_row_inner][\/vc_column][vc_column width=&#8221;1\/2&#8243;][\/vc_column][\/vc_row][vc_row full_width=&#8221;true&#8221; background_color=&#8221;#e9edf6&#8243; padding_bottom=&#8221;0&#8243;][vc_column][vc_row_inner][vc_column_inner][vc_custom_heading text=&#8221;SegurCaixa ASSIST\u00c8NCIA EN VIATGE La tranquil\u00b7litat de viatjar segur [&hellip;]<\/p>\n","protected":false},"author":1,"featured_media":0,"parent":0,"menu_order":0,"comment_status":"closed","ping_status":"closed","template":"","meta":{"_joinchat":[],"footnotes":""},"class_list":["post-3737","page","type-page","status-publish","hentry"],"yoast_head":"<!-- This site is optimized with the Yoast SEO plugin v24.9 - https:\/\/yoast.com\/wordpress\/plugins\/seo\/ -->\n<title>Ofertes en assegurances d&#039;assist\u00e8ncia en viatge - SegurCaixa Adeslas<\/title>\n<meta name=\"robots\" content=\"index, follow, max-snippet:-1, max-image-preview:large, max-video-preview:-1\" \/>\n<link rel=\"canonical\" href=\"https:\/\/www.ofertassegurossalud.com\/ca\/ofertes-en-assegurances-assistencia-en-viatge\/\" \/>\n<meta property=\"og:locale\" content=\"ca_ES\" \/>\n<meta property=\"og:type\" content=\"article\" \/>\n<meta property=\"og:title\" content=\"Ofertes en assegurances d&#039;assist\u00e8ncia en viatge - SegurCaixa Adeslas\" \/>\n<meta property=\"og:description\" content=\"[vc_row background_color=&#8221;#009ddd&#8221; padding_top=&#8221;&#8221; padding_bottom=&#8221;0&#8243;][vc_column][vc_custom_heading text=&#8221;Les millors ofertes en assegurances d&#8217;assist\u00e8ncia en viatge&#8221; font_container=&#8221;tag:h1|text_align:center|color:%23ffffff&#8221; use_theme_fonts=&#8221;yes&#8221; css_animation=&#8221;none&#8221; css=&#8221;.vc_custom_1670931204905{margin-top: 20px !important;}&#8221;][\/vc_column][\/vc_row][vc_row full_width=&#8221;true&#8221; background_image=&#8221;2718&#8243; background_position=&#8221;right top&#8221; padding_top=&#8221;0&#8243; padding_bottom=&#8221;60&#8243; bg_type=&#8221;image&#8221; parallax_style=&#8221;vcpb-default&#8221; bg_image_repeat=&#8221;no-repeat&#8221; bg_image_size=&#8221;contain&#8221;][vc_column width=&#8221;1\/2&#8243;][vc_row_inner][vc_column_inner el_class=&#8221;promoinfo&#8221; css=&#8221;.vc_custom_1717751086023{padding-top: 50px !important;padding-bottom: 25px !important;}&#8221;][vc_single_image image=&#8221;3767&#8243; img_size=&#8221;full&#8221; el_class=&#8221;hidden&#8221;][vc_single_image image=&#8221;4700&#8243; img_size=&#8221;full&#8221; el_class=&#8221;hidden&#8221;][vc_empty_space height=&#8221;395px&#8221;][\/vc_column_inner][\/vc_row_inner][\/vc_column][vc_column width=&#8221;1\/2&#8243;][\/vc_column][\/vc_row][vc_row full_width=&#8221;true&#8221; background_color=&#8221;#e9edf6&#8243; padding_bottom=&#8221;0&#8243;][vc_column][vc_row_inner][vc_column_inner][vc_custom_heading text=&#8221;SegurCaixa ASSIST\u00c8NCIA EN VIATGE La tranquil\u00b7litat de viatjar segur [&hellip;]\" \/>\n<meta property=\"og:url\" content=\"https:\/\/www.ofertassegurossalud.com\/ca\/ofertes-en-assegurances-assistencia-en-viatge\/\" \/>\n<meta property=\"og:site_name\" content=\"Ofertas Seguros Salud\" \/>\n<meta property=\"article:modified_time\" content=\"2025-03-24T12:11:52+00:00\" \/>\n<meta name=\"twitter:card\" content=\"summary_large_image\" \/>\n<meta name=\"twitter:label1\" content=\"Temps estimat de lectura\" \/>\n\t<meta name=\"twitter:data1\" content=\"2 minuts\" \/>\n<script type=\"application\/ld+json\" class=\"yoast-schema-graph\">{\"@context\":\"https:\/\/schema.org\",\"@graph\":[{\"@type\":\"WebPage\",\"@id\":\"https:\/\/www.ofertassegurossalud.com\/ca\/ofertes-en-assegurances-assistencia-en-viatge\/\",\"url\":\"https:\/\/www.ofertassegurossalud.com\/ca\/ofertes-en-assegurances-assistencia-en-viatge\/\",\"name\":\"Ofertes en assegurances d'assist\u00e8ncia en viatge - SegurCaixa Adeslas\",\"isPartOf\":{\"@id\":\"https:\/\/www.ofertassegurossalud.com\/es\/#website\"},\"datePublished\":\"2022-12-13T10:24:52+00:00\",\"dateModified\":\"2025-03-24T12:11:52+00:00\",\"breadcrumb\":{\"@id\":\"https:\/\/www.ofertassegurossalud.com\/ca\/ofertes-en-assegurances-assistencia-en-viatge\/#breadcrumb\"},\"inLanguage\":\"ca\",\"potentialAction\":[{\"@type\":\"ReadAction\",\"target\":[\"https:\/\/www.ofertassegurossalud.com\/ca\/ofertes-en-assegurances-assistencia-en-viatge\/\"]}]},{\"@type\":\"BreadcrumbList\",\"@id\":\"https:\/\/www.ofertassegurossalud.com\/ca\/ofertes-en-assegurances-assistencia-en-viatge\/#breadcrumb\",\"itemListElement\":[{\"@type\":\"ListItem\",\"position\":1,\"name\":\"Portada\",\"item\":\"https:\/\/www.ofertassegurossalud.com\/ca\/\"},{\"@type\":\"ListItem\",\"position\":2,\"name\":\"Ofertes en assegurances d&#8217;assist\u00e8ncia en viatge &#8211; SegurCaixa Adeslas\"}]},{\"@type\":\"WebSite\",\"@id\":\"https:\/\/www.ofertassegurossalud.com\/es\/#website\",\"url\":\"https:\/\/www.ofertassegurossalud.com\/es\/\",\"name\":\"Ofertas Seguros Salud\",\"description\":\"Tu aseguradora de confianza con la garant\u00eda de calidad\",\"potentialAction\":[{\"@type\":\"SearchAction\",\"target\":{\"@type\":\"EntryPoint\",\"urlTemplate\":\"https:\/\/www.ofertassegurossalud.com\/es\/?s={search_term_string}\"},\"query-input\":{\"@type\":\"PropertyValueSpecification\",\"valueRequired\":true,\"valueName\":\"search_term_string\"}}],\"inLanguage\":\"ca\"}]}<\/script>\n<!-- \/ Yoast SEO plugin. -->","yoast_head_json":{"title":"Ofertes en assegurances d'assist\u00e8ncia en viatge - SegurCaixa Adeslas","robots":{"index":"index","follow":"follow","max-snippet":"max-snippet:-1","max-image-preview":"max-image-preview:large","max-video-preview":"max-video-preview:-1"},"canonical":"https:\/\/www.ofertassegurossalud.com\/ca\/ofertes-en-assegurances-assistencia-en-viatge\/","og_locale":"ca_ES","og_type":"article","og_title":"Ofertes en assegurances d'assist\u00e8ncia en viatge - SegurCaixa Adeslas","og_description":"[vc_row background_color=&#8221;#009ddd&#8221; padding_top=&#8221;&#8221; padding_bottom=&#8221;0&#8243;][vc_column][vc_custom_heading text=&#8221;Les millors ofertes en assegurances d&#8217;assist\u00e8ncia en viatge&#8221; font_container=&#8221;tag:h1|text_align:center|color:%23ffffff&#8221; use_theme_fonts=&#8221;yes&#8221; css_animation=&#8221;none&#8221; css=&#8221;.vc_custom_1670931204905{margin-top: 20px !important;}&#8221;][\/vc_column][\/vc_row][vc_row full_width=&#8221;true&#8221; background_image=&#8221;2718&#8243; background_position=&#8221;right top&#8221; padding_top=&#8221;0&#8243; padding_bottom=&#8221;60&#8243; bg_type=&#8221;image&#8221; parallax_style=&#8221;vcpb-default&#8221; bg_image_repeat=&#8221;no-repeat&#8221; bg_image_size=&#8221;contain&#8221;][vc_column width=&#8221;1\/2&#8243;][vc_row_inner][vc_column_inner el_class=&#8221;promoinfo&#8221; css=&#8221;.vc_custom_1717751086023{padding-top: 50px !important;padding-bottom: 25px !important;}&#8221;][vc_single_image image=&#8221;3767&#8243; img_size=&#8221;full&#8221; el_class=&#8221;hidden&#8221;][vc_single_image image=&#8221;4700&#8243; img_size=&#8221;full&#8221; el_class=&#8221;hidden&#8221;][vc_empty_space height=&#8221;395px&#8221;][\/vc_column_inner][\/vc_row_inner][\/vc_column][vc_column width=&#8221;1\/2&#8243;][\/vc_column][\/vc_row][vc_row full_width=&#8221;true&#8221; background_color=&#8221;#e9edf6&#8243; padding_bottom=&#8221;0&#8243;][vc_column][vc_row_inner][vc_column_inner][vc_custom_heading text=&#8221;SegurCaixa ASSIST\u00c8NCIA EN VIATGE La tranquil\u00b7litat de viatjar segur [&hellip;]","og_url":"https:\/\/www.ofertassegurossalud.com\/ca\/ofertes-en-assegurances-assistencia-en-viatge\/","og_site_name":"Ofertas Seguros Salud","article_modified_time":"2025-03-24T12:11:52+00:00","twitter_card":"summary_large_image","twitter_misc":{"Temps estimat de lectura":"2 minuts"},"schema":{"@context":"https:\/\/schema.org","@graph":[{"@type":"WebPage","@id":"https:\/\/www.ofertassegurossalud.com\/ca\/ofertes-en-assegurances-assistencia-en-viatge\/","url":"https:\/\/www.ofertassegurossalud.com\/ca\/ofertes-en-assegurances-assistencia-en-viatge\/","name":"Ofertes en assegurances d'assist\u00e8ncia en viatge - SegurCaixa Adeslas","isPartOf":{"@id":"https:\/\/www.ofertassegurossalud.com\/es\/#website"},"datePublished":"2022-12-13T10:24:52+00:00","dateModified":"2025-03-24T12:11:52+00:00","breadcrumb":{"@id":"https:\/\/www.ofertassegurossalud.com\/ca\/ofertes-en-assegurances-assistencia-en-viatge\/#breadcrumb"},"inLanguage":"ca","potentialAction":[{"@type":"ReadAction","target":["https:\/\/www.ofertassegurossalud.com\/ca\/ofertes-en-assegurances-assistencia-en-viatge\/"]}]},{"@type":"BreadcrumbList","@id":"https:\/\/www.ofertassegurossalud.com\/ca\/ofertes-en-assegurances-assistencia-en-viatge\/#breadcrumb","itemListElement":[{"@type":"ListItem","position":1,"name":"Portada","item":"https:\/\/www.ofertassegurossalud.com\/ca\/"},{"@type":"ListItem","position":2,"name":"Ofertes en assegurances d&#8217;assist\u00e8ncia en viatge &#8211; SegurCaixa Adeslas"}]},{"@type":"WebSite","@id":"https:\/\/www.ofertassegurossalud.com\/es\/#website","url":"https:\/\/www.ofertassegurossalud.com\/es\/","name":"Ofertas Seguros Salud","description":"Tu aseguradora de confianza con la garant\u00eda de calidad","potentialAction":[{"@type":"SearchAction","target":{"@type":"EntryPoint","urlTemplate":"https:\/\/www.ofertassegurossalud.com\/es\/?s={search_term_string}"},"query-input":{"@type":"PropertyValueSpecification","valueRequired":true,"valueName":"search_term_string"}}],"inLanguage":"ca"}]}},"_links":{"self":[{"href":"https:\/\/www.ofertassegurossalud.com\/ca\/wp-json\/wp\/v2\/pages\/3737","targetHints":{"allow":["GET"]}}],"collection":[{"href":"https:\/\/www.ofertassegurossalud.com\/ca\/wp-json\/wp\/v2\/pages"}],"about":[{"href":"https:\/\/www.ofertassegurossalud.com\/ca\/wp-json\/wp\/v2\/types\/page"}],"author":[{"embeddable":true,"href":"https:\/\/www.ofertassegurossalud.com\/ca\/wp-json\/wp\/v2\/users\/1"}],"replies":[{"embeddable":true,"href":"https:\/\/www.ofertassegurossalud.com\/ca\/wp-json\/wp\/v2\/comments?post=3737"}],"version-history":[{"count":16,"href":"https:\/\/www.ofertassegurossalud.com\/ca\/wp-json\/wp\/v2\/pages\/3737\/revisions"}],"predecessor-version":[{"id":8801,"href":"https:\/\/www.ofertassegurossalud.com\/ca\/wp-json\/wp\/v2\/pages\/3737\/revisions\/8801"}],"wp:attachment":[{"href":"https:\/\/www.ofertassegurossalud.com\/ca\/wp-json\/wp\/v2\/media?parent=3737"}],"curies":[{"name":"wp","href":"https:\/\/api.w.org\/{rel}","templated":true}]}}