{"id":3729,"date":"2022-12-13T12:05:55","date_gmt":"2022-12-13T10:05:55","guid":{"rendered":"https:\/\/www.ofertassegurossalud.com\/?page_id=3729"},"modified":"2025-07-31T09:27:49","modified_gmt":"2025-07-31T07:27:49","slug":"ofertes-en-assegurances-delectrodomestics","status":"publish","type":"page","link":"https:\/\/www.ofertassegurossalud.com\/ca\/ofertes-en-assegurances-delectrodomestics\/","title":{"rendered":"Ofertes en assegurances d&#8217;electrodom\u00e8stics"},"content":{"rendered":"<div class=\"wpb-content-wrapper\"><p>[vc_row background_color=&#8221;#009ddd&#8221; padding_top=&#8221;&#8221; padding_bottom=&#8221;0&#8243;][vc_column][vc_custom_heading text=&#8221;Les millors ofertes en assegurances per als teus electrodom\u00e8stics&#8221; font_container=&#8221;tag:h1|text_align:center|color:%23ffffff&#8221; use_theme_fonts=&#8221;yes&#8221; css_animation=&#8221;none&#8221; css=&#8221;.vc_custom_1670931417434{margin-top: 20px !important;}&#8221;][\/vc_column][\/vc_row][vc_row full_width=&#8221;true&#8221; background_image=&#8221;2684&#8243; background_position=&#8221;right top&#8221; padding_top=&#8221;0&#8243; padding_bottom=&#8221;60&#8243; bg_type=&#8221;image&#8221; parallax_style=&#8221;vcpb-default&#8221; bg_image_repeat=&#8221;no-repeat&#8221; bg_image_size=&#8221;contain&#8221;][vc_column width=&#8221;1\/2&#8243;][vc_row_inner][vc_column_inner el_class=&#8221;promoinfo&#8221; css=&#8221;.vc_custom_1717750979220{padding-top: 50px !important;padding-bottom: 25px !important;}&#8221;][vc_empty_space height=&#8221;400px&#8221;][vc_single_image image=&#8221;4700&#8243; img_size=&#8221;full&#8221; el_class=&#8221;hidden&#8221;][\/vc_column_inner][\/vc_row_inner][\/vc_column][vc_column width=&#8221;1\/2&#8243;][\/vc_column][\/vc_row][vc_row full_width=&#8221;true&#8221; background_color=&#8221;#e9edf6&#8243; padding_bottom=&#8221;0&#8243;][vc_column][vc_row_inner][vc_column_inner]<div class='gap nz-clearfix' style='height:40px'>&nbsp;<\/div>[vc_custom_heading text=&#8221;Protecci\u00f3 completa i integral<br \/>\nper tenir els teus electrodom\u00e8stics sempre a punt&#8221; font_container=&#8221;tag:h2|font_size:32|text_align:center|color:%23009ddd&#8221; use_theme_fonts=&#8221;yes&#8221;]<div class='gap nz-clearfix' style='height:15px'>&nbsp;<\/div>[vc_separator color=&#8221;custom&#8221; border_width=&#8221;2&#8243; el_width=&#8221;80&#8243; accent_color=&#8221;#009ddd&#8221;][\/vc_column_inner][\/vc_row_inner][vc_row_inner][vc_column_inner][vc_column_text pl=&#8221;120&#8243; pr=&#8221;120&#8243;]<\/p>\n<p style=\"text-align: center;\"><span style=\"color: #999999; font-size: 18px; line-height: 28px;\">Quan pateixes una avaria a la teva rentadora, vitrocer\u00e0mica, TV, ordinador\u2026<br \/>\nSabem les mol\u00e8sties que et causen i la despesa que comporta la reparaci\u00f3<\/span><\/p>\n<p style=\"text-align: center;\"><span style=\"color: #999999; font-size: 18px; line-height: 28px;\">Amb SegurCaixa ELECTRODOM\u00c8STICS tens una protecci\u00f3 completa i integral davant de les avaries dels electrodom\u00e8stics del teu habitatge, fora del per\u00edode de garantia de l&#8217;electrodom\u00e8stic. Evitar\u00e0s afrontar costoses reparacions o adquirir un nou aparell a causa d&#8217;una avaria.<\/span><\/p>\n<p>[\/vc_column_text][\/vc_column_inner][\/vc_row_inner][\/vc_column][\/vc_row][vc_row full_width=&#8221;true&#8221; padding_top=&#8221;40&#8243;][vc_column width=&#8221;1\/4&#8243;][vc_icon icon_fontawesome=&#8221;fa fa-shield&#8221; color=&#8221;custom&#8221; size=&#8221;lg&#8221; align=&#8221;center&#8221; css=&#8221;.vc_custom_1654163600889{margin-bottom: 0px !important;}&#8221; custom_color=&#8221;#009ddd&#8221;]<div id=\"ultimate-heading-872969fb34fa85df3\" class=\"uvc-heading ult-adjust-bottom-margin ultimate-heading-872969fb34fa85df3 uvc-6370 \" data-hspacer=\"no_spacer\"  data-halign=\"center\" style=\"text-align:center\"><div class=\"uvc-heading-spacer no_spacer\" style=\"top\"><\/div><div class=\"uvc-main-heading ult-responsive\"  data-ultimate-target='.uvc-heading.ultimate-heading-872969fb34fa85df3 h4'  data-responsive-json-new='{\"font-size\":\"\",\"line-height\":\"\"}' ><h4 style=\"font-weight:normal;\">Protecci\u00f3 completa e integral<\/h4><\/div><div class=\"uvc-sub-heading ult-responsive\"  data-ultimate-target='.uvc-heading.ultimate-heading-872969fb34fa85df3 .uvc-sub-heading '  data-responsive-json-new='{\"font-size\":\"desktop:15px;\",\"line-height\":\"desktop:25px;\"}'  style=\"font-weight:normal;\">davant les avaries dels electrodom\u00e8stics<\/div><\/div>[\/vc_column][vc_column width=&#8221;1\/4&#8243;][vc_icon icon_fontawesome=&#8221;fa fa-eur&#8221; color=&#8221;custom&#8221; size=&#8221;lg&#8221; align=&#8221;center&#8221; css=&#8221;.vc_custom_1654163570329{margin-bottom: 0px !important;}&#8221; custom_color=&#8221;#009ddd&#8221;]<div id=\"ultimate-heading-95569fb34fa85e70\" class=\"uvc-heading ult-adjust-bottom-margin ultimate-heading-95569fb34fa85e70 uvc-1195 \" data-hspacer=\"no_spacer\"  data-halign=\"center\" style=\"text-align:center\"><div class=\"uvc-heading-spacer no_spacer\" style=\"top\"><\/div><div class=\"uvc-main-heading ult-responsive\"  data-ultimate-target='.uvc-heading.ultimate-heading-95569fb34fa85e70 h4'  data-responsive-json-new='{\"font-size\":\"\",\"line-height\":\"\"}' ><h4 style=\"font-weight:normal;\">Rep una indemnitzaci\u00f3<\/h4><\/div><div class=\"uvc-sub-heading ult-responsive\"  data-ultimate-target='.uvc-heading.ultimate-heading-95569fb34fa85e70 .uvc-sub-heading '  data-responsive-json-new='{\"font-size\":\"desktop:15px;\",\"line-height\":\"desktop:25px;\"}'  style=\"font-weight:normal;\">si no \u00e9s possible la reparaci\u00f3<\/div><\/div>[\/vc_column][vc_column width=&#8221;1\/4&#8243;][vc_icon icon_fontawesome=&#8221;fa fa-certificate&#8221; color=&#8221;custom&#8221; size=&#8221;lg&#8221; align=&#8221;center&#8221; css=&#8221;.vc_custom_1654163538095{margin-bottom: 0px !important;}&#8221; custom_color=&#8221;#009ddd&#8221;]<div id=\"ultimate-heading-401769fb34fa85ed1\" class=\"uvc-heading ult-adjust-bottom-margin ultimate-heading-401769fb34fa85ed1 uvc-1803 \" data-hspacer=\"no_spacer\"  data-halign=\"center\" style=\"text-align:center\"><div class=\"uvc-heading-spacer no_spacer\" style=\"top\"><\/div><div class=\"uvc-main-heading ult-responsive\"  data-ultimate-target='.uvc-heading.ultimate-heading-401769fb34fa85ed1 h4'  data-responsive-json-new='{\"font-size\":\"\",\"line-height\":\"\"}' ><h4 style=\"font-weight:normal;\">Qualitat garantida<\/h4><\/div><div class=\"uvc-sub-heading ult-responsive\"  data-ultimate-target='.uvc-heading.ultimate-heading-401769fb34fa85ed1 .uvc-sub-heading '  data-responsive-json-new='{\"font-size\":\"desktop:15px;\",\"line-height\":\"desktop:25px;\"}'  style=\"font-weight:normal;\">en totes les reparacions<\/div><\/div>[\/vc_column][vc_column width=&#8221;1\/4&#8243;][vc_icon icon_fontawesome=&#8221;fa fa-phone&#8221; color=&#8221;custom&#8221; size=&#8221;lg&#8221; align=&#8221;center&#8221; css=&#8221;.vc_custom_1654163476593{margin-bottom: 0px !important;}&#8221; custom_color=&#8221;#009ddd&#8221;]<div id=\"ultimate-heading-470469fb34fa85f2a\" class=\"uvc-heading ult-adjust-bottom-margin ultimate-heading-470469fb34fa85f2a uvc-121 \" data-hspacer=\"no_spacer\"  data-halign=\"center\" style=\"text-align:center\"><div class=\"uvc-heading-spacer no_spacer\" style=\"top\"><\/div><div class=\"uvc-main-heading ult-responsive\"  data-ultimate-target='.uvc-heading.ultimate-heading-470469fb34fa85f2a h4'  data-responsive-json-new='{\"font-size\":\"\",\"line-height\":\"\"}' ><h4 style=\"font-weight:normal;\">Tel\u00e8fon exclusiu 24h<\/h4><\/div><div class=\"uvc-sub-heading ult-responsive\"  data-ultimate-target='.uvc-heading.ultimate-heading-470469fb34fa85f2a .uvc-sub-heading '  data-responsive-json-new='{\"font-size\":\"desktop:15px;\",\"line-height\":\"desktop:25px;\"}'  style=\"font-weight:normal;\">Atenci\u00f3 client per a sinistres:<br \/>\n900 50 50 40<\/div><\/div>[\/vc_column][\/vc_row][vc_row full_width=&#8221;true&#8221; padding_top=&#8221;25&#8243; padding_bottom=&#8221;0&#8243;][vc_column width=&#8221;1\/3&#8243; pl=&#8221;10&#8243; pr=&#8221;10&#8243; pt=&#8221;10&#8243; pb=&#8221;10&#8243;][vc_row_inner][vc_column_inner][vc_single_image image=&#8221;2682&#8243; img_size=&#8221;full&#8221;][\/vc_column_inner][\/vc_row_inner][\/vc_column][vc_column width=&#8221;2\/3&#8243; pl=&#8221;10&#8243; pr=&#8221;10&#8243; pt=&#8221;10&#8243; pb=&#8221;10&#8243;][vc_column_text]<\/p>\n<h3>SegurCaixa Electrodom\u00e8stics<\/h3>\n<ul>\n<li>Sense necessitat de declarar els electrodom\u00e8stics de l\u00b4habitatge.<\/li>\n<li>Agrupa el servei de reparacions: cobreix les reparacions de tots els electrodom\u00e8stics.<\/li>\n<li>Qualitat a les reparacions.<\/li>\n<li>Cobertura d&#8217;avaria sense l\u00edmit d&#8217;aparells assegurats. Fins a 3 avaries cada any. Si el cost de la reparaci\u00f3 supera els 300\u20ac per avaria, s&#8217;indemnitzar\u00e0 el client en funci\u00f3 de l&#8217;antiguitat del b\u00e9 avariat.<\/li>\n<li>Si no \u00e9s possible reparar o econ\u00f2micament \u00e9s inviable, indemnitzem pel valor de substituci\u00f3 de l&#8217;electrodom\u00e8stic avariat.<\/li>\n<li>Antiguitat m\u00e0xima:\n<ul>\n<li>Electrodom\u00e8stics: 10 anys<\/li>\n<li>B\u00e9ns de lleure: 6 anys<\/li>\n<\/ul>\n<\/li>\n<li>Manca de 30 dies.<\/li>\n<\/ul>\n<div class=\"c-faq col-md-12 js-faq open\">\n<div class=\"c-faq__content \">\n<ul>\n<li>Electrodom\u00e8stics: rentadora, assecadora, frigor\u00edfic, congelador, rentavaixelles, vitrocer\u00e0mica, forn el\u00e8ctric, campana extractora, termoacumulador el\u00e8ctric, televisors, comandaments a dist\u00e0ncia TV i microones.<\/li>\n<li>B\u00e9ns de lleure: ordinadors fixos i videoconsoles fixes.<\/li>\n<\/ul>\n<\/div>\n<\/div>\n<div class=\"c-faq col-md-12 js-faq open\">\n<div class=\"c-faq__title c-gtm-caracteristica-seguro\">\n<div class=\"c-faq__title-icon\"><\/div>\n<\/div>\n<\/div>\n<p>[\/vc_column_text][\/vc_column][\/vc_row]<\/p>\n<\/div>","protected":false},"excerpt":{"rendered":"<p>[vc_row background_color=&#8221;#009ddd&#8221; padding_top=&#8221;&#8221; padding_bottom=&#8221;0&#8243;][vc_column][vc_custom_heading text=&#8221;Les millors ofertes en assegurances per als teus electrodom\u00e8stics&#8221; font_container=&#8221;tag:h1|text_align:center|color:%23ffffff&#8221; use_theme_fonts=&#8221;yes&#8221; css_animation=&#8221;none&#8221; css=&#8221;.vc_custom_1670931417434{margin-top: 20px !important;}&#8221;][\/vc_column][\/vc_row][vc_row full_width=&#8221;true&#8221; background_image=&#8221;2684&#8243; background_position=&#8221;right top&#8221; padding_top=&#8221;0&#8243; padding_bottom=&#8221;60&#8243; bg_type=&#8221;image&#8221; parallax_style=&#8221;vcpb-default&#8221; bg_image_repeat=&#8221;no-repeat&#8221; bg_image_size=&#8221;contain&#8221;][vc_column width=&#8221;1\/2&#8243;][vc_row_inner][vc_column_inner el_class=&#8221;promoinfo&#8221; css=&#8221;.vc_custom_1717750979220{padding-top: 50px !important;padding-bottom: 25px !important;}&#8221;][vc_empty_space height=&#8221;400px&#8221;][vc_single_image image=&#8221;4700&#8243; img_size=&#8221;full&#8221; el_class=&#8221;hidden&#8221;][\/vc_column_inner][\/vc_row_inner][\/vc_column][vc_column width=&#8221;1\/2&#8243;][\/vc_column][\/vc_row][vc_row full_width=&#8221;true&#8221; background_color=&#8221;#e9edf6&#8243; padding_bottom=&#8221;0&#8243;][vc_column][vc_row_inner][vc_column_inner][vc_custom_heading text=&#8221;Protecci\u00f3 completa i integral per tenir els teus electrodom\u00e8stics sempre a [&hellip;]<\/p>\n","protected":false},"author":1,"featured_media":0,"parent":0,"menu_order":0,"comment_status":"closed","ping_status":"closed","template":"","meta":{"_joinchat":[],"footnotes":""},"class_list":["post-3729","page","type-page","status-publish","hentry"],"yoast_head":"<!-- This site is optimized with the Yoast SEO plugin v24.9 - https:\/\/yoast.com\/wordpress\/plugins\/seo\/ -->\n<title>Ofertes en assegurances d&#039;electrodom\u00e8stics<\/title>\n<meta name=\"robots\" content=\"index, follow, max-snippet:-1, max-image-preview:large, max-video-preview:-1\" \/>\n<link rel=\"canonical\" href=\"https:\/\/www.ofertassegurossalud.com\/ca\/ofertes-en-assegurances-delectrodomestics\/\" \/>\n<meta property=\"og:locale\" content=\"ca_ES\" \/>\n<meta property=\"og:type\" content=\"article\" \/>\n<meta property=\"og:title\" content=\"Ofertes en assegurances d&#039;electrodom\u00e8stics\" \/>\n<meta property=\"og:description\" content=\"[vc_row background_color=&#8221;#009ddd&#8221; padding_top=&#8221;&#8221; padding_bottom=&#8221;0&#8243;][vc_column][vc_custom_heading text=&#8221;Les millors ofertes en assegurances per als teus electrodom\u00e8stics&#8221; font_container=&#8221;tag:h1|text_align:center|color:%23ffffff&#8221; use_theme_fonts=&#8221;yes&#8221; css_animation=&#8221;none&#8221; css=&#8221;.vc_custom_1670931417434{margin-top: 20px !important;}&#8221;][\/vc_column][\/vc_row][vc_row full_width=&#8221;true&#8221; background_image=&#8221;2684&#8243; background_position=&#8221;right top&#8221; padding_top=&#8221;0&#8243; padding_bottom=&#8221;60&#8243; bg_type=&#8221;image&#8221; parallax_style=&#8221;vcpb-default&#8221; bg_image_repeat=&#8221;no-repeat&#8221; bg_image_size=&#8221;contain&#8221;][vc_column width=&#8221;1\/2&#8243;][vc_row_inner][vc_column_inner el_class=&#8221;promoinfo&#8221; css=&#8221;.vc_custom_1717750979220{padding-top: 50px !important;padding-bottom: 25px !important;}&#8221;][vc_empty_space height=&#8221;400px&#8221;][vc_single_image image=&#8221;4700&#8243; img_size=&#8221;full&#8221; el_class=&#8221;hidden&#8221;][\/vc_column_inner][\/vc_row_inner][\/vc_column][vc_column width=&#8221;1\/2&#8243;][\/vc_column][\/vc_row][vc_row full_width=&#8221;true&#8221; background_color=&#8221;#e9edf6&#8243; padding_bottom=&#8221;0&#8243;][vc_column][vc_row_inner][vc_column_inner][vc_custom_heading text=&#8221;Protecci\u00f3 completa i integral per tenir els teus electrodom\u00e8stics sempre a [&hellip;]\" \/>\n<meta property=\"og:url\" content=\"https:\/\/www.ofertassegurossalud.com\/ca\/ofertes-en-assegurances-delectrodomestics\/\" \/>\n<meta property=\"og:site_name\" content=\"Ofertas Seguros Salud\" \/>\n<meta property=\"article:modified_time\" content=\"2025-07-31T07:27:49+00:00\" \/>\n<meta name=\"twitter:card\" content=\"summary_large_image\" \/>\n<meta name=\"twitter:label1\" content=\"Temps estimat de lectura\" \/>\n\t<meta name=\"twitter:data1\" content=\"2 minuts\" \/>\n<script type=\"application\/ld+json\" class=\"yoast-schema-graph\">{\"@context\":\"https:\/\/schema.org\",\"@graph\":[{\"@type\":\"WebPage\",\"@id\":\"https:\/\/www.ofertassegurossalud.com\/ca\/ofertes-en-assegurances-delectrodomestics\/\",\"url\":\"https:\/\/www.ofertassegurossalud.com\/ca\/ofertes-en-assegurances-delectrodomestics\/\",\"name\":\"Ofertes en assegurances d'electrodom\u00e8stics\",\"isPartOf\":{\"@id\":\"https:\/\/www.ofertassegurossalud.com\/es\/#website\"},\"datePublished\":\"2022-12-13T10:05:55+00:00\",\"dateModified\":\"2025-07-31T07:27:49+00:00\",\"breadcrumb\":{\"@id\":\"https:\/\/www.ofertassegurossalud.com\/ca\/ofertes-en-assegurances-delectrodomestics\/#breadcrumb\"},\"inLanguage\":\"ca\",\"potentialAction\":[{\"@type\":\"ReadAction\",\"target\":[\"https:\/\/www.ofertassegurossalud.com\/ca\/ofertes-en-assegurances-delectrodomestics\/\"]}]},{\"@type\":\"BreadcrumbList\",\"@id\":\"https:\/\/www.ofertassegurossalud.com\/ca\/ofertes-en-assegurances-delectrodomestics\/#breadcrumb\",\"itemListElement\":[{\"@type\":\"ListItem\",\"position\":1,\"name\":\"Portada\",\"item\":\"https:\/\/www.ofertassegurossalud.com\/ca\/\"},{\"@type\":\"ListItem\",\"position\":2,\"name\":\"Ofertes en assegurances d&#8217;electrodom\u00e8stics\"}]},{\"@type\":\"WebSite\",\"@id\":\"https:\/\/www.ofertassegurossalud.com\/es\/#website\",\"url\":\"https:\/\/www.ofertassegurossalud.com\/es\/\",\"name\":\"Ofertas Seguros Salud\",\"description\":\"Tu aseguradora de confianza con la garant\u00eda de calidad\",\"potentialAction\":[{\"@type\":\"SearchAction\",\"target\":{\"@type\":\"EntryPoint\",\"urlTemplate\":\"https:\/\/www.ofertassegurossalud.com\/es\/?s={search_term_string}\"},\"query-input\":{\"@type\":\"PropertyValueSpecification\",\"valueRequired\":true,\"valueName\":\"search_term_string\"}}],\"inLanguage\":\"ca\"}]}<\/script>\n<!-- \/ Yoast SEO plugin. -->","yoast_head_json":{"title":"Ofertes en assegurances d'electrodom\u00e8stics","robots":{"index":"index","follow":"follow","max-snippet":"max-snippet:-1","max-image-preview":"max-image-preview:large","max-video-preview":"max-video-preview:-1"},"canonical":"https:\/\/www.ofertassegurossalud.com\/ca\/ofertes-en-assegurances-delectrodomestics\/","og_locale":"ca_ES","og_type":"article","og_title":"Ofertes en assegurances d'electrodom\u00e8stics","og_description":"[vc_row background_color=&#8221;#009ddd&#8221; padding_top=&#8221;&#8221; padding_bottom=&#8221;0&#8243;][vc_column][vc_custom_heading text=&#8221;Les millors ofertes en assegurances per als teus electrodom\u00e8stics&#8221; font_container=&#8221;tag:h1|text_align:center|color:%23ffffff&#8221; use_theme_fonts=&#8221;yes&#8221; css_animation=&#8221;none&#8221; css=&#8221;.vc_custom_1670931417434{margin-top: 20px !important;}&#8221;][\/vc_column][\/vc_row][vc_row full_width=&#8221;true&#8221; background_image=&#8221;2684&#8243; background_position=&#8221;right top&#8221; padding_top=&#8221;0&#8243; padding_bottom=&#8221;60&#8243; bg_type=&#8221;image&#8221; parallax_style=&#8221;vcpb-default&#8221; bg_image_repeat=&#8221;no-repeat&#8221; bg_image_size=&#8221;contain&#8221;][vc_column width=&#8221;1\/2&#8243;][vc_row_inner][vc_column_inner el_class=&#8221;promoinfo&#8221; css=&#8221;.vc_custom_1717750979220{padding-top: 50px !important;padding-bottom: 25px !important;}&#8221;][vc_empty_space height=&#8221;400px&#8221;][vc_single_image image=&#8221;4700&#8243; img_size=&#8221;full&#8221; el_class=&#8221;hidden&#8221;][\/vc_column_inner][\/vc_row_inner][\/vc_column][vc_column width=&#8221;1\/2&#8243;][\/vc_column][\/vc_row][vc_row full_width=&#8221;true&#8221; background_color=&#8221;#e9edf6&#8243; padding_bottom=&#8221;0&#8243;][vc_column][vc_row_inner][vc_column_inner][vc_custom_heading text=&#8221;Protecci\u00f3 completa i integral per tenir els teus electrodom\u00e8stics sempre a [&hellip;]","og_url":"https:\/\/www.ofertassegurossalud.com\/ca\/ofertes-en-assegurances-delectrodomestics\/","og_site_name":"Ofertas Seguros Salud","article_modified_time":"2025-07-31T07:27:49+00:00","twitter_card":"summary_large_image","twitter_misc":{"Temps estimat de lectura":"2 minuts"},"schema":{"@context":"https:\/\/schema.org","@graph":[{"@type":"WebPage","@id":"https:\/\/www.ofertassegurossalud.com\/ca\/ofertes-en-assegurances-delectrodomestics\/","url":"https:\/\/www.ofertassegurossalud.com\/ca\/ofertes-en-assegurances-delectrodomestics\/","name":"Ofertes en assegurances d'electrodom\u00e8stics","isPartOf":{"@id":"https:\/\/www.ofertassegurossalud.com\/es\/#website"},"datePublished":"2022-12-13T10:05:55+00:00","dateModified":"2025-07-31T07:27:49+00:00","breadcrumb":{"@id":"https:\/\/www.ofertassegurossalud.com\/ca\/ofertes-en-assegurances-delectrodomestics\/#breadcrumb"},"inLanguage":"ca","potentialAction":[{"@type":"ReadAction","target":["https:\/\/www.ofertassegurossalud.com\/ca\/ofertes-en-assegurances-delectrodomestics\/"]}]},{"@type":"BreadcrumbList","@id":"https:\/\/www.ofertassegurossalud.com\/ca\/ofertes-en-assegurances-delectrodomestics\/#breadcrumb","itemListElement":[{"@type":"ListItem","position":1,"name":"Portada","item":"https:\/\/www.ofertassegurossalud.com\/ca\/"},{"@type":"ListItem","position":2,"name":"Ofertes en assegurances d&#8217;electrodom\u00e8stics"}]},{"@type":"WebSite","@id":"https:\/\/www.ofertassegurossalud.com\/es\/#website","url":"https:\/\/www.ofertassegurossalud.com\/es\/","name":"Ofertas Seguros Salud","description":"Tu aseguradora de confianza con la garant\u00eda de calidad","potentialAction":[{"@type":"SearchAction","target":{"@type":"EntryPoint","urlTemplate":"https:\/\/www.ofertassegurossalud.com\/es\/?s={search_term_string}"},"query-input":{"@type":"PropertyValueSpecification","valueRequired":true,"valueName":"search_term_string"}}],"inLanguage":"ca"}]}},"_links":{"self":[{"href":"https:\/\/www.ofertassegurossalud.com\/ca\/wp-json\/wp\/v2\/pages\/3729","targetHints":{"allow":["GET"]}}],"collection":[{"href":"https:\/\/www.ofertassegurossalud.com\/ca\/wp-json\/wp\/v2\/pages"}],"about":[{"href":"https:\/\/www.ofertassegurossalud.com\/ca\/wp-json\/wp\/v2\/types\/page"}],"author":[{"embeddable":true,"href":"https:\/\/www.ofertassegurossalud.com\/ca\/wp-json\/wp\/v2\/users\/1"}],"replies":[{"embeddable":true,"href":"https:\/\/www.ofertassegurossalud.com\/ca\/wp-json\/wp\/v2\/comments?post=3729"}],"version-history":[{"count":21,"href":"https:\/\/www.ofertassegurossalud.com\/ca\/wp-json\/wp\/v2\/pages\/3729\/revisions"}],"predecessor-version":[{"id":9796,"href":"https:\/\/www.ofertassegurossalud.com\/ca\/wp-json\/wp\/v2\/pages\/3729\/revisions\/9796"}],"wp:attachment":[{"href":"https:\/\/www.ofertassegurossalud.com\/ca\/wp-json\/wp\/v2\/media?parent=3729"}],"curies":[{"name":"wp","href":"https:\/\/api.w.org\/{rel}","templated":true}]}}