{"id":3721,"date":"2022-12-13T11:34:08","date_gmt":"2022-12-13T09:34:08","guid":{"rendered":"https:\/\/www.ofertassegurossalud.com\/?page_id=3721"},"modified":"2025-07-31T09:27:02","modified_gmt":"2025-07-31T07:27:02","slug":"ofertes-en-assegurances-de-mascotes","status":"publish","type":"page","link":"https:\/\/www.ofertassegurossalud.com\/ca\/ofertes-en-assegurances-de-mascotes\/","title":{"rendered":"Ofertes en Assegurances de Mascotes &#8211; Protecci\u00f3 pel teu fidel amic"},"content":{"rendered":"<div class=\"wpb-content-wrapper\"><p>[vc_row background_color=&#8221;#009ddd&#8221; padding_top=&#8221;0&#8243; padding_bottom=&#8221;0&#8243;][vc_column][vc_custom_heading text=&#8221;Les millors ofertes en assegurances de mascotes&#8221; font_container=&#8221;tag:h1|text_align:center|color:%23ffffff&#8221; use_theme_fonts=&#8221;yes&#8221; css_animation=&#8221;none&#8221; css=&#8221;.vc_custom_1670930842163{margin-top: 20px !important;}&#8221;][\/vc_column][\/vc_row][vc_row full_width=&#8221;true&#8221; background_image=&#8221;2628&#8243; background_position=&#8221;right top&#8221; padding_top=&#8221;0&#8243; padding_bottom=&#8221;60&#8243; bg_type=&#8221;image&#8221; parallax_style=&#8221;vcpb-default&#8221; bg_image_repeat=&#8221;no-repeat&#8221; bg_image_size=&#8221;contain&#8221;][vc_column][vc_row_inner][vc_column_inner el_class=&#8221;promoinfo&#8221; width=&#8221;1\/2&#8243; css=&#8221;.vc_custom_1717750747725{padding-top: 50px !important;padding-bottom: 25px !important;}&#8221;][vc_single_image image=&#8221;4700&#8243; img_size=&#8221;full&#8221; el_class=&#8221;hidden&#8221;][vc_empty_space height=&#8221;400px&#8221;][\/vc_column_inner][vc_column_inner width=&#8221;1\/2&#8243;][\/vc_column_inner][\/vc_row_inner][\/vc_column][\/vc_row][vc_row full_width=&#8221;true&#8221; background_color=&#8221;#e9edf6&#8243; padding_bottom=&#8221;0&#8243;][vc_column][vc_row_inner][vc_column_inner]<div class='gap nz-clearfix' style='height:40px'>&nbsp;<\/div>[vc_custom_heading text=&#8221;Ampli quadre veterinari i urg\u00e8ncies 24h&#8221; font_container=&#8221;tag:h2|font_size:32|text_align:center|color:%23009ddd&#8221; use_theme_fonts=&#8221;yes&#8221;]<div class='gap nz-clearfix' style='height:15px'>&nbsp;<\/div>[vc_separator color=&#8221;custom&#8221; border_width=&#8221;2&#8243; el_width=&#8221;80&#8243; accent_color=&#8221;#009ddd&#8221;][\/vc_column_inner][\/vc_row_inner][vc_row_inner][vc_column_inner][vc_column_text pl=&#8221;120&#8243; pr=&#8221;120&#8243;]<\/p>\n<p style=\"text-align: center;\"><span style=\"color: #999999; font-size: 18px; line-height: 28px;\">Una asseguran\u00e7a destinada a protegir el benestar i la salut del teu gos o gat, per un preu molt econ\u00f2mic i sense difer\u00e8ncia a la prima per edat de l&#8217;animal.<\/span><\/p>\n<p style=\"text-align: center;\"><span style=\"color: #999999; font-size: 18px; line-height: 28px;\">Si tens un gos o gat, de qualsevol ra\u00e7a, amb microxip, de m\u00e9s de tres mesos i menys de 9 anys, ho podr\u00e0s assegurar a SegurCaixa Adeslas, sense q\u00fcestionari, i triar, en funci\u00f3 de les teves necessitats, entre una modalitat B\u00e0sica, o Completa per comptar amb Assist\u00e8ncia veterin\u00e0ria, acc\u00e9s a un ampli quadre veterinari a nivell nacional i urg\u00e8ncies 24 hores.<\/span><\/p>\n<p>[\/vc_column_text][\/vc_column_inner][\/vc_row_inner][\/vc_column][\/vc_row][vc_row full_width=&#8221;true&#8221; padding_top=&#8221;40&#8243;][vc_column width=&#8221;1\/3&#8243;][vc_icon icon_fontawesome=&#8221;fa fa-paw&#8221; color=&#8221;custom&#8221; size=&#8221;lg&#8221; align=&#8221;center&#8221; css=&#8221;.vc_custom_1653295432801{margin-bottom: 0px !important;}&#8221; custom_color=&#8221;#009ddd&#8221;]<div id=\"ultimate-heading-267069ee68bf26bbd\" class=\"uvc-heading ult-adjust-bottom-margin ultimate-heading-267069ee68bf26bbd uvc-8474 \" data-hspacer=\"no_spacer\"  data-halign=\"center\" style=\"text-align:center\"><div class=\"uvc-heading-spacer no_spacer\" style=\"top\"><\/div><div class=\"uvc-main-heading ult-responsive\"  data-ultimate-target='.uvc-heading.ultimate-heading-267069ee68bf26bbd h4'  data-responsive-json-new='{\"font-size\":\"\",\"line-height\":\"\"}' ><h4 style=\"font-weight:normal;\">Ampli quadre veterinari<\/h4><\/div><div class=\"uvc-sub-heading ult-responsive\"  data-ultimate-target='.uvc-heading.ultimate-heading-267069ee68bf26bbd .uvc-sub-heading '  data-responsive-json-new='{\"font-size\":\"desktop:15px;\",\"line-height\":\"desktop:25px;\"}'  style=\"font-weight:normal;\">a nivell nacional<\/div><\/div>[\/vc_column][vc_column width=&#8221;1\/3&#8243;][vc_icon icon_fontawesome=&#8221;fa fa-user-md&#8221; color=&#8221;custom&#8221; size=&#8221;lg&#8221; align=&#8221;center&#8221; css=&#8221;.vc_custom_1653295587208{margin-bottom: 0px !important;}&#8221; custom_color=&#8221;#009ddd&#8221;]<div id=\"ultimate-heading-873469ee68bf26c4d\" class=\"uvc-heading ult-adjust-bottom-margin ultimate-heading-873469ee68bf26c4d uvc-8588 \" data-hspacer=\"no_spacer\"  data-halign=\"center\" style=\"text-align:center\"><div class=\"uvc-heading-spacer no_spacer\" style=\"top\"><\/div><div class=\"uvc-main-heading ult-responsive\"  data-ultimate-target='.uvc-heading.ultimate-heading-873469ee68bf26c4d h4'  data-responsive-json-new='{\"font-size\":\"\",\"line-height\":\"\"}' ><h4 style=\"font-weight:normal;\">Orientaci\u00f3 veterin\u00e0ria<\/h4><\/div><div class=\"uvc-sub-heading ult-responsive\"  data-ultimate-target='.uvc-heading.ultimate-heading-873469ee68bf26c4d .uvc-sub-heading '  data-responsive-json-new='{\"font-size\":\"desktop:15px;\",\"line-height\":\"desktop:25px;\"}'  style=\"font-weight:normal;\">per tel\u00e8fon<\/div><\/div>[\/vc_column][vc_column width=&#8221;1\/3&#8243;][vc_icon icon_fontawesome=&#8221;fa fa-clock-o&#8221; color=&#8221;custom&#8221; size=&#8221;lg&#8221; align=&#8221;center&#8221; css=&#8221;.vc_custom_1653295613393{margin-bottom: 0px !important;}&#8221; custom_color=&#8221;#009ddd&#8221;]<div id=\"ultimate-heading-367469ee68bf26cbe\" class=\"uvc-heading ult-adjust-bottom-margin ultimate-heading-367469ee68bf26cbe uvc-8904 \" data-hspacer=\"no_spacer\"  data-halign=\"center\" style=\"text-align:center\"><div class=\"uvc-heading-spacer no_spacer\" style=\"top\"><\/div><div class=\"uvc-main-heading ult-responsive\"  data-ultimate-target='.uvc-heading.ultimate-heading-367469ee68bf26cbe h4'  data-responsive-json-new='{\"font-size\":\"\",\"line-height\":\"\"}' ><h4 style=\"font-weight:normal;\">Urg\u00e8ncies<\/h4><\/div><div class=\"uvc-sub-heading ult-responsive\"  data-ultimate-target='.uvc-heading.ultimate-heading-367469ee68bf26cbe .uvc-sub-heading '  data-responsive-json-new='{\"font-size\":\"desktop:15px;\",\"line-height\":\"desktop:25px;\"}'  style=\"font-weight:normal;\">24 hores<\/div><\/div>[\/vc_column][\/vc_row][vc_row full_width=&#8221;true&#8221; padding_top=&#8221;25&#8243; padding_bottom=&#8221;0&#8243;][vc_column width=&#8221;1\/2&#8243; pl=&#8221;10&#8243; pr=&#8221;10&#8243; pt=&#8221;10&#8243; pb=&#8221;10&#8243;][vc_row_inner][vc_column_inner][vc_single_image image=&#8221;2623&#8243; img_size=&#8221;full&#8221;]<div class=\"ult_pricing_table_wrap ult_design_5  ult-cs-custom  \">\n\t\t\t\t\t<div class=\"ult_pricing_table \" style=\"background:#ffffff;color:#009ddd;\"><div id=\"price-table-wrap-6775\" class=\"ult_pricing_heading\" style=\"background:#009ddd;color:#ffffff;\">\n\t\t\t\t\t\t\t<h3 class=\"price-heading ult-responsive cust-headformat\"  data-ultimate-target='#price-table-wrap-6775 .cust-headformat'  data-responsive-json-new='{\"font-size\":\"\",\"line-height\":\"\"}'  style=\"font-weight:normal;\">SegurCaixa Mascotes modalitat B\u00c0SICA<\/h3><\/div><!--ult_pricing_heading--><div class=\"ult_price_body_block\" style=\"background:#009ddd;color:#ffffff;\">\n\t\t\t\t\t\t\t<div class=\"ult_price_body\">\n\t\t\t\t\t\t\t\t<div id=\"price-table-wrap-9251\"  class=\"ult_price\">\n\t\t\t\t\t\t\t\t\t<span  data-ultimate-target='#price-table-wrap-9251 .ult_price_figure'  data-responsive-json-new='{\"font-size\":\"\",\"line-height\":\"\"}'  class=\"ult_price_figure ult-responsive\" style=\"font-weight:normal;\"><\/span>\n\t\t\t\t\t\t\t\t\t<span  data-ultimate-target='#price-table-wrap-9251 .ult_price_term'  data-responsive-json-new='{\"font-size\":\"\",\"line-height\":\"\"}'  class=\"ult_price_term ult-responsive\" style=\"font-weight:normal;\"><\/span>\n\t\t\t\t\t\t\t\t<\/div>\n\t\t\t\t\t\t\t<\/div>\n\t\t\t\t\t\t<\/div><!--ult_price_body_block--><div id=\"price-table-features-wrap-6433\" class=\"ult_price_features ult-responsive\"  data-ultimate-target='#price-table-features-wrap-6433'  data-responsive-json-new='{\"font-size\":\"\",\"line-height\":\"\"}'  style=\"font-weight:normal;\">\n\t\t\t\t\t\t\t\n\t\t\t\t\t\t<\/div><!--ult_price_features--><div class=\"ult_clr\"><\/div>\n\t\t\t<\/div><!--pricing_table-->\n\t\t<\/div><!--pricing_table_wrap-->[\/vc_column_inner][\/vc_row_inner]<div class=\"nz-accordion \" data-collapsible=false><div class=\"false toggle-title nz-clearfix\"><span class=\"toggle-title-header\"><span>Cobertures<\/span><\/span><span class=\"arrow icon-plus4\"><\/span><\/div> <div id=\"cobertures\" class=\"toggle-content nz-clearfix\"><\/p>\n<ul>\n<li>Defunci\u00f3 per accident: fins a 1.000 \u20ac de capital.<\/li>\n<li>Robatori: fins a 800 \u20ac de capital.<\/li>\n<li>Responsabilitat civil: fins a 200.000\u20ac de capital<\/li>\n<\/ul>\n<p><\/div><\/div> [\/vc_column][vc_column width=&#8221;1\/2&#8243; pl=&#8221;10&#8243; pr=&#8221;10&#8243; pt=&#8221;10&#8243; pb=&#8221;10&#8243;][vc_row_inner][vc_column_inner][vc_single_image image=&#8221;2621&#8243; img_size=&#8221;full&#8221;]<div class=\"ult_pricing_table_wrap ult_design_5  ult-cs-custom  \">\n\t\t\t\t\t<div class=\"ult_pricing_table \" style=\"background:#ffffff;color:#009ddd;\"><div id=\"price-table-wrap-9990\" class=\"ult_pricing_heading\" style=\"background:#009ddd;color:#ffffff;\">\n\t\t\t\t\t\t\t<h3 class=\"price-heading ult-responsive cust-headformat\"  data-ultimate-target='#price-table-wrap-9990 .cust-headformat'  data-responsive-json-new='{\"font-size\":\"\",\"line-height\":\"\"}'  style=\"font-weight:normal;\">SegurCaixa Mascotes modalitat COMPLETA<\/h3><\/div><!--ult_pricing_heading--><div class=\"ult_price_body_block\" style=\"background:#009ddd;color:#ffffff;\">\n\t\t\t\t\t\t\t<div class=\"ult_price_body\">\n\t\t\t\t\t\t\t\t<div id=\"price-table-wrap-7660\"  class=\"ult_price\">\n\t\t\t\t\t\t\t\t\t<span  data-ultimate-target='#price-table-wrap-7660 .ult_price_figure'  data-responsive-json-new='{\"font-size\":\"\",\"line-height\":\"\"}'  class=\"ult_price_figure ult-responsive\" style=\"font-weight:normal;\"><\/span>\n\t\t\t\t\t\t\t\t\t<span  data-ultimate-target='#price-table-wrap-7660 .ult_price_term'  data-responsive-json-new='{\"font-size\":\"\",\"line-height\":\"\"}'  class=\"ult_price_term ult-responsive\" style=\"font-weight:normal;\"><\/span>\n\t\t\t\t\t\t\t\t<\/div>\n\t\t\t\t\t\t\t<\/div>\n\t\t\t\t\t\t<\/div><!--ult_price_body_block--><div id=\"price-table-features-wrap-1872\" class=\"ult_price_features ult-responsive\"  data-ultimate-target='#price-table-features-wrap-1872'  data-responsive-json-new='{\"font-size\":\"\",\"line-height\":\"\"}'  style=\"font-weight:normal;\">\n\t\t\t\t\t\t\t\n\t\t\t\t\t\t<\/div><!--ult_price_features--><div class=\"ult_clr\"><\/div>\n\t\t\t<\/div><!--pricing_table-->\n\t\t<\/div><!--pricing_table_wrap-->[\/vc_column_inner][\/vc_row_inner]<div class=\"nz-accordion \" data-collapsible=false><div class=\"false toggle-title nz-clearfix\"><span class=\"toggle-title-header\"><span>Cobertures<\/span><\/span><span class=\"arrow icon-plus4\"><\/span><\/div> <div id=\"cobertures\" class=\"toggle-content nz-clearfix\"><\/p>\n<ul>\n<li>Cobertures modalitat B\u00e0sica.<\/li>\n<li>Defunci\u00f3 per malaltia: fins a 1.000 \u20ac de capital.<\/li>\n<li>Assist\u00e8ncia veterin\u00e0ria.<\/li>\n<li>Un ampli quadre veterinari de<a href=\"https:\/\/webblanca-aspad-es.translate.goog\/Step1.aspx?customer=caf6d80d3b9f1a0fa4067fb7daec538925dcb873&amp;_x_tr_sl=es&amp;_x_tr_tl=ca&amp;_x_tr_hl=es&amp;_x_tr_pto=wapp\" target=\"_blank\" rel=\"noopener\"> m\u00e9s de 300 cl\u00edniques veterin\u00e0ries amb <\/a><a href=\"https:\/\/webblanca-aspad-es.translate.goog\/Step1.aspx?customer=caf6d80d3b9f1a0fa4067fb7daec538925dcb873&amp;_x_tr_sl=es&amp;_x_tr_tl=ca&amp;_x_tr_hl=es&amp;_x_tr_pto=wapp\" target=\"_blank\" rel=\"noopener\">cobertura a nivell nacional.<\/a><\/li>\n<li>Consultes veterin\u00e0ries sense l\u00edmits.<\/li>\n<li>Revisions i vacunaci\u00f3 de la r\u00e0bia gratu\u00eftes (excepte taxes oficials).<\/li>\n<li>\u200bPreus redu\u00efts a la resta de serveis: castraci\u00f3, neteges de boca, etc.<\/li>\n<li>Sense per\u00edode de car\u00e8ncia, llevat de garantia de defunci\u00f3 per malaltia que s&#8217;aplicar\u00e0 car\u00e8ncia de 6 mesos.<\/li>\n<\/ul>\n<p><\/div><\/div> [\/vc_column][\/vc_row][vc_row full_width=&#8221;true&#8221;][vc_column]<div class=\"nz-accordion \" data-collapsible=false><div class=\"false toggle-title nz-clearfix\"><span class=\"toggle-title-header\"><span>Avantatges d'assegurar amb Adeslas<\/span><\/span><span class=\"arrow icon-plus4\"><\/span><\/div> <div id=\"avantatges-dassegurar-amb-adeslas\" class=\"toggle-content nz-clearfix\"><\/p>\n<h2>Les millors condicions per a la teva asseguran\u00e7a de mascota.<\/h2>\n<ul>\n<li style=\"list-style-type: none;\">\n<ul>\n<li>Oferim la millor tarifa<\/li>\n<li>Sense q\u00fcestionari m\u00e8dic, sense l\u00edmits de races ni mancances<\/li>\n<li>Un cop l&#8217;animal ha superat els 9 anys de vida, es mant\u00e9 la p\u00f2lissa<\/li>\n<li>Cobertura de la responsabilitat civil per a gossos de races potencialment perilloses<\/li>\n<li>Adeslas Mascotes Completa \u00e9s l&#8217;\u00fanica p\u00f2lissa que cobreix la mort per malaltia<\/li>\n<li>Tu decideixes com vols pagar-ho: pots escollir entre una forma de pagament anual, semestral, trimestral o mensual.<\/li>\n<\/ul>\n<\/li>\n<\/ul>\n<p><\/div><\/div> [\/vc_column][\/vc_row]<\/p>\n<\/div>","protected":false},"excerpt":{"rendered":"<p>[vc_row background_color=&#8221;#009ddd&#8221; padding_top=&#8221;0&#8243; padding_bottom=&#8221;0&#8243;][vc_column][vc_custom_heading text=&#8221;Les millors ofertes en assegurances de mascotes&#8221; font_container=&#8221;tag:h1|text_align:center|color:%23ffffff&#8221; use_theme_fonts=&#8221;yes&#8221; css_animation=&#8221;none&#8221; css=&#8221;.vc_custom_1670930842163{margin-top: 20px !important;}&#8221;][\/vc_column][\/vc_row][vc_row full_width=&#8221;true&#8221; background_image=&#8221;2628&#8243; background_position=&#8221;right top&#8221; padding_top=&#8221;0&#8243; padding_bottom=&#8221;60&#8243; bg_type=&#8221;image&#8221; parallax_style=&#8221;vcpb-default&#8221; bg_image_repeat=&#8221;no-repeat&#8221; bg_image_size=&#8221;contain&#8221;][vc_column][vc_row_inner][vc_column_inner el_class=&#8221;promoinfo&#8221; width=&#8221;1\/2&#8243; css=&#8221;.vc_custom_1717750747725{padding-top: 50px !important;padding-bottom: 25px !important;}&#8221;][vc_single_image image=&#8221;4700&#8243; img_size=&#8221;full&#8221; el_class=&#8221;hidden&#8221;][vc_empty_space height=&#8221;400px&#8221;][\/vc_column_inner][vc_column_inner width=&#8221;1\/2&#8243;][\/vc_column_inner][\/vc_row_inner][\/vc_column][\/vc_row][vc_row full_width=&#8221;true&#8221; background_color=&#8221;#e9edf6&#8243; padding_bottom=&#8221;0&#8243;][vc_column][vc_row_inner][vc_column_inner][vc_custom_heading text=&#8221;Ampli quadre veterinari i urg\u00e8ncies 24h&#8221; font_container=&#8221;tag:h2|font_size:32|text_align:center|color:%23009ddd&#8221; use_theme_fonts=&#8221;yes&#8221;][vc_separator color=&#8221;custom&#8221; border_width=&#8221;2&#8243; el_width=&#8221;80&#8243; accent_color=&#8221;#009ddd&#8221;][\/vc_column_inner][\/vc_row_inner][vc_row_inner][vc_column_inner][vc_column_text pl=&#8221;120&#8243; [&hellip;]<\/p>\n","protected":false},"author":1,"featured_media":0,"parent":0,"menu_order":0,"comment_status":"closed","ping_status":"closed","template":"","meta":{"_joinchat":[],"footnotes":""},"class_list":["post-3721","page","type-page","status-publish","hentry"],"yoast_head":"<!-- This site is optimized with the Yoast SEO plugin v24.9 - https:\/\/yoast.com\/wordpress\/plugins\/seo\/ -->\n<title>Ofertes en Assegurances de Mascotes - Protecci\u00f3 pel teu fidel amic<\/title>\n<meta name=\"robots\" content=\"index, follow, max-snippet:-1, max-image-preview:large, max-video-preview:-1\" \/>\n<link rel=\"canonical\" href=\"https:\/\/www.ofertassegurossalud.com\/ca\/ofertes-en-assegurances-de-mascotes\/\" \/>\n<meta property=\"og:locale\" content=\"ca_ES\" \/>\n<meta property=\"og:type\" content=\"article\" \/>\n<meta property=\"og:title\" content=\"Ofertes en Assegurances de Mascotes - Protecci\u00f3 pel teu fidel amic\" \/>\n<meta property=\"og:description\" content=\"[vc_row background_color=&#8221;#009ddd&#8221; padding_top=&#8221;0&#8243; padding_bottom=&#8221;0&#8243;][vc_column][vc_custom_heading text=&#8221;Les millors ofertes en assegurances de mascotes&#8221; font_container=&#8221;tag:h1|text_align:center|color:%23ffffff&#8221; use_theme_fonts=&#8221;yes&#8221; css_animation=&#8221;none&#8221; css=&#8221;.vc_custom_1670930842163{margin-top: 20px !important;}&#8221;][\/vc_column][\/vc_row][vc_row full_width=&#8221;true&#8221; background_image=&#8221;2628&#8243; background_position=&#8221;right top&#8221; padding_top=&#8221;0&#8243; padding_bottom=&#8221;60&#8243; bg_type=&#8221;image&#8221; parallax_style=&#8221;vcpb-default&#8221; bg_image_repeat=&#8221;no-repeat&#8221; bg_image_size=&#8221;contain&#8221;][vc_column][vc_row_inner][vc_column_inner el_class=&#8221;promoinfo&#8221; width=&#8221;1\/2&#8243; css=&#8221;.vc_custom_1717750747725{padding-top: 50px !important;padding-bottom: 25px !important;}&#8221;][vc_single_image image=&#8221;4700&#8243; img_size=&#8221;full&#8221; el_class=&#8221;hidden&#8221;][vc_empty_space height=&#8221;400px&#8221;][\/vc_column_inner][vc_column_inner width=&#8221;1\/2&#8243;][\/vc_column_inner][\/vc_row_inner][\/vc_column][\/vc_row][vc_row full_width=&#8221;true&#8221; background_color=&#8221;#e9edf6&#8243; padding_bottom=&#8221;0&#8243;][vc_column][vc_row_inner][vc_column_inner][vc_custom_heading text=&#8221;Ampli quadre veterinari i urg\u00e8ncies 24h&#8221; font_container=&#8221;tag:h2|font_size:32|text_align:center|color:%23009ddd&#8221; use_theme_fonts=&#8221;yes&#8221;][vc_separator color=&#8221;custom&#8221; border_width=&#8221;2&#8243; el_width=&#8221;80&#8243; accent_color=&#8221;#009ddd&#8221;][\/vc_column_inner][\/vc_row_inner][vc_row_inner][vc_column_inner][vc_column_text pl=&#8221;120&#8243; [&hellip;]\" \/>\n<meta property=\"og:url\" content=\"https:\/\/www.ofertassegurossalud.com\/ca\/ofertes-en-assegurances-de-mascotes\/\" \/>\n<meta property=\"og:site_name\" content=\"Ofertas Seguros Salud\" \/>\n<meta property=\"article:modified_time\" content=\"2025-07-31T07:27:02+00:00\" \/>\n<meta name=\"twitter:card\" content=\"summary_large_image\" \/>\n<meta name=\"twitter:label1\" content=\"Temps estimat de lectura\" \/>\n\t<meta name=\"twitter:data1\" content=\"2 minuts\" \/>\n<script type=\"application\/ld+json\" class=\"yoast-schema-graph\">{\"@context\":\"https:\/\/schema.org\",\"@graph\":[{\"@type\":\"WebPage\",\"@id\":\"https:\/\/www.ofertassegurossalud.com\/ca\/ofertes-en-assegurances-de-mascotes\/\",\"url\":\"https:\/\/www.ofertassegurossalud.com\/ca\/ofertes-en-assegurances-de-mascotes\/\",\"name\":\"Ofertes en Assegurances de Mascotes - Protecci\u00f3 pel teu fidel amic\",\"isPartOf\":{\"@id\":\"https:\/\/www.ofertassegurossalud.com\/es\/#website\"},\"datePublished\":\"2022-12-13T09:34:08+00:00\",\"dateModified\":\"2025-07-31T07:27:02+00:00\",\"breadcrumb\":{\"@id\":\"https:\/\/www.ofertassegurossalud.com\/ca\/ofertes-en-assegurances-de-mascotes\/#breadcrumb\"},\"inLanguage\":\"ca\",\"potentialAction\":[{\"@type\":\"ReadAction\",\"target\":[\"https:\/\/www.ofertassegurossalud.com\/ca\/ofertes-en-assegurances-de-mascotes\/\"]}]},{\"@type\":\"BreadcrumbList\",\"@id\":\"https:\/\/www.ofertassegurossalud.com\/ca\/ofertes-en-assegurances-de-mascotes\/#breadcrumb\",\"itemListElement\":[{\"@type\":\"ListItem\",\"position\":1,\"name\":\"Portada\",\"item\":\"https:\/\/www.ofertassegurossalud.com\/ca\/\"},{\"@type\":\"ListItem\",\"position\":2,\"name\":\"Ofertes en Assegurances de Mascotes &#8211; Protecci\u00f3 pel teu fidel amic\"}]},{\"@type\":\"WebSite\",\"@id\":\"https:\/\/www.ofertassegurossalud.com\/es\/#website\",\"url\":\"https:\/\/www.ofertassegurossalud.com\/es\/\",\"name\":\"Ofertas Seguros Salud\",\"description\":\"Tu aseguradora de confianza con la garant\u00eda de calidad\",\"potentialAction\":[{\"@type\":\"SearchAction\",\"target\":{\"@type\":\"EntryPoint\",\"urlTemplate\":\"https:\/\/www.ofertassegurossalud.com\/es\/?s={search_term_string}\"},\"query-input\":{\"@type\":\"PropertyValueSpecification\",\"valueRequired\":true,\"valueName\":\"search_term_string\"}}],\"inLanguage\":\"ca\"}]}<\/script>\n<!-- \/ Yoast SEO plugin. -->","yoast_head_json":{"title":"Ofertes en Assegurances de Mascotes - Protecci\u00f3 pel teu fidel amic","robots":{"index":"index","follow":"follow","max-snippet":"max-snippet:-1","max-image-preview":"max-image-preview:large","max-video-preview":"max-video-preview:-1"},"canonical":"https:\/\/www.ofertassegurossalud.com\/ca\/ofertes-en-assegurances-de-mascotes\/","og_locale":"ca_ES","og_type":"article","og_title":"Ofertes en Assegurances de Mascotes - Protecci\u00f3 pel teu fidel amic","og_description":"[vc_row background_color=&#8221;#009ddd&#8221; padding_top=&#8221;0&#8243; padding_bottom=&#8221;0&#8243;][vc_column][vc_custom_heading text=&#8221;Les millors ofertes en assegurances de mascotes&#8221; font_container=&#8221;tag:h1|text_align:center|color:%23ffffff&#8221; use_theme_fonts=&#8221;yes&#8221; css_animation=&#8221;none&#8221; css=&#8221;.vc_custom_1670930842163{margin-top: 20px !important;}&#8221;][\/vc_column][\/vc_row][vc_row full_width=&#8221;true&#8221; background_image=&#8221;2628&#8243; background_position=&#8221;right top&#8221; padding_top=&#8221;0&#8243; padding_bottom=&#8221;60&#8243; bg_type=&#8221;image&#8221; parallax_style=&#8221;vcpb-default&#8221; bg_image_repeat=&#8221;no-repeat&#8221; bg_image_size=&#8221;contain&#8221;][vc_column][vc_row_inner][vc_column_inner el_class=&#8221;promoinfo&#8221; width=&#8221;1\/2&#8243; css=&#8221;.vc_custom_1717750747725{padding-top: 50px !important;padding-bottom: 25px !important;}&#8221;][vc_single_image image=&#8221;4700&#8243; img_size=&#8221;full&#8221; el_class=&#8221;hidden&#8221;][vc_empty_space height=&#8221;400px&#8221;][\/vc_column_inner][vc_column_inner width=&#8221;1\/2&#8243;][\/vc_column_inner][\/vc_row_inner][\/vc_column][\/vc_row][vc_row full_width=&#8221;true&#8221; background_color=&#8221;#e9edf6&#8243; padding_bottom=&#8221;0&#8243;][vc_column][vc_row_inner][vc_column_inner][vc_custom_heading text=&#8221;Ampli quadre veterinari i urg\u00e8ncies 24h&#8221; font_container=&#8221;tag:h2|font_size:32|text_align:center|color:%23009ddd&#8221; use_theme_fonts=&#8221;yes&#8221;][vc_separator color=&#8221;custom&#8221; border_width=&#8221;2&#8243; el_width=&#8221;80&#8243; accent_color=&#8221;#009ddd&#8221;][\/vc_column_inner][\/vc_row_inner][vc_row_inner][vc_column_inner][vc_column_text pl=&#8221;120&#8243; [&hellip;]","og_url":"https:\/\/www.ofertassegurossalud.com\/ca\/ofertes-en-assegurances-de-mascotes\/","og_site_name":"Ofertas Seguros Salud","article_modified_time":"2025-07-31T07:27:02+00:00","twitter_card":"summary_large_image","twitter_misc":{"Temps estimat de lectura":"2 minuts"},"schema":{"@context":"https:\/\/schema.org","@graph":[{"@type":"WebPage","@id":"https:\/\/www.ofertassegurossalud.com\/ca\/ofertes-en-assegurances-de-mascotes\/","url":"https:\/\/www.ofertassegurossalud.com\/ca\/ofertes-en-assegurances-de-mascotes\/","name":"Ofertes en Assegurances de Mascotes - Protecci\u00f3 pel teu fidel amic","isPartOf":{"@id":"https:\/\/www.ofertassegurossalud.com\/es\/#website"},"datePublished":"2022-12-13T09:34:08+00:00","dateModified":"2025-07-31T07:27:02+00:00","breadcrumb":{"@id":"https:\/\/www.ofertassegurossalud.com\/ca\/ofertes-en-assegurances-de-mascotes\/#breadcrumb"},"inLanguage":"ca","potentialAction":[{"@type":"ReadAction","target":["https:\/\/www.ofertassegurossalud.com\/ca\/ofertes-en-assegurances-de-mascotes\/"]}]},{"@type":"BreadcrumbList","@id":"https:\/\/www.ofertassegurossalud.com\/ca\/ofertes-en-assegurances-de-mascotes\/#breadcrumb","itemListElement":[{"@type":"ListItem","position":1,"name":"Portada","item":"https:\/\/www.ofertassegurossalud.com\/ca\/"},{"@type":"ListItem","position":2,"name":"Ofertes en Assegurances de Mascotes &#8211; Protecci\u00f3 pel teu fidel amic"}]},{"@type":"WebSite","@id":"https:\/\/www.ofertassegurossalud.com\/es\/#website","url":"https:\/\/www.ofertassegurossalud.com\/es\/","name":"Ofertas Seguros Salud","description":"Tu aseguradora de confianza con la garant\u00eda de calidad","potentialAction":[{"@type":"SearchAction","target":{"@type":"EntryPoint","urlTemplate":"https:\/\/www.ofertassegurossalud.com\/es\/?s={search_term_string}"},"query-input":{"@type":"PropertyValueSpecification","valueRequired":true,"valueName":"search_term_string"}}],"inLanguage":"ca"}]}},"_links":{"self":[{"href":"https:\/\/www.ofertassegurossalud.com\/ca\/wp-json\/wp\/v2\/pages\/3721","targetHints":{"allow":["GET"]}}],"collection":[{"href":"https:\/\/www.ofertassegurossalud.com\/ca\/wp-json\/wp\/v2\/pages"}],"about":[{"href":"https:\/\/www.ofertassegurossalud.com\/ca\/wp-json\/wp\/v2\/types\/page"}],"author":[{"embeddable":true,"href":"https:\/\/www.ofertassegurossalud.com\/ca\/wp-json\/wp\/v2\/users\/1"}],"replies":[{"embeddable":true,"href":"https:\/\/www.ofertassegurossalud.com\/ca\/wp-json\/wp\/v2\/comments?post=3721"}],"version-history":[{"count":18,"href":"https:\/\/www.ofertassegurossalud.com\/ca\/wp-json\/wp\/v2\/pages\/3721\/revisions"}],"predecessor-version":[{"id":9794,"href":"https:\/\/www.ofertassegurossalud.com\/ca\/wp-json\/wp\/v2\/pages\/3721\/revisions\/9794"}],"wp:attachment":[{"href":"https:\/\/www.ofertassegurossalud.com\/ca\/wp-json\/wp\/v2\/media?parent=3721"}],"curies":[{"name":"wp","href":"https:\/\/api.w.org\/{rel}","templated":true}]}}