{"id":3528,"date":"2022-11-15T17:00:07","date_gmt":"2022-11-15T15:00:07","guid":{"rendered":"https:\/\/www.ofertassegurossalud.com\/?page_id=3528"},"modified":"2025-07-31T09:35:00","modified_gmt":"2025-07-31T07:35:00","slug":"oferta-asseguranca-medica-estrangers-estudiants","status":"publish","type":"page","link":"https:\/\/www.ofertassegurossalud.com\/ca\/oferta-asseguranca-medica-estrangers-estudiants\/","title":{"rendered":"Ofertes d&#8217;asseguran\u00e7a m\u00e8dica per a estrangers i estudiants"},"content":{"rendered":"<div class=\"wpb-content-wrapper\"><p>[vc_row background_color=&#8221;#009ddd&#8221; padding_bottom=&#8221;0&#8243;][vc_column][vc_custom_heading text=&#8221;La millor oferta en asseguran\u00e7es m\u00e8diques per a estrangers i estudiants&#8221; font_container=&#8221;tag:h1|text_align:center|color:%23ffffff&#8221; use_theme_fonts=&#8221;yes&#8221; css_animation=&#8221;none&#8221;][\/vc_column][\/vc_row][vc_row full_width=&#8221;true&#8221; background_image=&#8221;3179&#8243; background_position=&#8221;Center center&#8221; padding_top=&#8221;0&#8243; padding_bottom=&#8221;60&#8243; bg_type=&#8221;image&#8221; parallax_style=&#8221;vcpb-default&#8221; bg_image_repeat=&#8221;no-repeat&#8221; bg_image_size=&#8221;contain&#8221;][vc_column][vc_row_inner][vc_column_inner][vc_empty_space height=&#8221;470px&#8221;][\/vc_column_inner][\/vc_row_inner][\/vc_column][\/vc_row][vc_row full_width=&#8221;true&#8221; background_color=&#8221;#e9edf6&#8243; padding_bottom=&#8221;0&#8243;][vc_column][vc_row_inner][vc_column_inner]<div class='gap nz-clearfix' style='height:40px'>&nbsp;<\/div>[vc_custom_heading text=&#8221;Assegurances de salut Adeslas per a estrangers i estudiants&#8221; font_container=&#8221;tag:h2|font_size:32|text_align:center|color:%23009ddd&#8221; use_theme_fonts=&#8221;yes&#8221;]<div class='gap nz-clearfix' style='height:15px'>&nbsp;<\/div>[vc_separator color=&#8221;custom&#8221; border_width=&#8221;2&#8243; el_width=&#8221;80&#8243; accent_color=&#8221;#009ddd&#8221;][\/vc_column_inner][\/vc_row_inner][vc_row_inner][vc_column_inner][vc_column_text pl=&#8221;120&#8243; pr=&#8221;120&#8243;]<\/p>\n<p style=\"text-align: center;\"><span style=\"color: #999999; line-height: 28px; font-size: 18px;\">L&#8217;asseguran\u00e7a m\u00e8dica per a estrangers Adeslas \u00e9s una asseguran\u00e7a de salut sense copagaments, sense car\u00e8ncies, sense l\u00edmit de despeses i amb repatriaci\u00f3. Una asseguran\u00e7a que podr\u00e0s contractar f\u00e0cilment, nom\u00e9s necessites el passaport.<\/span><\/p>\n<p style=\"text-align: center;\"><span style=\"color: #999999; line-height: 28px; font-size: 18px;\">L&#8217;asseguran\u00e7a de salut Adeslas per a estrangers compleix tots els requisits que sol\u00b7licita estrangeria per als tr\u00e0mits de sol\u00b7licitud de visat i permisos de resid\u00e8ncia a Espanya.<\/span><\/p>\n<p>[\/vc_column_text][\/vc_column_inner][\/vc_row_inner][\/vc_column][\/vc_row][vc_row full_width=&#8221;true&#8221; padding_top=&#8221;40&#8243;][vc_column width=&#8221;1\/4&#8243;][vc_icon icon_fontawesome=&#8221;fa fa-user-md&#8221; color=&#8221;custom&#8221; size=&#8221;lg&#8221; align=&#8221;center&#8221; css=&#8221;.vc_custom_1656411583968{margin-bottom: 0px !important;}&#8221; custom_color=&#8221;#009ddd&#8221;]<div id=\"ultimate-heading-464769ef8889e8894\" class=\"uvc-heading ult-adjust-bottom-margin ultimate-heading-464769ef8889e8894 uvc-3049 \" data-hspacer=\"no_spacer\"  data-halign=\"center\" style=\"text-align:center\"><div class=\"uvc-heading-spacer no_spacer\" style=\"top\"><\/div><div class=\"uvc-main-heading ult-responsive\"  data-ultimate-target='.uvc-heading.ultimate-heading-464769ef8889e8894 h4'  data-responsive-json-new='{\"font-size\":\"\",\"line-height\":\"\"}' ><h4 style=\"font-weight:normal;\">Cobertura completa<\/h4><\/div><div class=\"uvc-sub-heading ult-responsive\"  data-ultimate-target='.uvc-heading.ultimate-heading-464769ef8889e8894 .uvc-sub-heading '  data-responsive-json-new='{\"font-size\":\"desktop:15px;\",\"line-height\":\"desktop:25px;\"}'  style=\"font-weight:normal;\">Especialitats, proves, intervencions, hospitalitzaci\u00f3\u2026<\/div><\/div>[\/vc_column][vc_column width=&#8221;1\/4&#8243;][vc_icon icon_fontawesome=&#8221;fa fa-money&#8221; color=&#8221;custom&#8221; size=&#8221;lg&#8221; align=&#8221;center&#8221; css=&#8221;.vc_custom_1663847399913{margin-bottom: 0px !important;}&#8221; custom_color=&#8221;#009ddd&#8221;]<div id=\"ultimate-heading-683469ef8889e890e\" class=\"uvc-heading ult-adjust-bottom-margin ultimate-heading-683469ef8889e890e uvc-1757 \" data-hspacer=\"no_spacer\"  data-halign=\"center\" style=\"text-align:center\"><div class=\"uvc-heading-spacer no_spacer\" style=\"top\"><\/div><div class=\"uvc-main-heading ult-responsive\"  data-ultimate-target='.uvc-heading.ultimate-heading-683469ef8889e890e h4'  data-responsive-json-new='{\"font-size\":\"\",\"line-height\":\"\"}' ><h4 style=\"font-weight:normal;\">Sense copagaments<\/h4><\/div><div class=\"uvc-sub-heading ult-responsive\"  data-ultimate-target='.uvc-heading.ultimate-heading-683469ef8889e890e .uvc-sub-heading '  data-responsive-json-new='{\"font-size\":\"desktop:15px;\",\"line-height\":\"desktop:25px;\"}'  style=\"font-weight:normal;\">Ves al metge totes les vegades que vulguis. Sense costos extra!<\/div><\/div>[\/vc_column][vc_column width=&#8221;1\/4&#8243;][vc_icon icon_fontawesome=&#8221;fa fa-calendar&#8221; color=&#8221;custom&#8221; size=&#8221;lg&#8221; align=&#8221;center&#8221; css=&#8221;.vc_custom_1663847432800{margin-bottom: 0px !important;}&#8221; custom_color=&#8221;#009ddd&#8221;]<div id=\"ultimate-heading-275769ef8889e8970\" class=\"uvc-heading ult-adjust-bottom-margin ultimate-heading-275769ef8889e8970 uvc-2446 \" data-hspacer=\"no_spacer\"  data-halign=\"center\" style=\"text-align:center\"><div class=\"uvc-heading-spacer no_spacer\" style=\"top\"><\/div><div class=\"uvc-main-heading ult-responsive\"  data-ultimate-target='.uvc-heading.ultimate-heading-275769ef8889e8970 h4'  data-responsive-json-new='{\"font-size\":\"\",\"line-height\":\"\"}' ><h4 style=\"font-weight:normal;\">Sense car\u00e8ncia<\/h4><\/div><div class=\"uvc-sub-heading ult-responsive\"  data-ultimate-target='.uvc-heading.ultimate-heading-275769ef8889e8970 .uvc-sub-heading '  data-responsive-json-new='{\"font-size\":\"desktop:15px;\",\"line-height\":\"desktop:25px;\"}'  style=\"font-weight:normal;\">Accedeix a les millors cobertures des del primer dia<\/div><\/div>[\/vc_column][vc_column width=&#8221;1\/4&#8243;][vc_icon icon_fontawesome=&#8221;fa fa-line-chart&#8221; color=&#8221;custom&#8221; size=&#8221;lg&#8221; align=&#8221;center&#8221; css=&#8221;.vc_custom_1663847568008{margin-bottom: 0px !important;}&#8221; custom_color=&#8221;#009ddd&#8221;]<div id=\"ultimate-heading-594969ef8889e89d2\" class=\"uvc-heading ult-adjust-bottom-margin ultimate-heading-594969ef8889e89d2 uvc-1308 \" data-hspacer=\"no_spacer\"  data-halign=\"center\" style=\"text-align:center\"><div class=\"uvc-heading-spacer no_spacer\" style=\"top\"><\/div><div class=\"uvc-main-heading ult-responsive\"  data-ultimate-target='.uvc-heading.ultimate-heading-594969ef8889e89d2 h4'  data-responsive-json-new='{\"font-size\":\"\",\"line-height\":\"\"}' ><h4 style=\"font-weight:normal;\">Sense l\u00edmit de despeses<\/h4><\/div><div class=\"uvc-sub-heading ult-responsive\"  data-ultimate-target='.uvc-heading.ultimate-heading-594969ef8889e89d2 .uvc-sub-heading '  data-responsive-json-new='{\"font-size\":\"desktop:15px;\",\"line-height\":\"desktop:25px;\"}'  style=\"font-weight:normal;\">L&#8217;asseguran\u00e7a supera els 30.000\u20ac exigits per Estrangeria<\/div><\/div>[\/vc_column][\/vc_row][vc_row full_width=&#8221;true&#8221;][vc_column width=&#8221;1\/3&#8243; offset=&#8221;vc_col-lg-offset-0 vc_col-md-offset-0 vc_col-sm-offset-0&#8243;][vc_row_inner][vc_column_inner el_class=&#8221;pastillas&#8221;][vc_raw_html css=&#8221;.vc_custom_1668524202114{background-image: url(https:\/\/www.ofertassegurossalud.com\/wp-content\/uploads\/2022\/04\/pastilla-adeslas.png?id=2247) !important;}&#8221; el_class=&#8221;pastilla pastilla1&#8243;]JTNDcCUzRVYlQzMlQTBsaWQlMjBwZXIlMjB0cmFtaXRhciUyMHZpc2F0JTIwaSUyMHBlcm0lQzMlQURzJTIwZGUlMjByZXNpZCVDMyVBOG5jaWElMjBhJTIwRXNwYW55YSUzQyUyRnAlM0U=[\/vc_raw_html][\/vc_column_inner][\/vc_row_inner][\/vc_column][vc_column width=&#8221;2\/3&#8243;]<div class=\"nz-tabs  horizontal full-false\"><div data-target=\"tab-asseguranca-adeslas-per-a-estrangers\" class=\"tab\">Asseguran\u00e7a Adeslas per a estrangers<\/div><div id=\"tab-asseguranca-adeslas-per-a-estrangers\" class=\"tab-content\">Les assegurances de salut Adeslas per a estrangers s\u00f3n per a aquelles persones que volen aconseguir un visat d&#8217;estudiant, turista o perm\u00eds de resid\u00e8ncia a Espanya. En aquesta situaci\u00f3, cal una asseguran\u00e7a m\u00e8dica privada que tingui unes cobertures equivalents a les que ofereix la Seguretat Social, la sanitat p\u00fablica espanyola.<\/p>\n<p>Aconsegueix descomptes addicionals contractant Adeslas estudiants online.<\/p>\n<p>Contracta la teva asseguran\u00e7a m\u00e8dica per a estudiants estrangers a Espanya en una trucada sense paperassa.<\/p>\n<p>Per fer la contractaci\u00f3, no cal un DNI o NIE, nom\u00e9s necessites el teu passaport.\n\t\t\t<\/div> <div data-target=\"tab-cobertures\" class=\"tab\">Cobertures<\/div><div id=\"tab-cobertures\" class=\"tab-content\">Les cobertures m\u00e9s importants que cobreix Adeslas asseguran\u00e7a per a estrangers s\u00f3n:<\/p>\n<ul>\n<li>Urg\u00e8ncies<\/li>\n<li>Especialitats: assist\u00e8ncia sanit\u00e0ria en hospitalitzaci\u00f3 o en consultes m\u00e8diques de totes les especialitats.<\/li>\n<li>Medicina General: medicina prim\u00e0ria i assist\u00e8ncia a consulta i a domicili.<\/li>\n<li>Mitjans de diagn\u00f2stic: an\u00e0lisis cl\u00edniques, estudis radiogr\u00e0fics, pet-tac, mamografia i proves gen\u00e8tiques.<\/li>\n<li>Hospitalitzaci\u00f3: quir\u00fargica, m\u00e8dica o psiqui\u00e0trica<\/li>\n<li>Implants i pr\u00f2tesis: cardiovasculars, reparadors, oftalmol\u00f2gics, entre d&#8217;altres.<\/li>\n<li>Tractaments especials: logop\u00e8dia i foniatria, laserter\u00e0pia, hemodi\u00e0lisi, quimioter\u00e0pia, oncologia radioter\u00e0pica\u2026<\/li>\n<li>Trasplantaments: de c\u00f2rnia i medul\u00b7la \u00f2ssia<\/li>\n<li>Repatriaci\u00f3<\/li>\n<\/ul>\n<p>Serveis complementaris inclosos:<\/p>\n<ul>\n<li>Orientaci\u00f3 m\u00e8dica telef\u00f2nica: suport a l&#8217;usuari durant les 24 hores del dia.<\/li>\n<li>Psicologia: preus especials per si es vol ampliar les sessions cobertes a la p\u00f2lissa.<\/li>\n<li>Programes de prevenci\u00f3.<\/li>\n<li>Assist\u00e8ncia en viatges a l&#8217;estranger<\/li>\n<li>Segona opini\u00f3 m\u00e8dica<\/li>\n<\/ul>\n<p>\n\t\t\t<\/div> <div data-target=\"tab-copagaments-y-carencies\" class=\"tab\">Copagaments y car\u00e8ncies<\/div><div id=\"tab-copagaments-y-carencies\" class=\"tab-content\">Aquesta asseguran\u00e7a no t\u00e9 copagaments per acte m\u00e8dic.<\/p>\n<p>Aquest producte no t\u00e9 car\u00e8ncies per a cap servei.\n\t\t\t<\/div> <\/div> [\/vc_column][\/vc_row]<\/p>\n<\/div>","protected":false},"excerpt":{"rendered":"<p>[vc_row background_color=&#8221;#009ddd&#8221; padding_bottom=&#8221;0&#8243;][vc_column][vc_custom_heading text=&#8221;La millor oferta en asseguran\u00e7es m\u00e8diques per a estrangers i estudiants&#8221; font_container=&#8221;tag:h1|text_align:center|color:%23ffffff&#8221; use_theme_fonts=&#8221;yes&#8221; css_animation=&#8221;none&#8221;][\/vc_column][\/vc_row][vc_row full_width=&#8221;true&#8221; background_image=&#8221;3179&#8243; background_position=&#8221;Center center&#8221; padding_top=&#8221;0&#8243; padding_bottom=&#8221;60&#8243; bg_type=&#8221;image&#8221; parallax_style=&#8221;vcpb-default&#8221; bg_image_repeat=&#8221;no-repeat&#8221; bg_image_size=&#8221;contain&#8221;][vc_column][vc_row_inner][vc_column_inner][vc_empty_space height=&#8221;470px&#8221;][\/vc_column_inner][\/vc_row_inner][\/vc_column][\/vc_row][vc_row full_width=&#8221;true&#8221; background_color=&#8221;#e9edf6&#8243; padding_bottom=&#8221;0&#8243;][vc_column][vc_row_inner][vc_column_inner][vc_custom_heading text=&#8221;Assegurances de salut Adeslas per a estrangers i estudiants&#8221; font_container=&#8221;tag:h2|font_size:32|text_align:center|color:%23009ddd&#8221; use_theme_fonts=&#8221;yes&#8221;][vc_separator color=&#8221;custom&#8221; border_width=&#8221;2&#8243; el_width=&#8221;80&#8243; accent_color=&#8221;#009ddd&#8221;][\/vc_column_inner][\/vc_row_inner][vc_row_inner][vc_column_inner][vc_column_text pl=&#8221;120&#8243; pr=&#8221;120&#8243;] L&#8217;asseguran\u00e7a m\u00e8dica per a estrangers Adeslas \u00e9s [&hellip;]<\/p>\n","protected":false},"author":1,"featured_media":0,"parent":0,"menu_order":0,"comment_status":"closed","ping_status":"closed","template":"","meta":{"_joinchat":[],"footnotes":""},"class_list":["post-3528","page","type-page","status-publish","hentry"],"yoast_head":"<!-- This site is optimized with the Yoast SEO plugin v24.9 - https:\/\/yoast.com\/wordpress\/plugins\/seo\/ -->\n<title>Ofertes d&#039;asseguran\u00e7a m\u00e8dica per a estrangers i estudiants<\/title>\n<meta name=\"description\" content=\"Contracta la teva asseguran\u00e7a m\u00e8dica obligat\u00f2ria per a estrangers i estudiants complint amb les condicions exigides per Estrangeria.\" \/>\n<meta name=\"robots\" content=\"index, follow, max-snippet:-1, max-image-preview:large, max-video-preview:-1\" \/>\n<link rel=\"canonical\" href=\"https:\/\/www.ofertassegurossalud.com\/ca\/oferta-asseguranca-medica-estrangers-estudiants\/\" \/>\n<meta property=\"og:locale\" content=\"ca_ES\" \/>\n<meta property=\"og:type\" content=\"article\" \/>\n<meta property=\"og:title\" content=\"Ofertes d&#039;asseguran\u00e7a m\u00e8dica per a estrangers i estudiants\" \/>\n<meta property=\"og:description\" content=\"Contracta la teva asseguran\u00e7a m\u00e8dica obligat\u00f2ria per a estrangers i estudiants complint amb les condicions exigides per Estrangeria.\" \/>\n<meta property=\"og:url\" content=\"https:\/\/www.ofertassegurossalud.com\/ca\/oferta-asseguranca-medica-estrangers-estudiants\/\" \/>\n<meta property=\"og:site_name\" content=\"Ofertas Seguros Salud\" \/>\n<meta property=\"article:modified_time\" content=\"2025-07-31T07:35:00+00:00\" \/>\n<meta name=\"twitter:card\" content=\"summary_large_image\" \/>\n<meta name=\"twitter:label1\" content=\"Temps estimat de lectura\" \/>\n\t<meta name=\"twitter:data1\" content=\"3 minuts\" \/>\n<script type=\"application\/ld+json\" class=\"yoast-schema-graph\">{\"@context\":\"https:\/\/schema.org\",\"@graph\":[{\"@type\":\"WebPage\",\"@id\":\"https:\/\/www.ofertassegurossalud.com\/ca\/oferta-asseguranca-medica-estrangers-estudiants\/\",\"url\":\"https:\/\/www.ofertassegurossalud.com\/ca\/oferta-asseguranca-medica-estrangers-estudiants\/\",\"name\":\"Ofertes d'asseguran\u00e7a m\u00e8dica per a estrangers i estudiants\",\"isPartOf\":{\"@id\":\"https:\/\/www.ofertassegurossalud.com\/es\/#website\"},\"datePublished\":\"2022-11-15T15:00:07+00:00\",\"dateModified\":\"2025-07-31T07:35:00+00:00\",\"description\":\"Contracta la teva asseguran\u00e7a m\u00e8dica obligat\u00f2ria per a estrangers i estudiants complint amb les condicions exigides per Estrangeria.\",\"breadcrumb\":{\"@id\":\"https:\/\/www.ofertassegurossalud.com\/ca\/oferta-asseguranca-medica-estrangers-estudiants\/#breadcrumb\"},\"inLanguage\":\"ca\",\"potentialAction\":[{\"@type\":\"ReadAction\",\"target\":[\"https:\/\/www.ofertassegurossalud.com\/ca\/oferta-asseguranca-medica-estrangers-estudiants\/\"]}]},{\"@type\":\"BreadcrumbList\",\"@id\":\"https:\/\/www.ofertassegurossalud.com\/ca\/oferta-asseguranca-medica-estrangers-estudiants\/#breadcrumb\",\"itemListElement\":[{\"@type\":\"ListItem\",\"position\":1,\"name\":\"Portada\",\"item\":\"https:\/\/www.ofertassegurossalud.com\/ca\/\"},{\"@type\":\"ListItem\",\"position\":2,\"name\":\"Ofertes d&#8217;asseguran\u00e7a m\u00e8dica per a estrangers i estudiants\"}]},{\"@type\":\"WebSite\",\"@id\":\"https:\/\/www.ofertassegurossalud.com\/es\/#website\",\"url\":\"https:\/\/www.ofertassegurossalud.com\/es\/\",\"name\":\"Ofertas Seguros Salud\",\"description\":\"Tu aseguradora de confianza con la garant\u00eda de calidad\",\"potentialAction\":[{\"@type\":\"SearchAction\",\"target\":{\"@type\":\"EntryPoint\",\"urlTemplate\":\"https:\/\/www.ofertassegurossalud.com\/es\/?s={search_term_string}\"},\"query-input\":{\"@type\":\"PropertyValueSpecification\",\"valueRequired\":true,\"valueName\":\"search_term_string\"}}],\"inLanguage\":\"ca\"}]}<\/script>\n<!-- \/ Yoast SEO plugin. -->","yoast_head_json":{"title":"Ofertes d'asseguran\u00e7a m\u00e8dica per a estrangers i estudiants","description":"Contracta la teva asseguran\u00e7a m\u00e8dica obligat\u00f2ria per a estrangers i estudiants complint amb les condicions exigides per Estrangeria.","robots":{"index":"index","follow":"follow","max-snippet":"max-snippet:-1","max-image-preview":"max-image-preview:large","max-video-preview":"max-video-preview:-1"},"canonical":"https:\/\/www.ofertassegurossalud.com\/ca\/oferta-asseguranca-medica-estrangers-estudiants\/","og_locale":"ca_ES","og_type":"article","og_title":"Ofertes d'asseguran\u00e7a m\u00e8dica per a estrangers i estudiants","og_description":"Contracta la teva asseguran\u00e7a m\u00e8dica obligat\u00f2ria per a estrangers i estudiants complint amb les condicions exigides per Estrangeria.","og_url":"https:\/\/www.ofertassegurossalud.com\/ca\/oferta-asseguranca-medica-estrangers-estudiants\/","og_site_name":"Ofertas Seguros Salud","article_modified_time":"2025-07-31T07:35:00+00:00","twitter_card":"summary_large_image","twitter_misc":{"Temps estimat de lectura":"3 minuts"},"schema":{"@context":"https:\/\/schema.org","@graph":[{"@type":"WebPage","@id":"https:\/\/www.ofertassegurossalud.com\/ca\/oferta-asseguranca-medica-estrangers-estudiants\/","url":"https:\/\/www.ofertassegurossalud.com\/ca\/oferta-asseguranca-medica-estrangers-estudiants\/","name":"Ofertes d'asseguran\u00e7a m\u00e8dica per a estrangers i estudiants","isPartOf":{"@id":"https:\/\/www.ofertassegurossalud.com\/es\/#website"},"datePublished":"2022-11-15T15:00:07+00:00","dateModified":"2025-07-31T07:35:00+00:00","description":"Contracta la teva asseguran\u00e7a m\u00e8dica obligat\u00f2ria per a estrangers i estudiants complint amb les condicions exigides per Estrangeria.","breadcrumb":{"@id":"https:\/\/www.ofertassegurossalud.com\/ca\/oferta-asseguranca-medica-estrangers-estudiants\/#breadcrumb"},"inLanguage":"ca","potentialAction":[{"@type":"ReadAction","target":["https:\/\/www.ofertassegurossalud.com\/ca\/oferta-asseguranca-medica-estrangers-estudiants\/"]}]},{"@type":"BreadcrumbList","@id":"https:\/\/www.ofertassegurossalud.com\/ca\/oferta-asseguranca-medica-estrangers-estudiants\/#breadcrumb","itemListElement":[{"@type":"ListItem","position":1,"name":"Portada","item":"https:\/\/www.ofertassegurossalud.com\/ca\/"},{"@type":"ListItem","position":2,"name":"Ofertes d&#8217;asseguran\u00e7a m\u00e8dica per a estrangers i estudiants"}]},{"@type":"WebSite","@id":"https:\/\/www.ofertassegurossalud.com\/es\/#website","url":"https:\/\/www.ofertassegurossalud.com\/es\/","name":"Ofertas Seguros Salud","description":"Tu aseguradora de confianza con la garant\u00eda de calidad","potentialAction":[{"@type":"SearchAction","target":{"@type":"EntryPoint","urlTemplate":"https:\/\/www.ofertassegurossalud.com\/es\/?s={search_term_string}"},"query-input":{"@type":"PropertyValueSpecification","valueRequired":true,"valueName":"search_term_string"}}],"inLanguage":"ca"}]}},"_links":{"self":[{"href":"https:\/\/www.ofertassegurossalud.com\/ca\/wp-json\/wp\/v2\/pages\/3528","targetHints":{"allow":["GET"]}}],"collection":[{"href":"https:\/\/www.ofertassegurossalud.com\/ca\/wp-json\/wp\/v2\/pages"}],"about":[{"href":"https:\/\/www.ofertassegurossalud.com\/ca\/wp-json\/wp\/v2\/types\/page"}],"author":[{"embeddable":true,"href":"https:\/\/www.ofertassegurossalud.com\/ca\/wp-json\/wp\/v2\/users\/1"}],"replies":[{"embeddable":true,"href":"https:\/\/www.ofertassegurossalud.com\/ca\/wp-json\/wp\/v2\/comments?post=3528"}],"version-history":[{"count":9,"href":"https:\/\/www.ofertassegurossalud.com\/ca\/wp-json\/wp\/v2\/pages\/3528\/revisions"}],"predecessor-version":[{"id":9806,"href":"https:\/\/www.ofertassegurossalud.com\/ca\/wp-json\/wp\/v2\/pages\/3528\/revisions\/9806"}],"wp:attachment":[{"href":"https:\/\/www.ofertassegurossalud.com\/ca\/wp-json\/wp\/v2\/media?parent=3528"}],"curies":[{"name":"wp","href":"https:\/\/api.w.org\/{rel}","templated":true}]}}