{"id":1638,"date":"2017-09-21T10:09:44","date_gmt":"2017-09-21T10:09:44","guid":{"rendered":"https:\/\/www.ofertassegurossalud.com\/contactar\/"},"modified":"2022-12-19T10:08:48","modified_gmt":"2022-12-19T08:08:48","slug":"contactar","status":"publish","type":"page","link":"https:\/\/www.ofertassegurossalud.com\/ca\/contactar\/","title":{"rendered":"Contactar amb Adeslas a Mollet del Vall\u00e8s, Barcelona"},"content":{"rendered":"<div class=\"wpb-content-wrapper\"><p>[vc_row id=&#8221;main-heading&#8221; background_color=&#8221;#009ddd&#8221; padding_bottom=&#8221;0&#8243;][vc_column][vc_custom_heading text=&#8221;Contacte&#8221; font_container=&#8221;tag:h1|text_align:center|color:%23ffffff&#8221; use_theme_fonts=&#8221;yes&#8221; css_animation=&#8221;none&#8221; css=&#8221;.vc_custom_1671437325778{margin-top: 0px !important;}&#8221;][\/vc_column][\/vc_row][vc_row background_image=&#8221;1397&#8243; background_position=&#8221;Center center&#8221; padding_top=&#8221;0&#8243; padding_bottom=&#8221;400&#8243;][vc_column][\/vc_column][\/vc_row][vc_row full_width=&#8221;true&#8221;][vc_column][vc_row_inner][vc_column_inner]<div class=\"ult-spacer spacer-69fb33c086eb1\" data-id=\"69fb33c086eb1\" data-height=\"80\" data-height-mobile=\"80\" data-height-tab=\"80\" data-height-tab-portrait=\"80\" data-height-mobile-landscape=\"80\" style=\"clear:both;display:block;\"><\/div>[\/vc_column_inner][\/vc_row_inner][vc_row_inner][vc_column_inner width=&#8221;2\/3&#8243;][vc_column_text]\n<div class=\"wpcf7 no-js\" id=\"wpcf7-f2816-o1\" lang=\"es-ES\" dir=\"ltr\" data-wpcf7-id=\"2816\">\n<div class=\"screen-reader-response\"><p role=\"status\" aria-live=\"polite\" aria-atomic=\"true\"><\/p> <ul><\/ul><\/div>\n<form action=\"\/ca\/wp-json\/wp\/v2\/pages\/1638#wpcf7-f2816-o1\" method=\"post\" class=\"wpcf7-form init\" aria-label=\"Formulario de contacto\" novalidate=\"novalidate\" data-status=\"init\">\n<div style=\"display: none;\">\n<input type=\"hidden\" name=\"_wpcf7\" value=\"2816\" \/>\n<input type=\"hidden\" name=\"_wpcf7_version\" value=\"6.0.6\" \/>\n<input type=\"hidden\" name=\"_wpcf7_locale\" value=\"es_ES\" \/>\n<input type=\"hidden\" name=\"_wpcf7_unit_tag\" value=\"wpcf7-f2816-o1\" \/>\n<input type=\"hidden\" name=\"_wpcf7_container_post\" value=\"0\" \/>\n<input type=\"hidden\" name=\"_wpcf7_posted_data_hash\" value=\"\" \/>\n<\/div>\n<div class=\"caldera-grid\">\n\t<div class=\"row  first_row\">\n\t\t<div class=\"col-sm-6  first_col\">\n\t\t\t<p><label> Nom <i>*<\/i><br \/>\n<span class=\"wpcf7-form-control-wrap\" data-name=\"your-name\"><input size=\"40\" maxlength=\"400\" class=\"wpcf7-form-control wpcf7-text wpcf7-validates-as-required\" aria-required=\"true\" aria-invalid=\"false\" value=\"\" type=\"text\" name=\"your-name\" \/><\/span> <\/label>\n\t\t\t<\/p>\n\t\t<\/div>\n\t\t<div class=\"col-sm-6  last_col\">\n\t\t\t<p><label> Adre\u00e7a de correu electr\u00f2nic <i>*<\/i><br \/>\n<span class=\"wpcf7-form-control-wrap\" data-name=\"your-email\"><input size=\"40\" maxlength=\"400\" class=\"wpcf7-form-control wpcf7-email wpcf7-validates-as-required wpcf7-text wpcf7-validates-as-email\" aria-required=\"true\" aria-invalid=\"false\" value=\"\" type=\"email\" name=\"your-email\" \/><\/span> <\/label>\n\t\t\t<\/p>\n\t\t<\/div>\n\t<\/div>\n\t<div class=\"row\">\n\t\t<div class=\"col-sm-6  first_col\">\n\t\t\t<p><label> Tel\u00e8fon <i>*<\/i><br \/>\n<span class=\"wpcf7-form-control-wrap\" data-name=\"tel-349\"><input size=\"40\" maxlength=\"400\" class=\"wpcf7-form-control wpcf7-tel wpcf7-validates-as-required wpcf7-text wpcf7-validates-as-tel\" aria-required=\"true\" aria-invalid=\"false\" value=\"\" type=\"tel\" name=\"tel-349\" \/><\/span><\/label>\n\t\t\t<\/p>\n\t\t<\/div>\n\t\t<div class=\"col-sm-6  last_col\">\n\t\t\t<p><label> Servei <i>*<\/i><br \/>\n<span class=\"wpcf7-form-control-wrap\" data-name=\"asunto-512\"><select class=\"wpcf7-form-control wpcf7-select wpcf7-validates-as-required\" aria-required=\"true\" aria-invalid=\"false\" name=\"asunto-512\"><option value=\"\">&#8212;Por favor, elige una opci\u00f3n&#8212;<\/option><option value=\"Asseguran\u00e7a salut\">Asseguran\u00e7a salut<\/option><option value=\"Dental\">Dental<\/option><option value=\"Asseguran\u00e7a Autom\u00f2bil\">Asseguran\u00e7a Autom\u00f2bil<\/option><option value=\"Asseguran\u00e7a Decessos i accidents\">Asseguran\u00e7a Decessos i accidents<\/option><option value=\"Asseguran\u00e7a aut\u00f2noms\">Asseguran\u00e7a aut\u00f2noms<\/option><option value=\"Asseguran\u00e7a Pimes\">Asseguran\u00e7a Pimes<\/option><option value=\"Asseguran\u00e7a Local o negoci\">Asseguran\u00e7a Local o negoci<\/option><option value=\"Asseguran\u00e7a  Mascotes\">Asseguran\u00e7a  Mascotes<\/option><\/select><\/span> <\/label>\n\t\t\t<\/p>\n\t\t<\/div>\n\t<\/div>\n\t<div class=\"row\">\n\t\t<div class=\"col-sm-12  single\">\n\t\t\t<p><label> Comentaris \/ Preguntes <i>*<\/i><br \/>\n<span class=\"wpcf7-form-control-wrap\" data-name=\"your-message\"><textarea cols=\"40\" rows=\"10\" maxlength=\"2000\" class=\"wpcf7-form-control wpcf7-textarea wpcf7-validates-as-required\" aria-required=\"true\" aria-invalid=\"false\" name=\"your-message\"><\/textarea><\/span> <\/label>\n\t\t\t<\/p>\n\t\t<\/div>\n\t<\/div>\n\t<div class=\"row  last_row\">\n\t\t<div class=\"col-sm-12  single legal\">\n\t\t\t<p><span class=\"wpcf7-form-control-wrap\" data-name=\"acceptance-168\"><span class=\"wpcf7-form-control wpcf7-acceptance\"><span class=\"wpcf7-list-item\"><input type=\"checkbox\" name=\"acceptance-168\" value=\"1\" aria-invalid=\"false\" \/><\/span><\/span><\/span><span align=\"justify\"> Al marcar aquesta casella, l'usuari declara haver llegit i estar d'acord amb les condicions expressades a l' <a style=\"color:#009ddd;\" href=\"http:\/\/www.ofertassegurossalud.com\/aviso-legal\/\" target=\"blank_\">\u201cAV\u00cdS LEGAL\u201d<\/a> i la <a style=\"color:#009ddd;\" href=\"http:\/\/www.ofertassegurossalud.com\/privacidad\/\" target=\"blank_\">\u201cPOL\u00cdTICA DE PRIVACITAT\u201d<\/a> de la present Web.<\/span><br \/>\n<label><br \/>\n<input class=\"wpcf7-form-control wpcf7-submit has-spinner\" type=\"submit\" value=\"Enviar\" \/><\/label>\n\t\t\t<\/p>\n\t\t<\/div>\n\t<\/div>\n<\/div><p style=\"display: none !important;\" class=\"akismet-fields-container\" data-prefix=\"_wpcf7_ak_\"><label>&#916;<textarea name=\"_wpcf7_ak_hp_textarea\" cols=\"45\" rows=\"8\" maxlength=\"100\"><\/textarea><\/label><input type=\"hidden\" id=\"ak_js_1\" name=\"_wpcf7_ak_js\" value=\"0\"\/><script>document.getElementById( \"ak_js_1\" ).setAttribute( \"value\", ( new Date() ).getTime() );<\/script><\/p><div class=\"wpcf7-response-output\" aria-hidden=\"true\"><\/div>\n<\/form>\n<\/div>\n[\/vc_column_text][\/vc_column_inner][vc_column_inner width=&#8221;1\/3&#8243;][vc_single_image image=&#8221;433&#8243; img_size=&#8221;full&#8221;][vc_separator border_width=&#8221;2&#8243;][vc_wp_text]<span class=\"nz-icon none small icon-home animate-false\" style=\"color:7c7b7a;\"><\/span>\u00a0<span class=\"s1\">Carrer Anselm Clav\u00e9 n\u00ba63, local B<\/span><br \/>\n<span class=\"nz-icon none small icon-home animate-false\" style=\"color:7c7b7a;\"><\/span><span class=\"s1\">08100 &#8211; Mollet del Vall\u00e8s<\/span>[\/vc_wp_text][vc_column_text]<iframe loading=\"lazy\" style=\"border: 0;\" src=\"https:\/\/www.google.com\/maps\/embed?pb=!1m22!1m12!1m3!1d8553.750215553182!2d2.221912756375063!3d41.543228252822246!2m3!1f0!2f0!3f0!3m2!1i1024!2i768!4f13.1!4m7!3e6!4m0!4m4!1s0x12a4bf29dc9bbd5f%3A0xdbb19b8ce370c3df!3m2!1d41.540455!2d2.217186!5e0!3m2!1ses!2ses!4v1508314038932\" width=\"400\" height=\"300\" frameborder=\"0\" allowfullscreen=\"allowfullscreen\"><\/iframe>[\/vc_column_text][\/vc_column_inner][\/vc_row_inner][\/vc_column][\/vc_row]<\/p>\n<\/div>","protected":false},"excerpt":{"rendered":"<p>[vc_row id=&#8221;main-heading&#8221; background_color=&#8221;#009ddd&#8221; padding_bottom=&#8221;0&#8243;][vc_column][vc_custom_heading text=&#8221;Contacte&#8221; font_container=&#8221;tag:h1|text_align:center|color:%23ffffff&#8221; use_theme_fonts=&#8221;yes&#8221; css_animation=&#8221;none&#8221; css=&#8221;.vc_custom_1671437325778{margin-top: 0px !important;}&#8221;][\/vc_column][\/vc_row][vc_row background_image=&#8221;1397&#8243; background_position=&#8221;Center center&#8221; padding_top=&#8221;0&#8243; padding_bottom=&#8221;400&#8243;][vc_column][\/vc_column][\/vc_row][vc_row full_width=&#8221;true&#8221;][vc_column][vc_row_inner][vc_column_inner][\/vc_column_inner][\/vc_row_inner][vc_row_inner][vc_column_inner width=&#8221;2\/3&#8243;][vc_column_text][\/vc_column_text][\/vc_column_inner][vc_column_inner width=&#8221;1\/3&#8243;][vc_single_image image=&#8221;433&#8243; img_size=&#8221;full&#8221;][vc_separator border_width=&#8221;2&#8243;][vc_wp_text]\u00a0Carrer Anselm Clav\u00e9 n\u00ba63, local B 08100 &#8211; Mollet del Vall\u00e8s[\/vc_wp_text][vc_column_text][\/vc_column_text][\/vc_column_inner][\/vc_row_inner][\/vc_column][\/vc_row]<\/p>\n","protected":false},"author":1,"featured_media":0,"parent":0,"menu_order":0,"comment_status":"closed","ping_status":"closed","template":"","meta":{"_joinchat":[],"footnotes":""},"class_list":["post-1638","page","type-page","status-publish","hentry"],"yoast_head":"<!-- This site is optimized with the Yoast SEO plugin v24.9 - https:\/\/yoast.com\/wordpress\/plugins\/seo\/ -->\n<title>Contactar amb Adeslas a Mollet del Vall\u00e8s, Barcelona<\/title>\n<meta name=\"description\" content=\"Tel\u00e8fon i dades de contacte d&#039;Adeslas a Mollet del Vall\u00e8s, Sonia Piedrabuena agent d&#039;assegurances exclusiu d&#039;Adeslas a Mollet, Barcelona.\" \/>\n<meta name=\"robots\" content=\"index, follow, max-snippet:-1, max-image-preview:large, max-video-preview:-1\" \/>\n<link rel=\"canonical\" href=\"https:\/\/www.ofertassegurossalud.com\/ca\/contactar\/\" \/>\n<meta property=\"og:locale\" content=\"ca_ES\" \/>\n<meta property=\"og:type\" content=\"article\" \/>\n<meta property=\"og:title\" content=\"Contactar amb Adeslas a Mollet del Vall\u00e8s, Barcelona\" \/>\n<meta property=\"og:description\" content=\"Tel\u00e8fon i dades de contacte d&#039;Adeslas a Mollet del Vall\u00e8s, Sonia Piedrabuena agent d&#039;assegurances exclusiu d&#039;Adeslas a Mollet, Barcelona.\" \/>\n<meta property=\"og:url\" content=\"https:\/\/www.ofertassegurossalud.com\/ca\/contactar\/\" \/>\n<meta property=\"og:site_name\" content=\"Ofertas Seguros Salud\" \/>\n<meta property=\"article:modified_time\" content=\"2022-12-19T08:08:48+00:00\" \/>\n<meta name=\"twitter:card\" content=\"summary_large_image\" \/>\n<meta name=\"twitter:label1\" content=\"Temps estimat de lectura\" \/>\n\t<meta name=\"twitter:data1\" content=\"1 minut\" \/>\n<script type=\"application\/ld+json\" class=\"yoast-schema-graph\">{\"@context\":\"https:\/\/schema.org\",\"@graph\":[{\"@type\":\"WebPage\",\"@id\":\"https:\/\/www.ofertassegurossalud.com\/ca\/contactar\/\",\"url\":\"https:\/\/www.ofertassegurossalud.com\/ca\/contactar\/\",\"name\":\"Contactar amb Adeslas a Mollet del Vall\u00e8s, Barcelona\",\"isPartOf\":{\"@id\":\"https:\/\/www.ofertassegurossalud.com\/es\/#website\"},\"datePublished\":\"2017-09-21T10:09:44+00:00\",\"dateModified\":\"2022-12-19T08:08:48+00:00\",\"description\":\"Tel\u00e8fon i dades de contacte d'Adeslas a Mollet del Vall\u00e8s, Sonia Piedrabuena agent d'assegurances exclusiu d'Adeslas a Mollet, Barcelona.\",\"breadcrumb\":{\"@id\":\"https:\/\/www.ofertassegurossalud.com\/ca\/contactar\/#breadcrumb\"},\"inLanguage\":\"ca\",\"potentialAction\":[{\"@type\":\"ReadAction\",\"target\":[\"https:\/\/www.ofertassegurossalud.com\/ca\/contactar\/\"]}]},{\"@type\":\"BreadcrumbList\",\"@id\":\"https:\/\/www.ofertassegurossalud.com\/ca\/contactar\/#breadcrumb\",\"itemListElement\":[{\"@type\":\"ListItem\",\"position\":1,\"name\":\"Portada\",\"item\":\"https:\/\/www.ofertassegurossalud.com\/ca\/\"},{\"@type\":\"ListItem\",\"position\":2,\"name\":\"Contactar amb Adeslas a Mollet del Vall\u00e8s, Barcelona\"}]},{\"@type\":\"WebSite\",\"@id\":\"https:\/\/www.ofertassegurossalud.com\/es\/#website\",\"url\":\"https:\/\/www.ofertassegurossalud.com\/es\/\",\"name\":\"Ofertas Seguros Salud\",\"description\":\"Tu aseguradora de confianza con la garant\u00eda de calidad\",\"potentialAction\":[{\"@type\":\"SearchAction\",\"target\":{\"@type\":\"EntryPoint\",\"urlTemplate\":\"https:\/\/www.ofertassegurossalud.com\/es\/?s={search_term_string}\"},\"query-input\":{\"@type\":\"PropertyValueSpecification\",\"valueRequired\":true,\"valueName\":\"search_term_string\"}}],\"inLanguage\":\"ca\"}]}<\/script>\n<!-- \/ Yoast SEO plugin. -->","yoast_head_json":{"title":"Contactar amb Adeslas a Mollet del Vall\u00e8s, Barcelona","description":"Tel\u00e8fon i dades de contacte d'Adeslas a Mollet del Vall\u00e8s, Sonia Piedrabuena agent d'assegurances exclusiu d'Adeslas a Mollet, Barcelona.","robots":{"index":"index","follow":"follow","max-snippet":"max-snippet:-1","max-image-preview":"max-image-preview:large","max-video-preview":"max-video-preview:-1"},"canonical":"https:\/\/www.ofertassegurossalud.com\/ca\/contactar\/","og_locale":"ca_ES","og_type":"article","og_title":"Contactar amb Adeslas a Mollet del Vall\u00e8s, Barcelona","og_description":"Tel\u00e8fon i dades de contacte d'Adeslas a Mollet del Vall\u00e8s, Sonia Piedrabuena agent d'assegurances exclusiu d'Adeslas a Mollet, Barcelona.","og_url":"https:\/\/www.ofertassegurossalud.com\/ca\/contactar\/","og_site_name":"Ofertas Seguros Salud","article_modified_time":"2022-12-19T08:08:48+00:00","twitter_card":"summary_large_image","twitter_misc":{"Temps estimat de lectura":"1 minut"},"schema":{"@context":"https:\/\/schema.org","@graph":[{"@type":"WebPage","@id":"https:\/\/www.ofertassegurossalud.com\/ca\/contactar\/","url":"https:\/\/www.ofertassegurossalud.com\/ca\/contactar\/","name":"Contactar amb Adeslas a Mollet del Vall\u00e8s, Barcelona","isPartOf":{"@id":"https:\/\/www.ofertassegurossalud.com\/es\/#website"},"datePublished":"2017-09-21T10:09:44+00:00","dateModified":"2022-12-19T08:08:48+00:00","description":"Tel\u00e8fon i dades de contacte d'Adeslas a Mollet del Vall\u00e8s, Sonia Piedrabuena agent d'assegurances exclusiu d'Adeslas a Mollet, Barcelona.","breadcrumb":{"@id":"https:\/\/www.ofertassegurossalud.com\/ca\/contactar\/#breadcrumb"},"inLanguage":"ca","potentialAction":[{"@type":"ReadAction","target":["https:\/\/www.ofertassegurossalud.com\/ca\/contactar\/"]}]},{"@type":"BreadcrumbList","@id":"https:\/\/www.ofertassegurossalud.com\/ca\/contactar\/#breadcrumb","itemListElement":[{"@type":"ListItem","position":1,"name":"Portada","item":"https:\/\/www.ofertassegurossalud.com\/ca\/"},{"@type":"ListItem","position":2,"name":"Contactar amb Adeslas a Mollet del Vall\u00e8s, Barcelona"}]},{"@type":"WebSite","@id":"https:\/\/www.ofertassegurossalud.com\/es\/#website","url":"https:\/\/www.ofertassegurossalud.com\/es\/","name":"Ofertas Seguros Salud","description":"Tu aseguradora de confianza con la garant\u00eda de calidad","potentialAction":[{"@type":"SearchAction","target":{"@type":"EntryPoint","urlTemplate":"https:\/\/www.ofertassegurossalud.com\/es\/?s={search_term_string}"},"query-input":{"@type":"PropertyValueSpecification","valueRequired":true,"valueName":"search_term_string"}}],"inLanguage":"ca"}]}},"_links":{"self":[{"href":"https:\/\/www.ofertassegurossalud.com\/ca\/wp-json\/wp\/v2\/pages\/1638","targetHints":{"allow":["GET"]}}],"collection":[{"href":"https:\/\/www.ofertassegurossalud.com\/ca\/wp-json\/wp\/v2\/pages"}],"about":[{"href":"https:\/\/www.ofertassegurossalud.com\/ca\/wp-json\/wp\/v2\/types\/page"}],"author":[{"embeddable":true,"href":"https:\/\/www.ofertassegurossalud.com\/ca\/wp-json\/wp\/v2\/users\/1"}],"replies":[{"embeddable":true,"href":"https:\/\/www.ofertassegurossalud.com\/ca\/wp-json\/wp\/v2\/comments?post=1638"}],"version-history":[{"count":7,"href":"https:\/\/www.ofertassegurossalud.com\/ca\/wp-json\/wp\/v2\/pages\/1638\/revisions"}],"predecessor-version":[{"id":3865,"href":"https:\/\/www.ofertassegurossalud.com\/ca\/wp-json\/wp\/v2\/pages\/1638\/revisions\/3865"}],"wp:attachment":[{"href":"https:\/\/www.ofertassegurossalud.com\/ca\/wp-json\/wp\/v2\/media?parent=1638"}],"curies":[{"name":"wp","href":"https:\/\/api.w.org\/{rel}","templated":true}]}}