{"id":1543,"date":"2017-09-21T09:48:19","date_gmt":"2017-09-21T09:48:19","guid":{"rendered":"https:\/\/www.ofertassegurossalud.com\/hogar\/"},"modified":"2025-07-31T09:51:56","modified_gmt":"2025-07-31T07:51:56","slug":"hogar","status":"publish","type":"page","link":"https:\/\/www.ofertassegurossalud.com\/ca\/hogar\/","title":{"rendered":"Ofertes en Assegurances de Llar &#8211; La teva casa m\u00e9s segura"},"content":{"rendered":"<div class=\"wpb-content-wrapper\"><p>[vc_row background_color=&#8221;#009ddd&#8221; padding_top=&#8221;0&#8243; padding_bottom=&#8221;0&#8243;][vc_column][vc_custom_heading text=&#8221;Les millors ofertes en assegurances de llar&#8221; font_container=&#8221;tag:h1|text_align:center|color:%23ffffff&#8221; use_theme_fonts=&#8221;yes&#8221; css_animation=&#8221;none&#8221; css=&#8221;.vc_custom_1508856453750{margin-top: 20px !important;}&#8221;][\/vc_column][\/vc_row][vc_row full_width=&#8221;true&#8221; background_image=&#8221;1344&#8243; background_position=&#8221;right top&#8221; padding_top=&#8221;70&#8243; padding_bottom=&#8221;70&#8243; bg_type=&#8221;image&#8221; parallax_style=&#8221;vcpb-default&#8221; bg_image_repeat=&#8221;no-repeat&#8221; bg_image_size=&#8221;contain&#8221;][vc_column][vc_row_inner][vc_column_inner el_class=&#8221;promoinfo&#8221; width=&#8221;1\/2&#8243;][vc_single_image image=&#8221;1680&#8243; img_size=&#8221;full&#8221; alignment=&#8221;center&#8221; css=&#8221;&#8221; el_class=&#8221;hidden&#8221;][\/vc_column_inner][vc_column_inner width=&#8221;1\/2&#8243;][vc_empty_space height=&#8221;400px&#8221;][\/vc_column_inner][\/vc_row_inner][\/vc_column][\/vc_row][vc_row full_width=&#8221;true&#8221; background_color=&#8221;#e9edf6&#8243; padding_bottom=&#8221;0&#8243;][vc_column][vc_row_inner][vc_column_inner]<div class='gap nz-clearfix' style='height:40px'>&nbsp;<\/div>[vc_custom_heading text=&#8221;Contracta amb Adeslas l&#8217;asseguran\u00e7a de la teva llar&#8221; font_container=&#8221;tag:h2|font_size:32|text_align:center|color:%23009ddd&#8221; use_theme_fonts=&#8221;yes&#8221;]<div class='gap nz-clearfix' style='height:15px'>&nbsp;<\/div>[vc_separator color=&#8221;custom&#8221; border_width=&#8221;2&#8243; el_width=&#8221;80&#8243; accent_color=&#8221;#009ddd&#8221;][\/vc_column_inner][\/vc_row_inner][vc_row_inner][vc_column_inner][vc_column_text pl=&#8221;120&#8243; pr=&#8221;120&#8243;]<\/p>\n<p style=\"text-align: center;\"><span style=\"font-size: 18px; color: #999999;\">\u00c9s\u00a0 molt important que valoris totes les opcions que hi ha per poder trobar les millors ofertes en assegurances de llar que tinguin un bon equilibri entre el preu i la cobertura.<\/span><\/p>\n<p style=\"text-align: center;\"><span style=\"font-size: 18px; color: #999999;\">A Adeslas comptem amb una \u00e0mplia oferta d&#8217;assegurances de la llar que s&#8217;adapten a les necessitats de totes les fam\u00edlies i, tamb\u00e9, de les seves butxaques.<\/span><\/p>\n<p>[\/vc_column_text][\/vc_column_inner][\/vc_row_inner][\/vc_column][\/vc_row][vc_row full_width=&#8221;true&#8221; padding_top=&#8221;0&#8243; padding_bottom=&#8221;0&#8243;][vc_column width=&#8221;1\/2&#8243; pl=&#8221;10&#8243; pr=&#8221;10&#8243; pt=&#8221;10&#8243; pb=&#8221;10&#8243;][vc_row_inner][vc_column_inner][vc_single_image image=&#8221;9820&#8243; img_size=&#8221;full&#8221; css=&#8221;&#8221;]<div class=\"ult_pricing_table_wrap ult_design_5  ult-cs-custom  \">\n\t\t\t\t\t<div class=\"ult_pricing_table \" style=\"background:#ffffff;color:#009ddd;\"><div id=\"price-table-wrap-3542\" class=\"ult_pricing_heading\" style=\"background:#009ddd;color:#ffffff;\">\n\t\t\t\t\t\t\t<h3 class=\"price-heading ult-responsive cust-headformat\"  data-ultimate-target='#price-table-wrap-3542 .cust-headformat'  data-responsive-json-new='{\"font-size\":\"\",\"line-height\":\"\"}'  style=\"font-weight:normal;\">SegurCaixa HOGAR<\/h3><h5  data-ultimate-target='#price-table-wrap-3542 .cust-subhead'  data-responsive-json-new='{\"font-size\":\"\",\"line-height\":\"\"}'  class=\"price-subheading ult-responsive cust-subhead\" style=\"font-weight:normal;\">Assegurem la teva casa al millor preu<\/h5><\/div><!--ult_pricing_heading--><div class=\"ult_price_body_block\" style=\"background:#009ddd;color:#ffffff;\">\n\t\t\t\t\t\t\t<div class=\"ult_price_body\">\n\t\t\t\t\t\t\t\t<div id=\"price-table-wrap-2029\"  class=\"ult_price\">\n\t\t\t\t\t\t\t\t\t<span  data-ultimate-target='#price-table-wrap-2029 .ult_price_figure'  data-responsive-json-new='{\"font-size\":\"\",\"line-height\":\"\"}'  class=\"ult_price_figure ult-responsive\" style=\"font-weight:normal;\"><\/span>\n\t\t\t\t\t\t\t\t\t<span  data-ultimate-target='#price-table-wrap-2029 .ult_price_term'  data-responsive-json-new='{\"font-size\":\"\",\"line-height\":\"\"}'  class=\"ult_price_term ult-responsive\" style=\"font-weight:normal;\"><\/span>\n\t\t\t\t\t\t\t\t<\/div>\n\t\t\t\t\t\t\t<\/div>\n\t\t\t\t\t\t<\/div><!--ult_price_body_block--><div id=\"price-table-features-wrap-4586\" class=\"ult_price_features ult-responsive\"  data-ultimate-target='#price-table-features-wrap-4586'  data-responsive-json-new='{\"font-size\":\"\",\"line-height\":\"\"}'  style=\"font-weight:normal;\">\n\t\t\t\t\t\t\t<ul>\n<li>Danys per aigua<\/li>\n<li>Joieria i objectes de valor<\/li>\n<li>Robatori i desperfectes per robatori<\/li>\n<\/ul>\n\n\t\t\t\t\t\t<\/div><!--ult_price_features--><div class=\"ult_clr\"><\/div>\n\t\t\t<\/div><!--pricing_table-->\n\t\t<\/div><!--pricing_table_wrap--><div class=\" ubtn-ctn-center \"><a class=\"ubtn-link ult-adjust-bottom-margin ubtn-center ubtn-block \" href=\"https:\/\/www.ofertassegurossalud.com\/ca\/formulario-hogar\/\" rel=\"nofollow \" ><button type=\"button\" id=\"ubtn-9828\"  class=\"ubtn ult-adjust-bottom-margin ult-responsive ubtn-block ubtn-no-hover-bg  none  ubtn-center   tooltip-69fb3476dff8e ubtn-block\"  data-hover=\"#ffffff\" data-border-color=\"\" data-bg=\"#db0080\" data-hover-bg=\"#db3094\" data-border-hover=\"\" data-shadow-hover=\"\" data-shadow-click=\"none\" data-shadow=\"\" data-shd-shadow=\"\"  data-ultimate-target='#ubtn-9828'  data-responsive-json-new='{\"font-size\":\"\",\"line-height\":\"\"}'  style=\"font-weight:normal;border:none;background: #db0080;color: #ffffff;\"><span class=\"ubtn-hover\" style=\"background-color:#db3094\"><\/span><span class=\"ubtn-data ubtn-text \" >M\u00e9s informaci\u00f3<\/span><\/button><\/a><\/div>[\/vc_column_inner][\/vc_row_inner]<div class=\"nz-accordion \" data-collapsible=false><div class=\"false toggle-title nz-clearfix\"><span class=\"toggle-title-header\"><span>Ampliar informaci\u00f3 SegurCaixa HOGAR<\/span><\/span><span class=\"arrow icon-plus4\"><\/span><\/div> <div id=\"ampliar-informacio-segurcaixa-hogar\" class=\"toggle-content nz-clearfix\">Gaudeix de la tranquil\u00b7litat de no perdre el valor de l&#8217;habitatge ni del seu contingut amb unes cobertures molt completes.<\/p>\n<p>GARANTIES S\u00d2LIDES<\/p>\n<p>Es cobreixen els sinistres que amb m\u00e9s freq\u00fc\u00e8ncia puguin afectar el continent i al contingut de l&#8217;habitatge, amb els capitals que recomana la Companyia o els que tri\u00efs segons les teves necessitats.<\/p>\n<p>DANYS PER AIGUA<\/p>\n<p>Cobrim els danys que es produeixin en l&#8217;habitatge assegurat i els que puguem provocar a ve\u00efns.<\/p>\n<p>ROBATORI<\/p>\n<p>Cobertura del robatori dels b\u00e9ns de l&#8217;habitatge i els desperfectes a causa del robatori o intent de robatori.<\/p>\n<p>JOIES I OBJECTES DE VALOR<\/p>\n<p>Cobrim fins a 10.000 euros en joies i objectes de valor.<\/div><\/div> [\/vc_column][vc_column width=&#8221;1\/2&#8243; pl=&#8221;10&#8243; pr=&#8221;10&#8243; pt=&#8221;10&#8243; pb=&#8221;10&#8243;][vc_row_inner][vc_column_inner][vc_single_image image=&#8221;9822&#8243; img_size=&#8221;full&#8221; css=&#8221;&#8221;]<div class=\"ult_pricing_table_wrap ult_design_5  ult-cs-custom  \">\n\t\t\t\t\t<div class=\"ult_pricing_table \" style=\"background:#ffffff;color:#009ddd;\"><div id=\"price-table-wrap-6218\" class=\"ult_pricing_heading\" style=\"background:#009ddd;color:#ffffff;\">\n\t\t\t\t\t\t\t<h3 class=\"price-heading ult-responsive cust-headformat\"  data-ultimate-target='#price-table-wrap-6218 .cust-headformat'  data-responsive-json-new='{\"font-size\":\"\",\"line-height\":\"\"}'  style=\"font-weight:normal;\">SegurCaixa HOGAR COMPLETO<\/h3><h5  data-ultimate-target='#price-table-wrap-6218 .cust-subhead'  data-responsive-json-new='{\"font-size\":\"\",\"line-height\":\"\"}'  class=\"price-subheading ult-responsive cust-subhead\" style=\"font-weight:normal;\">La teva llar assegurat amb tot<\/h5><\/div><!--ult_pricing_heading--><div class=\"ult_price_body_block\" style=\"background:#009ddd;color:#ffffff;\">\n\t\t\t\t\t\t\t<div class=\"ult_price_body\">\n\t\t\t\t\t\t\t\t<div id=\"price-table-wrap-1276\"  class=\"ult_price\">\n\t\t\t\t\t\t\t\t\t<span  data-ultimate-target='#price-table-wrap-1276 .ult_price_figure'  data-responsive-json-new='{\"font-size\":\"\",\"line-height\":\"\"}'  class=\"ult_price_figure ult-responsive\" style=\"font-weight:normal;\"><\/span>\n\t\t\t\t\t\t\t\t\t<span  data-ultimate-target='#price-table-wrap-1276 .ult_price_term'  data-responsive-json-new='{\"font-size\":\"\",\"line-height\":\"\"}'  class=\"ult_price_term ult-responsive\" style=\"font-weight:normal;\"><\/span>\n\t\t\t\t\t\t\t\t<\/div>\n\t\t\t\t\t\t\t<\/div>\n\t\t\t\t\t\t<\/div><!--ult_price_body_block--><div id=\"price-table-features-wrap-6838\" class=\"ult_price_features ult-responsive\"  data-ultimate-target='#price-table-features-wrap-6838'  data-responsive-json-new='{\"font-size\":\"\",\"line-height\":\"\"}'  style=\"font-weight:normal;\">\n\t\t\t\t\t\t\t<ul class=\"ticks col first\">\n<li>\u00c0mplies garanties.<\/li>\n<li>Cobertura de robatori dins i fora de casa.<\/li>\n<li>Millor cobertura de danys per aigua: cobreix canonades vistes<\/li>\n<\/ul>\n\n\t\t\t\t\t\t<\/div><!--ult_price_features--><div class=\"ult_clr\"><\/div>\n\t\t\t<\/div><!--pricing_table-->\n\t\t<\/div><!--pricing_table_wrap--><div class=\" ubtn-ctn-center \"><a class=\"ubtn-link ult-adjust-bottom-margin ubtn-center ubtn-block \" href=\"https:\/\/www.ofertassegurossalud.com\/ca\/formulario-hogar\/\" rel=\"nofollow \" ><button type=\"button\" id=\"ubtn-4656\"  class=\"ubtn ult-adjust-bottom-margin ult-responsive ubtn-block ubtn-no-hover-bg  none  ubtn-center   tooltip-69fb3476e04c4 ubtn-block\"  data-hover=\"#ffffff\" data-border-color=\"\" data-bg=\"#db0080\" data-hover-bg=\"#db3094\" data-border-hover=\"\" data-shadow-hover=\"\" data-shadow-click=\"none\" data-shadow=\"\" data-shd-shadow=\"\"  data-ultimate-target='#ubtn-4656'  data-responsive-json-new='{\"font-size\":\"\",\"line-height\":\"\"}'  style=\"font-weight:normal;border:none;background: #db0080;color: #ffffff;\"><span class=\"ubtn-hover\" style=\"background-color:#db3094\"><\/span><span class=\"ubtn-data ubtn-text \" >M\u00e9s informaci\u00f3<\/span><\/button><\/a><\/div>[\/vc_column_inner][\/vc_row_inner]<div class=\"nz-accordion \" data-collapsible=false><div class=\"false toggle-title nz-clearfix\"><span class=\"toggle-title-header\"><span>Ampliar informaci\u00f3 SegurCaixa HOGAR COMPLETO<\/span><\/span><span class=\"arrow icon-plus4\"><\/span><\/div> <div id=\"ampliar-informacio-segurcaixa-hogar-completo\" class=\"toggle-content nz-clearfix\">Tingues la tranquil\u00b7litat de no perdre el valor de l&#8217;habitatge ni del seu contingut amb unes cobertures molt completes.<\/p>\n<p>\u00c0MPLIES GARANTIES<\/p>\n<p>Les causes de possibles sinistres que afectin el continent i que no estiguin expressament citades com a excloses es cobriran en cas de sinistre, ja que no es tracta de llistes tancades.<\/p>\n<p>DANYS PER AIGUA<\/p>\n<p>L&#8217;\u00fanic segur que cobreix canonades vistes, desembussos i filtracions en interiors.<\/p>\n<p>ROBATORI I FURT<\/p>\n<p>Cobertura de robatori tant dins com fora del teu habitatge.<\/p>\n<p>RESPONSABILITAT CIVIL<\/p>\n<p>Cobertura de danys que es puguin produir a tercers. A m\u00e9s cobreix la responsabilitat civil derivada de tinen\u00e7a d&#8217;animals potencialment perillosos.<\/div><\/div> [\/vc_column][\/vc_row][vc_row full_width=&#8221;true&#8221;][vc_column pl=&#8221;10&#8243; pr=&#8221;10&#8243;]<div class=\"nz-accordion \" data-collapsible=false><div class=\"false toggle-title nz-clearfix\"><span class=\"toggle-title-header\"><span>Bons preus en la teva asseguran\u00e7a de llar<\/span><\/span><span class=\"arrow icon-plus4\"><\/span><\/div> <div id=\"bons-preus-en-la-teva-asseguranca-de-llar\" class=\"toggle-content nz-clearfix\"><\/p>\n<h2>Ofertes en assegurances per a la teva casa<\/h2>\n<p>Est\u00e0s buscant bons preus per l&#8217;asseguran\u00e7a de llar? Protegir la teva casa \u00e9s una cosa essencial per poder viure amb la tranquil\u00b7litat que est\u00e0s cuidant tant de la teva fam\u00edlia com del que tant t&#8217;ha costat aconseguir: una llar pr\u00f2pia, una llar teu.<\/p>\n<p>Bases de la promoci\u00f3<\/div><div class=\"false toggle-title nz-clearfix\"><span class=\"toggle-title-header\"><span>Habitatge assegurada<\/span><\/span><span class=\"arrow icon-plus4\"><\/span><\/div> <div id=\"habitatge-assegurada\" class=\"toggle-content nz-clearfix\"><\/p>\n<h2>La teva llar m\u00e9s segur al millor preu<\/h2>\n<p>Aconseguir una bona asseguran\u00e7a d&#8217;habitatge no sempre \u00e9s una cosa f\u00e0cil ja que no nom\u00e9s ha d&#8217;importar el preu que paguem per ell sin\u00f3 que, tamb\u00e9, les seves cobertures per poder estar tranquils en el nostre dia a dia.<\/p>\n<p>A Adeslas t&#8217;oferim diferents promocions d&#8217;assegurances de la llar i, un d&#8217;ells, \u00e9s el m\u00e9s econ\u00f2mic de tots: el SegurCaixa LLAR. Aquest producte et protegir\u00e0, tant a tu com a la teva fam\u00edlia, dels sinistres m\u00e9s comuns que tenen lloc a l&#8217;interior d&#8217;una llar.<\/p>\n<p>Amb aquesta asseguran\u00e7a aconseguir\u00e0s una gran relaci\u00f3 entre la qualitat-preu que et permetr\u00e0 estar cobert en incid\u00e8ncies b\u00e0siques perqu\u00e8, aix\u00ed, qualsevol situaci\u00f3 comuna i corrent no suposi una despesa extra per a tu.<\/div><div class=\"false toggle-title nz-clearfix\"><span class=\"toggle-title-header\"><span>Assegurances per al teu habitatge<\/span><\/span><span class=\"arrow icon-plus4\"><\/span><\/div> <div id=\"assegurances-per-al-teu-habitatge\" class=\"toggle-content nz-clearfix\"><\/p>\n<h2>Les cobertures m\u00e9s completes en asseguran\u00e7a d&#8217;habitatge<\/h2>\n<p>Per\u00f2 si vols estar encara m\u00e9s protegit, llavors has de con\u00e8ixer altres ofertes d&#8217;assegurances de casa que tenim a Adeslas. S\u00f3n p\u00f2lisses que donen un pas m\u00e9s endavant i que aconsegueixen una millor tranquil\u00b7litat i protecci\u00f3 per a la teva llar.<\/p>\n<p>SegurCaixa LLAR com plet<\/p>\n<p>En aquest cas, la p\u00f2lissa d&#8217;asseguran\u00e7a cobreix altres aspectes que el B\u00e0sic no inclou com, per exemple:<\/p>\n<p>Robatoris a l&#8217;exterior de casa teva: aquesta asseguran\u00e7a tamb\u00e9 cobrir\u00e0 si hi ha un furt fora de la llar<br \/>\nCobertura m\u00e9s \u00e0mplia en els danys per aigua: en el cas que s&#8217;hagin de canviar canonades o desatacar, aquesta asseguran\u00e7a s\u00ed que et cobrir\u00e0 les despeses repercutides d&#8217;aquesta obra<br \/>\nDanys a tercers: aquesta asseguran\u00e7a tamb\u00e9 et cobrir\u00e0 qualsevol dany que es pugui produir a tercers aix\u00ed com la responsabilitat civil en el cas que tinguis animals que es considerin perillosos.<br \/>\nCom veus, aquesta segona p\u00f2lissa \u00e9s m\u00e9s completa que l&#8217;anterior i aconseguir\u00e0 una protecci\u00f3 m\u00e0xima de tota la fam\u00edlia.<\/div><div class=\"false toggle-title nz-clearfix\"><span class=\"toggle-title-header\"><span>Qu\u00e8 et inclou aquesta asseguran\u00e7a d'habitatge?<\/span><\/span><span class=\"arrow icon-plus4\"><\/span><\/div> <div id=\"que-et-inclou-aquesta-asseguranca-dhabitatge\" class=\"toggle-content nz-clearfix\"><\/p>\n<ul>\n<li>Els danys per aigua que puguin esdevenir a casa teva estan totalment coberts amb aquesta p\u00f2lissa. Aqu\u00ed tamb\u00e9 s&#8217;inclouen els problemes que puguin sorgir als ve\u00efns per un accident nostre.<\/li>\n<li>Els robatoris de b\u00e9ns i materials que puguin oc\u00f3rrer a casa teva tamb\u00e9 estan coberts amb aquesta asseguran\u00e7a. En el cas que el lladre no arribi a entrar per\u00f2 que hi hagi malm\u00e8s el pany o qualsevol altre element de la teva casa, aquest desperfecte tamb\u00e9 est\u00e0 incl\u00f2s.<\/li>\n<li>En el cas de robatori de joies, aquesta asseguran\u00e7a et cobreix fins a l&#8217;import de 10.000 \u20ac que hagin pogut sostreure de la teva llar. Aqu\u00ed, a m\u00e9s de joies, tamb\u00e9 s&#8217;inclourien altres objectes de valor que puguis tenir a casa.<\/li>\n<\/ul>\n<p><\/div><\/div> [\/vc_column][\/vc_row]<\/p>\n<\/div>","protected":false},"excerpt":{"rendered":"<p>[vc_row background_color=&#8221;#009ddd&#8221; padding_top=&#8221;0&#8243; padding_bottom=&#8221;0&#8243;][vc_column][vc_custom_heading text=&#8221;Les millors ofertes en assegurances de llar&#8221; font_container=&#8221;tag:h1|text_align:center|color:%23ffffff&#8221; use_theme_fonts=&#8221;yes&#8221; css_animation=&#8221;none&#8221; css=&#8221;.vc_custom_1508856453750{margin-top: 20px !important;}&#8221;][\/vc_column][\/vc_row][vc_row full_width=&#8221;true&#8221; background_image=&#8221;1344&#8243; background_position=&#8221;right top&#8221; padding_top=&#8221;70&#8243; padding_bottom=&#8221;70&#8243; bg_type=&#8221;image&#8221; parallax_style=&#8221;vcpb-default&#8221; bg_image_repeat=&#8221;no-repeat&#8221; bg_image_size=&#8221;contain&#8221;][vc_column][vc_row_inner][vc_column_inner el_class=&#8221;promoinfo&#8221; width=&#8221;1\/2&#8243;][vc_single_image image=&#8221;1680&#8243; img_size=&#8221;full&#8221; alignment=&#8221;center&#8221; css=&#8221;&#8221; el_class=&#8221;hidden&#8221;][\/vc_column_inner][vc_column_inner width=&#8221;1\/2&#8243;][vc_empty_space height=&#8221;400px&#8221;][\/vc_column_inner][\/vc_row_inner][\/vc_column][\/vc_row][vc_row full_width=&#8221;true&#8221; background_color=&#8221;#e9edf6&#8243; padding_bottom=&#8221;0&#8243;][vc_column][vc_row_inner][vc_column_inner][vc_custom_heading text=&#8221;Contracta amb Adeslas l&#8217;asseguran\u00e7a de la teva llar&#8221; font_container=&#8221;tag:h2|font_size:32|text_align:center|color:%23009ddd&#8221; use_theme_fonts=&#8221;yes&#8221;][vc_separator color=&#8221;custom&#8221; border_width=&#8221;2&#8243; el_width=&#8221;80&#8243; accent_color=&#8221;#009ddd&#8221;][\/vc_column_inner][\/vc_row_inner][vc_row_inner][vc_column_inner][vc_column_text pl=&#8221;120&#8243; pr=&#8221;120&#8243;] [&hellip;]<\/p>\n","protected":false},"author":1,"featured_media":0,"parent":0,"menu_order":0,"comment_status":"closed","ping_status":"closed","template":"","meta":{"_joinchat":[],"footnotes":""},"class_list":["post-1543","page","type-page","status-publish","hentry"],"yoast_head":"<!-- This site is optimized with the Yoast SEO plugin v24.9 - https:\/\/yoast.com\/wordpress\/plugins\/seo\/ -->\n<title>Ofertes en Assegurances de Llar - La teva casa m\u00e9s segura<\/title>\n<meta name=\"description\" content=\"Tenim les millors ofertes en assegurances de llar del mercat, el teu habitatge m\u00e9s segura amb els nostres assegurances amb les cobertures m\u00e9s completes\" \/>\n<meta name=\"robots\" content=\"index, follow, max-snippet:-1, max-image-preview:large, max-video-preview:-1\" \/>\n<link rel=\"canonical\" href=\"https:\/\/www.ofertassegurossalud.com\/ca\/hogar\/\" \/>\n<meta property=\"og:locale\" content=\"ca_ES\" \/>\n<meta property=\"og:type\" content=\"article\" \/>\n<meta property=\"og:title\" content=\"Ofertes en Assegurances de Llar - La teva casa m\u00e9s segura\" \/>\n<meta property=\"og:description\" content=\"Tenim les millors ofertes en assegurances de llar del mercat, el teu habitatge m\u00e9s segura amb els nostres assegurances amb les cobertures m\u00e9s completes\" \/>\n<meta property=\"og:url\" content=\"https:\/\/www.ofertassegurossalud.com\/ca\/hogar\/\" \/>\n<meta property=\"og:site_name\" content=\"Ofertas Seguros Salud\" \/>\n<meta property=\"article:modified_time\" content=\"2025-07-31T07:51:56+00:00\" \/>\n<meta name=\"twitter:card\" content=\"summary_large_image\" \/>\n<meta name=\"twitter:label1\" content=\"Temps estimat de lectura\" \/>\n\t<meta name=\"twitter:data1\" content=\"6 minuts\" \/>\n<script type=\"application\/ld+json\" class=\"yoast-schema-graph\">{\"@context\":\"https:\/\/schema.org\",\"@graph\":[{\"@type\":\"WebPage\",\"@id\":\"https:\/\/www.ofertassegurossalud.com\/ca\/hogar\/\",\"url\":\"https:\/\/www.ofertassegurossalud.com\/ca\/hogar\/\",\"name\":\"Ofertes en Assegurances de Llar - La teva casa m\u00e9s segura\",\"isPartOf\":{\"@id\":\"https:\/\/www.ofertassegurossalud.com\/es\/#website\"},\"datePublished\":\"2017-09-21T09:48:19+00:00\",\"dateModified\":\"2025-07-31T07:51:56+00:00\",\"description\":\"Tenim les millors ofertes en assegurances de llar del mercat, el teu habitatge m\u00e9s segura amb els nostres assegurances amb les cobertures m\u00e9s completes\",\"breadcrumb\":{\"@id\":\"https:\/\/www.ofertassegurossalud.com\/ca\/hogar\/#breadcrumb\"},\"inLanguage\":\"ca\",\"potentialAction\":[{\"@type\":\"ReadAction\",\"target\":[\"https:\/\/www.ofertassegurossalud.com\/ca\/hogar\/\"]}]},{\"@type\":\"BreadcrumbList\",\"@id\":\"https:\/\/www.ofertassegurossalud.com\/ca\/hogar\/#breadcrumb\",\"itemListElement\":[{\"@type\":\"ListItem\",\"position\":1,\"name\":\"Portada\",\"item\":\"https:\/\/www.ofertassegurossalud.com\/ca\/\"},{\"@type\":\"ListItem\",\"position\":2,\"name\":\"Ofertes en Assegurances de Llar &#8211; La teva casa m\u00e9s segura\"}]},{\"@type\":\"WebSite\",\"@id\":\"https:\/\/www.ofertassegurossalud.com\/es\/#website\",\"url\":\"https:\/\/www.ofertassegurossalud.com\/es\/\",\"name\":\"Ofertas Seguros Salud\",\"description\":\"Tu aseguradora de confianza con la garant\u00eda de calidad\",\"potentialAction\":[{\"@type\":\"SearchAction\",\"target\":{\"@type\":\"EntryPoint\",\"urlTemplate\":\"https:\/\/www.ofertassegurossalud.com\/es\/?s={search_term_string}\"},\"query-input\":{\"@type\":\"PropertyValueSpecification\",\"valueRequired\":true,\"valueName\":\"search_term_string\"}}],\"inLanguage\":\"ca\"}]}<\/script>\n<!-- \/ Yoast SEO plugin. -->","yoast_head_json":{"title":"Ofertes en Assegurances de Llar - La teva casa m\u00e9s segura","description":"Tenim les millors ofertes en assegurances de llar del mercat, el teu habitatge m\u00e9s segura amb els nostres assegurances amb les cobertures m\u00e9s completes","robots":{"index":"index","follow":"follow","max-snippet":"max-snippet:-1","max-image-preview":"max-image-preview:large","max-video-preview":"max-video-preview:-1"},"canonical":"https:\/\/www.ofertassegurossalud.com\/ca\/hogar\/","og_locale":"ca_ES","og_type":"article","og_title":"Ofertes en Assegurances de Llar - La teva casa m\u00e9s segura","og_description":"Tenim les millors ofertes en assegurances de llar del mercat, el teu habitatge m\u00e9s segura amb els nostres assegurances amb les cobertures m\u00e9s completes","og_url":"https:\/\/www.ofertassegurossalud.com\/ca\/hogar\/","og_site_name":"Ofertas Seguros Salud","article_modified_time":"2025-07-31T07:51:56+00:00","twitter_card":"summary_large_image","twitter_misc":{"Temps estimat de lectura":"6 minuts"},"schema":{"@context":"https:\/\/schema.org","@graph":[{"@type":"WebPage","@id":"https:\/\/www.ofertassegurossalud.com\/ca\/hogar\/","url":"https:\/\/www.ofertassegurossalud.com\/ca\/hogar\/","name":"Ofertes en Assegurances de Llar - La teva casa m\u00e9s segura","isPartOf":{"@id":"https:\/\/www.ofertassegurossalud.com\/es\/#website"},"datePublished":"2017-09-21T09:48:19+00:00","dateModified":"2025-07-31T07:51:56+00:00","description":"Tenim les millors ofertes en assegurances de llar del mercat, el teu habitatge m\u00e9s segura amb els nostres assegurances amb les cobertures m\u00e9s completes","breadcrumb":{"@id":"https:\/\/www.ofertassegurossalud.com\/ca\/hogar\/#breadcrumb"},"inLanguage":"ca","potentialAction":[{"@type":"ReadAction","target":["https:\/\/www.ofertassegurossalud.com\/ca\/hogar\/"]}]},{"@type":"BreadcrumbList","@id":"https:\/\/www.ofertassegurossalud.com\/ca\/hogar\/#breadcrumb","itemListElement":[{"@type":"ListItem","position":1,"name":"Portada","item":"https:\/\/www.ofertassegurossalud.com\/ca\/"},{"@type":"ListItem","position":2,"name":"Ofertes en Assegurances de Llar &#8211; La teva casa m\u00e9s segura"}]},{"@type":"WebSite","@id":"https:\/\/www.ofertassegurossalud.com\/es\/#website","url":"https:\/\/www.ofertassegurossalud.com\/es\/","name":"Ofertas Seguros Salud","description":"Tu aseguradora de confianza con la garant\u00eda de calidad","potentialAction":[{"@type":"SearchAction","target":{"@type":"EntryPoint","urlTemplate":"https:\/\/www.ofertassegurossalud.com\/es\/?s={search_term_string}"},"query-input":{"@type":"PropertyValueSpecification","valueRequired":true,"valueName":"search_term_string"}}],"inLanguage":"ca"}]}},"_links":{"self":[{"href":"https:\/\/www.ofertassegurossalud.com\/ca\/wp-json\/wp\/v2\/pages\/1543","targetHints":{"allow":["GET"]}}],"collection":[{"href":"https:\/\/www.ofertassegurossalud.com\/ca\/wp-json\/wp\/v2\/pages"}],"about":[{"href":"https:\/\/www.ofertassegurossalud.com\/ca\/wp-json\/wp\/v2\/types\/page"}],"author":[{"embeddable":true,"href":"https:\/\/www.ofertassegurossalud.com\/ca\/wp-json\/wp\/v2\/users\/1"}],"replies":[{"embeddable":true,"href":"https:\/\/www.ofertassegurossalud.com\/ca\/wp-json\/wp\/v2\/comments?post=1543"}],"version-history":[{"count":24,"href":"https:\/\/www.ofertassegurossalud.com\/ca\/wp-json\/wp\/v2\/pages\/1543\/revisions"}],"predecessor-version":[{"id":9825,"href":"https:\/\/www.ofertassegurossalud.com\/ca\/wp-json\/wp\/v2\/pages\/1543\/revisions\/9825"}],"wp:attachment":[{"href":"https:\/\/www.ofertassegurossalud.com\/ca\/wp-json\/wp\/v2\/media?parent=1543"}],"curies":[{"name":"wp","href":"https:\/\/api.w.org\/{rel}","templated":true}]}}