{"id":1538,"date":"2017-09-21T09:41:13","date_gmt":"2017-09-21T09:41:13","guid":{"rendered":"https:\/\/www.ofertassegurossalud.com\/dental\/"},"modified":"2025-07-31T09:19:15","modified_gmt":"2025-07-31T07:19:15","slug":"dental","status":"publish","type":"page","link":"https:\/\/www.ofertassegurossalud.com\/ca\/dental\/","title":{"rendered":"Ofertes d&#8217;Assegurances Dentals &#8211; Promocions en asseguran\u00e7a dental"},"content":{"rendered":"<div class=\"wpb-content-wrapper\"><p>[vc_row background_color=&#8221;#009ddd&#8221; padding_bottom=&#8221;0&#8243;][vc_column][vc_custom_heading text=&#8221;Les millors ofertes per la teva asseguran\u00e7a dental&#8221; font_container=&#8221;tag:h1|text_align:center|color:%23ffffff&#8221; use_theme_fonts=&#8221;yes&#8221; css_animation=&#8221;none&#8221; css=&#8221;.vc_custom_1671442824701{margin-top: 0px !important;}&#8221;][\/vc_column][\/vc_row][vc_row full_width=&#8221;true&#8221; background_image=&#8221;1342&#8243; background_position=&#8221;Center center&#8221; padding_top=&#8221;122&#8243; padding_bottom=&#8221;121&#8243;][vc_column][vc_row_inner][vc_column_inner el_class=&#8221;promoinfo&#8221; width=&#8221;1\/3&#8243;][vc_single_image image=&#8221;1922&#8243; img_size=&#8221;full&#8221; css=&#8221;&#8221;][vc_single_image image=&#8221;4700&#8243; img_size=&#8221;full&#8221; el_class=&#8221;hidden&#8221;][\/vc_column_inner][\/vc_row_inner][\/vc_column][\/vc_row][vc_row full_width=&#8221;true&#8221; background_color=&#8221;#e9edf6&#8243; padding_top=&#8221;40px&#8221;][vc_column]<div class='gap nz-clearfix' style='height:40px'>&nbsp;<\/div>[vc_custom_heading text=&#8221;Les millors promocions i preus en assegurances dentals&#8221; font_container=&#8221;tag:h2|font_size:32px|text_align:center|color:%23009ddd|line_height:42px&#8221; use_theme_fonts=&#8221;yes&#8221;]<div class='gap nz-clearfix' style='height:15px'>&nbsp;<\/div>[vc_separator color=&#8221;custom&#8221; border_width=&#8221;2&#8243; el_width=&#8221;70&#8243; accent_color=&#8221;#009ddd&#8221;][vc_column_text pl=&#8221;120&#8243; pr=&#8221;120&#8243;]<\/p>\n<p style=\"text-align: center;\"><span style=\"font-size: 18px; color: #999999;\">L&#8217;assegurat, per rebre l&#8217;assist\u00e8ncia inclosa en la cobertura de la p\u00f2lissa, podr\u00e0 triar lliurement entre els facultatius i cl\u00edniques o altres establiments inclosos (prove\u00efdors assistencials) que l&#8217;assegurador, en cada moment, tingui concertats a tot Espanya.<\/span><\/p>\n<p>[\/vc_column_text]<div class='gap nz-clearfix' style='height:15px'>&nbsp;<\/div>[\/vc_column][\/vc_row][vc_row full_width=&#8221;true&#8221;][vc_column]<div class=\"nz-tabs  horizontal full-false\"><div data-target=\"tab-caracteristiques-de-lasseguranca-dental\" class=\"tab\">Caracter\u00edstiques de l'asseguran\u00e7a dental<\/div><div id=\"tab-caracteristiques-de-lasseguranca-dental\" class=\"tab-content\"><strong>Adeslas Dental Max<\/strong> \u00e9s una asseguran\u00e7a bucodental per assist\u00e8ncia odontol\u00f2gica a les cl\u00edniques Adeslas Dental. L&#8217;asseguran\u00e7a Adeslas Dental Max pot ser contractat per qualsevol persona que ho desitgi sense l\u00edmit d&#8217;edat ni altres requisits. Per a la seva contractaci\u00f3 tampoc cal aportar q\u00fcestionari m\u00e8dic de sol\u00b7licitud.<\/p>\n<p><strong>Adeslas Dental Max<\/strong> pot ser contractat de forma individual (la prima mensual es fixar\u00e0 en funci\u00f3 de l&#8217;nombre d&#8217;assegurats) o pot ser contractat com a complement de qualsevol asseguran\u00e7a de salut, i en aquest cas la prima mensual es reduir\u00e0 un 15%. L&#8217;asseguran\u00e7a Adeslas Dental Max inclou, de forma totalment gratu\u00efta, serveis com les consultes, les extraccions, les radiografies o les neteges bucals.<\/p>\n<p>La resta de tractaments contempla importants descomptes sobre els preus oficials per a clients no assegurats. Adeslas Dental Max no t\u00e9 temps de car\u00e8ncia pel que tots els seus serveis poden comen\u00e7ar a utilitzar-se des del primer dia.\n\t\t\t<\/div> <div data-target=\"tab-cobertures\" class=\"tab\">Cobertures<\/div><div id=\"tab-cobertures\" class=\"tab-content\"><strong>COBERTURES<\/strong>: Fins a 49 actes sense cost addicional, incloent mitjans de diagn\u00f2stic d&#8217;\u00faltima generaci\u00f3.<\/p>\n<p>Adeslas Dental Max \u00e9s una asseguran\u00e7a dental que t\u00e9 cobertura per a tots els tractaments odontol\u00f2gics disponibles a les cl\u00edniques Adeslas Dental. Alguns tractaments estan inclosos en la p\u00f2lissa de manera totalment gratu\u00efta, per altres tractaments l&#8217;assegurat haur\u00e0 d&#8217;abonar una franqu\u00edcia corresponent, de mitjana, a l&#8217;50% de l&#8217;import que ha d&#8217;abonar un client no assegurat:<\/p>\n<p><strong>Cobertures incloses de forma gratu\u00efta<\/strong>: Consultes (incloses les d&#8217;urg\u00e8ncia), revisions, exod\u00f2ncies simples (extraccions de peces dentals), radiografies odontol\u00f2giques, neteges, fluoritzacions, segelladors oclusals, periodontogrames, pegat de corones o ponts, an\u00e0lisi anatomopatol\u00f2gic, estudi implantol\u00f2gic, estudi ortod\u00f2ntic (fotografies, models, estudi cefalom\u00e8tric, ortopantomografia i teleradiografia).<\/p>\n<p><strong>Altres cobertures<\/strong>: A la resta de tractaments no esmentats en el punt anterior l&#8217;assegurat abonar\u00e0 una franqu\u00edcia corresponent, de mitjana, a l&#8217;50% de el preu dels tractaments a les cl\u00edniques Adeslas Dental per a clients no assegurats.\n\t\t\t<\/div> <\/div> [\/vc_column][\/vc_row][vc_row full_width=&#8221;true&#8221;][vc_column][vc_video webm_video=&#8221;https:\/\/www.ofertassegurossalud.com\/wp-content\/uploads\/2017\/09\/Video-Clinica-Dental-Adeslas-HD.mp4&#8243; mp4_video=&#8221;https:\/\/www.ofertassegurossalud.com\/wp-content\/uploads\/2017\/09\/Video-Clinica-Dental-Adeslas-HD.mp4&#8243; video_poster=&#8221;1399&#8243; autoplay=&#8221;on&#8221; loop=&#8221;on&#8221;][\/vc_column][\/vc_row][vc_row full_width=&#8221;true&#8221;][vc_column]<div class=\"nz-accordion \" data-collapsible=false><div class=\"false toggle-title nz-clearfix\"><span class=\"toggle-title-header\"><span>Ofertes per la teva asseguran\u00e7a dental<\/span><\/span><span class=\"arrow icon-plus4\"><\/span><\/div> <div id=\"ofertes-per-la-teva-asseguranca-dental\" class=\"toggle-content nz-clearfix\">Est\u00e0s buscant l&#8217;asseguran\u00e7a dental m\u00e9s \u00f2ptim per a tu i la teva fam\u00edlia? Llavors &#8230; ets al lloc correcte! T&#8217;oferim diferents tipus de p\u00f2lisses que s&#8217;adapten a totes les butxaques perqu\u00e8 puguis gaudir d&#8217;una salut bucodental perfecta sense pagar de m\u00e9s.<\/p>\n<p>Si vols trobar les millors ofertes per la teva asseguran\u00e7a dental, segueix llegint! Perqu\u00e8 a continuaci\u00f3 podr\u00e0s descobrir la millor manera de beneficiar-te de les cobertures m\u00e9s \u00e0mplies i, al mateix temps, m\u00e9s econ\u00f2miques.<\/p>\n<p>Les millors promocions i preus en assegurances dentals<\/p>\n<p>Si vols fer-te amb ofertes en assegurances dentals que et cobreixin tant a tu com a la teva fam\u00edlia, a continuaci\u00f3 anem a descobrir-te el millor segur que des Adeslas tenim per a tu:<\/p>\n<p>Adeslas DENTAL FAM\u00cdLIA<\/p>\n<p>Es tracta de l&#8217;asseguran\u00e7a dental familiar m\u00e9s complet i recomanat tant per la seva \u00e0mplia cobertura com el preu tan assequible que ofereix en els tractaments. Es tracta d&#8217;una p\u00f2lissa que compta amb serveis de consulta gratu\u00efta i visites al dentista, a m\u00e9s de preus la mar de competitius en tractaments dentals.<\/div><div class=\"false toggle-title nz-clearfix\"><span class=\"toggle-title-header\"><span>Assegurances dentals d'Adeslas<\/span><\/span><span class=\"arrow icon-plus4\"><\/span><\/div> <div id=\"assegurances-dentals-dadeslas\" class=\"toggle-content nz-clearfix\"><\/p>\n<h2>Caracter\u00edstiques i avantatges de les assegurances dentals d&#8217;Adeslas<\/h2>\n<p>Aquesta asseguran\u00e7a dental per a la fam\u00edlia est\u00e0 totalment adaptat perqu\u00e8 tothom pugui beneficiar-se d&#8217;\u00e0mplies cobertures m\u00e8diques pagant molt pocs diners al mes. Per molt pocs diners podr\u00e0s aprofitar una gran quantitat d&#8217;avantatges m\u00e8diques com les que et descobrim a continuaci\u00f3:<\/p>\n<p>Visita a m\u00e9s de 150 cl\u00edniques dentals d&#8217;Adeslas: centres de salut bucodental on trobar\u00e0s a un equip de professionals del sector que et tractaran amb cura i amb molt d&#8217;afecte<br \/>\nMoltes opcions de finan\u00e7ament: perqu\u00e8 sabem que la salut no est\u00e0 en joc, a Adeslas t&#8217;oferim una gran varietat de m\u00e8todes de finan\u00e7ament perqu\u00e8 puguis realitzar-te el teu tractament dental sense anar ofegat a final de mes<br \/>\nA m\u00e9s, a Adeslas t&#8217;oferim una gran cobertura en ortod\u00f2ncia i implants dentals, una de les condicions de salut bucodental m\u00e9s comuns en la nostra societat. Les ortod\u00f2ncies s\u00f3n tractaments pensats per corregir i prevenir qualsevol alteraci\u00f3 que pugui haver-hi en el desenvolupament d&#8217;una persona amb l&#8217;objectiu d&#8217;intentar restablir la forma original de la boca.<\/p>\n<p>Normalment, els tractaments d&#8217;ortod\u00f2ncia es corregeixen amb brackets, un aparell que es col\u00b7loca sobre de la dent i que modifiquen la forma de la dent perqu\u00e8 es recol\u00b7loqui en l&#8217;opci\u00f3 original i desitjada.<\/p>\n<p>A Adeslas som l\u00edders en el tractament d&#8217;ortod\u00f2ncia ja que oferim una gran varietat de m\u00e8todes i opcions adaptades a cada pacient: des brackets met\u00e0l\u00b7lics i convencionals fins a altres invisibles que milloren l&#8217;est\u00e8tica personal.<\/p>\n<p>Aix\u00ed que, ja ho saps, si est\u00e0 s buscant les millors ofertes per a assegurances dentals tant per a tu com la teva fam\u00edlia, a Adeslas trobar\u00e0s una completa cobertura pagant un preu m\u00e9s que raonable per garantir una correcta salut bucodental.<\/div><\/div> [\/vc_column][\/vc_row]<\/p>\n<\/div>","protected":false},"excerpt":{"rendered":"<p>[vc_row background_color=&#8221;#009ddd&#8221; padding_bottom=&#8221;0&#8243;][vc_column][vc_custom_heading text=&#8221;Les millors ofertes per la teva asseguran\u00e7a dental&#8221; font_container=&#8221;tag:h1|text_align:center|color:%23ffffff&#8221; use_theme_fonts=&#8221;yes&#8221; css_animation=&#8221;none&#8221; css=&#8221;.vc_custom_1671442824701{margin-top: 0px !important;}&#8221;][\/vc_column][\/vc_row][vc_row full_width=&#8221;true&#8221; background_image=&#8221;1342&#8243; background_position=&#8221;Center center&#8221; padding_top=&#8221;122&#8243; padding_bottom=&#8221;121&#8243;][vc_column][vc_row_inner][vc_column_inner el_class=&#8221;promoinfo&#8221; width=&#8221;1\/3&#8243;][vc_single_image image=&#8221;1922&#8243; img_size=&#8221;full&#8221; css=&#8221;&#8221;][vc_single_image image=&#8221;4700&#8243; img_size=&#8221;full&#8221; el_class=&#8221;hidden&#8221;][\/vc_column_inner][\/vc_row_inner][\/vc_column][\/vc_row][vc_row full_width=&#8221;true&#8221; background_color=&#8221;#e9edf6&#8243; padding_top=&#8221;40px&#8221;][vc_column][vc_custom_heading text=&#8221;Les millors promocions i preus en assegurances dentals&#8221; font_container=&#8221;tag:h2|font_size:32px|text_align:center|color:%23009ddd|line_height:42px&#8221; use_theme_fonts=&#8221;yes&#8221;][vc_separator color=&#8221;custom&#8221; border_width=&#8221;2&#8243; el_width=&#8221;70&#8243; accent_color=&#8221;#009ddd&#8221;][vc_column_text pl=&#8221;120&#8243; pr=&#8221;120&#8243;] L&#8217;assegurat, per rebre l&#8217;assist\u00e8ncia inclosa [&hellip;]<\/p>\n","protected":false},"author":1,"featured_media":0,"parent":0,"menu_order":0,"comment_status":"closed","ping_status":"closed","template":"","meta":{"_joinchat":[],"footnotes":""},"class_list":["post-1538","page","type-page","status-publish","hentry"],"yoast_head":"<!-- This site is optimized with the Yoast SEO plugin v24.9 - https:\/\/yoast.com\/wordpress\/plugins\/seo\/ -->\n<title>Ofertes d&#039;Assegurances Dentals - Promocions en asseguran\u00e7a dental<\/title>\n<meta name=\"description\" content=\"Tenim les millors ofertes per la teva asseguran\u00e7a dental del mercat, som agents exclusius de la marca l\u00edder en assegurances de salut i dentals familiars.\" \/>\n<meta name=\"robots\" content=\"index, follow, max-snippet:-1, max-image-preview:large, max-video-preview:-1\" \/>\n<link rel=\"canonical\" href=\"https:\/\/www.ofertassegurossalud.com\/ca\/dental\/\" \/>\n<meta property=\"og:locale\" content=\"ca_ES\" \/>\n<meta property=\"og:type\" content=\"article\" \/>\n<meta property=\"og:title\" content=\"Ofertes d&#039;Assegurances Dentals - Promocions en asseguran\u00e7a dental\" \/>\n<meta property=\"og:description\" content=\"Tenim les millors ofertes per la teva asseguran\u00e7a dental del mercat, som agents exclusius de la marca l\u00edder en assegurances de salut i dentals familiars.\" \/>\n<meta property=\"og:url\" content=\"https:\/\/www.ofertassegurossalud.com\/ca\/dental\/\" \/>\n<meta property=\"og:site_name\" content=\"Ofertas Seguros Salud\" \/>\n<meta property=\"article:modified_time\" content=\"2025-07-31T07:19:15+00:00\" \/>\n<meta name=\"twitter:card\" content=\"summary_large_image\" \/>\n<meta name=\"twitter:label1\" content=\"Temps estimat de lectura\" \/>\n\t<meta name=\"twitter:data1\" content=\"5 minuts\" \/>\n<script type=\"application\/ld+json\" class=\"yoast-schema-graph\">{\"@context\":\"https:\/\/schema.org\",\"@graph\":[{\"@type\":\"WebPage\",\"@id\":\"https:\/\/www.ofertassegurossalud.com\/ca\/dental\/\",\"url\":\"https:\/\/www.ofertassegurossalud.com\/ca\/dental\/\",\"name\":\"Ofertes d'Assegurances Dentals - Promocions en asseguran\u00e7a dental\",\"isPartOf\":{\"@id\":\"https:\/\/www.ofertassegurossalud.com\/es\/#website\"},\"datePublished\":\"2017-09-21T09:41:13+00:00\",\"dateModified\":\"2025-07-31T07:19:15+00:00\",\"description\":\"Tenim les millors ofertes per la teva asseguran\u00e7a dental del mercat, som agents exclusius de la marca l\u00edder en assegurances de salut i dentals familiars.\",\"breadcrumb\":{\"@id\":\"https:\/\/www.ofertassegurossalud.com\/ca\/dental\/#breadcrumb\"},\"inLanguage\":\"ca\",\"potentialAction\":[{\"@type\":\"ReadAction\",\"target\":[\"https:\/\/www.ofertassegurossalud.com\/ca\/dental\/\"]}]},{\"@type\":\"BreadcrumbList\",\"@id\":\"https:\/\/www.ofertassegurossalud.com\/ca\/dental\/#breadcrumb\",\"itemListElement\":[{\"@type\":\"ListItem\",\"position\":1,\"name\":\"Portada\",\"item\":\"https:\/\/www.ofertassegurossalud.com\/ca\/\"},{\"@type\":\"ListItem\",\"position\":2,\"name\":\"Ofertes d&#8217;Assegurances Dentals &#8211; Promocions en asseguran\u00e7a dental\"}]},{\"@type\":\"WebSite\",\"@id\":\"https:\/\/www.ofertassegurossalud.com\/es\/#website\",\"url\":\"https:\/\/www.ofertassegurossalud.com\/es\/\",\"name\":\"Ofertas Seguros Salud\",\"description\":\"Tu aseguradora de confianza con la garant\u00eda de calidad\",\"potentialAction\":[{\"@type\":\"SearchAction\",\"target\":{\"@type\":\"EntryPoint\",\"urlTemplate\":\"https:\/\/www.ofertassegurossalud.com\/es\/?s={search_term_string}\"},\"query-input\":{\"@type\":\"PropertyValueSpecification\",\"valueRequired\":true,\"valueName\":\"search_term_string\"}}],\"inLanguage\":\"ca\"}]}<\/script>\n<!-- \/ Yoast SEO plugin. -->","yoast_head_json":{"title":"Ofertes d'Assegurances Dentals - Promocions en asseguran\u00e7a dental","description":"Tenim les millors ofertes per la teva asseguran\u00e7a dental del mercat, som agents exclusius de la marca l\u00edder en assegurances de salut i dentals familiars.","robots":{"index":"index","follow":"follow","max-snippet":"max-snippet:-1","max-image-preview":"max-image-preview:large","max-video-preview":"max-video-preview:-1"},"canonical":"https:\/\/www.ofertassegurossalud.com\/ca\/dental\/","og_locale":"ca_ES","og_type":"article","og_title":"Ofertes d'Assegurances Dentals - Promocions en asseguran\u00e7a dental","og_description":"Tenim les millors ofertes per la teva asseguran\u00e7a dental del mercat, som agents exclusius de la marca l\u00edder en assegurances de salut i dentals familiars.","og_url":"https:\/\/www.ofertassegurossalud.com\/ca\/dental\/","og_site_name":"Ofertas Seguros Salud","article_modified_time":"2025-07-31T07:19:15+00:00","twitter_card":"summary_large_image","twitter_misc":{"Temps estimat de lectura":"5 minuts"},"schema":{"@context":"https:\/\/schema.org","@graph":[{"@type":"WebPage","@id":"https:\/\/www.ofertassegurossalud.com\/ca\/dental\/","url":"https:\/\/www.ofertassegurossalud.com\/ca\/dental\/","name":"Ofertes d'Assegurances Dentals - Promocions en asseguran\u00e7a dental","isPartOf":{"@id":"https:\/\/www.ofertassegurossalud.com\/es\/#website"},"datePublished":"2017-09-21T09:41:13+00:00","dateModified":"2025-07-31T07:19:15+00:00","description":"Tenim les millors ofertes per la teva asseguran\u00e7a dental del mercat, som agents exclusius de la marca l\u00edder en assegurances de salut i dentals familiars.","breadcrumb":{"@id":"https:\/\/www.ofertassegurossalud.com\/ca\/dental\/#breadcrumb"},"inLanguage":"ca","potentialAction":[{"@type":"ReadAction","target":["https:\/\/www.ofertassegurossalud.com\/ca\/dental\/"]}]},{"@type":"BreadcrumbList","@id":"https:\/\/www.ofertassegurossalud.com\/ca\/dental\/#breadcrumb","itemListElement":[{"@type":"ListItem","position":1,"name":"Portada","item":"https:\/\/www.ofertassegurossalud.com\/ca\/"},{"@type":"ListItem","position":2,"name":"Ofertes d&#8217;Assegurances Dentals &#8211; Promocions en asseguran\u00e7a dental"}]},{"@type":"WebSite","@id":"https:\/\/www.ofertassegurossalud.com\/es\/#website","url":"https:\/\/www.ofertassegurossalud.com\/es\/","name":"Ofertas Seguros Salud","description":"Tu aseguradora de confianza con la garant\u00eda de calidad","potentialAction":[{"@type":"SearchAction","target":{"@type":"EntryPoint","urlTemplate":"https:\/\/www.ofertassegurossalud.com\/es\/?s={search_term_string}"},"query-input":{"@type":"PropertyValueSpecification","valueRequired":true,"valueName":"search_term_string"}}],"inLanguage":"ca"}]}},"_links":{"self":[{"href":"https:\/\/www.ofertassegurossalud.com\/ca\/wp-json\/wp\/v2\/pages\/1538","targetHints":{"allow":["GET"]}}],"collection":[{"href":"https:\/\/www.ofertassegurossalud.com\/ca\/wp-json\/wp\/v2\/pages"}],"about":[{"href":"https:\/\/www.ofertassegurossalud.com\/ca\/wp-json\/wp\/v2\/types\/page"}],"author":[{"embeddable":true,"href":"https:\/\/www.ofertassegurossalud.com\/ca\/wp-json\/wp\/v2\/users\/1"}],"replies":[{"embeddable":true,"href":"https:\/\/www.ofertassegurossalud.com\/ca\/wp-json\/wp\/v2\/comments?post=1538"}],"version-history":[{"count":19,"href":"https:\/\/www.ofertassegurossalud.com\/ca\/wp-json\/wp\/v2\/pages\/1538\/revisions"}],"predecessor-version":[{"id":9782,"href":"https:\/\/www.ofertassegurossalud.com\/ca\/wp-json\/wp\/v2\/pages\/1538\/revisions\/9782"}],"wp:attachment":[{"href":"https:\/\/www.ofertassegurossalud.com\/ca\/wp-json\/wp\/v2\/media?parent=1538"}],"curies":[{"name":"wp","href":"https:\/\/api.w.org\/{rel}","templated":true}]}}