{"id":1457,"date":"2015-01-09T11:10:34","date_gmt":"2015-01-09T11:10:34","guid":{"rendered":"https:\/\/www.ofertassegurossalud.com\/inicio\/"},"modified":"2025-07-31T09:43:59","modified_gmt":"2025-07-31T07:43:59","slug":"inici","status":"publish","type":"page","link":"https:\/\/www.ofertassegurossalud.com\/ca\/","title":{"rendered":"Inici"},"content":{"rendered":"<div class=\"wpb-content-wrapper\"><p>[vc_row full_width=&#8221;true&#8221; background_color=&#8221;#e9eef5&#8243; padding_bottom=&#8221;50&#8243;][vc_column]<div class='gap nz-clearfix' style='height:50px'>&nbsp;<\/div>[vc_custom_heading text=&#8221;CONSULTA PROMOCI\u00d3 VIGENT 930 181 230&#8243; font_container=&#8221;tag:h1|font_size:42px|text_align:center|color:%23fc3adf|line_height:42px&#8221; google_fonts=&#8221;font_family:Open%20Sans%3A300%2C300italic%2Cregular%2Citalic%2C600%2C600italic%2C700%2C700italic%2C800%2C800italic|font_style:400%20regular%3A400%3Anormal&#8221;]<div class='gap nz-clearfix' style='height:15px'>&nbsp;<\/div>[vc_separator color=&#8221;custom&#8221; border_width=&#8221;2&#8243; el_width=&#8221;80&#8243; accent_color=&#8221;#099ddd&#8221;][vc_column_text pl=&#8221;120&#8243; pr=&#8221;120&#8243;]<\/p>\n<p style=\"text-align: center;\"><span style=\"font-size: 18px; color: #777777;\">Est\u00e0s pensant en contractar una asseguran\u00e7a de salut per a tu i la teva fam\u00edlia? Moltes vegades resulta complicat saber quin escollir i valorar els diferents preus de les companyies per\u00f2 a Adeslas tenim la millor asseguran\u00e7a de salut per a particulars amb una relaci\u00f3 qualitat-preu immillorable.<\/span><br \/>\n<span style=\"font-size: 18px; color: #777777;\">Perqu\u00e8 la salut no \u00e9s una cosa que estigui en joc per\u00f2 tampoc \u00e9s una cosa amb el que es pugui especular, per aix\u00f2, des Adeslas t&#8217;oferim les millors ofertes en assegurances m\u00e8diques que t&#8217;ajudaran a que tant tu com els teus estigueu protegits pels millors professionals.<\/span><\/p>\n<p>[\/vc_column_text][\/vc_column][\/vc_row][vc_row full_width=&#8221;true&#8221; padding_top=&#8221;50&#8243; padding_bottom=&#8221;10&#8243;][vc_column width=&#8221;2\/12&#8243;]<div class=\"nz-content-box nz-clearfix v1 none\" data-columns=\"1\"><div id=\"nz-box-1\" class=\"nz-box\"><a href=\"https:\/\/www.ofertassegurossalud.com\/medicos\/\"><style>#nz-box-1 .box-icon {color:#ffffff;}#nz-box-1:hover .box-icon {color:#ffffff !important;}#nz-box-1 .box-icon-wrap {background-color:#1997e6;}#nz-box-1 .box-icon-wrap {box-shadow:0 0 0 1px #1997e6;}#nz-box-1:hover .box-icon-wrap {background-color:#db0080 !important;}#nz-box-1:hover .box-icon-wrap {box-shadow:0 0 0 1px #db0080;}<\/style><div class=\"box-icon-wrap\"><div class=\"box-icon icon-heart\"><\/div><\/div><div class=\"box-data\">\n<p style=\"text-align: center;\"><span style=\"font-size: 14px;\"><strong>Salut<\/strong><\/span><\/p>\n<p style=\"text-align: center;\">Ofertes en assegurances de salut<\/p>\n<\/div><\/a><\/div><\/div>[\/vc_column][vc_column width=&#8221;2\/12&#8243;]<div class=\"nz-content-box nz-clearfix v1 none\" data-columns=\"1\"><div id=\"nz-box-2\" class=\"nz-box\"><a href=\"https:\/\/www.ofertassegurossalud.com\/dental\/\"><style>#nz-box-2 .box-icon {color:#ffffff;}#nz-box-2:hover .box-icon {color:#ffffff !important;}#nz-box-2 .box-icon-wrap {background-color:#1997e6;}#nz-box-2 .box-icon-wrap {box-shadow:0 0 0 1px #1997e6;}#nz-box-2:hover .box-icon-wrap {background-color:#db0080 !important;}#nz-box-2:hover .box-icon-wrap {box-shadow:0 0 0 1px #db0080;}<\/style><div class=\"box-icon-wrap\"><div class=\"box-icon icon-checkmark\"><\/div><\/div><div class=\"box-data\">\n<p style=\"text-align: center;\"><span style=\"font-size: 14px;\"><strong>Dental<\/strong><\/span><\/p>\n<p style=\"text-align: center;\">La seva asseguran\u00e7a dental amb nosaltres<\/p>\n<\/div><\/a><\/div><\/div>[\/vc_column][vc_column width=&#8221;2\/12&#8243;]<div class=\"nz-content-box nz-clearfix v1 none\" data-columns=\"1\"><div id=\"nz-box-3\" class=\"nz-box\"><a href=\"https:\/\/www.ofertassegurossalud.com\/coches\/\"><style>#nz-box-3 .box-icon {color:#ffffff;}#nz-box-3:hover .box-icon {color:#ffffff !important;}#nz-box-3 .box-icon-wrap {background-color:#1997e6;}#nz-box-3 .box-icon-wrap {box-shadow:0 0 0 1px #1997e6;}#nz-box-3:hover .box-icon-wrap {background-color:#db0080 !important;}#nz-box-3:hover .box-icon-wrap {box-shadow:0 0 0 1px #db0080;}<\/style><div class=\"box-icon-wrap\"><div class=\"box-icon icon-key\"><\/div><\/div><div class=\"box-data\">\n<p style=\"text-align: center;\"><span style=\"font-size: 14px;\"><strong>Autom\u00f2bil<\/strong><\/span><\/p>\n<p style=\"text-align: center;\">La protecci\u00f3 que el seu vehicle necessita<\/p>\n<\/div><\/a><\/div><\/div>[\/vc_column][vc_column width=&#8221;2\/12&#8243;]<div class=\"nz-content-box nz-clearfix v1 none\" data-columns=\"1\"><div id=\"nz-box-4\" class=\"nz-box\"><a href=\"https:\/\/www.ofertassegurossalud.com\/hogar\/\"><style>#nz-box-4 .box-icon {color:#ffffff;}#nz-box-4:hover .box-icon {color:#ffffff !important;}#nz-box-4 .box-icon-wrap {background-color:#1997e6;}#nz-box-4 .box-icon-wrap {box-shadow:0 0 0 1px #1997e6;}#nz-box-4:hover .box-icon-wrap {background-color:#db0080 !important;}#nz-box-4:hover .box-icon-wrap {box-shadow:0 0 0 1px #db0080;}<\/style><div class=\"box-icon-wrap\"><div class=\"box-icon icon-home\"><\/div><\/div><div class=\"box-data\">\n<p style=\"text-align: center;\">\u00a0<span style=\"font-size: 14px;\"><strong>Llar<\/strong><\/span><\/p>\n<p style=\"text-align: center;\">La seva casa assegurada amb confian\u00e7a<\/p>\n<\/div><\/a><\/div><\/div>[\/vc_column][vc_column width=&#8221;2\/12&#8243;]<div class=\"nz-content-box nz-clearfix v1 none\" data-columns=\"1\"><div id=\"nz-box-5\" class=\"nz-box\"><a href=\"https:\/\/www.ofertassegurossalud.com\/decesos-accidentes\/\"><style>#nz-box-5 .box-icon {color:#ffffff;}#nz-box-5:hover .box-icon {color:#ffffff !important;}#nz-box-5 .box-icon-wrap {background-color:#1997e6;}#nz-box-5 .box-icon-wrap {box-shadow:0 0 0 1px #1997e6;}#nz-box-5:hover .box-icon-wrap {background-color:#db0080 !important;}#nz-box-5:hover .box-icon-wrap {box-shadow:0 0 0 1px #db0080;}<\/style><div class=\"box-icon-wrap\"><div class=\"box-icon icon-support\"><\/div><\/div><div class=\"box-data\">\n<p style=\"text-align: center;\"><span style=\"font-size: 14px;\"><strong>Decessos i accidents<\/strong><\/span><\/p>\n<p style=\"text-align: center;\">La millor opci\u00f3 \u00e9s prevenir<\/p>\n<\/div><\/a><\/div><\/div>[\/vc_column][vc_column width=&#8221;2\/12&#8243;]<div class=\"nz-content-box nz-clearfix v1 none\" data-columns=\"1\"><div id=\"nz-box-6\" class=\"nz-box\"><a href=\"https:\/\/www.ofertassegurossalud.com\/autonomos-empresas\"><style>#nz-box-6 .box-icon {color:#ffffff;}#nz-box-6:hover .box-icon {color:#ffffff !important;}#nz-box-6 .box-icon-wrap {background-color:#1997e6;}#nz-box-6 .box-icon-wrap {box-shadow:0 0 0 1px #1997e6;}#nz-box-6:hover .box-icon-wrap {background-color:#db0080 !important;}#nz-box-6:hover .box-icon-wrap {box-shadow:0 0 0 1px #db0080;}<\/style><div class=\"box-icon-wrap\"><div class=\"box-icon icon-briefcase\"><\/div><\/div><div class=\"box-data\">\n<p style=\"text-align: center;\"><span style=\"font-size: 14px;\"><b>Aut\u00f2noms i Pimes<\/b><\/span><\/p>\n<p style=\"text-align: center;\">Assegurances per al seu negoci<\/p>\n<\/div><\/a><\/div><\/div>[\/vc_column][\/vc_row][vc_row full_width=&#8221;true&#8221;][vc_column][vc_row_inner][vc_column_inner][vc_custom_heading text=&#8221;Promocions actuals a Ofertes Assegurances Salut&#8221; font_container=&#8221;tag:h2|font_size:32|text_align:center|color:%23009ddd&#8221; use_theme_fonts=&#8221;yes&#8221;]<div class='gap nz-clearfix' style='height:15px'>&nbsp;<\/div>[vc_separator color=&#8221;custom&#8221; border_width=&#8221;2&#8243; el_width=&#8221;70&#8243; accent_color=&#8221;#009ddd&#8221;][\/vc_column_inner][\/vc_row_inner][vc_row_inner disable_element=&#8221;yes&#8221;][vc_column_inner width=&#8221;1\/4&#8243;][\/vc_column_inner][vc_column_inner el_class=&#8221;columna-izquierda&#8221; width=&#8221;1\/2&#8243;][vc_column_text]<\/p>\n<h2><span style=\"color: #ffffff;\"><strong><span style=\"font-size: 22px;\">P<\/span><span style=\"font-size: 22px;\">erqu\u00e8 per a estar m\u00e9s protegit necessites estar en la millor companyia:<\/span><\/strong><\/span><\/h2>\n<p><span style=\"color: #ffffff;\"><span style=\"font-size: 18px;\">En SegurCaixa Adeslas <strong>t&#8217;oferim una soluci\u00f3 asegura<\/strong><\/span><strong><span style=\"font-size: 18px;\">dora completa.<\/span><\/strong><\/span><\/p>\n<p><span style=\"color: #ffffff;\"><span style=\"font-size: 18px;\">A m\u00e9s, si contractes ara la teva asseguran\u00e7a de Llar, Cotxe, Electrodom\u00e8stics, <\/span><span style=\"font-size: 18px;\">Mascotas, Accidents, Negoci o Decessos, entre altres, podr\u00e0s gaudir de m\u00e9s <\/span><span style=\"font-size: 18px;\">avantatges.<\/span><\/span><br \/>\n<a style=\"color: #fff; font-size: 13px; text-decoration: underline;\" href=\"https:\/\/www.ofertassegurossalud.com\/wp-content\/uploads\/2024\/05\/Bases-legales-promocion-Mas-Seguros-2024-_-SegurCaixa-Adeslas.pdf\" target=\"_blank\" rel=\"noopener\">Consulta aqu\u00ed les condicions de la promoci\u00f3<\/a>[\/vc_column_text][\/vc_column_inner][vc_column_inner width=&#8221;1\/4&#8243;][\/vc_column_inner][\/vc_row_inner][vc_row_inner disable_element=&#8221;yes&#8221;][vc_column_inner el_class=&#8221;columna-izquierda&#8221; width=&#8221;1\/2&#8243;][vc_column_text]<\/p>\n<h2><span style=\"color: #ffffff;\"><strong><span style=\"font-size: 22px;\">P<\/span><span style=\"font-size: 22px;\">erqu\u00e8 per a estar m\u00e9s protegit necessites estar en la millor companyia:<\/span><\/strong><\/span><\/h2>\n<p><span style=\"color: #ffffff;\"><span style=\"font-size: 18px;\">En SegurCaixa Adeslas <strong>t&#8217;oferim una soluci\u00f3 asegura<\/strong><\/span><strong><span style=\"font-size: 18px;\">dora completa.<\/span><\/strong><\/span><\/p>\n<p><span style=\"color: #ffffff;\"><span style=\"font-size: 18px;\">A m\u00e9s, si contractes ara la teva asseguran\u00e7a de Llar, Cotxe, Electrodom\u00e8stics, <\/span><span style=\"font-size: 18px;\">Mascotas, Accidents, Negoci o Decessos, entre altres, podr\u00e0s gaudir de m\u00e9s <\/span><span style=\"font-size: 18px;\">avantatges.<\/span><\/span><br \/>\n<a style=\"color: #fff; font-size: 13px; text-decoration: underline;\" href=\"https:\/\/www.ofertassegurossalud.com\/wp-content\/uploads\/2024\/05\/Bases-legales-promocion-Mas-Seguros-2024-_-SegurCaixa-Adeslas.pdf\" target=\"_blank\" rel=\"noopener\">Consulta aqu\u00ed les condicions de la promoci\u00f3<\/a>[\/vc_column_text][\/vc_column_inner][vc_column_inner el_class=&#8221;columna-derecha&#8221; width=&#8221;1\/2&#8243;][vc_column_text back_color=&#8221;#009ddd&#8221; color=&#8221;#ffffff&#8221; pl=&#8221;20&#8243; pr=&#8221;20&#8243; pt=&#8221;20&#8243; pb=&#8221;20&#8243;][\/vc_column_text][\/vc_column_inner][\/vc_row_inner][vc_row_inner][vc_column_inner width=&#8221;1\/2&#8243;][vc_single_image image=&#8221;9808&#8243; img_size=&#8221;full&#8221; css=&#8221;&#8221; el_class=&#8221;Fullimg&#8221;][vc_column_text back_color=&#8221;#009ddd&#8221; color=&#8221;#ffffff&#8221; pl=&#8221;20&#8243; pr=&#8221;20&#8243; pt=&#8221;20&#8243; pb=&#8221;20&#8243;]<\/p>\n<h3 class=\"p1\"><span style=\"color: #ffffff;\"><strong><span class=\"s1\">EN SALUT<\/span><\/strong><\/span><\/h3>\n<p class=\"p1\">Accedeix a tota la cobertura d&#8217;SALUT Adeslas COMPLETA sense copagaments a un PREU REDUCCIDO ensenyant l&#8217;\u00faltim rebut d&#8217;aut\u00f2noms.<\/p>\n<p class=\"p1\">Beneficis: Les primes de l&#8217;asseguran\u00e7a de salut de l&#8217;aut\u00f2nom, la del seu c\u00f2njuge i fills menors de 25 anys que convisquin amb ell seran despeses fiscalment dedu\u00efbles.<\/p>\n<h3 class=\"p1\"><span style=\"color: #ffffff;\"><strong><span class=\"s1\">PEL TEU NEGOCI<\/span><\/strong><\/span><\/h3>\n<p class=\"p1\"><span class=\"s1\">Informa&#8217;t i compara els avantatges de contractar una p\u00f2lissa per al teu comer\u00e7 o negoci a Adeslas, a destacar unes \u00e0mplies RC sense augment considerable de prima.<\/span><\/p>\n<p>[\/vc_column_text][\/vc_column_inner][vc_column_inner width=&#8221;1\/2&#8243;][vc_single_image image=&#8221;9810&#8243; img_size=&#8221;full&#8221; css=&#8221;&#8221; el_class=&#8221;Fullimg&#8221;][vc_column_text back_color=&#8221;#009ddd&#8221; color=&#8221;#ffffff&#8221; pl=&#8221;20&#8243; pr=&#8221;20&#8243; pt=&#8221;20&#8243; pb=&#8221;20&#8243;]<\/p>\n<h3 class=\"p1\"><span style=\"color: #ffffff;\"><strong><span class=\"s1\">EN SALUT<\/span><\/strong><\/span><\/h3>\n<p class=\"p1\">Una asseguran\u00e7a de salut amb les cobertures m\u00e9s completes i amb la millor assist\u00e8ncia per a la salut di\u00e0ria de la teva fam\u00edlia.<\/p>\n<p class=\"p1\">Acc\u00e9s directe a les consultes de medicina prim\u00e0ria, especialitats i mitjans de diagn\u00f2stic amb els professionals i centres m\u00e8dics concertats.<\/p>\n<h3 class=\"p1\"><span style=\"color: #ffffff;\"><strong><span class=\"s1\">AMB DENTAL<\/span><\/strong><\/span><\/h3>\n<p class=\"p1\"><b>Adeslas Dental Fam\u00edlia<\/b> t\u00e9 tant a nivell de salut i benestar com est\u00e8tic. Tindr\u00e0s una asseguran\u00e7a de salut dental amb serveis gratu\u00efts i tractaments al millor preu.<\/p>\n<p>[\/vc_column_text][\/vc_column_inner][\/vc_row_inner][\/vc_column][\/vc_row][vc_row full_width=&#8221;true&#8221;][vc_column]<div class=\"nz-accordion \" data-collapsible=false><div class=\"false toggle-title nz-clearfix\"><span class=\"toggle-title-header\"><span>Totes les cobertures en assegurances m\u00e8diques<\/span><\/span><span class=\"arrow icon-plus4\"><\/span><\/div> <div id=\"totes-les-cobertures-en-assegurances-mediques\" class=\"toggle-content nz-clearfix\">A Adeslas t&#8217;oferim totes les cobertures en assegurances de salut per a particulars que faran que et sentis tranquil i 100% segur. Som una de les companyies l\u00edders en el sector i el motiu \u00e9s que disposem d&#8217;\u00e0mplies cobertures que garanteixen el benestar i la cura de tota la fam\u00edlia.<\/p>\n<p>Els nostres assegurances m\u00e8diques compten amb cobertura ambulat\u00f2ria perqu\u00e8, aix\u00ed, puguis acudir a qualsevol professional de la medicina ja sigui prim\u00e0ria o d&#8217;especialitats i que realitzin un diagn\u00f2stic detallat del teu cas. Amb Adeslas podr\u00e0s acudir a totes les consultes i centres m\u00e8dics concertats amb SegurCaixa.<\/div><div class=\"false toggle-title nz-clearfix\"><span class=\"toggle-title-header\"><span>Assegurances en salut<\/span><\/span><span class=\"arrow icon-plus4\"><\/span><\/div> <div id=\"assegurances-en-salut\" class=\"toggle-content nz-clearfix\">A la nostra oferta en assegurances de salut per a particulars, destaquem les seg\u00fcents opcions:<\/p>\n<ul>\n<li><strong>Adeslas B\u00c1SICO Familia:<\/strong> l&#8217;asseguran\u00e7a de salut m\u00e9s b\u00e0sic que et cobrir\u00e0 les consultes als metges i especialistes per\u00f2, per\u00f2, no inclou casos d&#8217;hospitalitzaci\u00f3 ni urg\u00e8ncies m\u00e8diques<\/li>\n<li><strong>Adeslas VITAL o VITAL<\/strong>: es tracta d&#8217;una asseguran\u00e7a de cobertura integral on tota la fam\u00edlia podr\u00e0 estar coberta en medicina privada, diagn\u00f2stics, urg\u00e8ncies i ingressos hospitalaris en els millors centres de salut i hospitals de tot Espanya<\/li>\n<li><strong>Opci\u00f3n de reembolso<\/strong>: \u00e9s una asseguran\u00e7a m\u00e8dica que t\u00e9 opci\u00f3 de reemborsament, \u00e9s a dir, es tracta d&#8217;una cobertura que et permet accedir de forma lliure als centres privats amb el reemborsament de les despeses que no estiguin coberts en la p\u00f2lissa<\/li>\n<li><strong>Asistencia dental: <\/strong>s\u00f3n moltes les persones que necessiten una asseguran\u00e7a per a la visita al dentista i garantir una \u00f2ptima salut bucodental. En aquests casos, aquest \u00e9s la millor asseguran\u00e7a per a tu doncs et garanteix una cobertura nacional amb una tarifa molt redu\u00efda.<\/li>\n<\/ul>\n<p>Com veus, a Adeslas trobar\u00e0s una companyia d&#8217;assegurances professional, l\u00edder i molt vers\u00e0til que s&#8217;adapta a totes les butxaques i possibilitats econ\u00f2miques perqu\u00e8 tot tipus de fam\u00edlia pugui estar tranquil\u00b7la i protegida. Amb la salut, no es juga!<\/div><div class=\"false toggle-title nz-clearfix\"><span class=\"toggle-title-header\"><span>Les nostres ofertes<\/span><\/span><span class=\"arrow icon-plus4\"><\/span><\/div> <div id=\"les-nostres-ofertes\" class=\"toggle-content nz-clearfix\"><strong>Qu\u00e8 t&#8217;oferim?<\/strong><\/p>\n<ul>\n<li>Una gran varietat d&#8217;opcions i avantatges perqu\u00e8 puguis millorar el teu benestar i el teu dia a dia<\/li>\n<li>Una atenci\u00f3 i orientaci\u00f3 m\u00e8dica personalitzada perqu\u00e8 puguis tractar la teva malaltia o el teu dol\u00e8ncia de la millor manera possible<\/li>\n<li>Una gran adaptabilitat a la situaci\u00f3 de cada usuari ja que disposem d&#8217;un servei de protecci\u00f3 de pagaments per desocupaci\u00f3 que et permetr\u00e0 mantenir la teva asseguran\u00e7a fins a un any<\/li>\n<li>Molts avantatges per pert\u00e0nyer al Club Adeslas que et garanteix obtenir descomptes i beneficis en centres dedicats a la salut, al benestar ia l&#8217;esport<\/li>\n<\/ul>\n<p>No t&#8217;ho pensis m\u00e9s: si vols contractar la millor asseguran\u00e7a de salut m\u00e8dica i al millor preu, a Adeslas trobar\u00e0s el que busques.<\/div><\/div> [\/vc_column][\/vc_row]<\/p>\n<\/div>","protected":false},"excerpt":{"rendered":"<p>[vc_row full_width=&#8221;true&#8221; background_color=&#8221;#e9eef5&#8243; padding_bottom=&#8221;50&#8243;][vc_column][vc_custom_heading text=&#8221;CONSULTA PROMOCI\u00d3 VIGENT 930 181 230&#8243; font_container=&#8221;tag:h1|font_size:42px|text_align:center|color:%23fc3adf|line_height:42px&#8221; google_fonts=&#8221;font_family:Open%20Sans%3A300%2C300italic%2Cregular%2Citalic%2C600%2C600italic%2C700%2C700italic%2C800%2C800italic|font_style:400%20regular%3A400%3Anormal&#8221;][vc_separator color=&#8221;custom&#8221; border_width=&#8221;2&#8243; el_width=&#8221;80&#8243; accent_color=&#8221;#099ddd&#8221;][vc_column_text pl=&#8221;120&#8243; pr=&#8221;120&#8243;] Est\u00e0s pensant en contractar una asseguran\u00e7a de salut per a tu i la teva fam\u00edlia? Moltes vegades resulta complicat saber quin escollir i valorar els diferents preus de les companyies per\u00f2 a Adeslas tenim la millor asseguran\u00e7a [&hellip;]<\/p>\n","protected":false},"author":1,"featured_media":0,"parent":0,"menu_order":0,"comment_status":"open","ping_status":"closed","template":"","meta":{"_joinchat":[],"footnotes":""},"class_list":["post-1457","page","type-page","status-publish","hentry"],"yoast_head":"<!-- This site is optimized with the Yoast SEO plugin v24.9 - https:\/\/yoast.com\/wordpress\/plugins\/seo\/ -->\n<title>Ofertes d&#039;Assegurances de Salut - Marca n\u00ba1 en assegurances de salut<\/title>\n<meta name=\"description\" content=\"Tenim les millors ofertes en assegurances de salut del mercat, som agents exclusius de la marca l\u00edder en assegurances de salut.\" \/>\n<meta name=\"robots\" content=\"index, follow, max-snippet:-1, max-image-preview:large, max-video-preview:-1\" \/>\n<link rel=\"canonical\" href=\"https:\/\/www.ofertassegurossalud.com\/ca\/\" \/>\n<meta property=\"og:locale\" content=\"ca_ES\" \/>\n<meta property=\"og:type\" content=\"article\" \/>\n<meta property=\"og:title\" content=\"Ofertes d&#039;Assegurances de Salut - Marca n\u00ba1 en assegurances de salut\" \/>\n<meta property=\"og:description\" content=\"Tenim les millors ofertes en assegurances de salut del mercat, som agents exclusius de la marca l\u00edder en assegurances de salut.\" \/>\n<meta property=\"og:url\" content=\"https:\/\/www.ofertassegurossalud.com\/ca\/\" \/>\n<meta property=\"og:site_name\" content=\"Ofertas Seguros Salud\" \/>\n<meta property=\"article:modified_time\" content=\"2025-07-31T07:43:59+00:00\" \/>\n<meta name=\"twitter:card\" content=\"summary_large_image\" \/>\n<meta name=\"twitter:label1\" content=\"Temps estimat de lectura\" \/>\n\t<meta name=\"twitter:data1\" content=\"5 minuts\" \/>\n<script type=\"application\/ld+json\" class=\"yoast-schema-graph\">{\"@context\":\"https:\/\/schema.org\",\"@graph\":[{\"@type\":\"WebPage\",\"@id\":\"https:\/\/www.ofertassegurossalud.com\/ca\/\",\"url\":\"https:\/\/www.ofertassegurossalud.com\/ca\/\",\"name\":\"Ofertes d'Assegurances de Salut - Marca n\u00ba1 en assegurances de salut\",\"isPartOf\":{\"@id\":\"https:\/\/www.ofertassegurossalud.com\/es\/#website\"},\"datePublished\":\"2015-01-09T11:10:34+00:00\",\"dateModified\":\"2025-07-31T07:43:59+00:00\",\"description\":\"Tenim les millors ofertes en assegurances de salut del mercat, som agents exclusius de la marca l\u00edder en assegurances de salut.\",\"breadcrumb\":{\"@id\":\"https:\/\/www.ofertassegurossalud.com\/ca\/#breadcrumb\"},\"inLanguage\":\"ca\",\"potentialAction\":[{\"@type\":\"ReadAction\",\"target\":[\"https:\/\/www.ofertassegurossalud.com\/ca\/\"]}]},{\"@type\":\"BreadcrumbList\",\"@id\":\"https:\/\/www.ofertassegurossalud.com\/ca\/#breadcrumb\",\"itemListElement\":[{\"@type\":\"ListItem\",\"position\":1,\"name\":\"Portada\",\"item\":\"https:\/\/www.ofertassegurossalud.com\/ca\/\"},{\"@type\":\"ListItem\",\"position\":2,\"name\":\"Inici\"}]},{\"@type\":\"WebSite\",\"@id\":\"https:\/\/www.ofertassegurossalud.com\/es\/#website\",\"url\":\"https:\/\/www.ofertassegurossalud.com\/es\/\",\"name\":\"Ofertas Seguros Salud\",\"description\":\"Tu aseguradora de confianza con la garant\u00eda de calidad\",\"potentialAction\":[{\"@type\":\"SearchAction\",\"target\":{\"@type\":\"EntryPoint\",\"urlTemplate\":\"https:\/\/www.ofertassegurossalud.com\/es\/?s={search_term_string}\"},\"query-input\":{\"@type\":\"PropertyValueSpecification\",\"valueRequired\":true,\"valueName\":\"search_term_string\"}}],\"inLanguage\":\"ca\"}]}<\/script>\n<!-- \/ Yoast SEO plugin. -->","yoast_head_json":{"title":"Ofertes d'Assegurances de Salut - Marca n\u00ba1 en assegurances de salut","description":"Tenim les millors ofertes en assegurances de salut del mercat, som agents exclusius de la marca l\u00edder en assegurances de salut.","robots":{"index":"index","follow":"follow","max-snippet":"max-snippet:-1","max-image-preview":"max-image-preview:large","max-video-preview":"max-video-preview:-1"},"canonical":"https:\/\/www.ofertassegurossalud.com\/ca\/","og_locale":"ca_ES","og_type":"article","og_title":"Ofertes d'Assegurances de Salut - Marca n\u00ba1 en assegurances de salut","og_description":"Tenim les millors ofertes en assegurances de salut del mercat, som agents exclusius de la marca l\u00edder en assegurances de salut.","og_url":"https:\/\/www.ofertassegurossalud.com\/ca\/","og_site_name":"Ofertas Seguros Salud","article_modified_time":"2025-07-31T07:43:59+00:00","twitter_card":"summary_large_image","twitter_misc":{"Temps estimat de lectura":"5 minuts"},"schema":{"@context":"https:\/\/schema.org","@graph":[{"@type":"WebPage","@id":"https:\/\/www.ofertassegurossalud.com\/ca\/","url":"https:\/\/www.ofertassegurossalud.com\/ca\/","name":"Ofertes d'Assegurances de Salut - Marca n\u00ba1 en assegurances de salut","isPartOf":{"@id":"https:\/\/www.ofertassegurossalud.com\/es\/#website"},"datePublished":"2015-01-09T11:10:34+00:00","dateModified":"2025-07-31T07:43:59+00:00","description":"Tenim les millors ofertes en assegurances de salut del mercat, som agents exclusius de la marca l\u00edder en assegurances de salut.","breadcrumb":{"@id":"https:\/\/www.ofertassegurossalud.com\/ca\/#breadcrumb"},"inLanguage":"ca","potentialAction":[{"@type":"ReadAction","target":["https:\/\/www.ofertassegurossalud.com\/ca\/"]}]},{"@type":"BreadcrumbList","@id":"https:\/\/www.ofertassegurossalud.com\/ca\/#breadcrumb","itemListElement":[{"@type":"ListItem","position":1,"name":"Portada","item":"https:\/\/www.ofertassegurossalud.com\/ca\/"},{"@type":"ListItem","position":2,"name":"Inici"}]},{"@type":"WebSite","@id":"https:\/\/www.ofertassegurossalud.com\/es\/#website","url":"https:\/\/www.ofertassegurossalud.com\/es\/","name":"Ofertas Seguros Salud","description":"Tu aseguradora de confianza con la garant\u00eda de calidad","potentialAction":[{"@type":"SearchAction","target":{"@type":"EntryPoint","urlTemplate":"https:\/\/www.ofertassegurossalud.com\/es\/?s={search_term_string}"},"query-input":{"@type":"PropertyValueSpecification","valueRequired":true,"valueName":"search_term_string"}}],"inLanguage":"ca"}]}},"_links":{"self":[{"href":"https:\/\/www.ofertassegurossalud.com\/ca\/wp-json\/wp\/v2\/pages\/1457","targetHints":{"allow":["GET"]}}],"collection":[{"href":"https:\/\/www.ofertassegurossalud.com\/ca\/wp-json\/wp\/v2\/pages"}],"about":[{"href":"https:\/\/www.ofertassegurossalud.com\/ca\/wp-json\/wp\/v2\/types\/page"}],"author":[{"embeddable":true,"href":"https:\/\/www.ofertassegurossalud.com\/ca\/wp-json\/wp\/v2\/users\/1"}],"replies":[{"embeddable":true,"href":"https:\/\/www.ofertassegurossalud.com\/ca\/wp-json\/wp\/v2\/comments?post=1457"}],"version-history":[{"count":38,"href":"https:\/\/www.ofertassegurossalud.com\/ca\/wp-json\/wp\/v2\/pages\/1457\/revisions"}],"predecessor-version":[{"id":9814,"href":"https:\/\/www.ofertassegurossalud.com\/ca\/wp-json\/wp\/v2\/pages\/1457\/revisions\/9814"}],"wp:attachment":[{"href":"https:\/\/www.ofertassegurossalud.com\/ca\/wp-json\/wp\/v2\/media?parent=1457"}],"curies":[{"name":"wp","href":"https:\/\/api.w.org\/{rel}","templated":true}]}}